{"id":993,"date":"2025-11-24T02:31:34","date_gmt":"2025-11-24T02:31:34","guid":{"rendered":"https:\/\/clubvivremieux.com\/?page_id=993"},"modified":"2025-11-24T10:08:38","modified_gmt":"2025-11-24T10:08:38","slug":"plan-pour-vivre-mieux","status":"publish","type":"page","link":"https:\/\/clubvivremieux.com\/index.php\/plan-pour-vivre-mieux\/","title":{"rendered":"Plan pour \u201cVivre Mieux\u201d,"},"content":{"rendered":"\n<p class=\"has-medium-font-size\"><strong>Bien-\u00eatre physique et mental<\/strong><\/p>\n\n\n\n<ol class=\"wp-block-list\">\n<li><strong><a href=\"https:\/\/clubvivremieux.com\/index.php\/deconnecter-pour-mieux-vivre-comment-se-liberer-des-ecrans-et-retrouver-sa-concentration\/\">\u201cD\u00e9connecter pour mieux vivre : l\u2019art de se lib\u00e9rer des \u00e9crans\u201d<\/a><\/strong><br><em>R\u00e9sum\u00e9 : Conseils pratiques pour r\u00e9duire le temps d\u2019\u00e9cran, retrouver la concentration et apaiser l\u2019esprit dans un monde hyperconnect\u00e9.<\/em><\/li>\n\n\n\n<li><strong><a href=\"https:\/\/clubvivremieux.com\/index.php\/5-micro-pauses-qui-changent-votre-journee-et-boostent-votre-energie\/\">\u201c5 micro-pauses qui changent votre journ\u00e9e\u201d<\/a><\/strong><br><em>R\u00e9sum\u00e9 : Techniques simples \u00e0 appliquer au travail ou \u00e0 la maison pour recharger votre \u00e9nergie en quelques minutes.<\/em><\/li>\n\n\n\n<li><strong><a href=\"https:\/\/clubvivremieux.com\/index.php\/sommeil-et-numerique-comment-dormir-profondement-malgre-les-ecrans\/\">\u201cSommeil et num\u00e9rique : comment dormir profond\u00e9ment malgr\u00e9 les \u00e9crans\u201d<\/a><\/strong><br><em>R\u00e9sum\u00e9 : Strat\u00e9gies pour am\u00e9liorer la qualit\u00e9 du sommeil et limiter l\u2019impact de la technologie sur vos nuits.<\/em><\/li>\n\n\n\n<li><strong><a href=\"https:\/\/clubvivremieux.com\/index.php\/mediter-dans-la-ville-mindfulness-pour-les-esprits-occupes\/\">\u201cM\u00e9diter dans la ville : mindfulness pour les esprits occup\u00e9s\u201d<\/a><\/strong><br><em>R\u00e9sum\u00e9 : Exercices rapides de pleine conscience adapt\u00e9s \u00e0 la vie urbaine et aux emplois du temps serr\u00e9s.<\/em><\/li>\n\n\n\n<li><strong><a href=\"https:\/\/clubvivremieux.com\/index.php\/fitness-urbain-bouger-mieux-sans-perdre-de-temps\/\">\u201cFitness urbain : bouger mieux sans perdre de temps\u201d<\/a><\/strong><br><em>R\u00e9sum\u00e9 : Programmes de sport modernes et flexibles \u00e0 pratiquer \u00e0 la maison, au bureau ou en ville.<\/em><\/li>\n<\/ol>\n\n\n\n<hr class=\"wp-block-separator has-alpha-channel-opacity\"\/>\n\n\n\n<h2 class=\"wp-block-heading\"><strong>Vie sociale et relations<\/strong><\/h2>\n\n\n\n<ol start=\"6\" class=\"wp-block-list\">\n<li><strong><a href=\"https:\/\/clubvivremieux.com\/index.php\/liens-vrais-a-lere-digitale-comment-rester-proche-malgre-les-reseaux-sociaux\/\">\u201cLiens vrais \u00e0 l\u2019\u00e8re digitale : comment rester proche\u201d<\/a><\/strong><br><em>R\u00e9sum\u00e9 : Strat\u00e9gies pour cultiver des relations authentiques malgr\u00e9 les r\u00e9seaux sociaux.<\/em><\/li>\n\n\n\n<li><strong><a href=\"https:\/\/clubvivremieux.com\/index.php\/solitude-2-0-survivre-et-sepanouir-dans-un-monde-connecte\/\">\u201cSolitude 2.0 : survivre et s\u2019\u00e9panouir dans un monde connect\u00e9\u201d<\/a><\/strong><br><em>R\u00e9sum\u00e9 : Comprendre la solitude moderne et transformer le temps seul en opportunit\u00e9 de croissance.<\/em><\/li>\n\n\n\n<li><strong><a href=\"https:\/\/clubvivremieux.com\/index.php\/communiquer-efficacement-au-travail-meme-a-distance-astuces-pour-rester-productif-et-connecte\/\">\u201cCommuniquer efficacement au travail, m\u00eame \u00e0 distance\u201d<\/a><\/strong><br><em>R\u00e9sum\u00e9 : Astuces pour am\u00e9liorer la collaboration, \u00e9viter les malentendus et garder le lien avec ses coll\u00e8gues.<\/em><\/li>\n\n\n\n<li><strong><a href=\"https:\/\/clubvivremieux.com\/index.php\/parenting-moderne-elever-des-enfants-heureux-dans-un-monde-numerique\/\">\u201cParenting moderne : \u00e9lever des enfants heureux dans un monde num\u00e9rique\u201d<\/a><\/strong><br><em>R\u00e9sum\u00e9 : Conseils pour \u00e9quilibrer usage des \u00e9crans, activit\u00e9s cr\u00e9atives et temps en famille.<\/em><\/li>\n\n\n\n<li><strong><a href=\"https:\/\/clubvivremieux.com\/index.php\/amis-et-reseaux-sociaux-trouver-lequilibre-pour-une-vie-sociale-epanouissante\/\">\u201cAmis et r\u00e9seaux sociaux : trouver l\u2019\u00e9quilibre\u201d<\/a><\/strong><br><em>R\u00e9sum\u00e9 : G\u00e9rer l\u2019amiti\u00e9 \u00e0 l\u2019\u00e8re du virtuel pour que la vie sociale reste \u00e9panouissante.<\/em><\/li>\n<\/ol>\n\n\n\n<hr class=\"wp-block-separator has-alpha-channel-opacity\"\/>\n\n\n\n<h2 class=\"wp-block-heading\"><strong>Productivit\u00e9 et organisation<\/strong><\/h2>\n\n\n\n<ol start=\"11\" class=\"wp-block-list\">\n<li><strong><a href=\"https:\/\/clubvivremieux.com\/index.php\/gerer-son-temps-a-lere-numerique-methodes-et-outils-pour-rester-productif-et-serein\/\">\u201cG\u00e9rer son temps \u00e0 l\u2019\u00e8re num\u00e9rique : m\u00e9thodes et outils\u201d<\/a><\/strong><br><em>R\u00e9sum\u00e9 : Techniques modernes pour rester productif sans sacrifier son bien-\u00eatre.<\/em><\/li>\n\n\n\n<li><strong><a href=\"https:\/\/clubvivremieux.com\/index.php\/minimalisme-numerique-reduire-les-distractions-pour-mieux-vivre\/\">\u201cMinimalisme num\u00e9rique : r\u00e9duire les distractions pour mieux vivre\u201d<\/a><\/strong><br><em>R\u00e9sum\u00e9 : Astuces pour trier notifications, emails et applications et retrouver le contr\u00f4le de son temps.<\/em><\/li>\n\n\n\n<li><strong><a href=\"https:\/\/clubvivremieux.com\/index.php\/travail-hybride-rester-efficace-a-la-maison-ou-au-bureau\/\">\u201cTravail hybride : rester efficace \u00e0 la maison ou au bureau\u201d<\/a><\/strong><br><em>R\u00e9sum\u00e9 : Conseils pour organiser ses journ\u00e9es et s\u00e9parer travail et vie personnelle.<\/em><\/li>\n\n\n\n<li><strong><a href=\"https:\/\/clubvivremieux.com\/index.php\/apps-et-routines-pour-mieux-vivre-notre-selection-incontournable\/\">\u201cApps et routines pour mieux vivre : s\u00e9lection incontournable\u201d<\/a><\/strong><br><em>R\u00e9sum\u00e9 : Applications modernes pour suivre son sommeil, m\u00e9diter, faire du sport et mieux g\u00e9rer son quotidien.<\/em><\/li>\n\n\n\n<li><strong><a href=\"https:\/\/clubvivremieux.com\/index.php\/organisation-personnelle-bullet-journal-agendas-numeriques\/\">\u201cOrganisation personnelle : bullet journal et agendas num\u00e9riques\u201d<\/a><\/strong><br><em>R\u00e9sum\u00e9 : Comment planifier sa vie et ses objectifs sans se perdre dans le chaos digital.<\/em><\/li>\n<\/ol>\n\n\n\n<hr class=\"wp-block-separator has-alpha-channel-opacity\"\/>\n\n\n\n<h2 class=\"wp-block-heading\"><strong>Technologie et mode de vie<\/strong><\/h2>\n\n\n\n<p><strong><a href=\"https:\/\/clubvivremieux.com\/index.php\/le-futur-du-mode-de-vie-tendances-et-innovations-a-suivre\/\">\u201cLe futur du mode de vie : tendances et innovations \u00e0 suivre\u201d<\/a><\/strong><br><em>R\u00e9sum\u00e9 : Aper\u00e7u des technologies et habitudes qui transformeront notre mani\u00e8re de vivre dans les ann\u00e9es \u00e0 venir.<\/em><\/p>\n\n\n\n<p><strong><a href=\"https:\/\/clubvivremieux.com\/index.php\/maison-connectee-et-bien-etre-comment-la-tech-peut-ameliorer-votre-quotidien\/\">\u201cMaison connect\u00e9e et bien-\u00eatre : comment la tech peut am\u00e9liorer votre quotidien\u201d<\/a><\/strong><br><em>R\u00e9sum\u00e9 : S\u00e9lection d\u2019objets et d\u2019astuces pour simplifier la vie tout en favorisant le confort et la s\u00e9r\u00e9nit\u00e9.<\/em><\/p>\n\n\n\n<p><strong><a href=\"https:\/\/clubvivremieux.com\/index.php\/ia-dans-votre-routine-gain-de-temps-ou-source-de-stress\/\">\u201cIA dans votre routine : gain de temps ou source de stress ?\u201d<\/a><\/strong><br><em>R\u00e9sum\u00e9 : Explorer les avantages et limites de l\u2019intelligence artificielle dans la vie quotidienne.<\/em><\/p>\n\n\n\n<p><strong><a href=\"https:\/\/clubvivremieux.com\/index.php\/smart-cities-et-mobilite-comment-les-innovations-urbaines-nous-font-vivre-mieux-en-ville\/\">\u201cSmart cities et mobilit\u00e9 : vivre mieux en ville\u201d<\/a><\/strong><br><em>R\u00e9sum\u00e9 : Innovations urbaines pour une vie plus pratique, durable et agr\u00e9able.<\/em><\/p>\n\n\n\n<p><strong><a href=\"https:\/\/clubvivremieux.com\/index.php\/applications-de-bien-etre-notre-top-10-pour-se-sentir-mieux-au-quotidien\/\">\u201cApplications de bien-\u00eatre : notre top 10 pour se sentir mieux\u201d<\/a><\/strong><br><em>R\u00e9sum\u00e9 : Revue des meilleures apps pour le mental, le corps et la gestion du quotidien.<\/em><\/p>\n\n\n\n<ul class=\"wp-block-list\"><\/ul>\n\n\n\n<p><\/p>\n","protected":false},"excerpt":{"rendered":"<p>Bien-\u00eatre physique et mental Vie sociale et relations Productivit\u00e9 et organisation Technologie et mode de vie \u201cLe futur du mode de vie : tendances et innovations \u00e0 suivre\u201dR\u00e9sum\u00e9 : Aper\u00e7u des technologies et habitudes qui transformeront notre mani\u00e8re de vivre&#8230; <a href=\"https:\/\/clubvivremieux.com\/index.php\/plan-pour-vivre-mieux\/\" class=\"readmore\">Read more<span class=\"screen-reader-text\">Plan pour \u201cVivre Mieux\u201d,<\/span><span class=\"fa fa-angle-double-right\" aria-hidden=\"true\"><\/span><\/a><\/p>\n","protected":false},"author":1,"featured_media":0,"parent":0,"menu_order":0,"comment_status":"closed","ping_status":"closed","template":"","meta":{"footnotes":""},"class_list":["post-993","page","type-page","status-publish","hentry"],"_links":{"self":[{"href":"https:\/\/clubvivremieux.com\/index.php\/wp-json\/wp\/v2\/pages\/993","targetHints":{"allow":["GET"]}}],"collection":[{"href":"https:\/\/clubvivremieux.com\/index.php\/wp-json\/wp\/v2\/pages"}],"about":[{"href":"https:\/\/clubvivremieux.com\/index.php\/wp-json\/wp\/v2\/types\/page"}],"author":[{"embeddable":true,"href":"https:\/\/clubvivremieux.com\/index.php\/wp-json\/wp\/v2\/users\/1"}],"replies":[{"embeddable":true,"href":"https:\/\/clubvivremieux.com\/index.php\/wp-json\/wp\/v2\/comments?post=993"}],"version-history":[{"count":5,"href":"https:\/\/clubvivremieux.com\/index.php\/wp-json\/wp\/v2\/pages\/993\/revisions"}],"predecessor-version":[{"id":1045,"href":"https:\/\/clubvivremieux.com\/index.php\/wp-json\/wp\/v2\/pages\/993\/revisions\/1045"}],"wp:attachment":[{"href":"https:\/\/clubvivremieux.com\/index.php\/wp-json\/wp\/v2\/media?parent=993"}],"curies":[{"name":"wp","href":"https:\/\/api.w.org\/{rel}","templated":true}]}}