{"id":946,"date":"2025-11-23T13:52:33","date_gmt":"2025-11-23T13:52:33","guid":{"rendered":"https:\/\/clubvivremieux.com\/?page_id=946"},"modified":"2025-12-21T12:47:54","modified_gmt":"2025-12-21T12:47:54","slug":"les-maladies-naissent-parfois-la-ou-tu-toublies","status":"publish","type":"page","link":"https:\/\/clubvivremieux.com\/index.php\/les-maladies-naissent-parfois-la-ou-tu-toublies\/","title":{"rendered":"\u00ab Les maladies naissent parfois l\u00e0 o\u00f9 tu t\u2019oublies. \u00bb"},"content":{"rendered":"<div class=\"wp-block-image\">\n<figure class=\"aligncenter size-full is-resized\"><img loading=\"lazy\" decoding=\"async\" width=\"512\" height=\"768\" src=\"https:\/\/clubvivremieux.com\/wp-content\/uploads\/2025\/12\/ChatGPT-Image-21-dec.-2025-13_4.png\" alt=\"\" class=\"wp-image-2058\" style=\"width:202px;height:auto\" srcset=\"https:\/\/clubvivremieux.com\/wp-content\/uploads\/2025\/12\/ChatGPT-Image-21-dec.-2025-13_4.png 512w, https:\/\/clubvivremieux.com\/wp-content\/uploads\/2025\/12\/ChatGPT-Image-21-dec.-2025-13_4-200x300.png 200w\" sizes=\"auto, (max-width: 512px) 100vw, 512px\" \/><\/figure><\/div>\n\n\n<p>\u00ab Les maladies naissent parfois l\u00e0 o\u00f9 tu t\u2019oublies. \u00bb Cette phrase n\u2019est pas un clich\u00e9, c\u2019est un constat : stress, fatigue, surmenage, relations toxiques\u2026 notre corps envoie des signaux quand on cesse de s\u2019\u00e9couter.<\/p>\n\n\n\n<p>Mais la bonne nouvelle ? On peut agir vite. S\u2019\u00e9couter, c\u2019est d\u2019abord se reconnecter \u00e0 soi, m\u00eame quelques minutes par jour. Respirer, se poser, identifier ses besoins r\u00e9els : c\u2019est l\u00e0 que la pr\u00e9vention commence.<\/p>\n\n\n\n<p>Pas besoin de transformer sa vie du jour au lendemain. Les petites actions, r\u00e9p\u00e9t\u00e9es, changent tout. Redonner la parole \u00e0 son corps et \u00e0 son esprit, c\u2019est un geste de soin imm\u00e9diat et durable.<\/p>\n\n\n\n<hr class=\"wp-block-separator has-alpha-channel-opacity\"\/>\n\n\n\n<h3 class=\"wp-block-heading\"><strong>M\u00e9thode express : 5 minutes pour se reconnecter<\/strong><\/h3>\n\n\n\n<ol class=\"wp-block-list\">\n<li><strong>Stop<\/strong> : pose ton t\u00e9l\u00e9phone, ton ordinateur, ou toute distraction.<\/li>\n\n\n\n<li><strong>Respire<\/strong> : 5 respirations profondes, lentes, en ressentant chaque inspiration et expiration.<\/li>\n\n\n\n<li><strong>Scan corporel<\/strong> : passe mentalement de la t\u00eate aux pieds, remarque les tensions ou douleurs.<\/li>\n\n\n\n<li><strong>Nommer<\/strong> : identifie une \u00e9motion ou un besoin pr\u00e9sent. Exemple : \u00ab je suis fatigu\u00e9 \u00bb, \u00ab j\u2019ai besoin de calme \u00bb.<\/li>\n\n\n\n<li><strong>Agis<\/strong> : fais un petit geste pour toi : boire un verre d\u2019eau, marcher 5 min, \u00e9couter ta chanson pr\u00e9f\u00e9r\u00e9e.<\/li>\n<\/ol>\n\n\n\n<p>\u2705 R\u00e9sultat : ton corps se r\u00e9initialise, ton esprit se recentre. Tu n\u2019as besoin que de 5 minutes.<\/p>\n","protected":false},"excerpt":{"rendered":"<p>\u00ab Les maladies naissent parfois l\u00e0 o\u00f9 tu t\u2019oublies. \u00bb Cette phrase n\u2019est pas un clich\u00e9, c\u2019est un constat : stress, fatigue, surmenage, relations toxiques\u2026 notre corps envoie des signaux quand on cesse de s\u2019\u00e9couter. Mais la bonne nouvelle ?&#8230; <a href=\"https:\/\/clubvivremieux.com\/index.php\/les-maladies-naissent-parfois-la-ou-tu-toublies\/\" class=\"readmore\">Read more<span class=\"screen-reader-text\">\u00ab Les maladies naissent parfois l\u00e0 o\u00f9 tu t\u2019oublies. \u00bb<\/span><span class=\"fa fa-angle-double-right\" aria-hidden=\"true\"><\/span><\/a><\/p>\n","protected":false},"author":1,"featured_media":0,"parent":0,"menu_order":0,"comment_status":"closed","ping_status":"closed","template":"","meta":{"footnotes":""},"class_list":["post-946","page","type-page","status-publish","hentry"],"_links":{"self":[{"href":"https:\/\/clubvivremieux.com\/index.php\/wp-json\/wp\/v2\/pages\/946","targetHints":{"allow":["GET"]}}],"collection":[{"href":"https:\/\/clubvivremieux.com\/index.php\/wp-json\/wp\/v2\/pages"}],"about":[{"href":"https:\/\/clubvivremieux.com\/index.php\/wp-json\/wp\/v2\/types\/page"}],"author":[{"embeddable":true,"href":"https:\/\/clubvivremieux.com\/index.php\/wp-json\/wp\/v2\/users\/1"}],"replies":[{"embeddable":true,"href":"https:\/\/clubvivremieux.com\/index.php\/wp-json\/wp\/v2\/comments?post=946"}],"version-history":[{"count":2,"href":"https:\/\/clubvivremieux.com\/index.php\/wp-json\/wp\/v2\/pages\/946\/revisions"}],"predecessor-version":[{"id":2059,"href":"https:\/\/clubvivremieux.com\/index.php\/wp-json\/wp\/v2\/pages\/946\/revisions\/2059"}],"wp:attachment":[{"href":"https:\/\/clubvivremieux.com\/index.php\/wp-json\/wp\/v2\/media?parent=946"}],"curies":[{"name":"wp","href":"https:\/\/api.w.org\/{rel}","templated":true}]}}