{"id":925,"date":"2025-11-23T13:03:10","date_gmt":"2025-11-23T13:03:10","guid":{"rendered":"https:\/\/clubvivremieux.com\/?page_id=925"},"modified":"2025-11-27T12:32:54","modified_gmt":"2025-11-27T12:32:54","slug":"secrets-de-guerir-et-rajeunir","status":"publish","type":"page","link":"https:\/\/clubvivremieux.com\/index.php\/secrets-de-guerir-et-rajeunir\/","title":{"rendered":"SECRETS DE \u00a0\u00bb SANTE et JEUNESSE \u00ab\u00a0"},"content":{"rendered":"\n<div class=\"wp-block-columns is-layout-flex wp-container-core-columns-is-layout-1 wp-block-columns-is-layout-flex\">\n<div class=\"wp-block-column is-layout-flow wp-block-column-is-layout-flow\"><div class=\"wp-block-image\">\n<figure class=\"aligncenter size-full is-resized\"><img loading=\"lazy\" decoding=\"async\" width=\"256\" height=\"384\" src=\"https:\/\/clubvivremieux.com\/wp-content\/uploads\/2025\/11\/ChatGPT-Image-23-nov.-2025-14_3.png\" alt=\"\" class=\"wp-image-941\" style=\"width:148px;height:auto\" srcset=\"https:\/\/clubvivremieux.com\/wp-content\/uploads\/2025\/11\/ChatGPT-Image-23-nov.-2025-14_3.png 256w, https:\/\/clubvivremieux.com\/wp-content\/uploads\/2025\/11\/ChatGPT-Image-23-nov.-2025-14_3-200x300.png 200w\" sizes=\"auto, (max-width: 256px) 100vw, 256px\" \/><\/figure><\/div><\/div>\n\n\n\n<div class=\"wp-block-column is-layout-flow wp-block-column-is-layout-flow\">\n<ul class=\"wp-block-list\">\n<li><strong><a href=\"https:\/\/clubvivremieux.com\/index.php\/les-maladies-naissent-parfois-la-ou-tu-toublies\/\">\u00ab Les maladies naissent parfois l\u00e0 o\u00f9 tu t\u2019oublies. \u00bb<\/a><\/strong><\/li>\n\n\n\n<li><strong><a href=\"https:\/\/clubvivremieux.com\/index.php\/secrets-sante-jeunesse-reequilibrez-votre-corps-en-5-minutes-par-jour\/\">Secrets Sant\u00e9 &amp; Jeunesse : R\u00e9\u00e9quilibrez votre corps en 5 minutes par jour !<\/a><\/strong><\/li>\n\n\n\n<li><strong><a href=\"https:\/\/clubvivremieux.com\/index.php\/les-5-menaces-a-surveiller-apres-75-ans-elles-expliquent-presque-tous-les-deces\/\">Les 5 menaces \u00e0 surveiller apr\u00e8s 75 ans \u2013 Elles expliquent presque tous les d\u00e9c\u00e8s<\/a><\/strong><\/li>\n<\/ul>\n<\/div>\n<\/div>\n\n\n\n<p class=\"has-text-align-center has-white-color has-vivid-green-cyan-background-color has-text-color has-background has-link-color has-medium-font-size wp-elements-1c80e361703ef9c6f26c0b8bf70356a9\"><strong><a href=\"https:\/\/clubvivremieux.com\/index.php\/la-sante-votre-plus-beau-cadeau-et-votre-meilleure-defense\/\">\u201cLa Sant\u00e9, Votre Plus Beau Cadeau\u2026 et Votre Meilleure D\u00e9fense\u201d<\/a><\/strong><\/p>\n\n\n\n<div class=\"wp-block-columns is-layout-flex wp-container-core-columns-is-layout-2 wp-block-columns-is-layout-flex\">\n<div class=\"wp-block-column is-layout-flow wp-block-column-is-layout-flow\">\n<p><strong>La V\u00c9RIT\u00c9 que l&rsquo;on te cache sur les traitements m\u00e9dicamenteux et naturels<\/strong><\/p>\n<\/div>\n\n\n\n<div class=\"wp-block-column is-layout-flow wp-block-column-is-layout-flow\">\n<p><strong>Ton corps te parle&#8230; Mais comprends-tu vraiment son langage ?<\/strong><\/p>\n<\/div>\n<\/div>\n\n\n\n<div class=\"wp-block-columns is-layout-flex wp-container-core-columns-is-layout-3 wp-block-columns-is-layout-flex\">\n<div class=\"wp-block-column is-layout-flow wp-block-column-is-layout-flow\">\n<iframe loading=\"lazy\" width=\"360\" height=\"215\" src=\"https:\/\/www.youtube.com\/embed\/45apyqmgz9o?si=jz0lAcKhE4PlU4lI\" title=\"YouTube video player\" frameborder=\"0\" allow=\"accelerometer; autoplay; clipboard-write; encrypted-media; gyroscope; picture-in-picture; web-share\" referrerpolicy=\"strict-origin-when-cross-origin\" allowfullscreen><\/iframe>\n<\/div>\n\n\n\n<div class=\"wp-block-column is-layout-flow wp-block-column-is-layout-flow\">\n<iframe loading=\"lazy\" width=\"360\" height=\"215\" src=\"https:\/\/www.youtube.com\/embed\/K0MF-Z5oyY4?si=0AV1B7z_aCAEZtiM\" title=\"YouTube video player\" frameborder=\"0\" allow=\"accelerometer; autoplay; clipboard-write; encrypted-media; gyroscope; picture-in-picture; web-share\" referrerpolicy=\"strict-origin-when-cross-origin\" allowfullscreen><\/iframe>\n\n\n\n<p class=\"has-text-align-center\"><strong><em><a href=\"https:\/\/clubvivremieux.com\/index.php\/ton-corps-te-parle-mais-comprends-tu-vraiment-son-langage\/\">Je t&rsquo;explique en plus<\/a><\/em><\/strong><\/p>\n<\/div>\n<\/div>\n\n\n\n<div class=\"wp-block-columns is-layout-flex wp-container-core-columns-is-layout-4 wp-block-columns-is-layout-flex\">\n<div class=\"wp-block-column is-layout-flow wp-block-column-is-layout-flow\">\n<p><strong>ATTENTION : L&rsquo;Alimentation Saine ne te Prot\u00e8ge PAS \u00e0 100% (et voici pourquoi)<\/strong><\/p>\n<\/div>\n\n\n\n<div class=\"wp-block-column is-layout-flow wp-block-column-is-layout-flow\">\n<p>&nbsp;<strong>Les 4 \u00e9tapes qui transforment un sympt\u00f4me en maladie grave\u2026<\/strong><\/p>\n<\/div>\n<\/div>\n\n\n\n<div class=\"wp-block-columns is-layout-flex wp-container-core-columns-is-layout-5 wp-block-columns-is-layout-flex\">\n<div class=\"wp-block-column is-layout-flow wp-block-column-is-layout-flow\">\n<iframe loading=\"lazy\" width=\"360\" height=\"215\" src=\"https:\/\/www.youtube.com\/embed\/VMig39snIHk?si=SxyqPTiU8lf4dhW2\" title=\"YouTube video player\" frameborder=\"0\" allow=\"accelerometer; autoplay; clipboard-write; encrypted-media; gyroscope; picture-in-picture; web-share\" referrerpolicy=\"strict-origin-when-cross-origin\" allowfullscreen><\/iframe>\n<\/div>\n\n\n\n<div class=\"wp-block-column is-layout-flow wp-block-column-is-layout-flow\">\n<iframe loading=\"lazy\" width=\"360\" height=\"215\" src=\"https:\/\/www.youtube.com\/embed\/Ds3YOCJ88cE?si=UJ90QUb5cKIqvb7x\" title=\"YouTube video player\" frameborder=\"0\" allow=\"accelerometer; autoplay; clipboard-write; encrypted-media; gyroscope; picture-in-picture; web-share\" referrerpolicy=\"strict-origin-when-cross-origin\" allowfullscreen><\/iframe>\n<\/div>\n<\/div>\n\n\n\n<div class=\"wp-block-columns is-layout-flex wp-container-core-columns-is-layout-6 wp-block-columns-is-layout-flex\">\n<div class=\"wp-block-column is-layout-flow wp-block-column-is-layout-flow\">\n<p><strong>D\u00e9couvre les 3 Cl\u00e9s pour R\u00e9veiller TON Pouvoir de Gu\u00e9rison<\/strong><\/p>\n<\/div>\n\n\n\n<div class=\"wp-block-column is-layout-flow wp-block-column-is-layout-flow\">\n<p><strong>Le Protocole : Comment Nettoyer Sang &amp; Cellules = R\u00e9g\u00e9n\u00e9ration Garantie !\u00a0\u00bb<\/strong><\/p>\n<\/div>\n<\/div>\n\n\n\n<div class=\"wp-block-columns is-layout-flex wp-container-core-columns-is-layout-7 wp-block-columns-is-layout-flex\">\n<div class=\"wp-block-column is-layout-flow wp-block-column-is-layout-flow\">\n<iframe loading=\"lazy\" width=\"360\" height=\"215\" src=\"https:\/\/www.youtube.com\/embed\/cpktAneimzo?si=0rVcbJ7-wDs9DtH8\" title=\"YouTube video player\" frameborder=\"0\" allow=\"accelerometer; autoplay; clipboard-write; encrypted-media; gyroscope; picture-in-picture; web-share\" referrerpolicy=\"strict-origin-when-cross-origin\" allowfullscreen><\/iframe>\n<\/div>\n\n\n\n<div class=\"wp-block-column is-layout-flow wp-block-column-is-layout-flow\">\n<iframe loading=\"lazy\" width=\"360\" height=\"215\" src=\"https:\/\/www.youtube.com\/embed\/Fhq8MHIDBPg?si=Yl4NbZBlIpGMrMrK\" title=\"YouTube video player\" frameborder=\"0\" allow=\"accelerometer; autoplay; clipboard-write; encrypted-media; gyroscope; picture-in-picture; web-share\" referrerpolicy=\"strict-origin-when-cross-origin\" allowfullscreen><\/iframe>\n<\/div>\n<\/div>\n\n\n\n<div class=\"wp-block-columns is-layout-flex wp-container-core-columns-is-layout-8 wp-block-columns-is-layout-flex\">\n<div class=\"wp-block-column is-layout-flow wp-block-column-is-layout-flow\">\n<p>&nbsp;<strong>Ils ont invers\u00e9 cholest\u00e9rol et diab\u00e8te&#8230; SANS m\u00e9dicaments ! + 2 \u00c9tude de cas de Gu\u00e9rison<\/strong> (<\/p>\n<\/div>\n\n\n\n<div class=\"wp-block-column is-layout-flow wp-block-column-is-layout-flow\">\n<p><strong>Le savant qui prouve que Rajeunir (et Gu\u00e9rir) c&rsquo;est possible !<\/strong><\/p>\n<\/div>\n<\/div>\n\n\n\n<div class=\"wp-block-columns is-layout-flex wp-container-core-columns-is-layout-9 wp-block-columns-is-layout-flex\">\n<div class=\"wp-block-column is-layout-flow wp-block-column-is-layout-flow\">\n<iframe loading=\"lazy\" width=\"360\" height=\"215\" src=\"https:\/\/www.youtube.com\/embed\/f_KTsOKoKYY?si=cSB0bOhdNql-sPUo\" title=\"YouTube video player\" frameborder=\"0\" allow=\"accelerometer; autoplay; clipboard-write; encrypted-media; gyroscope; picture-in-picture; web-share\" referrerpolicy=\"strict-origin-when-cross-origin\" allowfullscreen><\/iframe>\n<\/div>\n\n\n\n<div class=\"wp-block-column is-layout-flow wp-block-column-is-layout-flow\">\n<iframe loading=\"lazy\" width=\"360\" height=\"215\" src=\"https:\/\/www.youtube.com\/embed\/FyH-gdgGwQw?si=3cavZ2eSSbGH9sik\" title=\"YouTube video player\" frameborder=\"0\" allow=\"accelerometer; autoplay; clipboard-write; encrypted-media; gyroscope; picture-in-picture; web-share\" referrerpolicy=\"strict-origin-when-cross-origin\" allowfullscreen><\/iframe>\n<\/div>\n<\/div>\n\n\n\n<ul class=\"wp-block-list\">\n<li><strong>Source:<\/strong> <strong><a href=\"https:\/\/www.facebook.com\/groups\/166911128742413\/\">merci pour ces videos<\/a><\/strong><\/li>\n\n\n\n<li><strong><a href=\"https:\/\/www.secrets-sante.fr\/videos-guerir-et-rajeunir\/?fbclid=IwY2xjawOP3w5leHRuA2FlbQIxMABicmlkETBBMEZHYkYzUmdGRTRhVEQ2c3J0YwZhcHBfaWQQMjIyMDM5MTc4ODIwMDg5MgABHgAVuEoSK1zGplp5sM8AAEWDaO4VI5Bk0GJd1srphOo7mXXbWTh69ny01dk-_aem__uAHir02ZRhfDsypO_AAAA\">Merci pour cette page<\/a><\/strong><\/li>\n<\/ul>\n\n\n\n<p class=\"has-text-align-center has-light-green-cyan-background-color has-background has-large-font-size\"><strong>R\u00e9veille la Force qui Dort en Toi<\/strong><\/p>\n\n\n\n<p><strong>\u201cM\u00e9thode CL\u00c9\u201d : Comprendre \u2013 Lib\u00e9rer \u2013 \u00c9quilibrer<\/strong>.<\/p>\n\n\n\n<p>Ton corps n\u2019est pas fragile : il est puissant.<br>Il n\u2019est pas contre toi : il t\u2019envoie des signaux pour te r\u00e9veiller.<br>La M\u00e9thode C.L.\u00c9., c\u2019est ton rappel :<br><strong>tu as la force, tu as les ressources, tu as la cl\u00e9.<\/strong><br>Il est temps de tourner la serrure\u2026 et de rallumer ton \u00e9nergie.<\/p>\n\n\n\n<p class=\"has-large-font-size\"><strong><a href=\"https:\/\/clubvivremieux.com\/index.php\/la-methode-c-l-e\/\">Commence ici<\/a><\/strong><\/p>\n\n\n\n<ul class=\"wp-block-list\">\n<li><\/li>\n<\/ul>\n\n\n\n<p><\/p>\n","protected":false},"excerpt":{"rendered":"<p>\u201cLa Sant\u00e9, Votre Plus Beau Cadeau\u2026 et Votre Meilleure D\u00e9fense\u201d La V\u00c9RIT\u00c9 que l&rsquo;on te cache sur les traitements m\u00e9dicamenteux et naturels Ton corps te parle&#8230; Mais comprends-tu vraiment son langage ? Je t&rsquo;explique en plus ATTENTION : L&rsquo;Alimentation Saine&#8230; <a href=\"https:\/\/clubvivremieux.com\/index.php\/secrets-de-guerir-et-rajeunir\/\" class=\"readmore\">Read more<span class=\"screen-reader-text\">SECRETS DE \u00a0\u00bb SANTE et JEUNESSE \u00ab\u00a0<\/span><span class=\"fa fa-angle-double-right\" aria-hidden=\"true\"><\/span><\/a><\/p>\n","protected":false},"author":1,"featured_media":0,"parent":0,"menu_order":0,"comment_status":"closed","ping_status":"closed","template":"","meta":{"footnotes":""},"class_list":["post-925","page","type-page","status-publish","hentry"],"_links":{"self":[{"href":"https:\/\/clubvivremieux.com\/index.php\/wp-json\/wp\/v2\/pages\/925","targetHints":{"allow":["GET"]}}],"collection":[{"href":"https:\/\/clubvivremieux.com\/index.php\/wp-json\/wp\/v2\/pages"}],"about":[{"href":"https:\/\/clubvivremieux.com\/index.php\/wp-json\/wp\/v2\/types\/page"}],"author":[{"embeddable":true,"href":"https:\/\/clubvivremieux.com\/index.php\/wp-json\/wp\/v2\/users\/1"}],"replies":[{"embeddable":true,"href":"https:\/\/clubvivremieux.com\/index.php\/wp-json\/wp\/v2\/comments?post=925"}],"version-history":[{"count":11,"href":"https:\/\/clubvivremieux.com\/index.php\/wp-json\/wp\/v2\/pages\/925\/revisions"}],"predecessor-version":[{"id":1080,"href":"https:\/\/clubvivremieux.com\/index.php\/wp-json\/wp\/v2\/pages\/925\/revisions\/1080"}],"wp:attachment":[{"href":"https:\/\/clubvivremieux.com\/index.php\/wp-json\/wp\/v2\/media?parent=925"}],"curies":[{"name":"wp","href":"https:\/\/api.w.org\/{rel}","templated":true}]}}