{"id":918,"date":"2025-11-22T23:00:53","date_gmt":"2025-11-22T23:00:53","guid":{"rendered":"https:\/\/clubvivremieux.com\/?page_id=918"},"modified":"2025-11-22T23:06:03","modified_gmt":"2025-11-22T23:06:03","slug":"livres-guides","status":"publish","type":"page","link":"https:\/\/clubvivremieux.com\/index.php\/livres-guides\/","title":{"rendered":"LIVRES &#8211; GUIDES"},"content":{"rendered":"<div class=\"wp-block-image\">\n<figure class=\"aligncenter size-full\"><a href=\"https:\/\/guido-saverio-coach.com\/?page_id=886\"><img loading=\"lazy\" decoding=\"async\" width=\"612\" height=\"262\" src=\"https:\/\/clubvivremieux.com\/wp-content\/uploads\/2024\/04\/image.png\" alt=\"\" class=\"wp-image-195\" srcset=\"https:\/\/clubvivremieux.com\/wp-content\/uploads\/2024\/04\/image.png 612w, https:\/\/clubvivremieux.com\/wp-content\/uploads\/2024\/04\/image-300x128.png 300w\" sizes=\"auto, (max-width: 612px) 100vw, 612px\" \/><\/a><\/figure><\/div>\n\n<div class=\"wp-block-image\">\n<figure class=\"alignleft size-large is-resized\"><img loading=\"lazy\" decoding=\"async\" width=\"724\" height=\"1024\" src=\"https:\/\/clubvivremieux.com\/wp-content\/uploads\/2024\/03\/Guide-Collaborateur-Couverture-724x1024.png\" alt=\"\" class=\"wp-image-191\" style=\"aspect-ratio:0.7094594594594594;width:252px;height:auto\" srcset=\"https:\/\/clubvivremieux.com\/wp-content\/uploads\/2024\/03\/Guide-Collaborateur-Couverture-724x1024.png 724w, https:\/\/clubvivremieux.com\/wp-content\/uploads\/2024\/03\/Guide-Collaborateur-Couverture-212x300.png 212w, https:\/\/clubvivremieux.com\/wp-content\/uploads\/2024\/03\/Guide-Collaborateur-Couverture-768x1086.png 768w, https:\/\/clubvivremieux.com\/wp-content\/uploads\/2024\/03\/Guide-Collaborateur-Couverture-1086x1536.png 1086w, https:\/\/clubvivremieux.com\/wp-content\/uploads\/2024\/03\/Guide-Collaborateur-Couverture.png 1414w\" sizes=\"auto, (max-width: 724px) 100vw, 724px\" \/><\/figure><\/div>\n\n<div class=\"wp-block-image\">\n<figure class=\"aligncenter size-full is-resized\"><a href=\"https:\/\/alta-vita.com\/240-lecons-de-vie-incroyables-dun-homme-de-90-ans-apprenez-de-ses-experiences-et-de-sa-sagesse\/\"><img loading=\"lazy\" decoding=\"async\" width=\"940\" height=\"788\" src=\"https:\/\/clubvivremieux.com\/wp-content\/uploads\/2024\/02\/240-lecons-de-vie-incroyables.png\" alt=\"\" class=\"wp-image-153\" style=\"aspect-ratio:1.2091503267973855;width:431px;height:auto\" srcset=\"https:\/\/clubvivremieux.com\/wp-content\/uploads\/2024\/02\/240-lecons-de-vie-incroyables.png 940w, https:\/\/clubvivremieux.com\/wp-content\/uploads\/2024\/02\/240-lecons-de-vie-incroyables-300x251.png 300w, https:\/\/clubvivremieux.com\/wp-content\/uploads\/2024\/02\/240-lecons-de-vie-incroyables-768x644.png 768w\" sizes=\"auto, (max-width: 940px) 100vw, 940px\" \/><\/a><\/figure><\/div>\n\n\n<figure class=\"wp-block-embed is-type-wp-embed is-provider-club-vivre-mieux wp-block-embed-club-vivre-mieux\"><div class=\"wp-block-embed__wrapper\">\n<blockquote class=\"wp-embedded-content\" data-secret=\"3onrpRVgRu\"><a href=\"https:\/\/clubvivremieux.com\/index.php\/eveil-interieur-voyage-spirituel-vers-la-sagesse-et-la-plenitude\/\">\u00c9veil Int\u00e9rieur : Voyage Spirituel vers la Sagesse et la Pl\u00e9nitude<\/a><\/blockquote><iframe loading=\"lazy\" class=\"wp-embedded-content\" sandbox=\"allow-scripts\" security=\"restricted\" style=\"position: absolute; visibility: hidden;\" title=\"\u00ab\u00a0\u00c9veil Int\u00e9rieur : Voyage Spirituel vers la Sagesse et la Pl\u00e9nitude\u00a0\u00bb &#8212; Club vivre mieux\" src=\"https:\/\/clubvivremieux.com\/index.php\/eveil-interieur-voyage-spirituel-vers-la-sagesse-et-la-plenitude\/embed\/#?secret=FDe2YDMMIz#?secret=3onrpRVgRu\" data-secret=\"3onrpRVgRu\" width=\"600\" height=\"338\" frameborder=\"0\" marginwidth=\"0\" marginheight=\"0\" scrolling=\"no\"><\/iframe>\n<\/div><\/figure>\n\n\n\n<figure class=\"wp-block-embed is-type-wp-embed is-provider-club-vivre-mieux wp-block-embed-club-vivre-mieux\"><div class=\"wp-block-embed__wrapper\">\n<blockquote class=\"wp-embedded-content\" data-secret=\"qUMiKlUTVs\"><a href=\"https:\/\/clubvivremieux.com\/index.php\/pervers-narcissiques-pourquoi-reste-t-on-sous-emprise\/\">Pervers narcissiques : pourquoi reste-t-on sous emprise ?<\/a><\/blockquote><iframe loading=\"lazy\" class=\"wp-embedded-content\" sandbox=\"allow-scripts\" security=\"restricted\" style=\"position: absolute; visibility: hidden;\" title=\"\u00ab\u00a0Pervers narcissiques : pourquoi reste-t-on sous emprise ?\u00a0\u00bb &#8212; Club vivre mieux\" src=\"https:\/\/clubvivremieux.com\/index.php\/pervers-narcissiques-pourquoi-reste-t-on-sous-emprise\/embed\/#?secret=rVfaCAdtf0#?secret=qUMiKlUTVs\" data-secret=\"qUMiKlUTVs\" width=\"600\" height=\"338\" frameborder=\"0\" marginwidth=\"0\" marginheight=\"0\" scrolling=\"no\"><\/iframe>\n<\/div><\/figure>\n\n\n\n<figure class=\"wp-block-embed is-type-wp-embed is-provider-le-nouveau-coaching-pour-un-monde-qui-va-trop-vite wp-block-embed-le-nouveau-coaching-pour-un-monde-qui-va-trop-vite\"><div class=\"wp-block-embed__wrapper\">\n<blockquote class=\"wp-embedded-content\" data-secret=\"zVfm5MXgrQ\"><a href=\"https:\/\/guido-saverio-coach.com\/\">Le nouveau coaching pour un monde qui va trop vite.<\/a><\/blockquote><iframe loading=\"lazy\" class=\"wp-embedded-content\" sandbox=\"allow-scripts\" security=\"restricted\" style=\"position: absolute; visibility: hidden;\" title=\"\u00ab\u00a0Le nouveau coaching pour un monde qui va trop vite.\u00a0\u00bb &#8212; Le nouveau coaching pour un monde qui va trop vite.\" src=\"https:\/\/guido-saverio-coach.com\/?embed=true#?secret=En1JUn2RVl#?secret=zVfm5MXgrQ\" data-secret=\"zVfm5MXgrQ\" width=\"600\" height=\"338\" frameborder=\"0\" marginwidth=\"0\" marginheight=\"0\" scrolling=\"no\"><\/iframe>\n<\/div><\/figure>\n","protected":false},"excerpt":{"rendered":"","protected":false},"author":1,"featured_media":0,"parent":0,"menu_order":0,"comment_status":"closed","ping_status":"closed","template":"","meta":{"footnotes":""},"class_list":["post-918","page","type-page","status-publish","hentry"],"_links":{"self":[{"href":"https:\/\/clubvivremieux.com\/index.php\/wp-json\/wp\/v2\/pages\/918","targetHints":{"allow":["GET"]}}],"collection":[{"href":"https:\/\/clubvivremieux.com\/index.php\/wp-json\/wp\/v2\/pages"}],"about":[{"href":"https:\/\/clubvivremieux.com\/index.php\/wp-json\/wp\/v2\/types\/page"}],"author":[{"embeddable":true,"href":"https:\/\/clubvivremieux.com\/index.php\/wp-json\/wp\/v2\/users\/1"}],"replies":[{"embeddable":true,"href":"https:\/\/clubvivremieux.com\/index.php\/wp-json\/wp\/v2\/comments?post=918"}],"version-history":[{"count":2,"href":"https:\/\/clubvivremieux.com\/index.php\/wp-json\/wp\/v2\/pages\/918\/revisions"}],"predecessor-version":[{"id":924,"href":"https:\/\/clubvivremieux.com\/index.php\/wp-json\/wp\/v2\/pages\/918\/revisions\/924"}],"wp:attachment":[{"href":"https:\/\/clubvivremieux.com\/index.php\/wp-json\/wp\/v2\/media?parent=918"}],"curies":[{"name":"wp","href":"https:\/\/api.w.org\/{rel}","templated":true}]}}