{"id":87,"date":"2023-08-22T22:37:59","date_gmt":"2023-08-22T22:37:59","guid":{"rendered":"https:\/\/clubvivremieux.com\/?page_id=87"},"modified":"2023-08-22T22:37:59","modified_gmt":"2023-08-22T22:37:59","slug":"livre-comment-les-reves-deviennent-realite-2","status":"publish","type":"page","link":"https:\/\/clubvivremieux.com\/index.php\/livre-comment-les-reves-deviennent-realite-2\/","title":{"rendered":"LIVRE\u2013Comment les R\u00eaves Deviennent R\u00e9alit\u00e9"},"content":{"rendered":"\n<p>De l\u2019Id\u00e9e \u00e0 la R\u00e9alisation : Comment les R\u00eaves Deviennent R\u00e9alit\u00e9<\/p>\n\n\n\n<p>Toute personne qui r\u00e9ussit avait un r\u00eave et l\u2019a poursuivi jusqu\u2019au bout<\/p>\n\n\n\n<p>Guido SAVERIO<\/p>\n\n\n<div class=\"wp-block-image\">\n<figure class=\"aligncenter size-large\"><a href=\"https:\/\/guido-saverio-coach.com\/?page_id=166\"><img loading=\"lazy\" decoding=\"async\" width=\"642\" height=\"1024\" src=\"https:\/\/clubvivremieux.com\/wp-content\/uploads\/2023\/08\/Comment-les-Reves-Deviennent-Realite-1-3-642x1024.png\" alt=\"\" class=\"wp-image-89\" srcset=\"https:\/\/clubvivremieux.com\/wp-content\/uploads\/2023\/08\/Comment-les-Reves-Deviennent-Realite-1-3-642x1024.png 642w, https:\/\/clubvivremieux.com\/wp-content\/uploads\/2023\/08\/Comment-les-Reves-Deviennent-Realite-1-3-188x300.png 188w, https:\/\/clubvivremieux.com\/wp-content\/uploads\/2023\/08\/Comment-les-Reves-Deviennent-Realite-1-3-768x1226.png 768w, https:\/\/clubvivremieux.com\/wp-content\/uploads\/2023\/08\/Comment-les-Reves-Deviennent-Realite-1-3-963x1536.png 963w, https:\/\/clubvivremieux.com\/wp-content\/uploads\/2023\/08\/Comment-les-Reves-Deviennent-Realite-1-3-1283x2048.png 1283w, https:\/\/clubvivremieux.com\/wp-content\/uploads\/2023\/08\/Comment-les-Reves-Deviennent-Realite-1-3.png 1410w\" sizes=\"auto, (max-width: 642px) 100vw, 642px\" \/><\/a><\/figure><\/div>","protected":false},"excerpt":{"rendered":"<p>De l\u2019Id\u00e9e \u00e0 la R\u00e9alisation : Comment les R\u00eaves Deviennent R\u00e9alit\u00e9 Toute personne qui r\u00e9ussit avait un r\u00eave et l\u2019a poursuivi jusqu\u2019au bout Guido SAVERIO<\/p>\n","protected":false},"author":1,"featured_media":0,"parent":0,"menu_order":0,"comment_status":"closed","ping_status":"closed","template":"","meta":{"footnotes":""},"class_list":["post-87","page","type-page","status-publish","hentry"],"_links":{"self":[{"href":"https:\/\/clubvivremieux.com\/index.php\/wp-json\/wp\/v2\/pages\/87","targetHints":{"allow":["GET"]}}],"collection":[{"href":"https:\/\/clubvivremieux.com\/index.php\/wp-json\/wp\/v2\/pages"}],"about":[{"href":"https:\/\/clubvivremieux.com\/index.php\/wp-json\/wp\/v2\/types\/page"}],"author":[{"embeddable":true,"href":"https:\/\/clubvivremieux.com\/index.php\/wp-json\/wp\/v2\/users\/1"}],"replies":[{"embeddable":true,"href":"https:\/\/clubvivremieux.com\/index.php\/wp-json\/wp\/v2\/comments?post=87"}],"version-history":[{"count":1,"href":"https:\/\/clubvivremieux.com\/index.php\/wp-json\/wp\/v2\/pages\/87\/revisions"}],"predecessor-version":[{"id":90,"href":"https:\/\/clubvivremieux.com\/index.php\/wp-json\/wp\/v2\/pages\/87\/revisions\/90"}],"wp:attachment":[{"href":"https:\/\/clubvivremieux.com\/index.php\/wp-json\/wp\/v2\/media?parent=87"}],"curies":[{"name":"wp","href":"https:\/\/api.w.org\/{rel}","templated":true}]}}