{"id":786,"date":"2025-11-19T19:18:50","date_gmt":"2025-11-19T19:18:50","guid":{"rendered":"https:\/\/clubvivremieux.com\/?page_id=786"},"modified":"2025-11-19T19:18:50","modified_gmt":"2025-11-19T19:18:50","slug":"idees-inspirations","status":"publish","type":"page","link":"https:\/\/clubvivremieux.com\/index.php\/idees-inspirations\/","title":{"rendered":"Id\u00e9es &#038; Inspirations"},"content":{"rendered":"\n<ul class=\"wp-block-list\">\n<li><strong>Menus complets de f\u00eates<\/strong> \u2013 Entr\u00e9e, plat, dessert, boissons.<\/li>\n\n\n\n<li><strong>Recettes faciles mais gastronomiques<\/strong> \u2013 Pour impressionner sans complication.<\/li>\n\n\n\n<li><strong>No\u00ebl v\u00e9g\u00e9tal &amp; gourmand<\/strong> \u2013 Menus 100 % v\u00e9g\u00e9tariens ou vegan.<\/li>\n\n\n\n<li><strong>Traditions culinaires du monde<\/strong> \u2013 No\u00ebl et Nouvel An \u00e0 travers le globe.<\/li>\n\n\n\n<li><strong>Recettes cr\u00e9atives \u00e0 th\u00e8me<\/strong> \u2013 Couleurs, textures, accords inattendus.<\/li>\n<\/ul>\n","protected":false},"excerpt":{"rendered":"","protected":false},"author":1,"featured_media":0,"parent":0,"menu_order":0,"comment_status":"closed","ping_status":"closed","template":"","meta":{"footnotes":""},"class_list":["post-786","page","type-page","status-publish","hentry"],"_links":{"self":[{"href":"https:\/\/clubvivremieux.com\/index.php\/wp-json\/wp\/v2\/pages\/786","targetHints":{"allow":["GET"]}}],"collection":[{"href":"https:\/\/clubvivremieux.com\/index.php\/wp-json\/wp\/v2\/pages"}],"about":[{"href":"https:\/\/clubvivremieux.com\/index.php\/wp-json\/wp\/v2\/types\/page"}],"author":[{"embeddable":true,"href":"https:\/\/clubvivremieux.com\/index.php\/wp-json\/wp\/v2\/users\/1"}],"replies":[{"embeddable":true,"href":"https:\/\/clubvivremieux.com\/index.php\/wp-json\/wp\/v2\/comments?post=786"}],"version-history":[{"count":1,"href":"https:\/\/clubvivremieux.com\/index.php\/wp-json\/wp\/v2\/pages\/786\/revisions"}],"predecessor-version":[{"id":787,"href":"https:\/\/clubvivremieux.com\/index.php\/wp-json\/wp\/v2\/pages\/786\/revisions\/787"}],"wp:attachment":[{"href":"https:\/\/clubvivremieux.com\/index.php\/wp-json\/wp\/v2\/media?parent=786"}],"curies":[{"name":"wp","href":"https:\/\/api.w.org\/{rel}","templated":true}]}}