{"id":780,"date":"2025-11-19T19:16:34","date_gmt":"2025-11-19T19:16:34","guid":{"rendered":"https:\/\/clubvivremieux.com\/?page_id=780"},"modified":"2025-11-20T01:45:04","modified_gmt":"2025-11-20T01:45:04","slug":"desserts-festifs-naturels","status":"publish","type":"page","link":"https:\/\/clubvivremieux.com\/index.php\/desserts-festifs-naturels\/","title":{"rendered":"Desserts Festifs Naturels"},"content":{"rendered":"\n<div class=\"wp-block-columns is-layout-flex wp-container-core-columns-is-layout-1 wp-block-columns-is-layout-flex\">\n<div class=\"wp-block-column is-layout-flow wp-block-column-is-layout-flow\"><div class=\"wp-block-image\">\n<figure class=\"aligncenter size-full\"><img loading=\"lazy\" decoding=\"async\" width=\"256\" height=\"384\" src=\"https:\/\/clubvivremieux.com\/wp-content\/uploads\/2025\/11\/ChatGPT-Image-20-nov.-2025-02_4-1.png\" alt=\"\" class=\"wp-image-827\" srcset=\"https:\/\/clubvivremieux.com\/wp-content\/uploads\/2025\/11\/ChatGPT-Image-20-nov.-2025-02_4-1.png 256w, https:\/\/clubvivremieux.com\/wp-content\/uploads\/2025\/11\/ChatGPT-Image-20-nov.-2025-02_4-1-200x300.png 200w\" sizes=\"auto, (max-width: 256px) 100vw, 256px\" \/><\/figure><\/div><\/div>\n\n\n\n<div class=\"wp-block-column is-layout-flow wp-block-column-is-layout-flow\"><\/div>\n<\/div>\n\n\n\n<ul class=\"wp-block-list\">\n<li><strong>B\u00fbches &amp; entremets glac\u00e9s<\/strong> \u2013 Aux fruits, chocolat, yaourt, miel.<\/li>\n\n\n\n<li><strong>G\u00e2teaux &amp; biscuits de saison<\/strong> \u2013 Pain d\u2019\u00e9pices, sabl\u00e9s, cakes gourmands.<\/li>\n\n\n\n<li><strong>Cr\u00e8mes &amp; mousses l\u00e9g\u00e8res<\/strong> \u2013 Chocolat noir, vanille, f\u00e8ve tonka.<\/li>\n\n\n\n<li><strong>Fruits sublim\u00e9s<\/strong> \u2013 Poire poch\u00e9e, compotes, tartes fines.<\/li>\n\n\n\n<li><strong>Chocolat &amp; truffes maison<\/strong> \u2013 Ganaches naturelles, recettes saines.<\/li>\n<\/ul>\n","protected":false},"excerpt":{"rendered":"","protected":false},"author":1,"featured_media":0,"parent":0,"menu_order":0,"comment_status":"closed","ping_status":"closed","template":"","meta":{"footnotes":""},"class_list":["post-780","page","type-page","status-publish","hentry"],"_links":{"self":[{"href":"https:\/\/clubvivremieux.com\/index.php\/wp-json\/wp\/v2\/pages\/780","targetHints":{"allow":["GET"]}}],"collection":[{"href":"https:\/\/clubvivremieux.com\/index.php\/wp-json\/wp\/v2\/pages"}],"about":[{"href":"https:\/\/clubvivremieux.com\/index.php\/wp-json\/wp\/v2\/types\/page"}],"author":[{"embeddable":true,"href":"https:\/\/clubvivremieux.com\/index.php\/wp-json\/wp\/v2\/users\/1"}],"replies":[{"embeddable":true,"href":"https:\/\/clubvivremieux.com\/index.php\/wp-json\/wp\/v2\/comments?post=780"}],"version-history":[{"count":2,"href":"https:\/\/clubvivremieux.com\/index.php\/wp-json\/wp\/v2\/pages\/780\/revisions"}],"predecessor-version":[{"id":829,"href":"https:\/\/clubvivremieux.com\/index.php\/wp-json\/wp\/v2\/pages\/780\/revisions\/829"}],"wp:attachment":[{"href":"https:\/\/clubvivremieux.com\/index.php\/wp-json\/wp\/v2\/media?parent=780"}],"curies":[{"name":"wp","href":"https:\/\/api.w.org\/{rel}","templated":true}]}}