{"id":778,"date":"2025-11-19T19:15:54","date_gmt":"2025-11-19T19:15:54","guid":{"rendered":"https:\/\/clubvivremieux.com\/?page_id=778"},"modified":"2025-11-20T01:41:43","modified_gmt":"2025-11-20T01:41:43","slug":"accompagnements-gourmets","status":"publish","type":"page","link":"https:\/\/clubvivremieux.com\/index.php\/accompagnements-gourmets\/","title":{"rendered":"Accompagnements Gourmets"},"content":{"rendered":"\n<div class=\"wp-block-columns is-layout-flex wp-container-core-columns-is-layout-1 wp-block-columns-is-layout-flex\">\n<div class=\"wp-block-column is-layout-flow wp-block-column-is-layout-flow\"><div class=\"wp-block-image\">\n<figure class=\"aligncenter size-full\"><img loading=\"lazy\" decoding=\"async\" width=\"256\" height=\"384\" src=\"https:\/\/clubvivremieux.com\/wp-content\/uploads\/2025\/11\/ChatGPT-Image-20-nov.-2025-02_4.png\" alt=\"\" class=\"wp-image-824\" srcset=\"https:\/\/clubvivremieux.com\/wp-content\/uploads\/2025\/11\/ChatGPT-Image-20-nov.-2025-02_4.png 256w, https:\/\/clubvivremieux.com\/wp-content\/uploads\/2025\/11\/ChatGPT-Image-20-nov.-2025-02_4-200x300.png 200w\" sizes=\"auto, (max-width: 256px) 100vw, 256px\" \/><\/figure><\/div><\/div>\n\n\n\n<div class=\"wp-block-column is-layout-flow wp-block-column-is-layout-flow\"><\/div>\n<\/div>\n\n\n\n<ul class=\"wp-block-list\">\n<li><strong>Pur\u00e9es et mousses de l\u00e9gumes<\/strong> \u2013 Panais, topinambour, betterave, carotte.<\/li>\n\n\n\n<li><strong>L\u00e9gumes r\u00f4tis &amp; confits<\/strong> \u2013 Butternut, fenouil, choux de Bruxelles.<\/li>\n\n\n\n<li><strong>Gratins et tian<\/strong> \u2013 Simples et naturels, aux herbes et fromages frais.<\/li>\n\n\n\n<li><strong>Salades d\u2019hiver &amp; fra\u00eecheur<\/strong> \u2013 Fenouil, agrumes, noix, graines.<\/li>\n\n\n\n<li><strong>Riz, p\u00e2tes et c\u00e9r\u00e9ales raffin\u00e9es<\/strong> \u2013 Risotto, gnocchis, quinoa festif.<\/li>\n<\/ul>\n\n\n\n<p><\/p>\n","protected":false},"excerpt":{"rendered":"","protected":false},"author":1,"featured_media":0,"parent":0,"menu_order":0,"comment_status":"closed","ping_status":"closed","template":"","meta":{"footnotes":""},"class_list":["post-778","page","type-page","status-publish","hentry"],"_links":{"self":[{"href":"https:\/\/clubvivremieux.com\/index.php\/wp-json\/wp\/v2\/pages\/778","targetHints":{"allow":["GET"]}}],"collection":[{"href":"https:\/\/clubvivremieux.com\/index.php\/wp-json\/wp\/v2\/pages"}],"about":[{"href":"https:\/\/clubvivremieux.com\/index.php\/wp-json\/wp\/v2\/types\/page"}],"author":[{"embeddable":true,"href":"https:\/\/clubvivremieux.com\/index.php\/wp-json\/wp\/v2\/users\/1"}],"replies":[{"embeddable":true,"href":"https:\/\/clubvivremieux.com\/index.php\/wp-json\/wp\/v2\/comments?post=778"}],"version-history":[{"count":2,"href":"https:\/\/clubvivremieux.com\/index.php\/wp-json\/wp\/v2\/pages\/778\/revisions"}],"predecessor-version":[{"id":826,"href":"https:\/\/clubvivremieux.com\/index.php\/wp-json\/wp\/v2\/pages\/778\/revisions\/826"}],"wp:attachment":[{"href":"https:\/\/clubvivremieux.com\/index.php\/wp-json\/wp\/v2\/media?parent=778"}],"curies":[{"name":"wp","href":"https:\/\/api.w.org\/{rel}","templated":true}]}}