{"id":776,"date":"2025-11-19T19:15:05","date_gmt":"2025-11-19T19:15:05","guid":{"rendered":"https:\/\/clubvivremieux.com\/?page_id=776"},"modified":"2025-11-20T01:37:51","modified_gmt":"2025-11-20T01:37:51","slug":"plats-principaux-raffines","status":"publish","type":"page","link":"https:\/\/clubvivremieux.com\/index.php\/plats-principaux-raffines\/","title":{"rendered":"Plats Principaux Raffin\u00e9s"},"content":{"rendered":"\n<div class=\"wp-block-columns is-layout-flex wp-container-core-columns-is-layout-1 wp-block-columns-is-layout-flex\">\n<div class=\"wp-block-column is-layout-flow wp-block-column-is-layout-flow\">\n<figure class=\"wp-block-image size-full\"><img loading=\"lazy\" decoding=\"async\" width=\"256\" height=\"384\" src=\"https:\/\/clubvivremieux.com\/wp-content\/uploads\/2025\/11\/ChatGPT-Image-20-nov.-2025-02_3.png\" alt=\"\" class=\"wp-image-821\" srcset=\"https:\/\/clubvivremieux.com\/wp-content\/uploads\/2025\/11\/ChatGPT-Image-20-nov.-2025-02_3.png 256w, https:\/\/clubvivremieux.com\/wp-content\/uploads\/2025\/11\/ChatGPT-Image-20-nov.-2025-02_3-200x300.png 200w\" sizes=\"auto, (max-width: 256px) 100vw, 256px\" \/><\/figure>\n<\/div>\n\n\n\n<div class=\"wp-block-column is-layout-flow wp-block-column-is-layout-flow\"><\/div>\n<\/div>\n\n\n\n<ul class=\"wp-block-list\">\n<li><strong>Viandes nobles<\/strong> \u2013 Chapon, dinde fermi\u00e8re, magret de canard, r\u00f4ti de veau.<\/li>\n\n\n\n<li><strong>Poissons &amp; fruits de mer<\/strong> \u2013 Saumon, truite, bar, lotte, coquillages.<\/li>\n\n\n\n<li><strong>Plats v\u00e9g\u00e9tariens de f\u00eate<\/strong> \u2013 Courges farcies, gratins de l\u00e9gumes, champignons.<\/li>\n\n\n\n<li><strong>Plats \u00e0 cuisson douce<\/strong> \u2013 Cuisson basse temp\u00e9rature, r\u00f4tis au naturel.<\/li>\n\n\n\n<li><strong>Recettes du terroir revisit\u00e9es<\/strong> \u2013 Produits locaux et naturels sublim\u00e9s.<\/li>\n<\/ul>\n","protected":false},"excerpt":{"rendered":"","protected":false},"author":1,"featured_media":0,"parent":0,"menu_order":0,"comment_status":"closed","ping_status":"closed","template":"","meta":{"footnotes":""},"class_list":["post-776","page","type-page","status-publish","hentry"],"_links":{"self":[{"href":"https:\/\/clubvivremieux.com\/index.php\/wp-json\/wp\/v2\/pages\/776","targetHints":{"allow":["GET"]}}],"collection":[{"href":"https:\/\/clubvivremieux.com\/index.php\/wp-json\/wp\/v2\/pages"}],"about":[{"href":"https:\/\/clubvivremieux.com\/index.php\/wp-json\/wp\/v2\/types\/page"}],"author":[{"embeddable":true,"href":"https:\/\/clubvivremieux.com\/index.php\/wp-json\/wp\/v2\/users\/1"}],"replies":[{"embeddable":true,"href":"https:\/\/clubvivremieux.com\/index.php\/wp-json\/wp\/v2\/comments?post=776"}],"version-history":[{"count":2,"href":"https:\/\/clubvivremieux.com\/index.php\/wp-json\/wp\/v2\/pages\/776\/revisions"}],"predecessor-version":[{"id":823,"href":"https:\/\/clubvivremieux.com\/index.php\/wp-json\/wp\/v2\/pages\/776\/revisions\/823"}],"wp:attachment":[{"href":"https:\/\/clubvivremieux.com\/index.php\/wp-json\/wp\/v2\/media?parent=776"}],"curies":[{"name":"wp","href":"https:\/\/api.w.org\/{rel}","templated":true}]}}