{"id":748,"date":"2025-11-18T22:08:40","date_gmt":"2025-11-18T22:08:40","guid":{"rendered":"https:\/\/clubvivremieux.com\/?page_id=748"},"modified":"2025-11-21T13:16:32","modified_gmt":"2025-11-21T13:16:32","slug":"maitriser-ses-emotions-en-3-minutes-par-jour-le-guide-express","status":"publish","type":"page","link":"https:\/\/clubvivremieux.com\/index.php\/maitriser-ses-emotions-en-3-minutes-par-jour-le-guide-express\/","title":{"rendered":"Ma\u00eetriser ses \u00e9motions en 3 minutes par jour : le guide express"},"content":{"rendered":"\n<p><\/p>\n\n\n\n<p>Dans un monde qui va toujours plus vite, rester ma\u00eetre de soi n\u2019est plus un luxe, c\u2019est une n\u00e9cessit\u00e9. Stress, distractions, notifications\u2026 nous perdons souvent le contr\u00f4le de nos r\u00e9actions avant m\u00eame de nous en rendre compte.<\/p>\n\n\n\n<p>La bonne nouvelle ? La ma\u00eetrise de soi se travaille. Pas besoin de longues s\u00e9ances de m\u00e9ditation ou de livres \u00e0 rallonge. Quelques minutes bien utilis\u00e9es suffisent pour reprendre le contr\u00f4le et naviguer dans vos journ\u00e9es avec clart\u00e9 et s\u00e9r\u00e9nit\u00e9.<\/p>\n\n\n\n<p>Le secret : <strong>prendre conscience, respirer, agir avec intention.<\/strong> Chaque petit geste compte. Ma\u00eetriser ses \u00e9motions, c\u2019est comme muscler un muscle : un peu chaque jour, et le changement devient naturel.<\/p>\n\n\n\n<hr class=\"wp-block-separator has-alpha-channel-opacity\"\/>\n\n\n\n<h3 class=\"wp-block-heading has-pale-cyan-blue-background-color has-background\"><strong>M\u00e9thode Express et Concr\u00e8te (3 minutes)<\/strong><\/h3>\n\n\n\n<p><strong>Nom : La Pause Ma\u00eetre<\/strong><\/p>\n\n\n\n<ol class=\"wp-block-list\">\n<li><strong>Stopper<\/strong> : D\u00e8s que vous sentez une \u00e9motion forte (col\u00e8re, anxi\u00e9t\u00e9, frustration), arr\u00eatez-vous une seconde.<\/li>\n\n\n\n<li><strong>Respirer<\/strong> : Inspirez profond\u00e9ment 4 secondes, retenez 2 secondes, expirez 6 secondes. Faites-le trois fois.<\/li>\n\n\n\n<li><strong>Choisir<\/strong> : Posez-vous la question : <em>Quelle action refl\u00e8te mon vrai objectif ?<\/em> Agissez ensuite avec intention.<\/li>\n<\/ol>\n\n\n\n<p>\ud83d\udca1 <strong>Astuce<\/strong> : R\u00e9p\u00e9tez cette m\u00e9thode chaque fois que vous sentez vos \u00e9motions prendre le dessus. Trois minutes suffisent pour reprendre le contr\u00f4le.<\/p>\n\n\n\n<ul class=\"wp-block-list\">\n<li><strong><em><a href=\"https:\/\/guidosaverio.com\/\">Guido SAVERIO<\/a><\/em><\/strong><\/li>\n\n\n\n<li><strong><a href=\"https:\/\/guidosaverio.com\/qui-suis-je\/\">Qui suis-je<\/a><\/strong><\/li>\n<\/ul>\n","protected":false},"excerpt":{"rendered":"<p>Dans un monde qui va toujours plus vite, rester ma\u00eetre de soi n\u2019est plus un luxe, c\u2019est une n\u00e9cessit\u00e9. Stress, distractions, notifications\u2026 nous perdons souvent le contr\u00f4le de nos r\u00e9actions avant m\u00eame de nous en rendre compte. La bonne nouvelle&#8230; <a href=\"https:\/\/clubvivremieux.com\/index.php\/maitriser-ses-emotions-en-3-minutes-par-jour-le-guide-express\/\" class=\"readmore\">Read more<span class=\"screen-reader-text\">Ma\u00eetriser ses \u00e9motions en 3 minutes par jour : le guide express<\/span><span class=\"fa fa-angle-double-right\" aria-hidden=\"true\"><\/span><\/a><\/p>\n","protected":false},"author":1,"featured_media":0,"parent":0,"menu_order":0,"comment_status":"closed","ping_status":"closed","template":"","meta":{"footnotes":""},"class_list":["post-748","page","type-page","status-publish","hentry"],"_links":{"self":[{"href":"https:\/\/clubvivremieux.com\/index.php\/wp-json\/wp\/v2\/pages\/748","targetHints":{"allow":["GET"]}}],"collection":[{"href":"https:\/\/clubvivremieux.com\/index.php\/wp-json\/wp\/v2\/pages"}],"about":[{"href":"https:\/\/clubvivremieux.com\/index.php\/wp-json\/wp\/v2\/types\/page"}],"author":[{"embeddable":true,"href":"https:\/\/clubvivremieux.com\/index.php\/wp-json\/wp\/v2\/users\/1"}],"replies":[{"embeddable":true,"href":"https:\/\/clubvivremieux.com\/index.php\/wp-json\/wp\/v2\/comments?post=748"}],"version-history":[{"count":1,"href":"https:\/\/clubvivremieux.com\/index.php\/wp-json\/wp\/v2\/pages\/748\/revisions"}],"predecessor-version":[{"id":749,"href":"https:\/\/clubvivremieux.com\/index.php\/wp-json\/wp\/v2\/pages\/748\/revisions\/749"}],"wp:attachment":[{"href":"https:\/\/clubvivremieux.com\/index.php\/wp-json\/wp\/v2\/media?parent=748"}],"curies":[{"name":"wp","href":"https:\/\/api.w.org\/{rel}","templated":true}]}}