{"id":736,"date":"2025-11-18T19:32:00","date_gmt":"2025-11-18T19:32:00","guid":{"rendered":"https:\/\/clubvivremieux.com\/?page_id=736"},"modified":"2025-11-18T19:32:00","modified_gmt":"2025-11-18T19:32:00","slug":"le-prix-de-la-vie-ne-decide-pas-de-ton-bonheur","status":"publish","type":"page","link":"https:\/\/clubvivremieux.com\/index.php\/le-prix-de-la-vie-ne-decide-pas-de-ton-bonheur\/","title":{"rendered":"Le prix de la vie ne d\u00e9cide pas de ton bonheur"},"content":{"rendered":"\n<p><\/p>\n\n\n\n<p>On croit souvent que pour \u00eatre heureux, il faut gagner plus, d\u00e9penser plus, suivre le rythme effr\u00e9n\u00e9 des autres. Mais la v\u00e9rit\u00e9 est simple : ce n\u2019est pas ton compte en banque qui d\u00e9finit ton \u00e9tat d\u2019esprit.<br>Le bonheur, c\u2019est une question de <strong>priorit\u00e9s et d\u2019attitude<\/strong>. Savoir dire non, choisir ce qui compte vraiment, appr\u00e9cier les petites victoires et les moments simples. C\u2019est investir ton temps et ton \u00e9nergie l\u00e0 o\u00f9 \u00e7a r\u00e9sonne pour toi, pas l\u00e0 o\u00f9 le prix est le plus \u00e9lev\u00e9.<\/p>\n\n\n\n<p>Dans un monde o\u00f9 tout se mon\u00e9tise, rappelle-toi : la valeur d\u2019un moment ou d\u2019une exp\u00e9rience ne se mesure pas en euros. Le bonheur se construit dans le choix, la conscience et la simplicit\u00e9.<\/p>\n\n\n\n<hr class=\"wp-block-separator has-alpha-channel-opacity\"\/>\n\n\n\n<h3 class=\"wp-block-heading has-pale-cyan-blue-background-color has-background\"><strong>M\u00e9thode express pour appliquer \u00e7a d\u00e8s aujourd\u2019hui<\/strong><\/h3>\n\n\n\n<ol class=\"wp-block-list\">\n<li><strong>Liste tes 3 priorit\u00e9s actuelles<\/strong> \u2192 ce qui te fait vraiment vibrer.<\/li>\n\n\n\n<li><strong>Supprime 1 d\u00e9pense ou activit\u00e9 \u201c\u00e0 prix fort\u201d inutile<\/strong> \u2192 celle qui grignote ton \u00e9nergie sans te rendre heureux.<\/li>\n\n\n\n<li><strong>Investis ce temps\/argent lib\u00e9r\u00e9 dans une exp\u00e9rience simple mais significative<\/strong> \u2192 une promenade, un caf\u00e9 avec un ami, un hobby cr\u00e9atif.<\/li>\n\n\n\n<li><strong>Note ton ressenti<\/strong> \u2192 observer l\u2019impact concret renforce l\u2019habitude.<\/li>\n<\/ol>\n\n\n\n<p>En 10 minutes, tu r\u00e9alignes ton quotidien sur ce qui compte vraiment. Pas besoin d\u2019argent, juste de conscience et de choix.<\/p>\n\n\n\n<ul class=\"wp-block-list\">\n<li><strong><em><a href=\"https:\/\/guidosaverio.com\/\">Guido SAVERIO<\/a><\/em><\/strong><\/li>\n\n\n\n<li><strong><a href=\"https:\/\/guidosaverio.com\/qui-suis-je\/\">Qui suis-je<\/a><\/strong><\/li>\n<\/ul>\n","protected":false},"excerpt":{"rendered":"<p>On croit souvent que pour \u00eatre heureux, il faut gagner plus, d\u00e9penser plus, suivre le rythme effr\u00e9n\u00e9 des autres. Mais la v\u00e9rit\u00e9 est simple : ce n\u2019est pas ton compte en banque qui d\u00e9finit ton \u00e9tat d\u2019esprit.Le bonheur, c\u2019est une&#8230; <a href=\"https:\/\/clubvivremieux.com\/index.php\/le-prix-de-la-vie-ne-decide-pas-de-ton-bonheur\/\" class=\"readmore\">Read more<span class=\"screen-reader-text\">Le prix de la vie ne d\u00e9cide pas de ton bonheur<\/span><span class=\"fa fa-angle-double-right\" aria-hidden=\"true\"><\/span><\/a><\/p>\n","protected":false},"author":1,"featured_media":0,"parent":0,"menu_order":0,"comment_status":"closed","ping_status":"closed","template":"","meta":{"footnotes":""},"class_list":["post-736","page","type-page","status-publish","hentry"],"_links":{"self":[{"href":"https:\/\/clubvivremieux.com\/index.php\/wp-json\/wp\/v2\/pages\/736","targetHints":{"allow":["GET"]}}],"collection":[{"href":"https:\/\/clubvivremieux.com\/index.php\/wp-json\/wp\/v2\/pages"}],"about":[{"href":"https:\/\/clubvivremieux.com\/index.php\/wp-json\/wp\/v2\/types\/page"}],"author":[{"embeddable":true,"href":"https:\/\/clubvivremieux.com\/index.php\/wp-json\/wp\/v2\/users\/1"}],"replies":[{"embeddable":true,"href":"https:\/\/clubvivremieux.com\/index.php\/wp-json\/wp\/v2\/comments?post=736"}],"version-history":[{"count":1,"href":"https:\/\/clubvivremieux.com\/index.php\/wp-json\/wp\/v2\/pages\/736\/revisions"}],"predecessor-version":[{"id":737,"href":"https:\/\/clubvivremieux.com\/index.php\/wp-json\/wp\/v2\/pages\/736\/revisions\/737"}],"wp:attachment":[{"href":"https:\/\/clubvivremieux.com\/index.php\/wp-json\/wp\/v2\/media?parent=736"}],"curies":[{"name":"wp","href":"https:\/\/api.w.org\/{rel}","templated":true}]}}