{"id":734,"date":"2025-11-18T19:27:38","date_gmt":"2025-11-18T19:27:38","guid":{"rendered":"https:\/\/clubvivremieux.com\/?page_id=734"},"modified":"2025-11-18T19:27:38","modified_gmt":"2025-11-18T19:27:38","slug":"survivre-ou-prosperer-maitrisez-vos-finances-en-5-minutes-par-jour","status":"publish","type":"page","link":"https:\/\/clubvivremieux.com\/index.php\/survivre-ou-prosperer-maitrisez-vos-finances-en-5-minutes-par-jour\/","title":{"rendered":"Survivre ou prosp\u00e9rer ? Ma\u00eetrisez vos finances en 5 minutes par jour"},"content":{"rendered":"\n<p><\/p>\n\n\n\n<blockquote class=\"wp-block-quote is-layout-flow wp-block-quote-is-layout-flow\">\n<p>\u00ab Survivre, c\u2019est planifier ; prosp\u00e9rer, c\u2019est agir. \u00bb<br>Dans un monde o\u00f9 tout va vite, l\u2019ind\u00e9pendance financi\u00e8re n\u2019est pas un luxe, c\u2019est une n\u00e9cessit\u00e9. Bien g\u00e9rer son argent ne consiste pas \u00e0 \u00e9pargner chaque centime, mais \u00e0 organiser ses ressources pour cr\u00e9er de nouvelles opportunit\u00e9s.<\/p>\n\n\n\n<p>L\u2019optimisation financi\u00e8re ne demande pas des heures : c\u2019est une question de m\u00e9thode. Chaque euro investi intelligemment devient un levier pour la libert\u00e9. Chaque d\u00e9pense superflue \u00e9limin\u00e9e est un pas vers vos projets. Planifier, agir, r\u00e9p\u00e9ter : voil\u00e0 la cl\u00e9 pour passer de la survie \u00e0 la prosp\u00e9rit\u00e9.<\/p>\n<\/blockquote>\n\n\n\n<hr class=\"wp-block-separator has-alpha-channel-opacity\"\/>\n\n\n\n<h3 class=\"wp-block-heading has-pale-cyan-blue-background-color has-background\"><strong>M\u00e9thode Express \u2013 Concr\u00e8te et simple<\/strong><\/h3>\n\n\n\n<p><strong>Nom : \u201cLe 5-5-5 financier\u201d<\/strong><\/p>\n\n\n\n<ol class=\"wp-block-list\">\n<li><strong>5 minutes par jour<\/strong> : note toutes vos d\u00e9penses de la journ\u00e9e, m\u00eame les plus petites.<\/li>\n\n\n\n<li><strong>5 euros minimum<\/strong> : mettez de c\u00f4t\u00e9 chaque jour un petit montant que vous pourrez investir ou \u00e9pargner.<\/li>\n\n\n\n<li><strong>5 actions par semaine<\/strong> : identifiez une action concr\u00e8te pour optimiser vos finances (annuler un abonnement inutile, comparer vos assurances, trouver une source de revenu suppl\u00e9mentaire).<\/li>\n<\/ol>\n\n\n\n<p>\ud83d\udca1 <strong>R\u00e9sultat<\/strong> : en moins d\u2019un mois, vous aurez une vision claire de vos finances, des \u00e9conomies r\u00e9elles et un plan d\u2019action pour cr\u00e9er de nouvelles opportunit\u00e9s.<\/p>\n\n\n\n<ul class=\"wp-block-list\">\n<li><strong><em><a href=\"https:\/\/guidosaverio.com\/\">Guido SAVERIO<\/a><\/em><\/strong><\/li>\n\n\n\n<li><strong><a href=\"https:\/\/guidosaverio.com\/qui-suis-je\/\">Qui suis-je<\/a><\/strong><\/li>\n<\/ul>\n","protected":false},"excerpt":{"rendered":"<p>\u00ab Survivre, c\u2019est planifier ; prosp\u00e9rer, c\u2019est agir. \u00bbDans un monde o\u00f9 tout va vite, l\u2019ind\u00e9pendance financi\u00e8re n\u2019est pas un luxe, c\u2019est une n\u00e9cessit\u00e9. Bien g\u00e9rer son argent ne consiste pas \u00e0 \u00e9pargner chaque centime, mais \u00e0 organiser ses ressources&#8230; <a href=\"https:\/\/clubvivremieux.com\/index.php\/survivre-ou-prosperer-maitrisez-vos-finances-en-5-minutes-par-jour\/\" class=\"readmore\">Read more<span class=\"screen-reader-text\">Survivre ou prosp\u00e9rer ? Ma\u00eetrisez vos finances en 5 minutes par jour<\/span><span class=\"fa fa-angle-double-right\" aria-hidden=\"true\"><\/span><\/a><\/p>\n","protected":false},"author":1,"featured_media":0,"parent":0,"menu_order":0,"comment_status":"closed","ping_status":"closed","template":"","meta":{"footnotes":""},"class_list":["post-734","page","type-page","status-publish","hentry"],"_links":{"self":[{"href":"https:\/\/clubvivremieux.com\/index.php\/wp-json\/wp\/v2\/pages\/734","targetHints":{"allow":["GET"]}}],"collection":[{"href":"https:\/\/clubvivremieux.com\/index.php\/wp-json\/wp\/v2\/pages"}],"about":[{"href":"https:\/\/clubvivremieux.com\/index.php\/wp-json\/wp\/v2\/types\/page"}],"author":[{"embeddable":true,"href":"https:\/\/clubvivremieux.com\/index.php\/wp-json\/wp\/v2\/users\/1"}],"replies":[{"embeddable":true,"href":"https:\/\/clubvivremieux.com\/index.php\/wp-json\/wp\/v2\/comments?post=734"}],"version-history":[{"count":1,"href":"https:\/\/clubvivremieux.com\/index.php\/wp-json\/wp\/v2\/pages\/734\/revisions"}],"predecessor-version":[{"id":735,"href":"https:\/\/clubvivremieux.com\/index.php\/wp-json\/wp\/v2\/pages\/734\/revisions\/735"}],"wp:attachment":[{"href":"https:\/\/clubvivremieux.com\/index.php\/wp-json\/wp\/v2\/media?parent=734"}],"curies":[{"name":"wp","href":"https:\/\/api.w.org\/{rel}","templated":true}]}}