{"id":724,"date":"2025-11-18T18:56:28","date_gmt":"2025-11-18T18:56:28","guid":{"rendered":"https:\/\/clubvivremieux.com\/?page_id=724"},"modified":"2025-11-18T18:56:28","modified_gmt":"2025-11-18T18:56:28","slug":"choisis-la-simplicite-moins-cher-plus-serein","status":"publish","type":"page","link":"https:\/\/clubvivremieux.com\/index.php\/choisis-la-simplicite-moins-cher-plus-serein\/","title":{"rendered":"Choisis la simplicit\u00e9 : moins cher, plus serein"},"content":{"rendered":"\n<p><\/p>\n\n\n\n<p>Dans un monde o\u00f9 tout va trop vite, o\u00f9 le stress et les d\u00e9penses s\u2019accumulent, simplifier sa vie devient un luxe accessible. Moins de possessions, moins d\u2019obligations, moins de pression sociale : choisir la simplicit\u00e9 r\u00e9duit naturellement le stress financier et mental.<\/p>\n\n\n\n<p>Ce n\u2019est pas une question de privation, mais de choix intelligents. Une vie simple permet de se concentrer sur l\u2019essentiel : vos relations, vos passions, votre temps. Et souvent\u2026 \u00e7a co\u00fbte moins cher.<\/p>\n\n\n\n<p><strong>La simplicit\u00e9, c\u2019est la libert\u00e9 d\u00e9guis\u00e9e.<\/strong><\/p>\n\n\n\n<hr class=\"wp-block-separator has-alpha-channel-opacity\"\/>\n\n\n\n<h3 class=\"wp-block-heading has-pale-cyan-blue-background-color has-background\">M\u00e9thode express pour simplifier sa vie<\/h3>\n\n\n\n<ol class=\"wp-block-list\">\n<li><strong>D\u00e9tox num\u00e9rique<\/strong> : supprimez ou d\u00e9sactivez les notifications inutiles. 10 minutes par jour pour respirer.<\/li>\n\n\n\n<li><strong>Un achat = un tri<\/strong> : avant d\u2019acheter, jetez ou donnez un objet que vous n\u2019utilisez plus.<\/li>\n\n\n\n<li><strong>Routine minimaliste<\/strong> : simplifiez vos repas, votre garde-robe et vos t\u00e2ches quotidiennes.<\/li>\n\n\n\n<li><strong>Budget zen<\/strong> : r\u00e9duisez vos d\u00e9penses superficielles de 20% ce mois-ci et notez vos \u00e9conomies.<\/li>\n<\/ol>\n\n\n\n<p>En 7 jours, vous verrez d\u00e9j\u00e0 votre quotidien plus l\u00e9ger et votre stress financier diminuer.<\/p>\n\n\n\n<ul class=\"wp-block-list\">\n<li><strong><em><a href=\"https:\/\/guidosaverio.com\/\">Guido SAVERIO<\/a><\/em><\/strong><\/li>\n\n\n\n<li><strong><a href=\"https:\/\/guidosaverio.com\/qui-suis-je\/\">Qui suis-je<\/a><\/strong><\/li>\n<\/ul>\n","protected":false},"excerpt":{"rendered":"<p>Dans un monde o\u00f9 tout va trop vite, o\u00f9 le stress et les d\u00e9penses s\u2019accumulent, simplifier sa vie devient un luxe accessible. Moins de possessions, moins d\u2019obligations, moins de pression sociale : choisir la simplicit\u00e9 r\u00e9duit naturellement le stress financier&#8230; <a href=\"https:\/\/clubvivremieux.com\/index.php\/choisis-la-simplicite-moins-cher-plus-serein\/\" class=\"readmore\">Read more<span class=\"screen-reader-text\">Choisis la simplicit\u00e9 : moins cher, plus serein<\/span><span class=\"fa fa-angle-double-right\" aria-hidden=\"true\"><\/span><\/a><\/p>\n","protected":false},"author":1,"featured_media":0,"parent":0,"menu_order":0,"comment_status":"closed","ping_status":"closed","template":"","meta":{"footnotes":""},"class_list":["post-724","page","type-page","status-publish","hentry"],"_links":{"self":[{"href":"https:\/\/clubvivremieux.com\/index.php\/wp-json\/wp\/v2\/pages\/724","targetHints":{"allow":["GET"]}}],"collection":[{"href":"https:\/\/clubvivremieux.com\/index.php\/wp-json\/wp\/v2\/pages"}],"about":[{"href":"https:\/\/clubvivremieux.com\/index.php\/wp-json\/wp\/v2\/types\/page"}],"author":[{"embeddable":true,"href":"https:\/\/clubvivremieux.com\/index.php\/wp-json\/wp\/v2\/users\/1"}],"replies":[{"embeddable":true,"href":"https:\/\/clubvivremieux.com\/index.php\/wp-json\/wp\/v2\/comments?post=724"}],"version-history":[{"count":1,"href":"https:\/\/clubvivremieux.com\/index.php\/wp-json\/wp\/v2\/pages\/724\/revisions"}],"predecessor-version":[{"id":725,"href":"https:\/\/clubvivremieux.com\/index.php\/wp-json\/wp\/v2\/pages\/724\/revisions\/725"}],"wp:attachment":[{"href":"https:\/\/clubvivremieux.com\/index.php\/wp-json\/wp\/v2\/media?parent=724"}],"curies":[{"name":"wp","href":"https:\/\/api.w.org\/{rel}","templated":true}]}}