{"id":712,"date":"2025-11-18T08:08:19","date_gmt":"2025-11-18T08:08:19","guid":{"rendered":"https:\/\/clubvivremieux.com\/?page_id=712"},"modified":"2025-11-18T08:08:20","modified_gmt":"2025-11-18T08:08:20","slug":"tu-nas-pas-besoin-daller-vite-juste-davancer","status":"publish","type":"page","link":"https:\/\/clubvivremieux.com\/index.php\/tu-nas-pas-besoin-daller-vite-juste-davancer\/","title":{"rendered":"Tu n\u2019as pas besoin d\u2019aller vite, juste d\u2019avancer."},"content":{"rendered":"\n<p><br>Dans un monde o\u00f9 tout s\u2019acc\u00e9l\u00e8re \u2014 notifications, deadlines, injonctions \u00e0 \u201cperformer\u201d \u2014 on oublie souvent que la progression r\u00e9elle ne se mesure pas en vitesse, mais en continuit\u00e9. Les grandes transformations ne naissent pas d\u2019un sprint, mais d\u2019un pas apr\u00e8s l\u2019autre, r\u00e9p\u00e9t\u00e9 sans miroir ni applaudissements.<\/p>\n\n\n\n<p>Aller vite fatigue. Avancer, m\u00eame lentement, construit.<br>C\u2019est le mouvement r\u00e9gulier qui cr\u00e9e l\u2019\u00e9lan, pas l&rsquo;intensit\u00e9 ponctuelle.<br>Le rythme serein, c\u2019est la r\u00e9volution silencieuse : une mani\u00e8re de reprendre la main sur son temps, son \u00e9nergie, et ses priorit\u00e9s.<\/p>\n\n\n\n<p>Tu n\u2019as pas besoin d\u2019impressionner.<br>Tu as juste besoin d\u2019exister, d\u2019\u00e9voluer, d\u2019apprendre, de recommencer.<br>Chaque pas compte. M\u00eame celui que personne ne voit.<\/p>\n\n\n\n<hr class=\"wp-block-separator has-alpha-channel-opacity\"\/>\n\n\n\n<h2 class=\"wp-block-heading has-pale-cyan-blue-background-color has-background\">\u26a1<strong>M\u00e9thode Express : \u201cLe Pas de Plus\u201d<\/strong><\/h2>\n\n\n\n<p>Une m\u00e9thode simple pour avancer sans pression.<\/p>\n\n\n\n<p><strong>1. Choisis un micro-objectif (2 minutes max).<\/strong><br>Exemples : ranger 3 objets, envoyer un seul message, \u00e9crire une phrase.<\/p>\n\n\n\n<p><strong>2. Fais-le SANS n\u00e9gocier.<\/strong><br>Pas de d\u00e9bat interne : juste 2 minutes \u2192 action directe.<\/p>\n\n\n\n<p><strong>3. C\u00e9l\u00e8bre discr\u00e8tement.<\/strong><br>Un \u201cc\u2019est fait\u201d suffit. Pas de perfection, juste du mouvement.<\/p>\n\n\n\n<p><strong>4. Recommence demain.<\/strong><br>M\u00eame micro-pas. Ou un autre.<br>Ce qui compte : la r\u00e9gularit\u00e9, pas l\u2019intensit\u00e9.<\/p>\n\n\n\n<blockquote class=\"wp-block-quote is-layout-flow wp-block-quote-is-layout-flow\">\n<p>Le secret ? 2 minutes qui changent ton rythme, sans te br\u00fbler.<\/p>\n<\/blockquote>\n\n\n\n<ul class=\"wp-block-list\">\n<li><strong><em><a href=\"https:\/\/guidosaverio.com\/\">Guido SAVERIO<\/a><\/em><\/strong><\/li>\n\n\n\n<li><strong><a href=\"https:\/\/guidosaverio.com\/qui-suis-je\/\">Qui suis-je<\/a><\/strong><\/li>\n<\/ul>\n","protected":false},"excerpt":{"rendered":"<p>Dans un monde o\u00f9 tout s\u2019acc\u00e9l\u00e8re \u2014 notifications, deadlines, injonctions \u00e0 \u201cperformer\u201d \u2014 on oublie souvent que la progression r\u00e9elle ne se mesure pas en vitesse, mais en continuit\u00e9. Les grandes transformations ne naissent pas d\u2019un sprint, mais d\u2019un pas&#8230; <a href=\"https:\/\/clubvivremieux.com\/index.php\/tu-nas-pas-besoin-daller-vite-juste-davancer\/\" class=\"readmore\">Read more<span class=\"screen-reader-text\">Tu n\u2019as pas besoin d\u2019aller vite, juste d\u2019avancer.<\/span><span class=\"fa fa-angle-double-right\" aria-hidden=\"true\"><\/span><\/a><\/p>\n","protected":false},"author":1,"featured_media":0,"parent":0,"menu_order":0,"comment_status":"closed","ping_status":"closed","template":"","meta":{"footnotes":""},"class_list":["post-712","page","type-page","status-publish","hentry"],"_links":{"self":[{"href":"https:\/\/clubvivremieux.com\/index.php\/wp-json\/wp\/v2\/pages\/712","targetHints":{"allow":["GET"]}}],"collection":[{"href":"https:\/\/clubvivremieux.com\/index.php\/wp-json\/wp\/v2\/pages"}],"about":[{"href":"https:\/\/clubvivremieux.com\/index.php\/wp-json\/wp\/v2\/types\/page"}],"author":[{"embeddable":true,"href":"https:\/\/clubvivremieux.com\/index.php\/wp-json\/wp\/v2\/users\/1"}],"replies":[{"embeddable":true,"href":"https:\/\/clubvivremieux.com\/index.php\/wp-json\/wp\/v2\/comments?post=712"}],"version-history":[{"count":1,"href":"https:\/\/clubvivremieux.com\/index.php\/wp-json\/wp\/v2\/pages\/712\/revisions"}],"predecessor-version":[{"id":713,"href":"https:\/\/clubvivremieux.com\/index.php\/wp-json\/wp\/v2\/pages\/712\/revisions\/713"}],"wp:attachment":[{"href":"https:\/\/clubvivremieux.com\/index.php\/wp-json\/wp\/v2\/media?parent=712"}],"curies":[{"name":"wp","href":"https:\/\/api.w.org\/{rel}","templated":true}]}}