{"id":698,"date":"2025-11-17T13:08:21","date_gmt":"2025-11-17T13:08:21","guid":{"rendered":"https:\/\/clubvivremieux.com\/?page_id=698"},"modified":"2025-11-17T13:08:21","modified_gmt":"2025-11-17T13:08:21","slug":"te-sentir-seul-ne-veut-pas-dire-que-tu-es-isole","status":"publish","type":"page","link":"https:\/\/clubvivremieux.com\/index.php\/te-sentir-seul-ne-veut-pas-dire-que-tu-es-isole\/","title":{"rendered":"Te sentir seul ne veut pas dire que tu es isol\u00e9"},"content":{"rendered":"\n<p><\/p>\n\n\n\n<p>La solitude n\u2019est pas un jugement sur ta vie sociale, c\u2019est juste un \u00e9tat, souvent passager. M\u00eame entour\u00e9, on peut se sentir d\u00e9connect\u00e9. Et inversement, \u00eatre seul ne veut pas dire \u00eatre isol\u00e9.<\/p>\n\n\n\n<p>La cl\u00e9 ? Repenser la solitude comme un moment pour soi, un espace pour se recentrer, r\u00e9fl\u00e9chir, ou simplement respirer. La solitude devient alors une alli\u00e9e, pas une ennemie.<\/p>\n\n\n\n<hr class=\"wp-block-separator has-alpha-channel-opacity\"\/>\n\n\n\n<h3 class=\"wp-block-heading has-pale-cyan-blue-background-color has-background\"><strong>M\u00e9thode express pour transformer la solitude<\/strong><\/h3>\n\n\n\n<p><strong>1. Note 3 choses qui te font du bien aujourd\u2019hui<\/strong> \u2013 m\u00eame petites.<br><strong>2. Envoie un message \u00e0 une personne que tu appr\u00e9cies<\/strong> \u2013 pas besoin d\u2019une longue conversation, juste un \u00ab je pense \u00e0 toi \u00bb.<br><strong>3. Bouge 10 minutes<\/strong> \u2013 une marche, \u00e9tirements, danse\u2026 le corps reconnecte l\u2019esprit.<\/p>\n\n\n\n<p>R\u00e9sultat : en 15 minutes, tu transformes un sentiment de solitude en moment positif et actif.<\/p>\n\n\n\n<ul class=\"wp-block-list\">\n<li><strong><em><a href=\"https:\/\/guidosaverio.com\/\">Guido SAVERIO<\/a><\/em><\/strong><\/li>\n\n\n\n<li><strong><a href=\"https:\/\/guidosaverio.com\/qui-suis-je\/\">Qui suis-je<\/a><\/strong><\/li>\n<\/ul>\n","protected":false},"excerpt":{"rendered":"<p>La solitude n\u2019est pas un jugement sur ta vie sociale, c\u2019est juste un \u00e9tat, souvent passager. M\u00eame entour\u00e9, on peut se sentir d\u00e9connect\u00e9. Et inversement, \u00eatre seul ne veut pas dire \u00eatre isol\u00e9. La cl\u00e9 ? Repenser la solitude comme&#8230; <a href=\"https:\/\/clubvivremieux.com\/index.php\/te-sentir-seul-ne-veut-pas-dire-que-tu-es-isole\/\" class=\"readmore\">Read more<span class=\"screen-reader-text\">Te sentir seul ne veut pas dire que tu es isol\u00e9<\/span><span class=\"fa fa-angle-double-right\" aria-hidden=\"true\"><\/span><\/a><\/p>\n","protected":false},"author":1,"featured_media":0,"parent":0,"menu_order":0,"comment_status":"closed","ping_status":"closed","template":"","meta":{"footnotes":""},"class_list":["post-698","page","type-page","status-publish","hentry"],"_links":{"self":[{"href":"https:\/\/clubvivremieux.com\/index.php\/wp-json\/wp\/v2\/pages\/698","targetHints":{"allow":["GET"]}}],"collection":[{"href":"https:\/\/clubvivremieux.com\/index.php\/wp-json\/wp\/v2\/pages"}],"about":[{"href":"https:\/\/clubvivremieux.com\/index.php\/wp-json\/wp\/v2\/types\/page"}],"author":[{"embeddable":true,"href":"https:\/\/clubvivremieux.com\/index.php\/wp-json\/wp\/v2\/users\/1"}],"replies":[{"embeddable":true,"href":"https:\/\/clubvivremieux.com\/index.php\/wp-json\/wp\/v2\/comments?post=698"}],"version-history":[{"count":1,"href":"https:\/\/clubvivremieux.com\/index.php\/wp-json\/wp\/v2\/pages\/698\/revisions"}],"predecessor-version":[{"id":699,"href":"https:\/\/clubvivremieux.com\/index.php\/wp-json\/wp\/v2\/pages\/698\/revisions\/699"}],"wp:attachment":[{"href":"https:\/\/clubvivremieux.com\/index.php\/wp-json\/wp\/v2\/media?parent=698"}],"curies":[{"name":"wp","href":"https:\/\/api.w.org\/{rel}","templated":true}]}}