{"id":641,"date":"2025-11-16T16:39:43","date_gmt":"2025-11-16T16:39:43","guid":{"rendered":"https:\/\/clubvivremieux.com\/?page_id=641"},"modified":"2025-11-16T16:39:43","modified_gmt":"2025-11-16T16:39:43","slug":"trop-reflechir-tue-le-moment-present","status":"publish","type":"page","link":"https:\/\/clubvivremieux.com\/index.php\/trop-reflechir-tue-le-moment-present\/","title":{"rendered":"\u00ab Trop r\u00e9fl\u00e9chir tue le moment pr\u00e9sent. \u00bb"},"content":{"rendered":"\n<p><br>Dans un monde o\u00f9 chaque seconde est sur-analys\u00e9e, \u00e9valu\u00e9e, mesur\u00e9e, on finit par oublier de vivre ce qui se passe\u2026 maintenant.<br>On passe nos journ\u00e9es \u00e0 projeter, anticiper, douter \u2014 au point de ne plus voir ce qui est juste sous nos yeux. Le probl\u00e8me ? Pendant qu\u2019on r\u00e9fl\u00e9chit \u00e0 la meilleure fa\u00e7on de vivre, on ne vit plus.<\/p>\n\n\n\n<p>Le pr\u00e9sent n&rsquo;est pas une option spirituelle : c\u2019est un lieu d\u2019action, d\u2019\u00e9motion, d\u2019exp\u00e9rience. C\u2019est l\u2019endroit o\u00f9 la vie se passe r\u00e9ellement.<br>R\u00e9fl\u00e9chir est utile, mais <em>trop r\u00e9fl\u00e9chir<\/em> devient une cage mentale : on observe la vie au lieu de la traverser.<\/p>\n\n\n\n<p>La cl\u00e9 moderne n\u2019est plus de \u201cl\u00e2cher prise\u201d fa\u00e7on clich\u00e9, mais de <strong>r\u00e9apprendre la simplicit\u00e9<\/strong> : une respiration, une sensation, une action concr\u00e8te.<br>Le monde n\u2019a pas besoin qu\u2019on soit parfait, juste qu\u2019on soit <em>l\u00e0<\/em>.<\/p>\n\n\n\n<p>Alors oui : <strong>vis l\u2019instant.<\/strong> C\u2019est la seule \u00e9chelle de temps qui ne ment pas.<\/p>\n\n\n\n<hr class=\"wp-block-separator has-alpha-channel-opacity\"\/>\n\n\n\n<h2 class=\"wp-block-heading has-pale-cyan-blue-background-color has-background\">\u26a1 <strong>M\u00e9thode express (simple, concr\u00e8te, 30 secondes)<\/strong><\/h2>\n\n\n\n<p><strong>\u00ab STOP \/ SENS \/ FAIS \u00bb<\/strong><\/p>\n\n\n\n<ol class=\"wp-block-list\">\n<li><strong>STOP<\/strong> \u2014 Arr\u00eate la machine mentale.<br>Pose ton t\u00e9l\u00e9phone, baisse les \u00e9paules, arr\u00eate la projection.<\/li>\n\n\n\n<li><strong>SENS<\/strong> \u2014 Reviens dans ton corps.<br>Une respiration profonde.<br>Une sensation : pieds au sol, air sur la peau, un son proche.<\/li>\n\n\n\n<li><strong>FAIS<\/strong> \u2014 Passe \u00e0 une micro-action.<br>Une phrase, un geste, une d\u00e9cision petite mais r\u00e9elle.<br>L\u2019action casse le trop-penser.<\/li>\n<\/ol>\n\n\n\n<p>En 30 secondes, tu sors de la t\u00eate et tu rentres dans la vie.<\/p>\n\n\n\n<ul class=\"wp-block-list\">\n<li><strong><em><a href=\"https:\/\/guidosaverio.com\/\">Guido SAVERIO<\/a><\/em><\/strong><\/li>\n\n\n\n<li><strong><a href=\"https:\/\/guidosaverio.com\/qui-suis-je\/\">Qui suis-je<\/a><\/strong><\/li>\n<\/ul>\n\n\n\n<p><\/p>\n","protected":false},"excerpt":{"rendered":"<p>Dans un monde o\u00f9 chaque seconde est sur-analys\u00e9e, \u00e9valu\u00e9e, mesur\u00e9e, on finit par oublier de vivre ce qui se passe\u2026 maintenant.On passe nos journ\u00e9es \u00e0 projeter, anticiper, douter \u2014 au point de ne plus voir ce qui est juste sous&#8230; <a href=\"https:\/\/clubvivremieux.com\/index.php\/trop-reflechir-tue-le-moment-present\/\" class=\"readmore\">Read more<span class=\"screen-reader-text\">\u00ab Trop r\u00e9fl\u00e9chir tue le moment pr\u00e9sent. \u00bb<\/span><span class=\"fa fa-angle-double-right\" aria-hidden=\"true\"><\/span><\/a><\/p>\n","protected":false},"author":1,"featured_media":0,"parent":0,"menu_order":0,"comment_status":"closed","ping_status":"closed","template":"","meta":{"footnotes":""},"class_list":["post-641","page","type-page","status-publish","hentry"],"_links":{"self":[{"href":"https:\/\/clubvivremieux.com\/index.php\/wp-json\/wp\/v2\/pages\/641","targetHints":{"allow":["GET"]}}],"collection":[{"href":"https:\/\/clubvivremieux.com\/index.php\/wp-json\/wp\/v2\/pages"}],"about":[{"href":"https:\/\/clubvivremieux.com\/index.php\/wp-json\/wp\/v2\/types\/page"}],"author":[{"embeddable":true,"href":"https:\/\/clubvivremieux.com\/index.php\/wp-json\/wp\/v2\/users\/1"}],"replies":[{"embeddable":true,"href":"https:\/\/clubvivremieux.com\/index.php\/wp-json\/wp\/v2\/comments?post=641"}],"version-history":[{"count":1,"href":"https:\/\/clubvivremieux.com\/index.php\/wp-json\/wp\/v2\/pages\/641\/revisions"}],"predecessor-version":[{"id":642,"href":"https:\/\/clubvivremieux.com\/index.php\/wp-json\/wp\/v2\/pages\/641\/revisions\/642"}],"wp:attachment":[{"href":"https:\/\/clubvivremieux.com\/index.php\/wp-json\/wp\/v2\/media?parent=641"}],"curies":[{"name":"wp","href":"https:\/\/api.w.org\/{rel}","templated":true}]}}