{"id":638,"date":"2025-11-16T16:30:52","date_gmt":"2025-11-16T16:30:52","guid":{"rendered":"https:\/\/clubvivremieux.com\/?page_id=638"},"modified":"2025-11-16T23:26:09","modified_gmt":"2025-11-16T23:26:09","slug":"chaque-seconde-que-tu-gaspilles-est-une-seconde-que-tu-ne-recupereras-jamais","status":"publish","type":"page","link":"https:\/\/clubvivremieux.com\/index.php\/chaque-seconde-que-tu-gaspilles-est-une-seconde-que-tu-ne-recupereras-jamais\/","title":{"rendered":"\u00ab Chaque seconde que tu gaspilles est une seconde que tu ne r\u00e9cup\u00e9reras jamais. \u00bb"},"content":{"rendered":"\n<p><br>Le temps n\u2019est pas seulement pr\u00e9cieux : c\u2019est la seule ressource qui fuit sans qu\u2019on puisse la stocker, la rattraper ou la n\u00e9gocier.<\/p>\n\n\n\n<p>Dans un monde satur\u00e9 de notifications, de deadlines et de faux objectifs, la vraie richesse n\u2019est plus l\u2019argent, ni m\u00eame l\u2019information : <strong>c\u2019est ton attention<\/strong>. Et chaque seconde perdue dans le bruit t\u2019\u00e9loigne un peu plus de ce que tu veux vraiment construire.<\/p>\n\n\n\n<p>La v\u00e9rit\u00e9, brutale mais lib\u00e9ratrice :<br>\u27a1\ufe0f <strong>Tu n\u2019as pas besoin de plus de temps. Tu as besoin de moins de dispersion.<\/strong><\/p>\n\n\n\n<p>Le temps, tu ne le retrouves pas.<br>Mais tu peux d\u00e9cider, maintenant, de lui rendre sa valeur.<\/p>\n\n\n\n<hr class=\"wp-block-separator has-alpha-channel-opacity\"\/>\n\n\n\n<h2 class=\"wp-block-heading has-pale-cyan-blue-background-color has-background\"><strong>M\u00e9thode express (concr\u00e8te, simple, actionable)<\/strong><\/h2>\n\n\n\n<h3 class=\"wp-block-heading\"><strong>La M\u00e9thode 3\u00d73\u00d73 \u2014 9 minutes pour reprendre le contr\u00f4le<\/strong><\/h3>\n\n\n\n<p><strong>1\ufe0f\u20e3 3 choses essentielles<\/strong><br>Note les <strong>3 actions<\/strong> les plus importantes de ta journ\u00e9e (pas plus).<\/p>\n\n\n\n<p><strong>2\ufe0f\u20e3 3 blocs de 3 minutes<\/strong><br>Consacre <strong>exactement 3 minutes<\/strong> \u00e0 chacune d\u2019elles :<br>\u2192 3 minutes pour commencer<br>\u2192 3 minutes pour clarifier<br>\u2192 3 minutes pour lancer<\/p>\n\n\n\n<p><strong>Pourquoi \u00e7a marche ?<\/strong><br>Parce que d\u00e9marrer = 80 % du travail.<br>Tu brises l\u2019inertie \u2192 tu entres en mouvement \u2192 tu continues naturellement.<\/p>\n\n\n\n<p><strong>3\ufe0f\u20e3 Une r\u00e8gle d\u2019or : z\u00e9ro distraction<\/strong><br>Pendant ces 9 minutes :<\/p>\n\n\n\n<ul class=\"wp-block-list\">\n<li>Mode \u00ab Ne pas d\u00e9ranger \u00bb<\/li>\n\n\n\n<li>Pas de multit\u00e2che<\/li>\n\n\n\n<li>Pas de r\u00e9seaux<br>Tu t\u2019offres un espace pur, minuscule mais d\u00e9cisif.<\/li>\n<\/ul>\n\n\n\n<p>En 9 minutes, tu transformes une journ\u00e9e diffuse en journ\u00e9e dirig\u00e9e.<\/p>\n\n\n\n<ul class=\"wp-block-list\">\n<li><strong><em><a href=\"https:\/\/guidosaverio.com\/\">Guido SAVERIO<\/a><\/em><\/strong><\/li>\n\n\n\n<li><strong><a href=\"https:\/\/guidosaverio.com\/qui-suis-je\/\">Qui suis-je<\/a><\/strong><\/li>\n<\/ul>\n\n\n\n<p><\/p>\n","protected":false},"excerpt":{"rendered":"<p>Le temps n\u2019est pas seulement pr\u00e9cieux : c\u2019est la seule ressource qui fuit sans qu\u2019on puisse la stocker, la rattraper ou la n\u00e9gocier. Dans un monde satur\u00e9 de notifications, de deadlines et de faux objectifs, la vraie richesse n\u2019est plus&#8230; <a href=\"https:\/\/clubvivremieux.com\/index.php\/chaque-seconde-que-tu-gaspilles-est-une-seconde-que-tu-ne-recupereras-jamais\/\" class=\"readmore\">Read more<span class=\"screen-reader-text\">\u00ab Chaque seconde que tu gaspilles est une seconde que tu ne r\u00e9cup\u00e9reras jamais. \u00bb<\/span><span class=\"fa fa-angle-double-right\" aria-hidden=\"true\"><\/span><\/a><\/p>\n","protected":false},"author":1,"featured_media":0,"parent":0,"menu_order":0,"comment_status":"closed","ping_status":"closed","template":"","meta":{"footnotes":""},"class_list":["post-638","page","type-page","status-publish","hentry"],"_links":{"self":[{"href":"https:\/\/clubvivremieux.com\/index.php\/wp-json\/wp\/v2\/pages\/638","targetHints":{"allow":["GET"]}}],"collection":[{"href":"https:\/\/clubvivremieux.com\/index.php\/wp-json\/wp\/v2\/pages"}],"about":[{"href":"https:\/\/clubvivremieux.com\/index.php\/wp-json\/wp\/v2\/types\/page"}],"author":[{"embeddable":true,"href":"https:\/\/clubvivremieux.com\/index.php\/wp-json\/wp\/v2\/users\/1"}],"replies":[{"embeddable":true,"href":"https:\/\/clubvivremieux.com\/index.php\/wp-json\/wp\/v2\/comments?post=638"}],"version-history":[{"count":1,"href":"https:\/\/clubvivremieux.com\/index.php\/wp-json\/wp\/v2\/pages\/638\/revisions"}],"predecessor-version":[{"id":639,"href":"https:\/\/clubvivremieux.com\/index.php\/wp-json\/wp\/v2\/pages\/638\/revisions\/639"}],"wp:attachment":[{"href":"https:\/\/clubvivremieux.com\/index.php\/wp-json\/wp\/v2\/media?parent=638"}],"curies":[{"name":"wp","href":"https:\/\/api.w.org\/{rel}","templated":true}]}}