{"id":635,"date":"2025-11-16T16:24:03","date_gmt":"2025-11-16T16:24:03","guid":{"rendered":"https:\/\/clubvivremieux.com\/?page_id=635"},"modified":"2025-11-16T16:24:04","modified_gmt":"2025-11-16T16:24:04","slug":"plus-tu-cherches-le-bonheur-moins-tu-le-trouves","status":"publish","type":"page","link":"https:\/\/clubvivremieux.com\/index.php\/plus-tu-cherches-le-bonheur-moins-tu-le-trouves\/","title":{"rendered":"\u00ab Plus tu cherches le bonheur, moins tu le trouves\u2026 \u00bb"},"content":{"rendered":"\n<p><br>Cette phrase sonne comme un paradoxe, mais elle d\u00e9crit parfaitement notre \u00e9poque. On traque le bonheur comme un troph\u00e9e : podcasts, routines miracles, voyages \u201cqui changent tout\u201d, d\u00e9veloppement personnel \u00e0 la cha\u00eene\u2026 Et pourtant, beaucoup ont cette sensation \u00e9trange : plus on court apr\u00e8s \u201cla vie id\u00e9ale\u201d, plus elle s\u2019\u00e9loigne.<\/p>\n\n\n\n<p>Le probl\u00e8me ?<br><strong>On confond bonheur et contr\u00f4le.<\/strong><br>On pense qu\u2019il faut optimiser, planifier, mesurer, am\u00e9liorer. Mais le bonheur n\u2019aime pas la pression : il appara\u00eet quand on cesse de vouloir le forcer. Il se glisse dans les interstices de la vie r\u00e9elle \u2013 pas dans la qu\u00eate de la version 2.0 de nous-m\u00eames.<\/p>\n\n\n\n<p>Le vrai shift, aujourd\u2019hui, c\u2019est d\u2019apprendre <em>non pas \u00e0 vouloir plus<\/em>, mais \u00e0 <em>laisser plus<\/em>.<br>Moins de lutte, plus de pr\u00e9sence.<br>Moins d\u2019injonctions, plus de respiration.<\/p>\n\n\n\n<p>Parce qu\u2019au fond, le bonheur n\u2019est pas une cible :<br><strong>c\u2019est un espace int\u00e9rieur qu\u2019on lib\u00e8re quand on arr\u00eate de se courir apr\u00e8s.<\/strong><\/p>\n\n\n\n<hr class=\"wp-block-separator has-alpha-channel-opacity\"\/>\n\n\n\n<h2 class=\"wp-block-heading has-pale-cyan-blue-background-color has-background\">\u26a1 <strong>M\u00c9THODE EXPRESS : \u201cLE RESET EN 3 MINUTES\u201d<\/strong><\/h2>\n\n\n\n<p>Une m\u00e9thode ultra-simple pour arr\u00eater de chercher le bonheur\u2026 et le laisser venir.<\/p>\n\n\n\n<p><strong>1. STOP \u2013 30 secondes<\/strong><br>Arr\u00eate tout. Respiration, notifications, r\u00e9flexion.<br>Juste un vide volontaire.<\/p>\n\n\n\n<p><strong>2. SCAN \u2013 1 minute<\/strong><br>Observe :<\/p>\n\n\n\n<ul class=\"wp-block-list\">\n<li>o\u00f9 sont tes \u00e9paules ?<\/li>\n\n\n\n<li>comment tu respires ?<\/li>\n\n\n\n<li>qu\u2019est-ce qui te stresse <em>maintenant<\/em> ?<br>Pas d\u2019analyse. Juste un \u00e9tat des lieux.<\/li>\n<\/ul>\n\n\n\n<p><strong>3. SHIFT \u2013 90 secondes<\/strong><br>Fais un mini-d\u00e9placement vers le \u201cmieux\u201d, pas vers le \u201cparfait\u201d :<\/p>\n\n\n\n<ul class=\"wp-block-list\">\n<li>\u00e9tire-toi,<\/li>\n\n\n\n<li>bois de l\u2019eau,<\/li>\n\n\n\n<li>ouvre une fen\u00eatre,<\/li>\n\n\n\n<li>fais un geste lent et conscient.<\/li>\n<\/ul>\n\n\n\n<p>Un micro-changement \u2192 un micro-bien-\u00eatre \u2192 un espace o\u00f9 le bonheur peut respirer.<\/p>\n\n\n\n<p><strong>R\u00e9p\u00e9ter 3 fois dans la journ\u00e9e.<\/strong><br>Simple, imm\u00e9diat, efficace.<\/p>\n\n\n\n<ul class=\"wp-block-list\">\n<li><strong><em><a href=\"https:\/\/guidosaverio.com\/\">Guido SAVERIO<\/a><\/em><\/strong><\/li>\n\n\n\n<li><strong><a href=\"https:\/\/guidosaverio.com\/qui-suis-je\/\">Qui suis-je<\/a><\/strong><\/li>\n<\/ul>\n\n\n\n<p><\/p>\n","protected":false},"excerpt":{"rendered":"<p>Cette phrase sonne comme un paradoxe, mais elle d\u00e9crit parfaitement notre \u00e9poque. On traque le bonheur comme un troph\u00e9e : podcasts, routines miracles, voyages \u201cqui changent tout\u201d, d\u00e9veloppement personnel \u00e0 la cha\u00eene\u2026 Et pourtant, beaucoup ont cette sensation \u00e9trange :&#8230; <a href=\"https:\/\/clubvivremieux.com\/index.php\/plus-tu-cherches-le-bonheur-moins-tu-le-trouves\/\" class=\"readmore\">Read more<span class=\"screen-reader-text\">\u00ab Plus tu cherches le bonheur, moins tu le trouves\u2026 \u00bb<\/span><span class=\"fa fa-angle-double-right\" aria-hidden=\"true\"><\/span><\/a><\/p>\n","protected":false},"author":1,"featured_media":0,"parent":0,"menu_order":0,"comment_status":"closed","ping_status":"closed","template":"","meta":{"footnotes":""},"class_list":["post-635","page","type-page","status-publish","hentry"],"_links":{"self":[{"href":"https:\/\/clubvivremieux.com\/index.php\/wp-json\/wp\/v2\/pages\/635","targetHints":{"allow":["GET"]}}],"collection":[{"href":"https:\/\/clubvivremieux.com\/index.php\/wp-json\/wp\/v2\/pages"}],"about":[{"href":"https:\/\/clubvivremieux.com\/index.php\/wp-json\/wp\/v2\/types\/page"}],"author":[{"embeddable":true,"href":"https:\/\/clubvivremieux.com\/index.php\/wp-json\/wp\/v2\/users\/1"}],"replies":[{"embeddable":true,"href":"https:\/\/clubvivremieux.com\/index.php\/wp-json\/wp\/v2\/comments?post=635"}],"version-history":[{"count":1,"href":"https:\/\/clubvivremieux.com\/index.php\/wp-json\/wp\/v2\/pages\/635\/revisions"}],"predecessor-version":[{"id":636,"href":"https:\/\/clubvivremieux.com\/index.php\/wp-json\/wp\/v2\/pages\/635\/revisions\/636"}],"wp:attachment":[{"href":"https:\/\/clubvivremieux.com\/index.php\/wp-json\/wp\/v2\/media?parent=635"}],"curies":[{"name":"wp","href":"https:\/\/api.w.org\/{rel}","templated":true}]}}