{"id":601,"date":"2025-11-16T14:31:31","date_gmt":"2025-11-16T14:31:31","guid":{"rendered":"https:\/\/clubvivremieux.com\/?page_id=601"},"modified":"2025-11-16T14:31:32","modified_gmt":"2025-11-16T14:31:32","slug":"ton-esprit-est-ton-premier-capital","status":"publish","type":"page","link":"https:\/\/clubvivremieux.com\/index.php\/ton-esprit-est-ton-premier-capital\/","title":{"rendered":"Ton esprit est ton premier capital"},"content":{"rendered":"\n<p>Tout ce que tu investis dans ta t\u00eate revient \u00e0 la surface dans ta vie. Pens\u00e9es, lectures, conversations, habitudes : chaque micro-d\u00e9cision mentale est un d\u00e9p\u00f4t sur ton compte \u201cr\u00e9ussite personnelle\u201d.<\/p>\n\n\n\n<p>Le probl\u00e8me ? On laisse souvent notre esprit en mode \u201cpilotage automatique\u201d, expos\u00e9 \u00e0 des distractions inutiles, des doutes et des peurs. R\u00e9sultat : on se plaint de nos r\u00e9sultats\u2026 alors qu\u2019on n\u2019a jamais vraiment investi dans notre capital mental.<\/p>\n\n\n\n<p>\ud83d\udca1 La cl\u00e9 : traiter ton esprit comme un actif. Nourris-le, prot\u00e8ge-le, et choisis o\u00f9 tu mets ton attention. Le rendement est garanti.<\/p>\n\n\n\n<hr class=\"wp-block-separator has-alpha-channel-opacity\"\/>\n\n\n\n<h3 class=\"wp-block-heading has-pale-cyan-blue-background-color has-background\"><strong>M\u00e9thode express \u2013 3 minutes pour booster ton capital mental<\/strong><\/h3>\n\n\n\n<ol class=\"wp-block-list\">\n<li><strong>Filtre ton flux<\/strong> (1 min) : arr\u00eate de scroller ce qui ne t\u2019apporte rien. Choisis une info, un podcast ou un article utile.<\/li>\n\n\n\n<li><strong>Mini-affirmation<\/strong> (1 min) : \u00e9cris ou dis \u00e0 voix haute une phrase positive li\u00e9e \u00e0 ton objectif. Exemple : \u201cJe choisis ce qui me fait avancer.\u201d<\/li>\n\n\n\n<li><strong>Micro-action<\/strong> (1 min) : fais un petit geste concret qui nourrit ton objectif \u2013 lire un paragraphe, noter une id\u00e9e, envoyer un message cl\u00e9.<\/li>\n<\/ol>\n\n\n\n<p>R\u00e9sultat : 3 minutes pour un esprit plus clair et un capital mental plus solide. \u00c0 r\u00e9p\u00e9ter quotidiennement.<\/p>\n\n\n\n<ul class=\"wp-block-list\">\n<li><strong><em><a href=\"https:\/\/guidosaverio.com\/\">Guido SAVERIO<\/a><\/em><\/strong><\/li>\n\n\n\n<li><strong><a href=\"https:\/\/guidosaverio.com\/qui-suis-je\/\">Qui suis-je<\/a><\/strong><\/li>\n<\/ul>\n","protected":false},"excerpt":{"rendered":"<p>Tout ce que tu investis dans ta t\u00eate revient \u00e0 la surface dans ta vie. Pens\u00e9es, lectures, conversations, habitudes : chaque micro-d\u00e9cision mentale est un d\u00e9p\u00f4t sur ton compte \u201cr\u00e9ussite personnelle\u201d. Le probl\u00e8me ? On laisse souvent notre esprit en&#8230; <a href=\"https:\/\/clubvivremieux.com\/index.php\/ton-esprit-est-ton-premier-capital\/\" class=\"readmore\">Read more<span class=\"screen-reader-text\">Ton esprit est ton premier capital<\/span><span class=\"fa fa-angle-double-right\" aria-hidden=\"true\"><\/span><\/a><\/p>\n","protected":false},"author":1,"featured_media":0,"parent":0,"menu_order":0,"comment_status":"closed","ping_status":"closed","template":"","meta":{"footnotes":""},"class_list":["post-601","page","type-page","status-publish","hentry"],"_links":{"self":[{"href":"https:\/\/clubvivremieux.com\/index.php\/wp-json\/wp\/v2\/pages\/601","targetHints":{"allow":["GET"]}}],"collection":[{"href":"https:\/\/clubvivremieux.com\/index.php\/wp-json\/wp\/v2\/pages"}],"about":[{"href":"https:\/\/clubvivremieux.com\/index.php\/wp-json\/wp\/v2\/types\/page"}],"author":[{"embeddable":true,"href":"https:\/\/clubvivremieux.com\/index.php\/wp-json\/wp\/v2\/users\/1"}],"replies":[{"embeddable":true,"href":"https:\/\/clubvivremieux.com\/index.php\/wp-json\/wp\/v2\/comments?post=601"}],"version-history":[{"count":1,"href":"https:\/\/clubvivremieux.com\/index.php\/wp-json\/wp\/v2\/pages\/601\/revisions"}],"predecessor-version":[{"id":602,"href":"https:\/\/clubvivremieux.com\/index.php\/wp-json\/wp\/v2\/pages\/601\/revisions\/602"}],"wp:attachment":[{"href":"https:\/\/clubvivremieux.com\/index.php\/wp-json\/wp\/v2\/media?parent=601"}],"curies":[{"name":"wp","href":"https:\/\/api.w.org\/{rel}","templated":true}]}}