{"id":590,"date":"2025-11-16T14:10:21","date_gmt":"2025-11-16T14:10:21","guid":{"rendered":"https:\/\/clubvivremieux.com\/?page_id=590"},"modified":"2025-11-16T14:10:21","modified_gmt":"2025-11-16T14:10:21","slug":"les-pensees-sculptent-ton-futur","status":"publish","type":"page","link":"https:\/\/clubvivremieux.com\/index.php\/les-pensees-sculptent-ton-futur\/","title":{"rendered":"\u201cLes pens\u00e9es sculptent ton futur\u201d"},"content":{"rendered":"\n<p>\ud83d\udca1 <strong>Les pens\u00e9es sculptent ton futur avant que les actions ne le fassent.<\/strong><\/p>\n\n\n\n<p>Tu passes tes journ\u00e9es \u00e0 agir, courir apr\u00e8s tes objectifs, mais as-tu d\u00e9j\u00e0 pens\u00e9 que <strong>tout commence dans ton esprit<\/strong> ? Une id\u00e9e, une conviction, une image mentale : c\u2019est l\u00e0 que na\u00eet ton futur. Avant de lever le petit doigt, ton cerveau a d\u00e9j\u00e0 dessin\u00e9 les contours de ce que tu vas cr\u00e9er.<\/p>\n\n\n\n<p>Les grands r\u00e9sultats viennent de l\u2019int\u00e9rieur. Les pens\u00e9es ne sont pas de simples nuages \u00e9ph\u00e9m\u00e8res : elles sont des <strong>plans invisibles<\/strong> que ton cerveau suit automatiquement. Si tu nourris ton esprit de doute, tu reproduiras l\u2019\u00e9chec. Si tu le remplis de clart\u00e9 et d\u2019audace, tu deviens l\u2019architecte de ta r\u00e9alit\u00e9.<\/p>\n\n\n\n<p>Alors, la prochaine fois que tu veux changer quelque chose dans ta vie, commence par <strong>sculpter ta pens\u00e9e<\/strong>. Tes actions suivront naturellement.<\/p>\n\n\n\n<hr class=\"wp-block-separator has-alpha-channel-opacity\"\/>\n\n\n\n<h2 class=\"wp-block-heading has-pale-cyan-blue-background-color has-background\"><strong>M\u00e9thode express pour sculpter tes pens\u00e9es (3 minutes chrono)<\/strong><\/h2>\n\n\n\n<ol class=\"wp-block-list\">\n<li><strong>Stop &amp; respire<\/strong> (30 secondes) : Ferme les yeux, inspire profond\u00e9ment, et observe ce qui tourne dans ta t\u00eate.<\/li>\n\n\n\n<li><strong>Identifie une pens\u00e9e cl\u00e9<\/strong> (1 minute) : Quelle id\u00e9e, croyance ou peur te freine ou t\u2019inspire ? Choisis celle qui a le plus d\u2019impact.<\/li>\n\n\n\n<li><strong>Remplace &amp; visualise<\/strong> (1 min 30) : Transforme cette pens\u00e9e en version constructive. Visualise-la comme d\u00e9j\u00e0 r\u00e9alis\u00e9e. Sens-la dans ton corps, dans ton \u00e9nergie.<\/li>\n<\/ol>\n\n\n\n<p>\u26a1 R\u00e9sultat : tu viens de reprogrammer ton cerveau pour agir dans la direction de ton futur souhait\u00e9.<\/p>\n\n\n\n<ul class=\"wp-block-list\">\n<li><strong><em><a href=\"https:\/\/guidosaverio.com\/\">Guido SAVERIO<\/a><\/em><\/strong><\/li>\n\n\n\n<li><strong><a href=\"https:\/\/guidosaverio.com\/qui-suis-je\/\">Qui suis-je<\/a><\/strong><\/li>\n<\/ul>\n","protected":false},"excerpt":{"rendered":"<p>\ud83d\udca1 Les pens\u00e9es sculptent ton futur avant que les actions ne le fassent. Tu passes tes journ\u00e9es \u00e0 agir, courir apr\u00e8s tes objectifs, mais as-tu d\u00e9j\u00e0 pens\u00e9 que tout commence dans ton esprit ? Une id\u00e9e, une conviction, une image&#8230; <a href=\"https:\/\/clubvivremieux.com\/index.php\/les-pensees-sculptent-ton-futur\/\" class=\"readmore\">Read more<span class=\"screen-reader-text\">\u201cLes pens\u00e9es sculptent ton futur\u201d<\/span><span class=\"fa fa-angle-double-right\" aria-hidden=\"true\"><\/span><\/a><\/p>\n","protected":false},"author":1,"featured_media":0,"parent":0,"menu_order":0,"comment_status":"closed","ping_status":"closed","template":"","meta":{"footnotes":""},"class_list":["post-590","page","type-page","status-publish","hentry"],"_links":{"self":[{"href":"https:\/\/clubvivremieux.com\/index.php\/wp-json\/wp\/v2\/pages\/590","targetHints":{"allow":["GET"]}}],"collection":[{"href":"https:\/\/clubvivremieux.com\/index.php\/wp-json\/wp\/v2\/pages"}],"about":[{"href":"https:\/\/clubvivremieux.com\/index.php\/wp-json\/wp\/v2\/types\/page"}],"author":[{"embeddable":true,"href":"https:\/\/clubvivremieux.com\/index.php\/wp-json\/wp\/v2\/users\/1"}],"replies":[{"embeddable":true,"href":"https:\/\/clubvivremieux.com\/index.php\/wp-json\/wp\/v2\/comments?post=590"}],"version-history":[{"count":1,"href":"https:\/\/clubvivremieux.com\/index.php\/wp-json\/wp\/v2\/pages\/590\/revisions"}],"predecessor-version":[{"id":591,"href":"https:\/\/clubvivremieux.com\/index.php\/wp-json\/wp\/v2\/pages\/590\/revisions\/591"}],"wp:attachment":[{"href":"https:\/\/clubvivremieux.com\/index.php\/wp-json\/wp\/v2\/media?parent=590"}],"curies":[{"name":"wp","href":"https:\/\/api.w.org\/{rel}","templated":true}]}}