{"id":59,"date":"2023-08-08T13:11:12","date_gmt":"2023-08-08T13:11:12","guid":{"rendered":"https:\/\/clubvivremieux.com\/?page_id=59"},"modified":"2023-08-08T13:11:12","modified_gmt":"2023-08-08T13:11:12","slug":"videos-de-la-chaine","status":"publish","type":"page","link":"https:\/\/clubvivremieux.com\/index.php\/videos-de-la-chaine\/","title":{"rendered":"VIDEOS DE LA CHAINE"},"content":{"rendered":"\n<h2 class=\"wp-block-heading\">VIDEOS GRATUITES<\/h2>\n\n\n\n<ul class=\"wp-block-list\">\n<li><a href=\"https:\/\/www.youtube.com\/watch?v=KkctyTUkwOo\">LE SECRET PUISSANT DES GENS STUPIDES \u2013 le SECRET des GENS STUPIDES<\/a><\/li>\n\n\n\n<li><a href=\"https:\/\/www.youtube.com\/watch?v=T63DTHxVEdE\">TOUT CE QUE VOUS ECRIVEZ se REALISE \u2013 DECOUVREZ COMMENT ! \u2013 LES METHODES A CONNAITRE<\/a><\/li>\n\n\n\n<li><a href=\"https:\/\/www.youtube.com\/watch?v=51sB7laXgjQ\">NE LAISSEZ JAMAIS quelqu\u2019un vous DEVALORISER \u2013 10 STRATEGIES \u2013 pour se PROTEGER de ces personnes<\/a><\/li>\n\n\n\n<li><a href=\"https:\/\/www.youtube.com\/watch?v=oiLdCCsl-QU&amp;t=683s\">LA PUISSANCE de la CONFIANCE en SOI \u2013 le SECRET \u2013 CLE POUR REALISER VOS REVES<\/a><\/li>\n\n\n\n<li><a href=\"https:\/\/www.youtube.com\/watch?v=JIM6qPIAYM0\">LES CROYANCES LIMITANTES \u2013 les BRISER et atteindre vos REVES \u2013 LA METHODE EPROUVEE<\/a><\/li>\n\n\n\n<li><a href=\"https:\/\/www.youtube.com\/watch?v=__JlQJHWyOQ&amp;t=6s\">BOOSTER votre recherche d\u2019EMPLOI \u2013 LES SECRETS pour attirer les meilleures opportunit\u00e9s<\/a><\/li>\n\n\n\n<li><a href=\"https:\/\/www.youtube.com\/watch?v=Ak2jQRwyfB8&amp;t=100s\">LES PENSEES NEGATIVES affectent notre CHIMIE INTERIEUR -Le pouvoir des \u00e9motions sur notre chimie<\/a><\/li>\n\n\n\n<li><a href=\"https:\/\/www.youtube.com\/watch?v=cy0QELiMrbk\">DEVENIR ZEN en 5 MINUTES PAR JOUR \u2013 Devenir zen en 5 minutes par jour la solution pour une vie zen<\/a><\/li>\n\n\n\n<li><a href=\"https:\/\/www.youtube.com\/watch?v=KNNO0dZjhtA&amp;t=2s\">LA PUISSANCE DE L\u2019ESTIME DE SOI \u2013 La CLE du SUCCES \u2013 conseils pratiques<\/a><\/li>\n\n\n\n<li><a href=\"https:\/\/www.youtube.com\/watch?v=bo8pq38vDzY&amp;t=59s\">LA SOLITUDE \u2013 La VAINCRE \u2013 Des CLES pour s\u2019en SORTIR \u2013 ASTUCES pour s\u2019en lib\u00e9rer<\/a><\/li>\n\n\n\n<li><a href=\"https:\/\/www.youtube.com\/watch?v=KUX4FVewwPE&amp;t=25s\">CALMER LE MENTAL \u2013 Une METHODE qui MARCHE \u2013 SOLUTIONS RAPIDES<\/a><\/li>\n\n\n\n<li><a href=\"https:\/\/www.youtube.com\/watch?v=P3RwVPdLdfQ\">GESTION de la VIE FAMILIALE \u2013 ASTUCES pour une VIE FAMILIALE \u00e9panouissante<\/a><\/li>\n\n\n\n<li><a href=\"https:\/\/www.youtube.com\/watch?v=w0jhwO1sgoI\">PEUR de l\u2019ECHEC \u2013 Dites ADIEU \u00e0 la PEUR de l\u2019ECHEC \u2013 DEVENEZ MAITRE de votre PEUR<\/a><\/li>\n\n\n\n<li><a href=\"https:\/\/www.youtube.com\/watch?v=7MH3w1GswzM&amp;t=154s\">LA PUISSANCE DES MOTS pour booster vos VENTES \u2013 une STRATEGIE GAGNANTE \u2013 Les MOTS MAGIQUES<\/a><\/li>\n\n\n\n<li><a href=\"https:\/\/www.youtube.com\/watch?v=7W0mkv6jKKU\">LES MIRACLES DE L\u2019IMAGINATION \u2013 les SECRETS pour manifester vos DESIRS<\/a><\/li>\n\n\n\n<li><a href=\"https:\/\/www.youtube.com\/watch?v=tJ8CNtzSxLE\">REPRENDRE LE POUVOIR SUR VOS DOUTES \u2013 STRATEGIES et OUTILS efficaces \u2013 DEVENIR acteur de votre VIE<\/a><\/li>\n<\/ul>\n\n\n\n<ul class=\"wp-block-list\">\n<li><a href=\"https:\/\/www.youtube.com\/watch?v=ic_Ig-dRTuY&amp;t=59s\">VOUS AMELIORER SANS EFFORT NI DOULEUR \u2013 la m\u00e9thode A SUCCES \u2013 sant\u00e9, travail, business, finance, etc<\/a><\/li>\n\n\n\n<li><a href=\"https:\/\/www.youtube.com\/watch?v=rrmpTQll41M\">MAL ETRE AU TRAVAIL \u2013 Les CLES pour sortir de la spirale<\/a><\/li>\n\n\n\n<li><a href=\"https:\/\/www.youtube.com\/watch?v=D7MJtEtk9qQ\">LE POUVOIR DU FOCUS \u2013 les BIENFAITS sur votre sant\u00e9 mentale et physique votre productivit\u00e9<\/a><\/li>\n\n\n\n<li><a href=\"https:\/\/www.youtube.com\/watch?v=EBm3FscQW8k\">MAUVAISE REPUTATION \u2013 ce que les autres pensent de vous \u2013 COMMENT REBONDIR \/ LES CLES<\/a><\/li>\n\n\n\n<li><a href=\"https:\/\/www.youtube.com\/watch?v=-yosfFkCfk8&amp;t=142s\">LA PUISSANCE DE VOTRE SUBCONSCIENT \u2013 LA CLE du bonheur \u2013 INFLUENCER comportements, \u00e9motions, pens\u00e9es<\/a><\/li>\n\n\n\n<li><a href=\"https:\/\/www.youtube.com\/watch?v=Nwwxdf17eEg\">INDEPENDANCE FINANCIERE \u2013 LE SECRET \u2013 changer votre vie de mani\u00e8re positive<\/a><\/li>\n\n\n\n<li><a href=\"https:\/\/www.youtube.com\/watch?v=nsFp7loEu7g\">CONVAINCRE les autres \u2013 la CLE du SUCCES \u2013 en affaires et dans la vie<\/a><\/li>\n\n\n\n<li><a href=\"https:\/\/www.youtube.com\/watch?v=0AIYm6Osubs\">COMMENT ATTIRER L\u2019ARGENT \u2013 LES CLES \u2013 REUSSIR sa vie financi\u00e8re<\/a><\/li>\n\n\n\n<li><a href=\"https:\/\/www.youtube.com\/watch?v=8SEEIKoP4vA\">GERER les PERSONNALITES DOMINANTES \u2013 les SECRETS pour les g\u00e9rer \u2013 Les REGLES D\u2019OR<\/a><\/li>\n\n\n\n<li><a href=\"https:\/\/www.youtube.com\/watch?v=Ku9WgW19_U8&amp;t=141s\">BRISEURS de REVES \u2013 les ECARTER de votre vie \u2013 SOLUTIONS CONCRETES<\/a><\/li>\n\n\n\n<li><a href=\"https:\/\/www.youtube.com\/watch?v=ipv6Z9KiJwI\">CONVAINCRE un TETU \u2013 sans se f\u00e2cher \u2013 METHODE DOUCE<\/a><\/li>\n\n\n\n<li><a href=\"https:\/\/www.youtube.com\/watch?v=eEWW50fbMSo&amp;t=96s\">PROVOQUEZ la CHANCE \u2013 LES SECRETS pour attirer la chance \u2013 LES CLES pour \u00eatre CREATEUR de CHANCE<\/a><\/li>\n\n\n\n<li><a href=\"https:\/\/www.youtube.com\/watch?v=GAmVAexOkDk&amp;t=1s\">ARRETE de te trouver des EXCUSES \u2013 ARRETEZ de vous justifier et commencez \u00e0 AGIR \u2013 GUIDE complet<\/a><\/li>\n\n\n\n<li><a href=\"https:\/\/www.youtube.com\/watch?v=kF-N5KRv2Jo&amp;t=30s\">S\u2019AFFIRMER face aux autres \u2013 ASTUCES PRATIQUES pour vous aider \u00e0 vous affirmer<\/a><\/li>\n\n\n\n<li><a href=\"https:\/\/www.youtube.com\/watch?v=VeyBCm8vu7s&amp;t=520s\">CONFLITS RELATIONNEL au travail \u2013 ERREURS A EVITER \u2013 les meilleures STRATEGIES<\/a><\/li>\n\n\n\n<li><a href=\"https:\/\/www.youtube.com\/watch?v=p7ENUDpxtjA&amp;t=595s\">MANQUE DE RESPECT \u2013 Comment REAGIR \u2013 des STRATEGIES pratiques<\/a><\/li>\n\n\n\n<li><a href=\"https:\/\/www.youtube.com\/watch?v=6QpYye7eQDo&amp;t=130s\">Dire JE T\u2019AIME \u00e0 votre ENFANT \u2013 CLE RELATION PARENT-ENFANT \u00e9panouissante<\/a><\/li>\n\n\n\n<li><a href=\"https:\/\/www.youtube.com\/watch?v=4mAfrloDU2c\">PEUR DU REJET \u2013 STRATEGIES PRATIQUES \u2013 Vaincre la peur du rejet<\/a><\/li>\n\n\n\n<li><a href=\"https:\/\/www.youtube.com\/watch?v=cVdC7bcByR0\">TROUVER LA MOTIVATION pour faire quelque chose \u2013 ASTUCES SECRETES \u2013 pendant les moments difficiles<\/a><\/li>\n\n\n\n<li><a href=\"https:\/\/www.youtube.com\/watch?v=GzL3r3FHL0c\">ECHECS et OBSTACLES de la vie \u2013 LES SECRETS des personnes qui y r\u00e9ussissent<\/a><\/li>\n\n\n\n<li><a href=\"https:\/\/www.youtube.com\/watch?v=cSBseNvNuWM&amp;t=672s\">AMELIORER MES RELATIONS avec les autres \u2013 LES SECRETS pour des relations solides et durables<\/a><\/li>\n\n\n\n<li><a href=\"https:\/\/www.youtube.com\/watch?v=rKol3De_ROk\">SAUVER LES AUTRES \u2013 DANGER \u2013 syndrome du sauveteur&nbsp; ou syndrome du sauveur<\/a><\/li>\n\n\n\n<li><a href=\"https:\/\/www.youtube.com\/watch?v=czk-BXjzJuA\">ON N\u2019A QU\u2019UNE VIE \u2013 NE LAISSEZ PAS la vie vous passer devant les yeux. VIVEZ LA PLEINEMENT<\/a><\/li>\n\n\n\n<li><a href=\"https:\/\/www.youtube.com\/watch?v=pLEJHqXkUY4\">FAIRE LES BONS CHOIX dans sa vie \u2013 LES SECRETS \u2013 pour prendre des d\u00e9cisions \u00e9clair\u00e9es<\/a><\/li>\n\n\n\n<li><a href=\"https:\/\/www.youtube.com\/watch?v=SAKmtEFNRrM\">PEUR D\u2019ETRE JUGE \u2013 STRATEGIES \u2013 lib\u00e9rez-vous de cette Peur d\u2019\u00eatre jug\u00e9<\/a><\/li>\n\n\n\n<li><a href=\"https:\/\/www.youtube.com\/watch?v=X7hiB7FI4hE&amp;t=150s\">CHANGER SON DESTIN \u2013 LES SECRETS \u2013 devenir acteur de sa vie<\/a><\/li>\n\n\n\n<li><a href=\"https:\/\/www.youtube.com\/watch?v=20XxirTF3V4&amp;t=1s\">MAUVAISE ENTENTE des collegues au travail \u2013 ASTUCES PRATIQUES pour sortir des conflits<\/a><\/li>\n\n\n\n<li><a href=\"https:\/\/www.youtube.com\/watch?v=P8tSambfhtw&amp;t=156s\">MALCHANCEUX j\u2019attire \u00e0 moi tous les ennuis \u2013 S\u2019EN SORTIR \u2013 de la malchance \u00e0 la CHANCE<\/a><\/li>\n\n\n\n<li><a href=\"https:\/\/www.youtube.com\/watch?v=q4XgYiTrfYI\">N\u2019EDUQUEZ PAS VOS ENFANTS \u00e0 devenir riches. APPRENEZ LEUR \u00e0 \u00eatre heureux<\/a><\/li>\n\n\n\n<li><a href=\"https:\/\/www.youtube.com\/watch?v=aTfEh7Y6f3I&amp;t=332s\">NE JUGEZ PAS TROP VITE \u2013 les dangers du jugement h\u00e2tif \u2013 ASTUCES simple pour y arriver<\/a><\/li>\n\n\n\n<li><a href=\"https:\/\/www.youtube.com\/watch?v=LPWkoFEi0ZE\">SE PROTEGER DES AUTRES \u2013 ne pas subir les \u00e9motions et id\u00e9es n\u00e9gatives -et des relations toxiques<\/a><\/li>\n\n\n\n<li><a href=\"https:\/\/www.youtube.com\/watch?v=ojm22Oc2llE\">ELLE N\u2019EST PAS INTERESSEE PAR TOI \u2013 transforme le rejet \u2013 le secret du pouvoir de la r\u00e9silience<\/a><\/li>\n\n\n\n<li><a href=\"https:\/\/www.youtube.com\/watch?v=OR7DXjigQVg&amp;t=1s\">PEUR DU REGARD DES AUTRES \u2013 s\u2019en lib\u00e9rer \u2013<\/a><\/li>\n\n\n\n<li><a href=\"https:\/\/www.youtube.com\/watch?v=jPUTOnLd6qk&amp;t=4s\">REALISER VOS SOUHAITS LES PLUS CHERS \u2013 devenez ma\u00eetre de votre destin, une m\u00e9thode efficace<\/a><\/li>\n\n\n\n<li><a href=\"https:\/\/www.youtube.com\/watch?v=IF4TlojT-Xs&amp;t=2s\">TOUT EST POSSIBLE \u2013 le secret \u2013 si tu le crois vraiment , incroyablement puissant \u2026 la pens\u00e9e<\/a><\/li>\n\n\n\n<li><a href=\"https:\/\/www.youtube.com\/watch?v=M9cF0aZYKKU\">GUERIR STRESS et ANXIETE , Respirer pour mieux vivre : les avantages de la respiration consciente<\/a><\/li>\n\n\n\n<li><a href=\"https:\/\/www.youtube.com\/watch?v=Q1nbyRAjZ_c&amp;t=586s\">Le stress et l\u2019anxi\u00e9t\u00e9 tueurs silencieux<\/a><\/li>\n\n\n\n<li><a href=\"https:\/\/www.youtube.com\/watch?v=U3h1IljeKz8&amp;t=1s\">DEVENIR UN GENIE \u2013 la formule \u2013 comment devenir un g\u00e9nie et transformer votre potentiel en succ\u00e8s<\/a><\/li>\n\n\n\n<li><a href=\"https:\/\/www.youtube.com\/watch?v=Uvz92bCGTaI&amp;t=465s\">Cultiver la gratitude<\/a><\/li>\n\n\n\n<li><a href=\"https:\/\/www.youtube.com\/watch?v=U18MQa9hRxw&amp;t=322s\">L\u2019IMPERFECTION votre cl\u00e9 du bonheur , sa puissance, pour trouver le bonheur dans vos faiblesses<\/a><\/li>\n\n\n\n<li><a href=\"https:\/\/www.youtube.com\/watch?v=xU6GNWNGPyg\">PERSONNE JE SAIS TOUT, une personne qui a toujours raison, les solutions pour vous<\/a><\/li>\n\n\n\n<li><a href=\"https:\/\/www.youtube.com\/watch?v=lYQAoiyRjNY&amp;t=314s\">LES SECRETS \u2013 COMMENT SE FAIRE RESPECTER \u2013 les astuces pour se faire respecter dans la vie.<\/a><\/li>\n\n\n\n<li><a href=\"https:\/\/www.youtube.com\/watch?v=kCabdB7yAbY&amp;t=66s\">ARRETEZ DE CRITIQUER son partenaire sans cesse \u2013 Briser ce cercle vicieux<\/a><\/li>\n\n\n\n<li><a href=\"https:\/\/www.youtube.com\/watch?v=UkA4ydm2Fog\">LA PUISSANCE DES MOTS \u2013 la magie des mots, les mots peuvent gu\u00e9rir<\/a><\/li>\n\n\n\n<li><a href=\"https:\/\/www.youtube.com\/watch?v=oQVMm3v2QAI&amp;t=699s\">GENEROSITE \u2013 CLE DU BONHEUR \u2013 Pratiquez la g\u00e9n\u00e9rosit\u00e9, \u00e9tat d\u2019esprit pour une vie plus riche<\/a><\/li>\n\n\n\n<li><a href=\"https:\/\/www.youtube.com\/watch?v=q8e4VDdOuqg&amp;t=530s\">ARRETE de VOULOIR tout imm\u00e9diatement \u2013 Apprendre \u00e0 sortir du pi\u00e8ge de la gratification instantan\u00e9e<\/a><\/li>\n\n\n\n<li><a href=\"https:\/\/www.youtube.com\/watch?v=b7AJW2LMKF4\">DEVENEZ LE MAITRE de vos pens\u00e9es , LE POUVOIR de la pens\u00e9e ,Soyez conscient de vos pens\u00e9es,<\/a><\/li>\n\n\n\n<li><a href=\"https:\/\/www.youtube.com\/watch?v=9Fgh4_nqCMY\">LA CLE DU SUCCES , la puissance de l\u2019humilit\u00e9, Cultivez et pratiquer l\u2019humilit\u00e9 dans la vie<\/a><\/li>\n\n\n\n<li><a href=\"https:\/\/www.youtube.com\/watch?v=3CyAV92WpBI\">LAISSEZ LE PASSE derri\u00e8re vous, Vivez dans l\u2019instant pr\u00e9sent, savourez chaque instant<\/a><\/li>\n\n\n\n<li><a href=\"https:\/\/www.youtube.com\/watch?v=Muer94ZMQ8Y\">CREER DES RELATIONS positives et durables. LA MAGIE de l\u2019empathie LE POUVOIR de l\u2019empathie.<\/a><\/li>\n\n\n\n<li><a href=\"https:\/\/www.youtube.com\/watch?v=8CQGsUX7RmU\">AIMEZ-VOUS, soyez gentil envers vous m\u00eame \u2013 Pratiquez la bienveillance envers vous m\u00eame<\/a><\/li>\n\n\n\n<li><a href=\"https:\/\/www.youtube.com\/watch?v=E3esoLBhm58&amp;t=706s\">20 CONSEILS puissants pour tout r\u00e9ussir dans sa vie, pour toutes les situations de la vie<\/a><\/li>\n\n\n\n<li><a href=\"https:\/\/www.youtube.com\/watch?v=-Fb5xPr7dig\">ARRETE de critiquer les autres \u2013 commencez \u00e0 vous concentrer sur le positif<\/a><\/li>\n\n\n\n<li><a href=\"https:\/\/www.youtube.com\/watch?v=ITXHP7b9QHc&amp;t=351s\">DONNER de l\u2019amour m\u00eame lorsque vous ne recevez pas en retour, L\u2019amour sans limite.<\/a><\/li>\n\n\n\n<li><a href=\"https:\/\/www.youtube.com\/watch?v=_QCfC43hiX4\">ARRETE de courir apr\u00e8s du vent, et commencez \u00e0 vivre votre vie. Vivre sans la course effr\u00e9n\u00e9e<\/a><\/li>\n\n\n\n<li><a href=\"https:\/\/www.youtube.com\/watch?v=I9TI-kO3f5U\">ATTIRER l\u2019abondance dans votre vie, d\u00e8s MAINTENANT.une mentalit\u00e9 d\u2019abondance, les secrets<\/a><\/li>\n\n\n\n<li><a href=\"https:\/\/www.youtube.com\/watch?v=XcVUOhPFxjg\">ARRETE de te sous estimer et crois en tes capacit\u00e9s<\/a><\/li>\n\n\n\n<li><a href=\"https:\/\/www.youtube.com\/watch?v=WXNfNvDhPAw&amp;t=5s\">Ma vie est un bordel \u2013 Du chaos \u00e0 l\u2019ordre : Comment redresser sa vie quand tout est un bordel\u201d<\/a><\/li>\n\n\n\n<li><a href=\"https:\/\/www.youtube.com\/watch?v=8zJ85qM4-wg\">Transforme r\u00eave en machine \u00e0 solutions, l\u00e0 m\u00e9thode m\u00e9connue pour r\u00e9soudre des probl\u00e8mes en dormant<\/a><\/li>\n\n\n\n<li><a href=\"https:\/\/www.youtube.com\/watch?v=FFkNPkU1DTQ\">Les valeurs ce sont des choses qui sont importantes<\/a><\/li>\n\n\n\n<li><a href=\"https:\/\/www.youtube.com\/watch?v=IqDqlGAxNBo&amp;t=1s\">ATTIRER ce que l\u2019on souhaite par la pens\u00e9e \u2013 Les secrets de l\u2019attraction mentale \u2013 Fascinant<\/a><\/li>\n\n\n\n<li><a href=\"https:\/\/www.youtube.com\/watch?v=cSRJplIJbqU&amp;t=276s\">L\u2019ESPOIR FAIT VIVRE \u2013 Vivre avec espoir en toutes circonstances, survivre gr\u00e2ce \u00e0 l\u2019espoir<\/a><\/li>\n\n\n\n<li><a href=\"https:\/\/www.youtube.com\/watch?v=QdLcUa-HRp8&amp;t=350s\">L\u2019AMOUR sa pr\u00e9sence est vitale \u2013 la cl\u00e9 pour \u00eatre aim\u00e9(e)<\/a><\/li>\n\n\n\n<li><a href=\"https:\/\/www.youtube.com\/watch?v=HunO7DmHzOg&amp;t=460s\">le coup de foudre existe<\/a><\/li>\n\n\n\n<li><a href=\"https:\/\/www.youtube.com\/watch?v=sDvExHalTro\">ARRETE de tout contr\u00f4ler dans ta vie \u2013 Comment arr\u00eater de tout contr\u00f4ler<\/a><\/li>\n\n\n\n<li><a href=\"https:\/\/www.youtube.com\/watch?v=6YF6Q2pAj5o&amp;t=1s\">MORAL A ZERO ! \u2013 les solutions rapides<\/a><\/li>\n\n\n\n<li><a href=\"https:\/\/www.youtube.com\/watch?v=oPG2KmjQFaY&amp;t=11s\">Pourquoi j\u2019attire toujours le m\u00eame type de personne n\u00e9gative \u2013 comment s\u2019en sortir<\/a><\/li>\n\n\n\n<li><a href=\"https:\/\/www.youtube.com\/watch?v=8xDzWYjDIfQ\">Pourquoi mon couple ne marche pas<\/a><\/li>\n\n\n\n<li><a href=\"https:\/\/www.youtube.com\/watch?v=uKML9i4VtLs&amp;t=170s\">Une journ\u00e9e de renouveau et d\u2019\u00e9quilibre \u2013 prendre soin de notre sant\u00e9 physique et mentale<\/a><\/li>\n\n\n\n<li><a href=\"https:\/\/www.youtube.com\/watch?v=8EcArCY6Sx0\">ARRETE d\u2019\u00eatre obs\u00e9d\u00e9 par tes probl\u00e8mes \u2013 Comment arr\u00eater de vous torturer avec vos probl\u00e8mes<\/a><\/li>\n\n\n\n<li><a href=\"https:\/\/www.youtube.com\/watch?v=EvPUKXBIrfY\">Sauver une relation vou\u00e9e \u00e0 l\u2019\u00e9chec \u2013 les solutions<\/a><\/li>\n\n\n\n<li><a href=\"https:\/\/www.youtube.com\/watch?v=Ca40wov-3yc\">COUPLE REUSSI \u2013 les secrets pour un couple mariage heureux Une le\u00e7on ultra puissante<\/a><\/li>\n\n\n\n<li><a href=\"https:\/\/www.youtube.com\/watch?v=trPi22qTQ5U&amp;t=310s\">Arr\u00eatez de souffrir \u2013 Les Quatre Nobles V\u00e9rit\u00e9s : un guide pour une vie sans souffrance<\/a><\/li>\n\n\n\n<li><a href=\"https:\/\/www.youtube.com\/watch?v=DMJ9WWUW7rI\">Arr\u00eater d\u2019absorber les ondes n\u00e9gatives des autres \u2013 Prot\u00e9gez-vous contre la n\u00e9gativit\u00e9.<\/a><\/li>\n\n\n\n<li><a href=\"https:\/\/www.youtube.com\/watch?v=I41ZQpmkYJo&amp;t=2s\">Comment attirer une personne par la pens\u00e9e : les secrets de l\u2019attraction mentale<\/a><\/li>\n\n\n\n<li><a href=\"https:\/\/www.youtube.com\/watch?v=a3nsE2nY2GM\">Attirer l\u2019amour ,attirer le partenaire ideal dans votre vie en 10 \u00e9tapes<\/a><\/li>\n\n\n\n<li><a href=\"https:\/\/www.youtube.com\/watch?v=lA4lLFtDM2U\">Les 3 phases du couple : Comment y survivre avec succ\u00e8s<\/a><\/li>\n\n\n\n<li><a href=\"https:\/\/www.youtube.com\/watch?v=b3e6lHQGYh4&amp;t=7s\">R\u00e9aliser vos r\u00eaves et atteindre l\u2019impossible, en restant motiv\u00e9 et pers\u00e9v\u00e9rant<\/a><\/li>\n\n\n\n<li><a href=\"https:\/\/www.youtube.com\/watch?v=SAmmR8zXXBQ\">comment \u00e9tablir des relations saines avec les autres 1<\/a><\/li>\n\n\n\n<li><a href=\"https:\/\/www.youtube.com\/watch?v=hhGyz_T7Y_Q\">la r\u00e9solution de probl\u00e8mes, astuces pratiques pour r\u00e9soudre tous les probl\u00e8mes de la vie quotidienne<\/a><\/li>\n\n\n\n<li><a href=\"https:\/\/www.youtube.com\/watch?v=CEqVMYXgyRc&amp;t=180s\">karma comprendre et appliquer les lois universelles, une cl\u00e9 pour une vie \u00e9panouissante<\/a><\/li>\n\n\n\n<li><a href=\"https:\/\/www.youtube.com\/watch?v=YzlZq_nGFHQ&amp;t=469s\">La rancune, comment ne plus avoir de rancune, Les \u00e9tapes pour gu\u00e9rir de la rancune<\/a><\/li>\n\n\n\n<li><a href=\"https:\/\/www.youtube.com\/watch?v=2MFB_mXeMDs&amp;t=524s\">Apprendre \u00e0 pardonner \u2013 Le pardon : Cl\u00e9 de la paix int\u00e9rieure et de la croissance personnelle<\/a><\/li>\n\n\n\n<li><a href=\"https:\/\/www.youtube.com\/watch?v=1Lr6RB71pF8&amp;t=359s\">chagrin d\u2019amour les solutions \u2013 Comment surmonter le chagrin d\u2019amour<\/a><\/li>\n\n\n\n<li><a href=\"https:\/\/www.youtube.com\/watch?v=4tez4hBq5Ac\">NE PERDS JAMAIS ESPOIR, Comment garder espoir dans les moments difficiles<\/a><\/li>\n\n\n\n<li><a href=\"https:\/\/www.youtube.com\/watch?v=9u6y-JwDnWQ\">Ne dis jamais ca n\u2019arrivera jamais, dire \u2018\u00e7a n\u2019arrivera jamais\u2019 peut tuer vos r\u00eaves et aspirations<\/a><\/li>\n\n\n\n<li><a href=\"https:\/\/www.youtube.com\/watch?v=2kRBmdZH_l0&amp;t=56s\">Rupture amoureuse : comment se reconstruire ,sortir de la zone de confort et changer sa vie<\/a><\/li>\n\n\n\n<li><a href=\"https:\/\/www.youtube.com\/watch?v=1xHN4CGI_4k\">arrete de jalouser les autres<\/a><\/li>\n\n\n\n<li><a href=\"https:\/\/www.youtube.com\/watch?v=BeEvRiQYsf0&amp;t=387s\">Comment faire face \u00e0 une rupture amoureuse<\/a><\/li>\n\n\n\n<li><a href=\"https:\/\/www.youtube.com\/watch?v=fJHi2Pu62dw\">Comment faire face \u00e0 une rupture amoureuse<\/a><\/li>\n\n\n\n<li><a href=\"https:\/\/www.youtube.com\/watch?v=BJz-99GiFpc\">10 ERREURS \u00e0 \u00e9viter lors d\u2019une RUPTURE AMOUREUSE<\/a><\/li>\n\n\n\n<li><a href=\"https:\/\/www.youtube.com\/watch?v=oyHjtjeJ1PQ\">20 erreurs de s\u00e9duction courantes que vous devriez \u00e9viter<\/a><\/li>\n\n\n\n<li><a href=\"https:\/\/www.youtube.com\/watch?v=WJ90SCZ8TAA&amp;t=267s\">comment s\u00e9duire sans dire un mot \u2013 Le pouvoir de la s\u00e9duction silencieuse<\/a><\/li>\n\n\n\n<li><a href=\"https:\/\/www.youtube.com\/watch?v=5fCxWbYV-Os&amp;t=48s\">Arr\u00eate de perdre du temps et profite de chaque instant,pour vivre une vie plus \u00e9panouissante<\/a><\/li>\n\n\n\n<li><a href=\"https:\/\/www.youtube.com\/watch?v=nfJXsKj5xlI&amp;t=1s\">comment quelques mots peuvent tout changer- ces formules magiques qui nous font r\u00e9fl\u00e9chir<\/a><\/li>\n\n\n\n<li><a href=\"https:\/\/www.youtube.com\/watch?v=G5KqK1UKviQ\">la pratique du d\u00e9tachement, Les bienfaits insoup\u00e7onn\u00e9s du d\u00e9tachement dans votre vie quotidienne<\/a><\/li>\n\n\n\n<li><a href=\"https:\/\/www.youtube.com\/watch?v=Rl1Kh98HXmc\">Pratiquez le moment pr\u00e9sent, Savourer l\u2019instant pr\u00e9sent, trouver la paix int\u00e9rieure<\/a><\/li>\n\n\n\n<li><a href=\"https:\/\/www.youtube.com\/watch?v=dw6z0u8FBqk\">La puissance de la non-violence : l\u2019histoire inspirante d\u2019un homme qui a chang\u00e9 le monde<\/a><\/li>\n\n\n\n<li><a href=\"https:\/\/www.youtube.com\/watch?v=bvtVqgcKJeE\">20 conseils les plus puissants du bouddhisme, avec l\u2019explication pour chacun des conseil<\/a><\/li>\n\n\n\n<li><a href=\"https:\/\/www.youtube.com\/watch?v=hMHTeHzJJT8&amp;t=1005s\">Arr\u00eate de juger les autres et apprends \u00e0 les comprendre !<\/a><\/li>\n\n\n\n<li><a href=\"https:\/\/www.youtube.com\/watch?v=LSxJfPb-H40&amp;t=5s\">Arr\u00eate de te plaindre et trouve des solutions<\/a><\/li>\n\n\n\n<li><a href=\"https:\/\/www.youtube.com\/watch?v=ITAMDXz4FqA&amp;t=46s\">Arr\u00eate de gaspiller de l\u2019argent<\/a><\/li>\n\n\n\n<li><a href=\"https:\/\/www.youtube.com\/watch?v=cDi7ZxfOlv0\">comment se lib\u00e9rer de la souffrance -Les le\u00e7ons de Maya : histoire motivante<\/a><\/li>\n\n\n\n<li><a href=\"https:\/\/www.youtube.com\/watch?v=CrAwsO7u27o&amp;t=538s\">Jeudi Jaune \u2013 le jaune est associ\u00e9 \u00e0 l\u2019optimisme, \u00e0 la cr\u00e9ativit\u00e9 et \u00e0 la communication, ce qui en<\/a><\/li>\n\n\n\n<li><a href=\"https:\/\/www.youtube.com\/watch?v=G1W3yXHJOUo&amp;t=6s\">les bienfaits de la m\u00e9ditation histoire bouddhiste<\/a><\/li>\n\n\n\n<li><a href=\"https:\/\/www.youtube.com\/watch?v=b5qQ-s3Wifo&amp;t=750s\">100 Meilleures CITATIONS Positives du Monde, avec la moralit\u00e9 de chacune des citations<\/a><\/li>\n\n\n\n<li><a href=\"https:\/\/www.youtube.com\/watch?v=VizROzy9rdg\">La v\u00e9rit\u00e9 sur la souffrance : comment elle peut \u00eatre transform\u00e9e en sagesse -histoire bouddhiste<\/a><\/li>\n\n\n\n<li><a href=\"https:\/\/www.youtube.com\/watch?v=XUwkZCtH6O4\">Mal dans sa peau \u2013 Retrouvez votre \u00e9quilibre<\/a><\/li>\n\n\n\n<li><a href=\"https:\/\/www.youtube.com\/watch?v=IVMD55VU38k\">Les secrets des personnes qui r\u00e9ussissent \u00e0 aimer le lundi<\/a><\/li>\n\n\n\n<li><a href=\"https:\/\/www.youtube.com\/watch?v=QsEEqD6fnmo&amp;t=43s\">22 DURES VERITES DE LA VIE Le guide brutal du bonheur \u00e0 comprendre absolument<\/a><\/li>\n\n\n\n<li><a href=\"https:\/\/www.youtube.com\/watch?v=wPycA1gB-mI&amp;t=105s\">Le secret d\u2019une journ\u00e9e r\u00e9ussie r\u00e9side dans ces 26 \u00e9tapes matinales<\/a><\/li>\n\n\n\n<li><a href=\"https:\/\/www.youtube.com\/watch?v=W_3J5sYAeZU\">proverbes et dictons italiens les plus sages \u00e0 conna\u00eetre<\/a><\/li>\n\n\n\n<li><a href=\"https:\/\/www.youtube.com\/watch?v=CWq22rDZ1zk&amp;t=1s\">Arr\u00eate de t\u2019inqui\u00e9ter et commence \u00e0 vivre<\/a><\/li>\n\n\n\n<li><a href=\"https:\/\/www.youtube.com\/watch?v=I2UWvWuNQl0&amp;t=29s\">Comment attirer l\u2019argent dans votre vie, les \u00e9tapes \u00e0 suivre<\/a><\/li>\n\n\n\n<li><a href=\"https:\/\/www.youtube.com\/watch?v=r5REZnC9jas&amp;t=7s\">Semer les graines de la sagesse : 30 le\u00e7ons de vie pour faire fleurir votre potentiel<\/a><\/li>\n\n\n\n<li><a href=\"https:\/\/www.youtube.com\/watch?v=a5hiVDT2zbg\">R\u00e9veillez votre esprit: 10 choses inspirantes \u00e0 faire chaque jour pour rester motiv\u00e9!<\/a><\/li>\n\n\n\n<li><a href=\"https:\/\/www.youtube.com\/watch?v=LvEpz6jUzls&amp;t=339s\">20 choses \u00e0 ne jamais forcer dans la vie : Lib\u00e9rez votre potentiel en laissant la vie vous guider<\/a><\/li>\n\n\n\n<li><a href=\"https:\/\/www.youtube.com\/watch?v=OmtJML6jTVU&amp;t=294s\">ouvrir les portes du monde des possibilit\u00e9s-Le monde des possibilit\u00e9s illimit\u00e9es, comment y acc\u00e9der<\/a><\/li>\n\n\n\n<li><a href=\"https:\/\/www.youtube.com\/watch?v=ceaWu9Xegn4&amp;t=24s\">Comment Alice a surmont\u00e9 les obstacles pour trouver le bonheur , une histoire vraie<\/a><\/li>\n\n\n\n<li><a href=\"https:\/\/www.youtube.com\/watch?v=1jEGLHcYj6k&amp;t=31s\">Comment j\u2019ai bris\u00e9 la mal\u00e9diction et cr\u00e9\u00e9 ma propre chance dans la vie<\/a><\/li>\n\n\n\n<li><a href=\"https:\/\/www.youtube.com\/watch?v=cy6vxSxlF8I&amp;t=3s\">L\u2019art de REBONDIR, Le parcours d\u2019un survivant qui a tout surmont\u00e9<\/a><\/li>\n\n\n\n<li><a href=\"https:\/\/www.youtube.com\/watch?v=QtyuWUa6-Jw&amp;t=21s\">Arr\u00eatez de vous comparer aux autres<\/a><\/li>\n\n\n\n<li><a href=\"https:\/\/www.youtube.com\/watch?v=Z-h7QAgPuMI&amp;t=102s\">Les secrets pour r\u00e9ussir une vie heureuse, saine et \u00e9nergique: tout ce que vous devez savoir !<\/a><\/li>\n\n\n\n<li><a href=\"https:\/\/www.youtube.com\/watch?v=03Pq7OmRVnQ\">Vivre mieux, c\u2019est possible : Des solutions simples et efficaces sur ma cha\u00eene<\/a><\/li>\n<\/ul>\n","protected":false},"excerpt":{"rendered":"<p>VIDEOS GRATUITES<\/p>\n","protected":false},"author":1,"featured_media":0,"parent":0,"menu_order":0,"comment_status":"closed","ping_status":"closed","template":"","meta":{"footnotes":""},"class_list":["post-59","page","type-page","status-publish","hentry"],"_links":{"self":[{"href":"https:\/\/clubvivremieux.com\/index.php\/wp-json\/wp\/v2\/pages\/59","targetHints":{"allow":["GET"]}}],"collection":[{"href":"https:\/\/clubvivremieux.com\/index.php\/wp-json\/wp\/v2\/pages"}],"about":[{"href":"https:\/\/clubvivremieux.com\/index.php\/wp-json\/wp\/v2\/types\/page"}],"author":[{"embeddable":true,"href":"https:\/\/clubvivremieux.com\/index.php\/wp-json\/wp\/v2\/users\/1"}],"replies":[{"embeddable":true,"href":"https:\/\/clubvivremieux.com\/index.php\/wp-json\/wp\/v2\/comments?post=59"}],"version-history":[{"count":1,"href":"https:\/\/clubvivremieux.com\/index.php\/wp-json\/wp\/v2\/pages\/59\/revisions"}],"predecessor-version":[{"id":60,"href":"https:\/\/clubvivremieux.com\/index.php\/wp-json\/wp\/v2\/pages\/59\/revisions\/60"}],"wp:attachment":[{"href":"https:\/\/clubvivremieux.com\/index.php\/wp-json\/wp\/v2\/media?parent=59"}],"curies":[{"name":"wp","href":"https:\/\/api.w.org\/{rel}","templated":true}]}}