{"id":588,"date":"2025-11-16T13:57:13","date_gmt":"2025-11-16T13:57:13","guid":{"rendered":"https:\/\/clubvivremieux.com\/?page_id=588"},"modified":"2025-11-16T13:57:13","modified_gmt":"2025-11-16T13:57:13","slug":"pense-grand-deviens-inarretable-2","status":"publish","type":"page","link":"https:\/\/clubvivremieux.com\/index.php\/pense-grand-deviens-inarretable-2\/","title":{"rendered":"Pense grand, deviens inarr\u00eatable"},"content":{"rendered":"\n<p>Tu veux passer \u00e0 l\u2019action ? Commence par penser grand.<br>La grandeur de tes id\u00e9es d\u00e9termine l\u2019\u00e9nergie que tu mets dans tes actions. Plus ton esprit vise haut, plus tes efforts deviennent puissants, naturels et d\u00e9termin\u00e9s.<\/p>\n\n\n\n<p>Les petites pens\u00e9es produisent de petites actions. Les grandes pens\u00e9es te rendent inarr\u00eatable. Ce n\u2019est pas de la magie : c\u2019est de la strat\u00e9gie mentale. Tu choisis l\u2019intensit\u00e9 de ta vie en choisissant la taille de tes r\u00eaves.<\/p>\n\n\n\n<p>Alors, arr\u00eate de te limiter. Visualise, ose, vise l\u2019impossible. Chaque pas que tu feras sera plus fort, plus rapide, plus s\u00fbr. Et bient\u00f4t, personne \u2014 m\u00eame toi \u2014 ne pourra t\u2019arr\u00eater.<\/p>\n\n\n\n<hr class=\"wp-block-separator has-alpha-channel-opacity\"\/>\n\n\n\n<h3 class=\"wp-block-heading has-pale-cyan-blue-background-color has-background\"><strong>M\u00e9thode Express pour penser grand et agir fort<\/strong><\/h3>\n\n\n\n<ol class=\"wp-block-list\">\n<li><strong>D\u00e9finis ton \u201cgrand objectif\u201d en 5 mots max<\/strong><br>Ex : \u00ab Cr\u00e9er une appli qui change tout \u00bb.<\/li>\n\n\n\n<li><strong>Note 3 actions imm\u00e9diates<\/strong><br>Celles que tu peux faire <strong>aujourd\u2019hui<\/strong> pour avancer vers ton grand objectif.<\/li>\n\n\n\n<li><strong>R\u00e9veille ton cerveau<\/strong><br>Chaque matin, relis ton grand objectif et visualise le succ\u00e8s <strong>30 secondes<\/strong>. Ressens l\u2019\u00e9nergie.<\/li>\n\n\n\n<li><strong>Passe \u00e0 l\u2019action<\/strong><br>Commence par la premi\u00e8re action de ta liste. Pas de plan parfait, juste un mouvement.<\/li>\n\n\n\n<li><strong>\u00c9nergie + constance = inarr\u00eatable<\/strong><br>Plus tu nourris ton esprit avec de grandes id\u00e9es et agis vite, plus ton momentum devient impossible \u00e0 arr\u00eater.<\/li>\n<\/ol>\n\n\n\n<ul class=\"wp-block-list\">\n<li><strong><em><a href=\"https:\/\/guidosaverio.com\/\">Guido SAVERIO<\/a><\/em><\/strong><\/li>\n\n\n\n<li><strong><a href=\"https:\/\/guidosaverio.com\/qui-suis-je\/\">Qui suis-je<\/a><\/strong><\/li>\n<\/ul>\n","protected":false},"excerpt":{"rendered":"<p>Tu veux passer \u00e0 l\u2019action ? Commence par penser grand.La grandeur de tes id\u00e9es d\u00e9termine l\u2019\u00e9nergie que tu mets dans tes actions. Plus ton esprit vise haut, plus tes efforts deviennent puissants, naturels et d\u00e9termin\u00e9s. Les petites pens\u00e9es produisent de&#8230; <a href=\"https:\/\/clubvivremieux.com\/index.php\/pense-grand-deviens-inarretable-2\/\" class=\"readmore\">Read more<span class=\"screen-reader-text\">Pense grand, deviens inarr\u00eatable<\/span><span class=\"fa fa-angle-double-right\" aria-hidden=\"true\"><\/span><\/a><\/p>\n","protected":false},"author":1,"featured_media":0,"parent":0,"menu_order":0,"comment_status":"closed","ping_status":"closed","template":"","meta":{"footnotes":""},"class_list":["post-588","page","type-page","status-publish","hentry"],"_links":{"self":[{"href":"https:\/\/clubvivremieux.com\/index.php\/wp-json\/wp\/v2\/pages\/588","targetHints":{"allow":["GET"]}}],"collection":[{"href":"https:\/\/clubvivremieux.com\/index.php\/wp-json\/wp\/v2\/pages"}],"about":[{"href":"https:\/\/clubvivremieux.com\/index.php\/wp-json\/wp\/v2\/types\/page"}],"author":[{"embeddable":true,"href":"https:\/\/clubvivremieux.com\/index.php\/wp-json\/wp\/v2\/users\/1"}],"replies":[{"embeddable":true,"href":"https:\/\/clubvivremieux.com\/index.php\/wp-json\/wp\/v2\/comments?post=588"}],"version-history":[{"count":1,"href":"https:\/\/clubvivremieux.com\/index.php\/wp-json\/wp\/v2\/pages\/588\/revisions"}],"predecessor-version":[{"id":589,"href":"https:\/\/clubvivremieux.com\/index.php\/wp-json\/wp\/v2\/pages\/588\/revisions\/589"}],"wp:attachment":[{"href":"https:\/\/clubvivremieux.com\/index.php\/wp-json\/wp\/v2\/media?parent=588"}],"curies":[{"name":"wp","href":"https:\/\/api.w.org\/{rel}","templated":true}]}}