{"id":585,"date":"2025-11-16T13:47:27","date_gmt":"2025-11-16T13:47:27","guid":{"rendered":"https:\/\/clubvivremieux.com\/?page_id=585"},"modified":"2025-11-16T13:52:40","modified_gmt":"2025-11-16T13:52:40","slug":"bien-vieillir-cest-rester-curieux","status":"publish","type":"page","link":"https:\/\/clubvivremieux.com\/index.php\/bien-vieillir-cest-rester-curieux\/","title":{"rendered":"\u00ab Bien vieillir, c\u2019est rester curieux \u00bb"},"content":{"rendered":"\n<p>Rester jeune dans sa t\u00eate ne se mesure pas aux rides ou aux cheveux gris, mais \u00e0 la capacit\u00e9 \u00e0 s\u2019\u00e9merveiller, \u00e0 apprendre et \u00e0 d\u00e9couvrir. La curiosit\u00e9 n\u2019est pas un luxe : c\u2019est un v\u00e9ritable moteur pour le cerveau. Lire un article, tester une nouvelle recette, explorer une application ou simplement poser des questions sur le monde autour de vous, tout cela stimule vos neurones et ralentit le d\u00e9clin cognitif.<\/p>\n\n\n\n<p>La cl\u00e9 ? Ne jamais se contenter de la routine. M\u00eame 10 minutes par jour suffisent \u00e0 ouvrir votre esprit \u00e0 de nouvelles id\u00e9es et \u00e0 entretenir une vitalit\u00e9 mentale surprenante.<\/p>\n\n\n\n<blockquote class=\"wp-block-quote is-layout-flow wp-block-quote-is-layout-flow\">\n<p>\u00ab Bien vieillir, c\u2019est rester curieux. \u00bb<\/p>\n<\/blockquote>\n\n\n\n<p>Curiosit\u00e9 = jeunesse de l\u2019esprit. C\u2019est simple, mais puissant.<\/p>\n\n\n\n<h3 class=\"wp-block-heading has-pale-cyan-blue-background-color has-background\">M\u00e9thode express pour rester curieux au quotidien<\/h3>\n\n\n\n<ol class=\"wp-block-list\">\n<li><strong>Choisis un mini-d\u00e9fi quotidien<\/strong> : lire un article sur un sujet que tu ne connais pas, apprendre un mot \u00e9tranger, tester une nouvelle application.<\/li>\n\n\n\n<li><strong>Note une question par jour<\/strong> : sur le monde, la science, l\u2019art\u2026 et cherche la r\u00e9ponse.<\/li>\n\n\n\n<li><strong>Partage ou raconte<\/strong> : parler de ce que tu d\u00e9couvres \u00e0 quelqu\u2019un renforce la m\u00e9moire et le plaisir d\u2019apprendre.<\/li>\n<\/ol>\n\n\n\n<p>\ud83d\udd39 <strong>10 minutes par jour suffisent<\/strong> pour garder ton cerveau alerte et ton esprit jeune.<\/p>\n\n\n\n<ul class=\"wp-block-list\">\n<li><strong><em><a href=\"https:\/\/guidosaverio.com\/\">Guido SAVERIO<\/a><\/em><\/strong><\/li>\n\n\n\n<li><strong><a href=\"https:\/\/guidosaverio.com\/qui-suis-je\/\">Qui suis-je<\/a><\/strong><\/li>\n<\/ul>\n\n\n\n<p><\/p>\n","protected":false},"excerpt":{"rendered":"<p>Rester jeune dans sa t\u00eate ne se mesure pas aux rides ou aux cheveux gris, mais \u00e0 la capacit\u00e9 \u00e0 s\u2019\u00e9merveiller, \u00e0 apprendre et \u00e0 d\u00e9couvrir. La curiosit\u00e9 n\u2019est pas un luxe : c\u2019est un v\u00e9ritable moteur pour le cerveau&#8230;. <a href=\"https:\/\/clubvivremieux.com\/index.php\/bien-vieillir-cest-rester-curieux\/\" class=\"readmore\">Read more<span class=\"screen-reader-text\">\u00ab Bien vieillir, c\u2019est rester curieux \u00bb<\/span><span class=\"fa fa-angle-double-right\" aria-hidden=\"true\"><\/span><\/a><\/p>\n","protected":false},"author":1,"featured_media":0,"parent":0,"menu_order":0,"comment_status":"closed","ping_status":"closed","template":"","meta":{"footnotes":""},"class_list":["post-585","page","type-page","status-publish","hentry"],"_links":{"self":[{"href":"https:\/\/clubvivremieux.com\/index.php\/wp-json\/wp\/v2\/pages\/585","targetHints":{"allow":["GET"]}}],"collection":[{"href":"https:\/\/clubvivremieux.com\/index.php\/wp-json\/wp\/v2\/pages"}],"about":[{"href":"https:\/\/clubvivremieux.com\/index.php\/wp-json\/wp\/v2\/types\/page"}],"author":[{"embeddable":true,"href":"https:\/\/clubvivremieux.com\/index.php\/wp-json\/wp\/v2\/users\/1"}],"replies":[{"embeddable":true,"href":"https:\/\/clubvivremieux.com\/index.php\/wp-json\/wp\/v2\/comments?post=585"}],"version-history":[{"count":1,"href":"https:\/\/clubvivremieux.com\/index.php\/wp-json\/wp\/v2\/pages\/585\/revisions"}],"predecessor-version":[{"id":586,"href":"https:\/\/clubvivremieux.com\/index.php\/wp-json\/wp\/v2\/pages\/585\/revisions\/586"}],"wp:attachment":[{"href":"https:\/\/clubvivremieux.com\/index.php\/wp-json\/wp\/v2\/media?parent=585"}],"curies":[{"name":"wp","href":"https:\/\/api.w.org\/{rel}","templated":true}]}}