{"id":537,"date":"2025-11-15T18:12:17","date_gmt":"2025-11-15T18:12:17","guid":{"rendered":"https:\/\/clubvivremieux.com\/?page_id=537"},"modified":"2025-11-16T02:04:09","modified_gmt":"2025-11-16T02:04:09","slug":"vivre-mieux-commence-par-respirer","status":"publish","type":"page","link":"https:\/\/clubvivremieux.com\/index.php\/vivre-mieux-commence-par-respirer\/","title":{"rendered":"Vivre mieux commence par respirer"},"content":{"rendered":"\n<p>On court. On switche. On stresse. Et si le vrai luxe \u00e9tait\u2026 respirer ?<\/p>\n\n\n\n<p><strong>Respirer vraiment<\/strong>, \u00e7a change tout :<\/p>\n\n\n\n<ul class=\"wp-block-list\">\n<li><strong>Moins de stress<\/strong> : quelques respirations conscientes suffisent \u00e0 calmer le c\u0153ur et l\u2019esprit.<\/li>\n\n\n\n<li><strong>Clart\u00e9 mentale<\/strong> : ralentir le souffle, c\u2019est trier ses pens\u00e9es et se concentrer sur l\u2019essentiel.<\/li>\n\n\n\n<li><strong>\u00c9nergie retrouv\u00e9e<\/strong> : inspirer profond\u00e9ment, c\u2019est recharger son corps et son cerveau.<\/li>\n<\/ul>\n\n\n\n<p>\ud83d\udca1 <strong>Astuce express<\/strong> : 3 grandes inspirations avant un appel ou un e-mail stressant = mini reset instantan\u00e9.<\/p>\n\n\n\n<p>Respirer, c\u2019est gratuit. Facile. Vital. Vivre mieux commence l\u00e0, dans l\u2019air que l\u2019on oublie parfois de prendre.<\/p>\n\n\n\n<h1 class=\"wp-block-heading has-pale-cyan-blue-background-color has-background\">Respirez mieux en 60 secondes<\/h1>\n\n\n\n<h3 class=\"wp-block-heading\">1\ufe0f\u20e3 Pause et pose<\/h3>\n\n\n\n<p>Arr\u00eatez-vous. Posez vos pieds au sol. \u00c9cartez l\u00e9g\u00e8rement les \u00e9paules.<\/p>\n\n\n\n<h3 class=\"wp-block-heading\">2\ufe0f\u20e3 Inspirez en 4<\/h3>\n\n\n\n<p>Ne laissez pas l\u2019air filer. Inspirez profond\u00e9ment pendant 4 secondes. Sentez le ventre se gonfler.<\/p>\n\n\n\n<h3 class=\"wp-block-heading\">3\ufe0f\u20e3 Retenez en 4<\/h3>\n\n\n\n<p>Bloquez l\u00e9g\u00e8rement votre souffle pendant 4 secondes. Laissez le calme s\u2019installer.<\/p>\n\n\n\n<h3 class=\"wp-block-heading\">4\ufe0f\u20e3 Expirez en 6<\/h3>\n\n\n\n<p>Videz compl\u00e8tement vos poumons pendant 6 secondes. Rel\u00e2chez les tensions.<\/p>\n\n\n\n<h3 class=\"wp-block-heading\">5\ufe0f\u20e3 R\u00e9p\u00e9tez 3x<\/h3>\n\n\n\n<p>En moins d\u2019une minute, le stress baisse, l\u2019esprit se clarifie.<\/p>\n\n\n\n<p>\ud83d\udca1 <strong>Mini hack urbain<\/strong> : faites-le avant un rendez-vous, un e-mail ou m\u00eame dans le m\u00e9tro. Votre cerveau vous dira merci.<\/p>\n\n\n\n<ul class=\"wp-block-list\">\n<li><strong><em><a href=\"https:\/\/guidosaverio.com\/\">Guido SAVERIO<\/a><\/em><\/strong><\/li>\n\n\n\n<li><strong><a href=\"https:\/\/guidosaverio.com\/qui-suis-je\/\">Qui suis-je<\/a><\/strong><\/li>\n<\/ul>\n","protected":false},"excerpt":{"rendered":"<p>On court. On switche. On stresse. Et si le vrai luxe \u00e9tait\u2026 respirer ? Respirer vraiment, \u00e7a change tout : \ud83d\udca1 Astuce express : 3 grandes inspirations avant un appel ou un e-mail stressant = mini reset instantan\u00e9. Respirer, c\u2019est&#8230; <a href=\"https:\/\/clubvivremieux.com\/index.php\/vivre-mieux-commence-par-respirer\/\" class=\"readmore\">Read more<span class=\"screen-reader-text\">Vivre mieux commence par respirer<\/span><span class=\"fa fa-angle-double-right\" aria-hidden=\"true\"><\/span><\/a><\/p>\n","protected":false},"author":1,"featured_media":0,"parent":0,"menu_order":0,"comment_status":"closed","ping_status":"closed","template":"","meta":{"footnotes":""},"class_list":["post-537","page","type-page","status-publish","hentry"],"_links":{"self":[{"href":"https:\/\/clubvivremieux.com\/index.php\/wp-json\/wp\/v2\/pages\/537","targetHints":{"allow":["GET"]}}],"collection":[{"href":"https:\/\/clubvivremieux.com\/index.php\/wp-json\/wp\/v2\/pages"}],"about":[{"href":"https:\/\/clubvivremieux.com\/index.php\/wp-json\/wp\/v2\/types\/page"}],"author":[{"embeddable":true,"href":"https:\/\/clubvivremieux.com\/index.php\/wp-json\/wp\/v2\/users\/1"}],"replies":[{"embeddable":true,"href":"https:\/\/clubvivremieux.com\/index.php\/wp-json\/wp\/v2\/comments?post=537"}],"version-history":[{"count":2,"href":"https:\/\/clubvivremieux.com\/index.php\/wp-json\/wp\/v2\/pages\/537\/revisions"}],"predecessor-version":[{"id":569,"href":"https:\/\/clubvivremieux.com\/index.php\/wp-json\/wp\/v2\/pages\/537\/revisions\/569"}],"wp:attachment":[{"href":"https:\/\/clubvivremieux.com\/index.php\/wp-json\/wp\/v2\/media?parent=537"}],"curies":[{"name":"wp","href":"https:\/\/api.w.org\/{rel}","templated":true}]}}