{"id":534,"date":"2025-11-15T18:03:55","date_gmt":"2025-11-15T18:03:55","guid":{"rendered":"https:\/\/clubvivremieux.com\/?page_id=534"},"modified":"2025-11-16T02:04:39","modified_gmt":"2025-11-16T02:04:39","slug":"moins-tu-parles-plus-tu-ecoutes-et-plus-tu-comprends","status":"publish","type":"page","link":"https:\/\/clubvivremieux.com\/index.php\/moins-tu-parles-plus-tu-ecoutes-et-plus-tu-comprends\/","title":{"rendered":"Moins tu parles, plus tu \u00e9coutes\u2026 et plus tu comprends"},"content":{"rendered":"\n<p>Dans le vacarme quotidien, tout le monde veut parler. Mais rares sont ceux qui savent vraiment <strong>\u00e9couter<\/strong>. Et c\u2019est l\u00e0 que r\u00e9side le secret : <strong>moins tu parles, plus tu absorbes<\/strong>, et plus le monde se r\u00e9v\u00e8le dans ses d\u00e9tails invisibles.<\/p>\n\n\n\n<p>\u00c9couter, ce n\u2019est pas juste entendre. C\u2019est capter les nuances, d\u00e9coder le non-dit, ressentir ce que les mots ne disent pas. Chaque silence, chaque inflexion devient un indice. Et c\u2019est dans cette attention que na\u00eet la compr\u00e9hension profonde : des id\u00e9es, des personnes, des situations.<\/p>\n\n\n\n<p>Dans un monde satur\u00e9 d\u2019informations et de bruit, parler moins n\u2019appauvrit pas. \u00c9couter plus enrichit. <strong>C\u2019est en pr\u00eatant l\u2019oreille que l\u2019on saisit vraiment le monde.<\/strong><\/p>\n\n\n\n<h3 class=\"wp-block-heading has-pale-cyan-blue-background-color has-background\">\ud83c\udfa7 M\u00e9thode Express : Moins tu parles, plus tu \u00e9coutes<\/h3>\n\n\n\n<ol class=\"wp-block-list\">\n<li><strong>Mute ton ego<\/strong> \u2013 Avant de r\u00e9pondre, respire 2 secondes. Ton avis peut attendre.<\/li>\n\n\n\n<li><strong>Active l\u2019\u00e9coute active<\/strong> \u2013 Pas juste entendre, mais <strong>regarder, observer, ressentir<\/strong> les non-dits.<\/li>\n\n\n\n<li><strong>Note les d\u00e9tails<\/strong> \u2013 M\u00eame un mot, un silence, une \u00e9motion peut r\u00e9v\u00e9ler beaucoup.<\/li>\n\n\n\n<li><strong>R\u00e9ponds seulement si n\u00e9cessaire<\/strong> \u2013 Quand tu parles, que ce soit <strong>clair, pertinent et r\u00e9fl\u00e9chi<\/strong>.<\/li>\n\n\n\n<li><strong>D\u00e9brief en silence<\/strong> \u2013 Apr\u00e8s la conversation, prends 1 minute pour dig\u00e9rer et comprendre ce que tu as appris.<\/li>\n<\/ol>\n\n\n\n<p>\ud83d\udca1 R\u00e9sultat rapide : plus de compr\u00e9hension, moins de bruit, et une vraie empathie qui se construit.<\/p>\n\n\n\n<ul class=\"wp-block-list\">\n<li><strong><em><a href=\"https:\/\/guidosaverio.com\/\">Guido SAVERIO<\/a><\/em><\/strong><\/li>\n\n\n\n<li><strong><a href=\"https:\/\/guidosaverio.com\/qui-suis-je\/\">Qui suis-je<\/a><\/strong><\/li>\n<\/ul>\n","protected":false},"excerpt":{"rendered":"<p>Dans le vacarme quotidien, tout le monde veut parler. Mais rares sont ceux qui savent vraiment \u00e9couter. Et c\u2019est l\u00e0 que r\u00e9side le secret : moins tu parles, plus tu absorbes, et plus le monde se r\u00e9v\u00e8le dans ses d\u00e9tails&#8230; <a href=\"https:\/\/clubvivremieux.com\/index.php\/moins-tu-parles-plus-tu-ecoutes-et-plus-tu-comprends\/\" class=\"readmore\">Read more<span class=\"screen-reader-text\">Moins tu parles, plus tu \u00e9coutes\u2026 et plus tu comprends<\/span><span class=\"fa fa-angle-double-right\" aria-hidden=\"true\"><\/span><\/a><\/p>\n","protected":false},"author":1,"featured_media":0,"parent":0,"menu_order":0,"comment_status":"closed","ping_status":"closed","template":"","meta":{"footnotes":""},"class_list":["post-534","page","type-page","status-publish","hentry"],"_links":{"self":[{"href":"https:\/\/clubvivremieux.com\/index.php\/wp-json\/wp\/v2\/pages\/534","targetHints":{"allow":["GET"]}}],"collection":[{"href":"https:\/\/clubvivremieux.com\/index.php\/wp-json\/wp\/v2\/pages"}],"about":[{"href":"https:\/\/clubvivremieux.com\/index.php\/wp-json\/wp\/v2\/types\/page"}],"author":[{"embeddable":true,"href":"https:\/\/clubvivremieux.com\/index.php\/wp-json\/wp\/v2\/users\/1"}],"replies":[{"embeddable":true,"href":"https:\/\/clubvivremieux.com\/index.php\/wp-json\/wp\/v2\/comments?post=534"}],"version-history":[{"count":2,"href":"https:\/\/clubvivremieux.com\/index.php\/wp-json\/wp\/v2\/pages\/534\/revisions"}],"predecessor-version":[{"id":570,"href":"https:\/\/clubvivremieux.com\/index.php\/wp-json\/wp\/v2\/pages\/534\/revisions\/570"}],"wp:attachment":[{"href":"https:\/\/clubvivremieux.com\/index.php\/wp-json\/wp\/v2\/media?parent=534"}],"curies":[{"name":"wp","href":"https:\/\/api.w.org\/{rel}","templated":true}]}}