{"id":505,"date":"2025-11-15T12:37:51","date_gmt":"2025-11-15T12:37:51","guid":{"rendered":"https:\/\/clubvivremieux.com\/?page_id=505"},"modified":"2025-12-21T14:32:18","modified_gmt":"2025-12-21T14:32:18","slug":"le-temps-nattend-personne-sauf-toi","status":"publish","type":"page","link":"https:\/\/clubvivremieux.com\/index.php\/le-temps-nattend-personne-sauf-toi\/","title":{"rendered":"Le temps n\u2019attend personne\u2026 sauf toi."},"content":{"rendered":"<div class=\"wp-block-image\">\n<figure class=\"aligncenter size-full is-resized\"><img loading=\"lazy\" decoding=\"async\" width=\"400\" height=\"600\" src=\"https:\/\/clubvivremieux.com\/wp-content\/uploads\/2025\/12\/ChatGPT-Image-21-dec.-2025-15_3.jpg\" alt=\"\" class=\"wp-image-2073\" style=\"width:190px;height:auto\" srcset=\"https:\/\/clubvivremieux.com\/wp-content\/uploads\/2025\/12\/ChatGPT-Image-21-dec.-2025-15_3.jpg 400w, https:\/\/clubvivremieux.com\/wp-content\/uploads\/2025\/12\/ChatGPT-Image-21-dec.-2025-15_3-200x300.jpg 200w\" sizes=\"auto, (max-width: 400px) 100vw, 400px\" \/><\/figure><\/div>\n\n\n<p>Le monde file. Les notifications s\u2019accumulent. Les journ\u00e9es disparaissent avant m\u00eame que tu ne les aies vues.<\/p>\n\n\n\n<p>Et pourtant, le temps peut s\u2019arr\u00eater\u2026 pour toi.<\/p>\n\n\n\n<p>Chaque minute compte. Chaque choix compte. Que vas-tu en faire ?<\/p>\n\n\n\n<p>30 minutes par jour. Juste 30. Pour \u00e9crire, peindre, marcher, respirer. Pour toi. Ces 30 minutes ne semblent rien. Et pourtant, elles construisent ta vie, morceau par morceau.<\/p>\n\n\n\n<p>Le temps ne ralentit pas. Il ne t\u2019attend pas.<br>Mais toi, tu peux l\u2019arr\u00eater. Juste un instant. Et ce sera suffisant.<\/p>\n\n\n\n<h3 class=\"wp-block-heading has-pale-cyan-blue-background-color has-background\">La m\u00e9thode 3-2-1 pour dompter ton temps<\/h3>\n\n\n\n<p><strong>3 minutes :<\/strong> Respire. D\u00e9branche ton t\u00e9l\u00e9phone. Regarde autour de toi. Prends conscience de l\u2019instant.<\/p>\n\n\n\n<p><strong>2 minutes :<\/strong> Choisis ton petit moment pour toi. Lecture, \u00e9criture, dessin, m\u00e9ditation\u2026 rien de compliqu\u00e9, juste ce qui te fait vibrer.<\/p>\n\n\n\n<p><strong>1 minute :<\/strong> Lance-toi. Pas besoin d\u2019attendre le \u201cbon moment\u201d. Ces 30 minutes par jour, c\u2019est toi qui les fixes.<\/p>\n\n\n\n<p><strong>R\u00e9sultat :<\/strong> 30 minutes par jour pour toi. Ta passion, ton souffle, ta libert\u00e9. Le monde continue de courir\u2026 mais toi, tu prends le contr\u00f4le.<\/p>\n\n\n\n<ul class=\"wp-block-list\">\n<li><strong><em><a href=\"https:\/\/guidosaverio.com\/\">Guido SAVERIO<\/a><\/em><\/strong><\/li>\n\n\n\n<li><strong><a href=\"https:\/\/guidosaverio.com\/qui-suis-je\/\">Qui suis-je<\/a><\/strong><\/li>\n<\/ul>\n","protected":false},"excerpt":{"rendered":"<p>Le monde file. Les notifications s\u2019accumulent. Les journ\u00e9es disparaissent avant m\u00eame que tu ne les aies vues. Et pourtant, le temps peut s\u2019arr\u00eater\u2026 pour toi. Chaque minute compte. Chaque choix compte. Que vas-tu en faire ? 30 minutes par jour&#8230;. <a href=\"https:\/\/clubvivremieux.com\/index.php\/le-temps-nattend-personne-sauf-toi\/\" class=\"readmore\">Read more<span class=\"screen-reader-text\">Le temps n\u2019attend personne\u2026 sauf toi.<\/span><span class=\"fa fa-angle-double-right\" aria-hidden=\"true\"><\/span><\/a><\/p>\n","protected":false},"author":1,"featured_media":0,"parent":0,"menu_order":0,"comment_status":"closed","ping_status":"closed","template":"","meta":{"footnotes":""},"class_list":["post-505","page","type-page","status-publish","hentry"],"_links":{"self":[{"href":"https:\/\/clubvivremieux.com\/index.php\/wp-json\/wp\/v2\/pages\/505","targetHints":{"allow":["GET"]}}],"collection":[{"href":"https:\/\/clubvivremieux.com\/index.php\/wp-json\/wp\/v2\/pages"}],"about":[{"href":"https:\/\/clubvivremieux.com\/index.php\/wp-json\/wp\/v2\/types\/page"}],"author":[{"embeddable":true,"href":"https:\/\/clubvivremieux.com\/index.php\/wp-json\/wp\/v2\/users\/1"}],"replies":[{"embeddable":true,"href":"https:\/\/clubvivremieux.com\/index.php\/wp-json\/wp\/v2\/comments?post=505"}],"version-history":[{"count":3,"href":"https:\/\/clubvivremieux.com\/index.php\/wp-json\/wp\/v2\/pages\/505\/revisions"}],"predecessor-version":[{"id":2074,"href":"https:\/\/clubvivremieux.com\/index.php\/wp-json\/wp\/v2\/pages\/505\/revisions\/2074"}],"wp:attachment":[{"href":"https:\/\/clubvivremieux.com\/index.php\/wp-json\/wp\/v2\/media?parent=505"}],"curies":[{"name":"wp","href":"https:\/\/api.w.org\/{rel}","templated":true}]}}