{"id":502,"date":"2025-11-15T12:29:50","date_gmt":"2025-11-15T12:29:50","guid":{"rendered":"https:\/\/clubvivremieux.com\/?page_id=502"},"modified":"2025-12-21T14:24:22","modified_gmt":"2025-12-21T14:24:22","slug":"silence-le-bruit-tue-les-idees","status":"publish","type":"page","link":"https:\/\/clubvivremieux.com\/index.php\/silence-le-bruit-tue-les-idees\/","title":{"rendered":"Silence : le bruit tue les id\u00e9es"},"content":{"rendered":"<div class=\"wp-block-image\">\n<figure class=\"aligncenter size-full is-resized\"><img loading=\"lazy\" decoding=\"async\" width=\"512\" height=\"768\" src=\"https:\/\/clubvivremieux.com\/wp-content\/uploads\/2025\/12\/ChatGPT-Image-21-dec.-2025-15_2.png\" alt=\"\" class=\"wp-image-2071\" style=\"width:170px;height:auto\" srcset=\"https:\/\/clubvivremieux.com\/wp-content\/uploads\/2025\/12\/ChatGPT-Image-21-dec.-2025-15_2.png 512w, https:\/\/clubvivremieux.com\/wp-content\/uploads\/2025\/12\/ChatGPT-Image-21-dec.-2025-15_2-200x300.png 200w\" sizes=\"auto, (max-width: 512px) 100vw, 512px\" \/><\/figure><\/div>\n\n\n<p>Dans un monde satur\u00e9 de notifications et de multit\u00e2che, le silence est devenu un luxe\u2026 mais un luxe cr\u00e9atif. La concentration s\u2019\u00e9panouit loin du vacarme, et les id\u00e9es naissent quand l\u2019esprit peut enfin vagabonder.<\/p>\n\n\n\n<p>Essayez : travaillez dans une pi\u00e8ce calme plut\u00f4t que dans un open space bruyant. Vous verrez vos id\u00e9es se clarifier, se relier et parfois m\u00eame \u00e9clore presque toutes seules. Le bruit disperse l\u2019attention, le silence la nourrit.<\/p>\n\n\n\n<p>Red\u00e9couvrez le calme : c\u2019est l\u00e0 que la cr\u00e9ativit\u00e9 se cache.<\/p>\n\n\n\n<h3 class=\"wp-block-heading has-pale-cyan-blue-background-color has-background\">M\u00e9thode express pour booster la cr\u00e9ativit\u00e9 : le silence actif<\/h3>\n\n\n\n<ol class=\"wp-block-list\">\n<li><strong>Choisissez votre cocon<\/strong> : une pi\u00e8ce calme, vos \u00e9couteurs en mode \u201coff\u201d, votre t\u00e9l\u00e9phone en mode avion.<\/li>\n\n\n\n<li><strong>Bloquez 25 minutes<\/strong> : pas d\u2019e-mails, pas de messages, juste vous et votre projet.<\/li>\n\n\n\n<li><strong>Notez toutes vos id\u00e9es<\/strong> : m\u00eame les plus folles. Pas de filtre, laissez votre cerveau vagabonder.<\/li>\n\n\n\n<li><strong>Faites une pause sonore<\/strong> : 5 minutes de marche ou de respiration, loin des bruits num\u00e9riques.<\/li>\n\n\n\n<li><strong>Relisez et s\u00e9lectionnez<\/strong> : souvent, la meilleure id\u00e9e appara\u00eet juste apr\u00e8s le silence.<\/li>\n<\/ol>\n\n\n\n<p>\ud83d\udca1 <strong>Astuce moderne<\/strong> : r\u00e9p\u00e9tez ce cycle 2 \u00e0 3 fois par jour. R\u00e9sultat : moins de distractions, plus de concentration, des id\u00e9es qui jaillissent naturellement.<\/p>\n\n\n\n<ul class=\"wp-block-list\">\n<li><strong><em><a href=\"https:\/\/guidosaverio.com\/\">Guido SAVERIO<\/a><\/em><\/strong><\/li>\n\n\n\n<li><strong><a href=\"https:\/\/guidosaverio.com\/qui-suis-je\/\">Qui suis-je<\/a><\/strong><\/li>\n<\/ul>\n","protected":false},"excerpt":{"rendered":"<p>Dans un monde satur\u00e9 de notifications et de multit\u00e2che, le silence est devenu un luxe\u2026 mais un luxe cr\u00e9atif. La concentration s\u2019\u00e9panouit loin du vacarme, et les id\u00e9es naissent quand l\u2019esprit peut enfin vagabonder. Essayez : travaillez dans une pi\u00e8ce&#8230; <a href=\"https:\/\/clubvivremieux.com\/index.php\/silence-le-bruit-tue-les-idees\/\" class=\"readmore\">Read more<span class=\"screen-reader-text\">Silence : le bruit tue les id\u00e9es<\/span><span class=\"fa fa-angle-double-right\" aria-hidden=\"true\"><\/span><\/a><\/p>\n","protected":false},"author":1,"featured_media":0,"parent":0,"menu_order":0,"comment_status":"closed","ping_status":"closed","template":"","meta":{"footnotes":""},"class_list":["post-502","page","type-page","status-publish","hentry"],"_links":{"self":[{"href":"https:\/\/clubvivremieux.com\/index.php\/wp-json\/wp\/v2\/pages\/502","targetHints":{"allow":["GET"]}}],"collection":[{"href":"https:\/\/clubvivremieux.com\/index.php\/wp-json\/wp\/v2\/pages"}],"about":[{"href":"https:\/\/clubvivremieux.com\/index.php\/wp-json\/wp\/v2\/types\/page"}],"author":[{"embeddable":true,"href":"https:\/\/clubvivremieux.com\/index.php\/wp-json\/wp\/v2\/users\/1"}],"replies":[{"embeddable":true,"href":"https:\/\/clubvivremieux.com\/index.php\/wp-json\/wp\/v2\/comments?post=502"}],"version-history":[{"count":3,"href":"https:\/\/clubvivremieux.com\/index.php\/wp-json\/wp\/v2\/pages\/502\/revisions"}],"predecessor-version":[{"id":2072,"href":"https:\/\/clubvivremieux.com\/index.php\/wp-json\/wp\/v2\/pages\/502\/revisions\/2072"}],"wp:attachment":[{"href":"https:\/\/clubvivremieux.com\/index.php\/wp-json\/wp\/v2\/media?parent=502"}],"curies":[{"name":"wp","href":"https:\/\/api.w.org\/{rel}","templated":true}]}}