{"id":499,"date":"2025-11-15T12:22:22","date_gmt":"2025-11-15T12:22:22","guid":{"rendered":"https:\/\/clubvivremieux.com\/?page_id=499"},"modified":"2025-11-16T02:09:08","modified_gmt":"2025-11-16T02:09:08","slug":"les-erreurs-nos-diplomes-invisibles","status":"publish","type":"page","link":"https:\/\/clubvivremieux.com\/index.php\/les-erreurs-nos-diplomes-invisibles\/","title":{"rendered":"Les erreurs : nos dipl\u00f4mes invisibles"},"content":{"rendered":"\n<p>On a tendance \u00e0 fuir l\u2019\u00e9chec, mais et si chaque erreur \u00e9tait en r\u00e9alit\u00e9 un dipl\u00f4me invisible ? Chaque faux pas nous apprend quelque chose que le succ\u00e8s imm\u00e9diat ne peut offrir.<\/p>\n\n\n\n<p>Regardez les entrepreneurs : nombreux sont ceux qui ont vu leurs projets \u00e9chouer avant de trouver la formule gagnante. Chaque revers aff\u00fbte la vision, la strat\u00e9gie et la pers\u00e9v\u00e9rance.<\/p>\n\n\n\n<p>Dans la vie quotidienne, c\u2019est pareil : une recette rat\u00e9e, une discussion qui d\u00e9rape, un projet qui tombe \u00e0 l\u2019eau\u2026 Chaque \u00e9chec nous apprend, nous rend plus forts, plus attentifs, plus exp\u00e9riment\u00e9s.<\/p>\n\n\n\n<p>Alors, au lieu de craindre les erreurs, collectionnez-les. Ce sont vos <strong>dipl\u00f4mes invisibles<\/strong>, pr\u00e9cieux et uniques, qui vous pr\u00e9parent \u00e0 vos prochains succ\u00e8s.<\/p>\n\n\n\n<h3 class=\"wp-block-heading has-pale-cyan-blue-background-color has-background\">M\u00e9thode <strong>3R<\/strong> : Rapide, Simple, Efficace<\/h3>\n\n\n\n<ol class=\"wp-block-list\">\n<li><strong>Reconna\u00eetre<\/strong>\n<ul class=\"wp-block-list\">\n<li>D\u00e8s qu\u2019une erreur se produit, note-la sans jugement.<\/li>\n\n\n\n<li>Exemple : \u201cJ\u2019ai lanc\u00e9 mon produit trop t\u00f4t, sans tester le march\u00e9.\u201d<\/li>\n<\/ul>\n<\/li>\n\n\n\n<li><strong>R\u00e9fl\u00e9chir<\/strong>\n<ul class=\"wp-block-list\">\n<li>Demande-toi : <em>Qu\u2019est-ce que cette erreur m\u2019apprend ?<\/em><\/li>\n\n\n\n<li>Exemple : \u201cJe dois valider mes id\u00e9es avec de vrais utilisateurs avant de lancer.\u201d<\/li>\n<\/ul>\n<\/li>\n\n\n\n<li><strong>R\u00e9agir<\/strong>\n<ul class=\"wp-block-list\">\n<li>Transforme l\u2019apprentissage en action concr\u00e8te.<\/li>\n\n\n\n<li>Exemple : cr\u00e9er un petit prototype et tester avant le lancement officiel.<\/li>\n<\/ul>\n<\/li>\n<\/ol>\n\n\n\n<p>\ud83d\udca1 <strong>Astuce moderne :<\/strong> Note tes erreurs et tes apprentissages dans une app ou un carnet digital. En quelques semaines, tu verras un \u201cdossier de dipl\u00f4mes invisibles\u201d se construire devant toi.<\/p>\n\n\n\n<ul class=\"wp-block-list\">\n<li><strong><em><a href=\"https:\/\/guidosaverio.com\/\">Guido SAVERIO<\/a><\/em><\/strong><\/li>\n\n\n\n<li><strong><a href=\"https:\/\/guidosaverio.com\/qui-suis-je\/\">Qui suis-je<\/a><\/strong><\/li>\n<\/ul>\n","protected":false},"excerpt":{"rendered":"<p>On a tendance \u00e0 fuir l\u2019\u00e9chec, mais et si chaque erreur \u00e9tait en r\u00e9alit\u00e9 un dipl\u00f4me invisible ? Chaque faux pas nous apprend quelque chose que le succ\u00e8s imm\u00e9diat ne peut offrir. Regardez les entrepreneurs : nombreux sont ceux qui&#8230; <a href=\"https:\/\/clubvivremieux.com\/index.php\/les-erreurs-nos-diplomes-invisibles\/\" class=\"readmore\">Read more<span class=\"screen-reader-text\">Les erreurs : nos dipl\u00f4mes invisibles<\/span><span class=\"fa fa-angle-double-right\" aria-hidden=\"true\"><\/span><\/a><\/p>\n","protected":false},"author":1,"featured_media":0,"parent":0,"menu_order":0,"comment_status":"closed","ping_status":"closed","template":"","meta":{"footnotes":""},"class_list":["post-499","page","type-page","status-publish","hentry"],"_links":{"self":[{"href":"https:\/\/clubvivremieux.com\/index.php\/wp-json\/wp\/v2\/pages\/499","targetHints":{"allow":["GET"]}}],"collection":[{"href":"https:\/\/clubvivremieux.com\/index.php\/wp-json\/wp\/v2\/pages"}],"about":[{"href":"https:\/\/clubvivremieux.com\/index.php\/wp-json\/wp\/v2\/types\/page"}],"author":[{"embeddable":true,"href":"https:\/\/clubvivremieux.com\/index.php\/wp-json\/wp\/v2\/users\/1"}],"replies":[{"embeddable":true,"href":"https:\/\/clubvivremieux.com\/index.php\/wp-json\/wp\/v2\/comments?post=499"}],"version-history":[{"count":2,"href":"https:\/\/clubvivremieux.com\/index.php\/wp-json\/wp\/v2\/pages\/499\/revisions"}],"predecessor-version":[{"id":578,"href":"https:\/\/clubvivremieux.com\/index.php\/wp-json\/wp\/v2\/pages\/499\/revisions\/578"}],"wp:attachment":[{"href":"https:\/\/clubvivremieux.com\/index.php\/wp-json\/wp\/v2\/media?parent=499"}],"curies":[{"name":"wp","href":"https:\/\/api.w.org\/{rel}","templated":true}]}}