{"id":495,"date":"2025-11-15T12:10:38","date_gmt":"2025-11-15T12:10:38","guid":{"rendered":"https:\/\/clubvivremieux.com\/?page_id=495"},"modified":"2025-12-21T13:17:58","modified_gmt":"2025-12-21T13:17:58","slug":"tu-ne-controles-rien-sauf-ton-regard","status":"publish","type":"page","link":"https:\/\/clubvivremieux.com\/index.php\/tu-ne-controles-rien-sauf-ton-regard\/","title":{"rendered":"\u00ab Tu ne contr\u00f4les rien\u2026 sauf ton regard \u00bb"},"content":{"rendered":"<div class=\"wp-block-image\">\n<figure class=\"aligncenter size-full is-resized\"><img loading=\"lazy\" decoding=\"async\" width=\"512\" height=\"768\" src=\"https:\/\/clubvivremieux.com\/wp-content\/uploads\/2025\/12\/ChatGPT-Image-21-dec.-2025-14_1-1.png\" alt=\"\" class=\"wp-image-2065\" style=\"width:176px;height:auto\" srcset=\"https:\/\/clubvivremieux.com\/wp-content\/uploads\/2025\/12\/ChatGPT-Image-21-dec.-2025-14_1-1.png 512w, https:\/\/clubvivremieux.com\/wp-content\/uploads\/2025\/12\/ChatGPT-Image-21-dec.-2025-14_1-1-200x300.png 200w\" sizes=\"auto, (max-width: 512px) 100vw, 512px\" \/><\/figure><\/div>\n\n\n<p>Le monde \u00e9chappe \u00e0 ton contr\u00f4le. Les retards, les conflits, les impr\u00e9vus\u2026 rien n\u2019est jamais exactement comme pr\u00e9vu. Mais il y a une chose que tu peux toujours choisir : <strong>ton regard sur les \u00e9v\u00e9nements<\/strong>.<\/p>\n\n\n\n<p>Deux personnes vivent la m\u00eame situation : l\u2019une se plaint, l\u2019autre cherche une solution. M\u00eame r\u00e9alit\u00e9, exp\u00e9riences radicalement diff\u00e9rentes. La perception change tout.<\/p>\n\n\n\n<p>Ne lutte pas contre ce que tu ne peux pas contr\u00f4ler. Concentre-toi sur ce que tu peux : <strong>ta mani\u00e8re de voir, de penser, de r\u00e9agir<\/strong>. Parce qu\u2019au final, ton regard n\u2019est pas seulement un filtre : c\u2019est le levier qui transforme les obstacles en opportunit\u00e9s.<\/p>\n\n\n\n<h2 class=\"wp-block-heading has-pale-cyan-blue-background-color has-background\">M\u00e9thode RAPIDE pour changer ton regard<\/h2>\n\n\n\n<p><strong>1. Reconnais l\u2019\u00e9v\u00e9nement (30 sec)<\/strong><br>Accepte ce qui se passe sans jugement. Exemple : \u201cMon projet est retard\u00e9 de 2 semaines.\u201d<br><em>(Ne cherche pas \u00e0 le nier ni \u00e0 t\u2019\u00e9nerver.)<\/em><\/p>\n\n\n\n<p><strong>2. Analyse ton regard (1 min)<\/strong><br>Demande-toi : \u201cComment est-ce que je per\u00e7ois cette situation ? Est-ce que je me plains ou je cherche des solutions ?\u201d<\/p>\n\n\n\n<p><strong>3. Redirige ton attention (2 min)<\/strong><br>D\u00e9cide consciemment de voir ce que tu peux contr\u00f4ler. Par exemple :<\/p>\n\n\n\n<ul class=\"wp-block-list\">\n<li>Quels petits pas puis-je faire pour avancer malgr\u00e9 le retard ?<\/li>\n\n\n\n<li>Quelles opportunit\u00e9s ce contretemps pourrait-il cr\u00e9er ?<\/li>\n<\/ul>\n\n\n\n<p><strong>4. Action imm\u00e9diate (3 min)<\/strong><br>Fais <strong>au moins une action concr\u00e8te<\/strong> qui transforme ta perception en solution. M\u00eame un petit pas compte.<\/p>\n\n\n\n<p><strong>5. R\u00e9p\u00e8te au quotidien<\/strong><br>Chaque situation frustrante est un entra\u00eenement. Plus tu pratiques, plus ton regard devient ton levier.<\/p>\n\n\n\n<hr class=\"wp-block-separator has-alpha-channel-opacity\"\/>\n\n\n\n<p>En r\u00e9sum\u00e9 : <strong>Reconnais \u2192 Analyse \u2192 Redirige \u2192 Agis \u2192 R\u00e9p\u00e8te<\/strong>.<br>Cinq \u00e9tapes simples, moins de 6 minutes par situation, et tu reprends le contr\u00f4le\u2026 sans jamais toucher l\u2019\u00e9v\u00e9nement lui-m\u00eame.<\/p>\n\n\n\n<ul class=\"wp-block-list\">\n<li><strong><em><a href=\"https:\/\/guidosaverio.com\/\">Guido SAVERIO<\/a><\/em><\/strong><\/li>\n\n\n\n<li><strong><a href=\"https:\/\/guidosaverio.com\/qui-suis-je\/\">Qui suis-je<\/a><\/strong><\/li>\n<\/ul>\n","protected":false},"excerpt":{"rendered":"<p>Le monde \u00e9chappe \u00e0 ton contr\u00f4le. Les retards, les conflits, les impr\u00e9vus\u2026 rien n\u2019est jamais exactement comme pr\u00e9vu. Mais il y a une chose que tu peux toujours choisir : ton regard sur les \u00e9v\u00e9nements. Deux personnes vivent la m\u00eame&#8230; <a href=\"https:\/\/clubvivremieux.com\/index.php\/tu-ne-controles-rien-sauf-ton-regard\/\" class=\"readmore\">Read more<span class=\"screen-reader-text\">\u00ab Tu ne contr\u00f4les rien\u2026 sauf ton regard \u00bb<\/span><span class=\"fa fa-angle-double-right\" aria-hidden=\"true\"><\/span><\/a><\/p>\n","protected":false},"author":1,"featured_media":0,"parent":0,"menu_order":0,"comment_status":"closed","ping_status":"closed","template":"","meta":{"footnotes":""},"class_list":["post-495","page","type-page","status-publish","hentry"],"_links":{"self":[{"href":"https:\/\/clubvivremieux.com\/index.php\/wp-json\/wp\/v2\/pages\/495","targetHints":{"allow":["GET"]}}],"collection":[{"href":"https:\/\/clubvivremieux.com\/index.php\/wp-json\/wp\/v2\/pages"}],"about":[{"href":"https:\/\/clubvivremieux.com\/index.php\/wp-json\/wp\/v2\/types\/page"}],"author":[{"embeddable":true,"href":"https:\/\/clubvivremieux.com\/index.php\/wp-json\/wp\/v2\/users\/1"}],"replies":[{"embeddable":true,"href":"https:\/\/clubvivremieux.com\/index.php\/wp-json\/wp\/v2\/comments?post=495"}],"version-history":[{"count":3,"href":"https:\/\/clubvivremieux.com\/index.php\/wp-json\/wp\/v2\/pages\/495\/revisions"}],"predecessor-version":[{"id":2066,"href":"https:\/\/clubvivremieux.com\/index.php\/wp-json\/wp\/v2\/pages\/495\/revisions\/2066"}],"wp:attachment":[{"href":"https:\/\/clubvivremieux.com\/index.php\/wp-json\/wp\/v2\/media?parent=495"}],"curies":[{"name":"wp","href":"https:\/\/api.w.org\/{rel}","templated":true}]}}