{"id":490,"date":"2025-11-15T00:50:28","date_gmt":"2025-11-15T00:50:28","guid":{"rendered":"https:\/\/clubvivremieux.com\/?page_id=490"},"modified":"2025-11-16T02:10:42","modified_gmt":"2025-11-16T02:10:42","slug":"vivre-mieux-penser-mieux-agir-mieux-des-aujourdhui","status":"publish","type":"page","link":"https:\/\/clubvivremieux.com\/index.php\/vivre-mieux-penser-mieux-agir-mieux-des-aujourdhui\/","title":{"rendered":"Vivre mieux, penser mieux, agir mieux \u2013 d\u00e8s aujourd\u2019hui"},"content":{"rendered":"\n<p>Le monde moderne va vite. Trop vite. Notifications, emails, infos qui d\u00e9filent\u2026 On se retrouve souvent <strong>perdu dans le bruit<\/strong>, \u00e0 se demander : <em>\u201cComment je peux vraiment avancer ?\u201d<\/em><\/p>\n\n\n\n<p>La v\u00e9rit\u00e9, c\u2019est simple : <strong>vous n\u2019avez pas besoin de changer votre vie enti\u00e8re d\u2019un coup.<\/strong> Vous n\u2019avez pas besoin de tout comprendre ou de tout ma\u00eetriser. Vous avez juste besoin de <strong>commencer ici et maintenant<\/strong>.<\/p>\n\n\n\n<h3 class=\"wp-block-heading\"><strong>Vivre mieux<\/strong><\/h3>\n\n\n\n<p>Vivre mieux, ce n\u2019est pas une vie parfaite. C\u2019est <strong>arr\u00eater de courir apr\u00e8s des trucs qui ne comptent pas<\/strong> et se concentrer sur ce qui vous fait du bien aujourd\u2019hui. Respirez un peu. Bougez un peu. Mangez mieux. Souriez \u00e0 quelqu\u2019un. \u00c7a suffit. Chaque petit geste compte.<\/p>\n\n\n\n<h3 class=\"wp-block-heading\"><strong>Penser mieux<\/strong><\/h3>\n\n\n\n<p>Votre cerveau est bombard\u00e9 d\u2019infos. Pour penser mieux, <strong>filtrez, simplifiez, questionnez<\/strong>. Posez-vous cette question simple : <em>\u201cEst-ce que \u00e7a me fait avancer ?\u201d<\/em> Si la r\u00e9ponse est non, laissez tomber. Arr\u00eatez de vous perdre dans des probl\u00e8mes qui ne sont pas les v\u00f4tres.<\/p>\n\n\n\n<h3 class=\"wp-block-heading\"><strong>Agir mieux<\/strong><\/h3>\n\n\n\n<p>L\u2019action, c\u2019est le seul truc qui change vraiment les choses. <strong>M\u00eame un petit pas chaque jour est mieux que rien<\/strong>. Dans le monde moderne, attendre le \u201cmoment parfait\u201d est une excuse. Commencez maintenant. \u00c9chouez vite, apprenez vite, recommencez.<\/p>\n\n\n\n<p>Le monde moderne ne va pas ralentir pour vous. <strong>Vos r\u00eaves, vos ambitions, votre \u00e9nergie \u2013 ils ont besoin de vous maintenant.<\/strong> Vivre mieux, penser mieux, agir mieux, ce n\u2019est pas une th\u00e9orie. C\u2019est une pratique quotidienne. Et \u00e7a commence <strong>d\u00e8s aujourd\u2019hui<\/strong>, pas demain.<\/p>\n\n\n\n<ul class=\"wp-block-list\">\n<li><strong><em><a href=\"https:\/\/guidosaverio.com\/\">Guido SAVERIO<\/a><\/em><\/strong><\/li>\n\n\n\n<li><strong><a href=\"https:\/\/guidosaverio.com\/qui-suis-je\/\">Qui suis-je<\/a><\/strong><\/li>\n<\/ul>\n","protected":false},"excerpt":{"rendered":"<p>Le monde moderne va vite. Trop vite. Notifications, emails, infos qui d\u00e9filent\u2026 On se retrouve souvent perdu dans le bruit, \u00e0 se demander : \u201cComment je peux vraiment avancer ?\u201d La v\u00e9rit\u00e9, c\u2019est simple : vous n\u2019avez pas besoin de&#8230; <a href=\"https:\/\/clubvivremieux.com\/index.php\/vivre-mieux-penser-mieux-agir-mieux-des-aujourdhui\/\" class=\"readmore\">Read more<span class=\"screen-reader-text\">Vivre mieux, penser mieux, agir mieux \u2013 d\u00e8s aujourd\u2019hui<\/span><span class=\"fa fa-angle-double-right\" aria-hidden=\"true\"><\/span><\/a><\/p>\n","protected":false},"author":1,"featured_media":0,"parent":0,"menu_order":0,"comment_status":"closed","ping_status":"closed","template":"","meta":{"footnotes":""},"class_list":["post-490","page","type-page","status-publish","hentry"],"_links":{"self":[{"href":"https:\/\/clubvivremieux.com\/index.php\/wp-json\/wp\/v2\/pages\/490","targetHints":{"allow":["GET"]}}],"collection":[{"href":"https:\/\/clubvivremieux.com\/index.php\/wp-json\/wp\/v2\/pages"}],"about":[{"href":"https:\/\/clubvivremieux.com\/index.php\/wp-json\/wp\/v2\/types\/page"}],"author":[{"embeddable":true,"href":"https:\/\/clubvivremieux.com\/index.php\/wp-json\/wp\/v2\/users\/1"}],"replies":[{"embeddable":true,"href":"https:\/\/clubvivremieux.com\/index.php\/wp-json\/wp\/v2\/comments?post=490"}],"version-history":[{"count":2,"href":"https:\/\/clubvivremieux.com\/index.php\/wp-json\/wp\/v2\/pages\/490\/revisions"}],"predecessor-version":[{"id":581,"href":"https:\/\/clubvivremieux.com\/index.php\/wp-json\/wp\/v2\/pages\/490\/revisions\/581"}],"wp:attachment":[{"href":"https:\/\/clubvivremieux.com\/index.php\/wp-json\/wp\/v2\/media?parent=490"}],"curies":[{"name":"wp","href":"https:\/\/api.w.org\/{rel}","templated":true}]}}