{"id":482,"date":"2025-11-15T00:41:11","date_gmt":"2025-11-15T00:41:11","guid":{"rendered":"https:\/\/clubvivremieux.com\/?page_id=482"},"modified":"2025-11-24T02:08:30","modified_gmt":"2025-11-24T02:08:30","slug":"les-articles","status":"publish","type":"page","link":"https:\/\/clubvivremieux.com\/index.php\/les-articles\/","title":{"rendered":"ARTICLES avec METHODES EXPRESS"},"content":{"rendered":"\n<div class=\"wp-block-columns is-layout-flex wp-container-core-columns-is-layout-1 wp-block-columns-is-layout-flex\">\n<div class=\"wp-block-column is-layout-flow wp-block-column-is-layout-flow\"><div class=\"wp-block-image\">\n<figure class=\"aligncenter size-full is-resized\"><img loading=\"lazy\" decoding=\"async\" width=\"256\" height=\"384\" src=\"https:\/\/clubvivremieux.com\/wp-content\/uploads\/2025\/11\/ChatGPT-Image-18-nov.-2025-21_5.png\" alt=\"\" class=\"wp-image-746\" style=\"width:162px;height:auto\" srcset=\"https:\/\/clubvivremieux.com\/wp-content\/uploads\/2025\/11\/ChatGPT-Image-18-nov.-2025-21_5.png 256w, https:\/\/clubvivremieux.com\/wp-content\/uploads\/2025\/11\/ChatGPT-Image-18-nov.-2025-21_5-200x300.png 200w\" sizes=\"auto, (max-width: 256px) 100vw, 256px\" \/><\/figure><\/div><\/div>\n\n\n\n<div class=\"wp-block-column is-layout-flow wp-block-column-is-layout-flow\">\n<p><strong>Bienvenue dans le monde qui ne dort jamais !<\/strong><br>Vous \u00eates curieux, connect\u00e9, et toujours en qu\u00eate des derni\u00e8res tendances qui fa\u00e7onnent notre quotidien ?<\/p>\n<\/div>\n<\/div>\n\n\n\n<ul class=\"wp-block-list\">\n<li><strong><a href=\"https:\/\/clubvivremieux.com\/index.php\/decouvrez-le-secret-pour-vivre-mieux-des-aujourdhui\/\">D\u00e9couvrez le secret pour vivre mieux, d\u00e8s aujourd\u2019hui<\/a><\/strong><\/li>\n\n\n\n<li><strong><a href=\"https:\/\/clubvivremieux.com\/index.php\/vivre-mieux-penser-mieux-agir-mieux-des-aujourdhui\/\">Vivre mieux, penser mieux, agir mieux \u2013 d\u00e8s aujourd\u2019hui<\/a><\/strong><\/li>\n<\/ul>\n\n\n\n<ul class=\"wp-block-list\">\n<li><strong><a href=\"https:\/\/clubvivremieux.com\/index.php\/tu-ne-controles-rien-sauf-ton-regard\/\">\u00ab Tu ne contr\u00f4les rien\u2026 sauf ton regard \u00bb<\/a><\/strong><\/li>\n\n\n\n<li><strong><a href=\"https:\/\/clubvivremieux.com\/index.php\/moins-tu-en-fais-plus-tu-en-gagnes\/\">\u00ab Moins tu en fais, plus tu en gagnes \u00bb<\/a><\/strong><\/li>\n\n\n\n<li><strong><a href=\"https:\/\/clubvivremieux.com\/index.php\/les-erreurs-nos-diplomes-invisibles\/\">Les erreurs : nos dipl\u00f4mes invisibles<\/a><\/strong><\/li>\n\n\n\n<li><strong><a href=\"https:\/\/clubvivremieux.com\/index.php\/silence-le-bruit-tue-les-idees\/\">Silence : le bruit tue les id\u00e9es<\/a><\/strong><\/li>\n\n\n\n<li><strong><a href=\"https:\/\/clubvivremieux.com\/index.php\/le-temps-nattend-personne-sauf-toi\/\">Le temps n\u2019attend personne\u2026 sauf toi<\/a><\/strong><\/li>\n\n\n\n<li><a href=\"https:\/\/clubvivremieux.com\/index.php\/tu-as-deja-tout-ce-quil-te-faut-pour-commencer\/\"><strong>Tu as d\u00e9j\u00e0 tout ce qu\u2019il te faut pour commencer<\/strong><\/a><\/li>\n\n\n\n<li><strong><a href=\"https:\/\/clubvivremieux.com\/index.php\/ranger-ton-espace-cest-ranger-ton-esprit\/\">Ranger ton espace, c\u2019est ranger ton esprit<\/a><\/strong><\/li>\n\n\n\n<li><strong><a href=\"https:\/\/clubvivremieux.com\/index.php\/les-petits-rituels-battent-les-grandes-resolutions\/\">Les petits rituels battent les grandes r\u00e9solutions<\/a><\/strong><\/li>\n\n\n\n<li><strong><a href=\"https:\/\/clubvivremieux.com\/index.php\/les-petits-plaisirs-des-vacances-pour-lesprit\/\">Les petits plaisirs : des vacances pour l\u2019esprit<\/a><\/strong><\/li>\n\n\n\n<li><strong><a href=\"https:\/\/clubvivremieux.com\/index.php\/dire-ce-que-tu-ressens-zero-amertume\/\">Dire ce que tu ressens = z\u00e9ro amertume<\/a><\/strong><\/li>\n\n\n\n<li><strong><a href=\"https:\/\/clubvivremieux.com\/index.php\/moins-tu-parles-plus-tu-ecoutes-et-plus-tu-comprends\/\">Moins tu parles, plus tu \u00e9coutes\u2026 et plus tu comprends<\/a><\/strong><\/li>\n\n\n\n<li><strong><a href=\"https:\/\/clubvivremieux.com\/index.php\/vivre-mieux-commence-par-respirer\/\">Vivre mieux commence par respirer<\/a><\/strong><\/li>\n\n\n\n<li><strong><a href=\"https:\/\/clubvivremieux.com\/index.php\/ton-pire-ennemi-tes-pensees\/\">\u00ab Ton pire ennemi ? Tes propres pens\u00e9es. \u00bb<\/a><\/strong>  Observer ses pens\u00e9es permet de se lib\u00e9rer des blocages.<\/li>\n\n\n\n<li><\/li>\n\n\n\n<li><strong><a href=\"https:\/\/clubvivremieux.com\/index.php\/vieillir-un-privilege-a-celebrer\/\">Vieillir, c\u2019est un privil\u00e8ge \u00e0 c\u00e9l\u00e9brer chaque jour<\/a><\/strong><\/li>\n\n\n\n<li><strong><a href=\"https:\/\/clubvivremieux.com\/index.php\/lage-nest-quun-chiffre\/\">\u00ab L\u2019\u00e2ge n\u2019est qu\u2019un chiffre, pas une limite \u00bb<\/a><\/strong><\/li>\n\n\n\n<li><strong><a href=\"https:\/\/clubvivremieux.com\/index.php\/la-vitalite-ton-jardin-secret-a-cultiver\/\">\u201cLa vitalit\u00e9, ton jardin secret \u00e0 cultiver\u201d Mini-formation <\/a><\/strong><\/li>\n\n\n\n<li><strong><a href=\"https:\/\/clubvivremieux.com\/index.php\/bien-vieillir-aimer-et-etre-aime-mini-formation\/\">Bien vieillir = aimer et \u00eatre aim\u00e9 -Mini-formation<\/a><\/strong> <\/li>\n\n\n\n<li><strong><a href=\"https:\/\/clubvivremieux.com\/index.php\/bien-vieillir-cest-rester-curieux\/\">\u00ab Bien vieillir, c\u2019est rester curieux \u00bb<\/a><\/strong><\/li>\n<\/ul>\n\n\n\n<ul class=\"wp-block-list\">\n<li><strong><a href=\"https:\/\/clubvivremieux.com\/index.php\/pense-grand-deviens-inarretable-2\/\">Pense grand, deviens inarr\u00eatable<\/a><\/strong><\/li>\n\n\n\n<li><strong><a href=\"https:\/\/clubvivremieux.com\/index.php\/les-pensees-sculptent-ton-futur\/\">\u201cLes pens\u00e9es sculptent ton futur\u201d<\/a><\/strong><\/li>\n\n\n\n<li><strong><a href=\"https:\/\/clubvivremieux.com\/index.php\/crois-en-ton-potentiel-et-le-monde-suivra\/\">Crois en ton potentiel, et le monde suivra<\/a><\/strong><\/li>\n\n\n\n<li><strong><a href=\"https:\/\/clubvivremieux.com\/index.php\/deviens-ce-que-tu-visualises-chaque-matin\/\">Deviens ce que tu visualises chaque matin<\/a><\/strong><\/li>\n\n\n\n<li><strong><a href=\"https:\/\/tinyurl.com\/2vhruc5j\">Ton esprit est ton premier capital<\/a><\/strong><\/li>\n<\/ul>\n\n\n\n<ul class=\"wp-block-list\">\n<li><strong><a href=\"https:\/\/clubvivremieux.com\/index.php\/vitalite-pourquoi-5-minutes-par-jour-valent-mieux-quune-heure-intense\/\">Vitalit\u00e9 : pourquoi 5 minutes par jour valent mieux qu\u2019une heure intense<\/a><\/strong><\/li>\n<\/ul>\n\n\n\n<ul class=\"wp-block-list\">\n<li><strong><a href=\"https:\/\/clubvivremieux.com\/index.php\/le-silence-ton-super-pouvoir-quotidien\/\">Le silence, ton super-pouvoir quotidien<\/a><\/strong><\/li>\n<\/ul>\n\n\n\n<ul class=\"wp-block-list\">\n<li><strong><a href=\"https:\/\/clubvivremieux.com\/index.php\/liberte-alimentaire-comment-reprendre-le-controle-de-ta-vie-en-3-etapes\/\">Libert\u00e9 alimentaire : comment reprendre le contr\u00f4le de ta vie en 3 \u00e9tapes<\/a><\/strong><\/li>\n<\/ul>\n\n\n\n<ul class=\"wp-block-list\">\n<li><strong><a href=\"https:\/\/clubvivremieux.com\/index.php\/largent-suit-limpact-pourquoi-ceux-qui-aident-vraiment-gagnent-vraiment\/\">\u00ab L\u2019argent suit l\u2019impact \u00bb : pourquoi ceux qui aident vraiment gagnent vraiment<\/a><\/strong><\/li>\n\n\n\n<li><strong><a href=\"https:\/\/clubvivremieux.com\/index.php\/ton-futur-financier-commence-le-jour-ou-tu-arretes-de-te-mentir\/\">Ton futur financier commence le jour o\u00f9 tu arr\u00eates de te mentir<\/a><\/strong><\/li>\n\n\n\n<li><strong><a href=\"https:\/\/clubvivremieux.com\/index.php\/tu-ne-peux-pas-maitriser-ta-vie-si-tu-ne-maitrises-pas-ton-argent\/\">\u00ab Tu ne peux pas ma\u00eetriser ta vie si tu ne ma\u00eetrises pas ton argent. \u00bb<\/a><\/strong><\/li>\n\n\n\n<li><strong><a href=\"https:\/\/clubvivremieux.com\/index.php\/tu-nes-pas-paye-a-ta-juste-valeur-tu-es-paye-a-la-valeur-que-tu-oses-demander\/\">\u00ab Tu n\u2019es pas pay\u00e9 \u00e0 ta juste valeur\u2026 tu es pay\u00e9 \u00e0 la valeur que tu oses demander. \u00bb<\/a><\/strong><\/li>\n\n\n\n<li><strong><a href=\"https:\/\/clubvivremieux.com\/index.php\/ton-argent-na-pas-besoin-detre-beaucoup-juste-detre-bien-utilise\/\">Ton argent n\u2019a pas besoin d\u2019\u00eatre beaucoup\u2026 juste d\u2019\u00eatre bien utilis\u00e9.<\/a><\/strong><\/li>\n\n\n\n<li><strong><a href=\"https:\/\/clubvivremieux.com\/index.php\/la-stabilite-ce-nest-pas-gagner-plus-cest-savoir-prevoir\/\">\u00ab La stabilit\u00e9, ce n\u2019est pas gagner plus, c\u2019est savoir pr\u00e9voir. \u00bb<\/a><\/strong><\/li>\n<\/ul>\n\n\n\n<ul class=\"wp-block-list\">\n<li><strong><a href=\"https:\/\/clubvivremieux.com\/index.php\/tout-ce-que-tu-fuis-te-suit\/\">\u00ab Tout ce que tu fuis te suit. \u00bb<\/a><\/strong><\/li>\n\n\n\n<li><strong><a href=\"https:\/\/clubvivremieux.com\/index.php\/largent-fuit-ceux-qui-veulent-aller-trop-vite\/\">\u00ab L\u2019argent fuit ceux qui veulent aller trop vite \u00bb<\/a><\/strong><\/li>\n<\/ul>\n\n\n\n<ul class=\"wp-block-list\">\n<li><strong><a href=\"https:\/\/clubvivremieux.com\/index.php\/plus-tu-cherches-le-bonheur-moins-tu-le-trouves\/\">\u00ab Plus tu cherches le bonheur, moins tu le trouves\u2026 \u00bb<\/a><\/strong><\/li>\n\n\n\n<li><strong><a href=\"https:\/\/clubvivremieux.com\/index.php\/chaque-seconde-que-tu-gaspilles-est-une-seconde-que-tu-ne-recupereras-jamais\/\">\u00ab Chaque seconde que tu gaspilles est une seconde que tu ne r\u00e9cup\u00e9reras jamais. \u00bb<\/a><\/strong><\/li>\n\n\n\n<li><strong><a href=\"https:\/\/clubvivremieux.com\/index.php\/trop-reflechir-tue-le-moment-present\/\">\u00ab Trop r\u00e9fl\u00e9chir tue le moment pr\u00e9sent. \u00bb<\/a><\/strong><\/li>\n\n\n\n<li><strong><a href=\"https:\/\/clubvivremieux.com\/index.php\/la-vie-est-un-reflet-pas-une-punition\/\">\u00ab La vie est un reflet, pas une punition. \u00bb<\/a><\/strong><\/li>\n\n\n\n<li><strong><a href=\"https:\/\/clubvivremieux.com\/index.php\/chaque-fin-est-un-nouveau-depart-deguise\/\">\u00ab Chaque fin est un nouveau d\u00e9part d\u00e9guis\u00e9. \u00bb<\/a><\/strong><\/li>\n\n\n\n<li><strong><a href=\"https:\/\/clubvivremieux.com\/index.php\/tu-nas-pas-besoin-detre-parfait-pour-exister\/\">\u00ab Tu n\u2019as pas besoin d\u2019\u00eatre parfait pour exister. \u00bb<\/a><\/strong><\/li>\n\n\n\n<li><strong><a href=\"https:\/\/clubvivremieux.com\/index.php\/le-monde-ne-changera-pas-mais-toi-si\/\">\u00ab Le monde ne changera pas\u2026 mais toi, si. \u00bb<\/a><\/strong><\/li>\n\n\n\n<li><strong><a href=\"https:\/\/clubvivremieux.com\/index.php\/plus-tu-donnes-plus-tu-recois\/\">\u00ab Plus tu donnes, plus tu re\u00e7ois \u00bb <\/a><\/strong><\/li>\n\n\n\n<li><strong><a href=\"https:\/\/clubvivremieux.com\/index.php\/tu-nas-quune-vie-et-des-milliards-de-possibles\/\">\u00ab Tu n\u2019as qu\u2019une vie\u2026 et des milliards de possibles. \u00bb<\/a><\/strong><\/li>\n\n\n\n<li><strong><a href=\"https:\/\/clubvivremieux.com\/index.php\/la-colere-une-energie-mal-orientee-mais-incroyablement-puissante\/\">La col\u00e8re : une \u00e9nergie mal orient\u00e9e\u2026 mais incroyablement puissante<\/a><\/strong><\/li>\n<\/ul>\n\n\n\n<ul class=\"wp-block-list\">\n<li><strong><a href=\"https:\/\/clubvivremieux.com\/index.php\/ce-nest-pas-ce-que-tu-apprends-qui-change-tout-cest-comment-tu-lapprends\/\">\u00ab Ce n\u2019est pas ce que tu apprends qui change tout, c\u2019est comment tu l\u2019apprends. \u00bb<\/a><\/strong><\/li>\n\n\n\n<li><strong><a href=\"https:\/\/clubvivremieux.com\/index.php\/apprendre-a-apprendre-le-superpouvoir-de-demain\/\">Apprendre \u00e0 apprendre : le superpouvoir de demain<\/a><\/strong><\/li>\n\n\n\n<li><strong><a href=\"https:\/\/clubvivremieux.com\/index.php\/si-tu-ne-sais-plus-ou-aller-commence-par-te-demander-qui-tu-veux-etre\/\">\u00ab Si tu ne sais plus o\u00f9 aller, commence par te demander qui tu veux \u00eatre. \u00bb<\/a><\/strong><\/li>\n\n\n\n<li><strong><a href=\"https:\/\/clubvivremieux.com\/index.php\/la-vie-tenleve-ce-qui-ne-te-correspond-plus-pour-que-tu-puisses-te-retrouver\/\">\u00ab La vie t\u2019enl\u00e8ve ce qui ne te correspond plus\u2026 pour que tu puisses te retrouver. \u00bb<\/a><\/strong><\/li>\n\n\n\n<li><strong><a href=\"https:\/\/clubvivremieux.com\/index.php\/on-retrouve-sa-route-en-disant-non-a-ce-qui-pese-pourquoi-lelagage-change-tout\/\">On retrouve sa route en disant non \u00e0 ce qui p\u00e8se : pourquoi l\u2019\u00e9lagage change tout<\/a><\/strong><\/li>\n\n\n\n<li><strong><a href=\"https:\/\/clubvivremieux.com\/index.php\/ton-futur-metier-est-cache-dans-ce-que-tu-fais-deja-sans-ten-rendre-compte\/\">Ton futur m\u00e9tier est cach\u00e9 dans ce que tu fais d\u00e9j\u00e0 sans t\u2019en rendre compte<\/a><\/strong><\/li>\n\n\n\n<li><strong><a href=\"https:\/\/clubvivremieux.com\/index.php\/si-tu-ne-sais-pas-quoi-faire-demande-toi-ce-que-tu-ne-veux-plus-faire\/\">\u00ab Si tu ne sais pas quoi faire, demande-toi ce que tu ne veux plus faire. \u00bb<\/a><\/strong><\/li>\n<\/ul>\n\n\n\n<ul class=\"wp-block-list\">\n<li><strong><a href=\"https:\/\/clubvivremieux.com\/index.php\/perdre-ton-job-ce-nest-pas-perdre-ta-valeur\/\">Perdre ton job, ce n\u2019est pas perdre ta valeur.<\/a><\/strong><\/li>\n\n\n\n<li><strong><a href=\"https:\/\/clubvivremieux.com\/index.php\/ce-job-ta-quitte-parce-que-tu-avais-quelque-chose-de-plus-grand-a-faire\/\">\u00ab Ce job t\u2019a quitt\u00e9, parce que tu avais quelque chose de plus grand \u00e0 faire. \u00bb<\/a><\/strong><\/li>\n\n\n\n<li><strong><a href=\"https:\/\/clubvivremieux.com\/index.php\/te-sentir-seul-ne-veut-pas-dire-que-tu-es-isole\/\">Te sentir seul ne veut pas dire que tu es isol\u00e9<\/a><\/strong><\/li>\n<\/ul>\n\n\n\n<ul class=\"wp-block-list\">\n<li><strong><a href=\"https:\/\/clubvivremieux.com\/index.php\/aujourdhui-ne-pas-avoir-de-revenus-complementaires-cest-un-luxe-dangereux\/\">\u00ab Aujourd\u2019hui, ne pas avoir de revenus compl\u00e9mentaires, c\u2019est un luxe dangereux. \u00bb<\/a><\/strong><\/li>\n\n\n\n<li><strong><a href=\"https:\/\/clubvivremieux.com\/index.php\/le-revenu-passif-cest-de-largent-qui-ne-demande-pas-ta-presence\/\">\u00ab Le revenu passif, c\u2019est de l\u2019argent qui ne demande pas ta pr\u00e9sence. \u00bb<\/a><\/strong><\/li>\n<\/ul>\n\n\n\n<ul class=\"wp-block-list\">\n<li><strong><a href=\"https:\/\/clubvivremieux.com\/index.php\/aujourdhui-sois-doux-avec-toi-meme\/\">Aujourd\u2019hui, sois doux avec toi-m\u00eame.<\/a><\/strong><\/li>\n\n\n\n<li><strong><a href=\"https:\/\/clubvivremieux.com\/index.php\/tu-nas-pas-besoin-daller-vite-juste-davancer\/\">Tu n\u2019as pas besoin d\u2019aller vite, juste d\u2019avancer.<\/a><\/strong><\/li>\n\n\n\n<li><strong><a href=\"https:\/\/clubvivremieux.com\/index.php\/choisir-une-intention-simple-pour-aujourdhui-cest-comme-regler-la-boussole-avant-davancer\/\">Choisir une intention simple pour aujourd\u2019hui, c\u2019est comme r\u00e9gler la boussole avant d\u2019avancer.<\/a><\/strong><\/li>\n\n\n\n<li><strong><a href=\"https:\/\/clubvivremieux.com\/index.php\/aujourdhui-avance-avec-douceur\/\">\u00ab Aujourd\u2019hui, avance avec douceur. \u00bb<\/a><\/strong><\/li>\n<\/ul>\n\n\n\n<ul class=\"wp-block-list\">\n<li><strong><a href=\"https:\/\/clubvivremieux.com\/index.php\/cherche-a-comprendre-pas-a-convaincre\/\">Cherche \u00e0 comprendre, pas \u00e0 convaincre<\/a><\/strong><\/li>\n\n\n\n<li><strong><a href=\"https:\/\/clubvivremieux.com\/index.php\/les-petits-gestes-qui-transforment-vos-relations\/\">Les petits gestes qui transforment vos relations<\/a><\/strong><\/li>\n\n\n\n<li><strong><a href=\"https:\/\/clubvivremieux.com\/index.php\/choisis-la-simplicite-moins-cher-plus-serein\/\">Choisis la simplicit\u00e9 : moins cher, plus serein<\/a><\/strong><\/li>\n\n\n\n<li><strong><a href=\"https:\/\/clubvivremieux.com\/index.php\/stop-aux-achats-impulsifs-la-pause-qui-sauve-ton-porte-monnaie\/\">Stop aux achats impulsifs : la pause qui sauve ton porte-monnaie<\/a><\/strong><\/li>\n\n\n\n<li><strong><a href=\"https:\/\/clubvivremieux.com\/index.php\/garde-ton-esprit-calme-meme-quand-ton-portefeuille-est-stresse\/\">Garde ton esprit calme, m\u00eame quand ton portefeuille est stress\u00e9<\/a><\/strong><\/li>\n\n\n\n<li><strong><a href=\"https:\/\/clubvivremieux.com\/index.php\/depense-moins-vis-mieux\/\">\u00ab D\u00e9pense moins, vis mieux \u00bb<\/a><\/strong><\/li>\n\n\n\n<li><strong><a href=\"https:\/\/clubvivremieux.com\/index.php\/chaque-euro-compte-fais-le-travailler-pour-toi\/\">Chaque euro compte : fais-le travailler pour toi<\/a><\/strong><\/li>\n\n\n\n<li><strong><a href=\"https:\/\/clubvivremieux.com\/index.php\/survivre-ou-prosperer-maitrisez-vos-finances-en-5-minutes-par-jour\/\">Survivre ou prosp\u00e9rer ? Ma\u00eetrisez vos finances en 5 minutes par jour<\/a><\/strong><\/li>\n\n\n\n<li><strong><a href=\"https:\/\/clubvivremieux.com\/index.php\/le-prix-de-la-vie-ne-decide-pas-de-ton-bonheur\/\">Le prix de la vie ne d\u00e9cide pas de ton bonheur<\/a><\/strong><\/li>\n\n\n\n<li><strong><a href=\"https:\/\/clubvivremieux.com\/index.php\/leconomie-daujourdhui-est-la-liberte-de-demain\/\">L\u2019\u00e9conomie d\u2019aujourd\u2019hui est la libert\u00e9 de demain.<\/a><\/strong><\/li>\n\n\n\n<li><strong><a href=\"https:\/\/clubvivremieux.com\/index.php\/moins-de-dettes-plus-de-paix-3-etapes-pour-respirer-financierement\/\">Moins de dettes, plus de paix : 3 \u00e9tapes pour respirer financi\u00e8rement<\/a><\/strong><\/li>\n\n\n\n<li><strong><a href=\"https:\/\/clubvivremieux.com\/index.php\/construire-un-futur-solide-meme-dans-lincertitude\/\">Construire un futur solide, m\u00eame dans l\u2019incertitude<\/a><\/strong><\/li>\n<\/ul>\n\n\n\n<ul class=\"wp-block-list\">\n<li><strong><a href=\"https:\/\/clubvivremieux.com\/index.php\/maitriser-ses-emotions-en-3-minutes-par-jour-le-guide-express\/\">Ma\u00eetriser ses \u00e9motions en 3 minutes par jour : le guide express<\/a><\/strong><\/li>\n\n\n\n<li><strong><a href=\"https:\/\/clubvivremieux.com\/index.php\/passer-a-autre-chose-nest-pas-une-fuite\/\">Passer \u00e0 autre chose n\u2019est pas une fuite<\/a><\/strong><\/li>\n<\/ul>\n\n\n\n<ul class=\"wp-block-list\">\n<li><strong><a href=\"https:\/\/clubvivremieux.com\/index.php\/tu-eteins-les-signaux-pas-le-probleme\/\">Tu \u00e9teins les signaux, pas le probl\u00e8me<\/a><\/strong><\/li>\n\n\n\n<li><strong><a href=\"https:\/\/clubvivremieux.com\/index.php\/masquer-la-douleur-aujourdhui-cest-lamplifier-demain\/\">\u00ab Masquer la douleur aujourd\u2019hui, c\u2019est l\u2019amplifier demain. \u00bb<\/a><\/strong><\/li>\n\n\n\n<li><strong><a href=\"https:\/\/clubvivremieux.com\/index.php\/quand-le-corps-previent-nignore-pas-le-message-la-maladie-avance-en-silence\/\">Quand le corps pr\u00e9vient, n\u2019ignore pas le message : la maladie avance en silence<\/a><\/strong><\/li>\n\n\n\n<li><strong><a href=\"https:\/\/clubvivremieux.com\/index.php\/les-symptomes-disparaissent-mais-le-probleme-reste-comment-votre-corps-parle-plus-fort-que-vous\/\">\u00ab Les sympt\u00f4mes disparaissent\u2026 mais le probl\u00e8me reste : comment votre corps parle plus fort que vous \u00bb<\/a><\/strong><\/li>\n\n\n\n<li><strong><a href=\"https:\/\/clubvivremieux.com\/index.php\/la-vie-est-un-jeu-3-cartes-simples-pour-maitriser-ton-destin\/\">\u00ab\u00a0La Vie est un Jeu : 3 Cartes Simples pour Ma\u00eetriser Ton Destin\u00a0\u00bb<\/a><\/strong><\/li>\n\n\n\n<li><strong><a href=\"https:\/\/clubvivremieux.com\/index.php\/se-liberer-de-la-dependance-au-smartphone-en-7-jours\/\">\u00abSe lib\u00e9rer de la d\u00e9pendance au smartphone en 7 jours \u00bb<\/a><\/strong><\/li>\n<\/ul>\n\n\n\n<p><\/p>\n","protected":false},"excerpt":{"rendered":"<p>Bienvenue dans le monde qui ne dort jamais !Vous \u00eates curieux, connect\u00e9, et toujours en qu\u00eate des derni\u00e8res tendances qui fa\u00e7onnent notre quotidien ?<\/p>\n","protected":false},"author":1,"featured_media":0,"parent":0,"menu_order":0,"comment_status":"closed","ping_status":"closed","template":"","meta":{"footnotes":""},"class_list":["post-482","page","type-page","status-publish","hentry"],"_links":{"self":[{"href":"https:\/\/clubvivremieux.com\/index.php\/wp-json\/wp\/v2\/pages\/482","targetHints":{"allow":["GET"]}}],"collection":[{"href":"https:\/\/clubvivremieux.com\/index.php\/wp-json\/wp\/v2\/pages"}],"about":[{"href":"https:\/\/clubvivremieux.com\/index.php\/wp-json\/wp\/v2\/types\/page"}],"author":[{"embeddable":true,"href":"https:\/\/clubvivremieux.com\/index.php\/wp-json\/wp\/v2\/users\/1"}],"replies":[{"embeddable":true,"href":"https:\/\/clubvivremieux.com\/index.php\/wp-json\/wp\/v2\/comments?post=482"}],"version-history":[{"count":43,"href":"https:\/\/clubvivremieux.com\/index.php\/wp-json\/wp\/v2\/pages\/482\/revisions"}],"predecessor-version":[{"id":983,"href":"https:\/\/clubvivremieux.com\/index.php\/wp-json\/wp\/v2\/pages\/482\/revisions\/983"}],"wp:attachment":[{"href":"https:\/\/clubvivremieux.com\/index.php\/wp-json\/wp\/v2\/media?parent=482"}],"curies":[{"name":"wp","href":"https:\/\/api.w.org\/{rel}","templated":true}]}}