{"id":453,"date":"2025-11-14T21:31:34","date_gmt":"2025-11-14T21:31:34","guid":{"rendered":"https:\/\/clubvivremieux.com\/?page_id=453"},"modified":"2025-11-30T17:25:34","modified_gmt":"2025-11-30T17:25:34","slug":"mes-ressources-mes-sites-thematiques","status":"publish","type":"page","link":"https:\/\/clubvivremieux.com\/index.php\/mes-ressources-mes-sites-thematiques\/","title":{"rendered":"MES RESSOURCES \/ MES THEMATIQUES"},"content":{"rendered":"\n<p class=\"has-medium-font-size\">\ud83c\udf3f <strong>Bien-\u00eatre et Nature<\/strong><\/p>\n\n\n\n<ul class=\"wp-block-list\">\n<li><a href=\"http:\/\/vitalit\u00e9naturelle.com\"><strong>vitalit\u00e9naturelle.com<\/strong><\/a> \u2013 Conseils pour une sant\u00e9 optimale  &gt;&gt;  <strong><em><a href=\"https:\/\/clubvivremieux.com\/index.php\/quiz-reconnectez-vous-a-la-nature-et-a-vous-meme\/\">Quiz Vitalit\u00e9 Naturelle<\/a><\/em><\/strong><\/li>\n\n\n\n<li><strong><a href=\"http:\/\/lavieaunaturelle.com\">lavieaunaturelle.com<\/a><\/strong> \u2013 Reconnectez-vous \u00e0 la nature et \u00e0 vous-m\u00eame  &gt;&gt;<strong><em><a href=\"https:\/\/clubvivremieux.com\/index.php\/quiz-reconnectez-vous-a-la-nature-et-a-vous-meme\/\"> Quiz : Reconnectez-vous \u00e0 la nature et \u00e0 vous-m\u00eame<\/a><\/em><\/strong><\/li>\n<\/ul>\n\n\n\n<h3 class=\"wp-block-heading\">\ud83e\uddd8 D\u00e9veloppement personnel<\/h3>\n\n\n\n<ul class=\"wp-block-list\">\n<li><strong><a href=\"http:\/\/lamentalit\u00e9dusucc\u00e8s.com\">lamentalit\u00e9dusucc\u00e8s.com<\/a><\/strong> \u2013 Transformez votre vision et vos habitudes &gt;&gt; <strong><em><a href=\"https:\/\/clubvivremieux.com\/index.php\/1395-2\/\">Quiz : Mentalit\u00e9 du Succ\u00e8s<\/a><\/em><\/strong><\/li>\n\n\n\n<li><strong><a href=\"http:\/\/pensez-et-devenez.com\">pensez-et-devenez.com<\/a><\/strong> \u2013 Programmez votre r\u00e9ussite >>  <strong><em><a href=\"https:\/\/clubvivremieux.com\/index.php\/1407-2\/\">QUIZ \u2013 sur le th\u00e8me de \u00ab Pensez et Devenez \u00bb<\/a><\/em><\/strong><\/li>\n\n\n\n<li><strong><a href=\"http:\/\/je-sais.com\">je-sais.com<\/a><\/strong> \u2013 D\u00e9couvrez la puissance  apprendre a apprendre >> <strong><em><a href=\"https:\/\/clubvivremieux.com\/index.php\/1412-2\/\">Quiz \u2013 Apprendre \u00e0 apprendre<\/a><\/em><\/strong><\/li>\n\n\n\n<li><strong><a href=\"http:\/\/vaincre-les-obstacles.com\">vaincre-les-obstacles.com<\/a><\/strong> \u2013 Surmontez vos blocages et atteignez vos objectifs >> <strong><em><a href=\"https:\/\/clubvivremieux.com\/index.php\/auto-test-vaincre-les-obstacles\/\">Auto-test \u2014 Vaincre les obstacles<\/a><\/em><\/strong><\/li>\n<\/ul>\n\n\n\n<h3 class=\"wp-block-heading\">\ud83d\udc74 Seniors<\/h3>\n\n\n\n<ul class=\"wp-block-list\">\n<li><strong><a href=\"http:\/\/nosseniors.com\">nosseniors.com<\/a><\/strong> \u2013 Accompagnement et conseils pour rester \u00e9panoui et actif >> <strong><em><a href=\"https:\/\/clubvivremieux.com\/index.php\/1419-2\/\">Quiz interactif &#8211; nosseniors.com<\/a><\/em><\/strong><\/li>\n<\/ul>\n\n\n\n<h3 class=\"wp-block-heading\">\ud83d\ude80 Business et Finance<\/h3>\n\n\n\n<ul class=\"wp-block-list\">\n<li><strong><a href=\"http:\/\/creervotrebusiness.com\">creervotrebusiness.com<\/a><\/strong> \u2013 Construisez votre projet entrepreneurial en ligne >> <strong><em><a href=\"https:\/\/clubvivremieux.com\/index.php\/testez-vos-connaissances-sur-lentrepreneuriat-en-ligne\/\">Testez vos connaissances sur l\u2019entrepreneuriat en ligne !<\/a><\/em><\/strong><\/li>\n\n\n\n<li><strong><a href=\"http:\/\/libert\u00e9-financi\u00e8re.com\">libert\u00e9-financi\u00e8re.com<\/a><\/strong> \u2013 Strat\u00e9gies pour atteindre l\u2019ind\u00e9pendance financi\u00e8re >> <strong><em><a href=\"https:\/\/clubvivremieux.com\/index.php\/1427-2\/\">Testez votre libert\u00e9 financi\u00e8re<\/a><\/em><\/strong><\/li>\n<\/ul>\n\n\n\n<h3 class=\"wp-block-heading\">\ud83d\udc64 Votre marque \/ Coaching Guido<\/h3>\n\n\n\n<ul class=\"wp-block-list\">\n<li><strong><a href=\"http:\/\/guidosaverio.com\">guidosaverio.com<\/a><\/strong> &#8211; ma vitrine personnelle.<\/li>\n\n\n\n<li><strong><a href=\"http:\/\/guido-saverio-coach.com\">guido-saverio-coach.com<\/a><\/strong> &#8211; orient\u00e9 <strong>coaching et accompagnement personnalis\u00e9<\/strong> &#8211; auto coaching<\/li>\n\n\n\n<li><strong><a href=\"http:\/\/developpement-personnel-guido.com\">developpement-personnel-guido.com<\/a><\/strong> &#8211; (auto) Coaching  et programmes guid\u00e9s adapt\u00e9s aux enjeux actuels<\/li>\n\n\n\n<li><strong><a href=\"http:\/\/vivreavecguido.be\">vivreavecguido.be<\/a><\/strong> \u00ab Guido au quotidien, racont\u00e9 pour vous. \u00bbvivre votre approche au quotidien<\/li>\n<\/ul>\n\n\n\n<h3 class=\"wp-block-heading\">\ud83c\udf31 Hydroponie<\/h3>\n\n\n\n<p><strong><a href=\"http:\/\/hydroponie-facile.com\">hydroponie-facile.com<\/a><\/strong> &#8211; Apprenez \u00e0 cultiver sain et durable, m\u00eame dans un monde urbain et connect\u00e9<\/p>\n\n\n\n<p><\/p>\n","protected":false},"excerpt":{"rendered":"<p>\ud83c\udf3f Bien-\u00eatre et Nature \ud83e\uddd8 D\u00e9veloppement personnel \ud83d\udc74 Seniors \ud83d\ude80 Business et Finance \ud83d\udc64 Votre marque \/ Coaching Guido \ud83c\udf31 Hydroponie hydroponie-facile.com &#8211; Apprenez \u00e0 cultiver sain et durable, m\u00eame dans un monde urbain et connect\u00e9<\/p>\n","protected":false},"author":1,"featured_media":0,"parent":0,"menu_order":0,"comment_status":"closed","ping_status":"closed","template":"","meta":{"footnotes":""},"class_list":["post-453","page","type-page","status-publish","hentry"],"_links":{"self":[{"href":"https:\/\/clubvivremieux.com\/index.php\/wp-json\/wp\/v2\/pages\/453","targetHints":{"allow":["GET"]}}],"collection":[{"href":"https:\/\/clubvivremieux.com\/index.php\/wp-json\/wp\/v2\/pages"}],"about":[{"href":"https:\/\/clubvivremieux.com\/index.php\/wp-json\/wp\/v2\/types\/page"}],"author":[{"embeddable":true,"href":"https:\/\/clubvivremieux.com\/index.php\/wp-json\/wp\/v2\/users\/1"}],"replies":[{"embeddable":true,"href":"https:\/\/clubvivremieux.com\/index.php\/wp-json\/wp\/v2\/comments?post=453"}],"version-history":[{"count":9,"href":"https:\/\/clubvivremieux.com\/index.php\/wp-json\/wp\/v2\/pages\/453\/revisions"}],"predecessor-version":[{"id":1436,"href":"https:\/\/clubvivremieux.com\/index.php\/wp-json\/wp\/v2\/pages\/453\/revisions\/1436"}],"wp:attachment":[{"href":"https:\/\/clubvivremieux.com\/index.php\/wp-json\/wp\/v2\/media?parent=453"}],"curies":[{"name":"wp","href":"https:\/\/api.w.org\/{rel}","templated":true}]}}