{"id":403,"date":"2025-02-28T13:54:47","date_gmt":"2025-02-28T13:54:47","guid":{"rendered":"https:\/\/clubvivremieux.com\/?page_id=403"},"modified":"2025-11-22T16:55:28","modified_gmt":"2025-11-22T16:55:28","slug":"a-propos","status":"publish","type":"page","link":"https:\/\/clubvivremieux.com\/index.php\/a-propos\/","title":{"rendered":"A PROPOS"},"content":{"rendered":"\n<h1 class=\"wp-block-heading\"><strong>\u00c0 propos de Guido Saverio<\/strong><\/h1>\n\n\n\n<p>Depuis 1984, j&rsquo; aide des milliers de personnes \u00e0 <strong>transformer leur vie, d\u00e9passer leurs limites et r\u00e9ussir dans le monde moderne<\/strong>.<\/p>\n\n\n\n<p>Avec plus de 40 ans d\u2019exp\u00e9rience, il a cr\u00e9\u00e9 un <strong>univers unique de ressources et programmes<\/strong> pour le bien-\u00eatre, le d\u00e9veloppement personnel, la r\u00e9ussite et la libert\u00e9 financi\u00e8re.<\/p>\n\n\n\n<p>Son approche est simple mais puissante : <strong>pragmatisme, guidance humaine et solutions concr\u00e8tes<\/strong> pour progresser rapidement, sans perdre de temps inutile.<\/p>\n\n\n\n<p>Aujourd\u2019hui, Guido Saverio est bien plus qu\u2019un coach : il est <strong>votre guide pour vivre mieux, penser mieux et r\u00e9ussir pleinement<\/strong>, quels que soient vos d\u00e9fis.<\/p>\n\n\n\n<p><strong>Rejoignez son univers et commencez \u00e0 transformer votre vie d\u00e8s aujourd\u2019hui.<\/strong><\/p>\n\n\n\n<hr class=\"wp-block-separator has-alpha-channel-opacity\"\/>\n\n\n\n<p class=\"has-text-align-center\"><strong><a href=\"https:\/\/guidosaverio.com\/qui-suis-je\/\">QUI SUIS-JE ?<\/a><\/strong><\/p>\n\n\n\n<hr class=\"wp-block-separator has-alpha-channel-opacity\"\/>\n\n\n\n<h3 class=\"wp-block-heading\"><strong>MA PHILOSOPHIE : PAS DE TH\u00c9ORIE SANS ACTION, PAS DE R\u00c9SULTATS SANS RISQUES<\/strong> <\/h3>\n\n\n\n<p>Bienvenue dans <strong>Club Vivre Mieux<\/strong>. Ici, on ne parle pas de \u00ab\u00a0pens\u00e9e positive\u00a0\u00bb en boucle ou de \u00ab\u00a0visualisation magique\u00a0\u00bb. On parle de <strong>passer \u00e0 l\u2019action<\/strong>, de se mettre en danger, d\u2019arr\u00eater de se trouver des excuses et de se prendre en main <strong>maintenant<\/strong>.<\/p>\n\n\n\n<p>Si tu es fatigu\u00e9 des beaux discours creux et des conseils de gourous du d\u00e9veloppement personnel qui te vendent des promesses sans te dire la v\u00e9rit\u00e9, alors tu es au bon endroit. <strong>Ici, on casse les mythes et on met les mains dans le cambouis.<\/strong><\/p>\n\n\n\n<hr class=\"wp-block-separator has-alpha-channel-opacity\"\/>\n\n\n\n<p><strong><em><a href=\"https:\/\/guidosaverio.com\/qui-suis-je\/\">Guido SAVERIO<\/a><\/em><\/strong><\/p>\n\n\n\n<p><\/p>\n","protected":false},"excerpt":{"rendered":"<p>\u00c0 propos de Guido Saverio Depuis 1984, j&rsquo; aide des milliers de personnes \u00e0 transformer leur vie, d\u00e9passer leurs limites et r\u00e9ussir dans le monde moderne. Avec plus de 40 ans d\u2019exp\u00e9rience, il a cr\u00e9\u00e9 un univers unique de ressources&#8230; <a href=\"https:\/\/clubvivremieux.com\/index.php\/a-propos\/\" class=\"readmore\">Read more<span class=\"screen-reader-text\">A PROPOS<\/span><span class=\"fa fa-angle-double-right\" aria-hidden=\"true\"><\/span><\/a><\/p>\n","protected":false},"author":1,"featured_media":0,"parent":0,"menu_order":0,"comment_status":"closed","ping_status":"closed","template":"","meta":{"footnotes":""},"class_list":["post-403","page","type-page","status-publish","hentry"],"_links":{"self":[{"href":"https:\/\/clubvivremieux.com\/index.php\/wp-json\/wp\/v2\/pages\/403","targetHints":{"allow":["GET"]}}],"collection":[{"href":"https:\/\/clubvivremieux.com\/index.php\/wp-json\/wp\/v2\/pages"}],"about":[{"href":"https:\/\/clubvivremieux.com\/index.php\/wp-json\/wp\/v2\/types\/page"}],"author":[{"embeddable":true,"href":"https:\/\/clubvivremieux.com\/index.php\/wp-json\/wp\/v2\/users\/1"}],"replies":[{"embeddable":true,"href":"https:\/\/clubvivremieux.com\/index.php\/wp-json\/wp\/v2\/comments?post=403"}],"version-history":[{"count":6,"href":"https:\/\/clubvivremieux.com\/index.php\/wp-json\/wp\/v2\/pages\/403\/revisions"}],"predecessor-version":[{"id":914,"href":"https:\/\/clubvivremieux.com\/index.php\/wp-json\/wp\/v2\/pages\/403\/revisions\/914"}],"wp:attachment":[{"href":"https:\/\/clubvivremieux.com\/index.php\/wp-json\/wp\/v2\/media?parent=403"}],"curies":[{"name":"wp","href":"https:\/\/api.w.org\/{rel}","templated":true}]}}