{"id":363,"date":"2025-02-28T10:21:10","date_gmt":"2025-02-28T10:21:10","guid":{"rendered":"https:\/\/clubvivremieux.com\/?page_id=363"},"modified":"2025-11-14T23:33:52","modified_gmt":"2025-11-14T23:33:52","slug":"inscris-toi-a-la-newsletter","status":"publish","type":"page","link":"https:\/\/clubvivremieux.com\/index.php\/inscris-toi-a-la-newsletter\/","title":{"rendered":"INSCRIS-TOI \u00c0 LA NEWSLETTER"},"content":{"rendered":"\n<p>\ud83d\udce9<\/p>\n\n\n\n<p><strong>D\u00e9couvrez le secret pour vivre mieux, d\u00e8s aujourd\u2019hui\u2026<\/strong><\/p>\n\n\n\n<p>Imaginez un instant : chaque matin, vous recevez <strong>des conseils puissants, des outils pratiques et des inspirations concr\u00e8tes<\/strong> pour transformer votre vie, <strong>pas demain, mais maintenant<\/strong>.<\/p>\n\n\n\n<p>Chaque email que vous ouvrirez vous rapprochera un peu plus de la meilleure version de vous-m\u00eame. <strong>Plus d\u2019\u00e9nergie, plus de clart\u00e9, plus de succ\u00e8s<\/strong>, et ce, dans le rythme du monde moderne.<\/p>\n\n\n\n<p>Inscrivez-vous \u00e0 notre newsletter et laissez-moi vous montrer <strong>comment chaque jour peut devenir une \u00e9tape vers votre libert\u00e9, votre bien-\u00eatre et votre r\u00e9ussite<\/strong>.<\/p>\n\n\n\n<p><strong>Votre transformation commence ici. Cliquez et entrez dans le cercle de ceux qui vivent mieux.<\/strong><\/p>\n\n\n\n<hr class=\"wp-block-separator has-alpha-channel-opacity\"\/>\n\n\n\n<p><\/p>\n","protected":false},"excerpt":{"rendered":"<p>\ud83d\udce9 D\u00e9couvrez le secret pour vivre mieux, d\u00e8s aujourd\u2019hui\u2026 Imaginez un instant : chaque matin, vous recevez des conseils puissants, des outils pratiques et des inspirations concr\u00e8tes pour transformer votre vie, pas demain, mais maintenant. Chaque email que vous ouvrirez&#8230; <a href=\"https:\/\/clubvivremieux.com\/index.php\/inscris-toi-a-la-newsletter\/\" class=\"readmore\">Read more<span class=\"screen-reader-text\">INSCRIS-TOI \u00c0 LA NEWSLETTER<\/span><span class=\"fa fa-angle-double-right\" aria-hidden=\"true\"><\/span><\/a><\/p>\n","protected":false},"author":1,"featured_media":0,"parent":0,"menu_order":0,"comment_status":"closed","ping_status":"closed","template":"","meta":{"footnotes":""},"class_list":["post-363","page","type-page","status-publish","hentry"],"_links":{"self":[{"href":"https:\/\/clubvivremieux.com\/index.php\/wp-json\/wp\/v2\/pages\/363","targetHints":{"allow":["GET"]}}],"collection":[{"href":"https:\/\/clubvivremieux.com\/index.php\/wp-json\/wp\/v2\/pages"}],"about":[{"href":"https:\/\/clubvivremieux.com\/index.php\/wp-json\/wp\/v2\/types\/page"}],"author":[{"embeddable":true,"href":"https:\/\/clubvivremieux.com\/index.php\/wp-json\/wp\/v2\/users\/1"}],"replies":[{"embeddable":true,"href":"https:\/\/clubvivremieux.com\/index.php\/wp-json\/wp\/v2\/comments?post=363"}],"version-history":[{"count":4,"href":"https:\/\/clubvivremieux.com\/index.php\/wp-json\/wp\/v2\/pages\/363\/revisions"}],"predecessor-version":[{"id":466,"href":"https:\/\/clubvivremieux.com\/index.php\/wp-json\/wp\/v2\/pages\/363\/revisions\/466"}],"wp:attachment":[{"href":"https:\/\/clubvivremieux.com\/index.php\/wp-json\/wp\/v2\/media?parent=363"}],"curies":[{"name":"wp","href":"https:\/\/api.w.org\/{rel}","templated":true}]}}