{"id":336,"date":"2025-02-28T10:00:09","date_gmt":"2025-02-28T10:00:09","guid":{"rendered":"https:\/\/clubvivremieux.com\/?page_id=336"},"modified":"2025-03-01T02:35:39","modified_gmt":"2025-03-01T02:35:39","slug":"succes-argent","status":"publish","type":"page","link":"https:\/\/clubvivremieux.com\/index.php\/succes-argent\/","title":{"rendered":"SUCC\u00c8S &amp; ARGENT"},"content":{"rendered":"\n<p>\ud83d\udca5 <strong>Travailler dur ne suffit pas. \u00c7a ne suffit JAMAIS.<\/strong><br>Si c\u2019\u00e9tait le cas, les ouvriers d\u2019usine seraient millionnaires et les \u00e9tudiants brillants dirigeraient le monde. <strong>Mais la v\u00e9rit\u00e9, c\u2019est que r\u00e9ussir demande autre chose : une putain de strat\u00e9gie.<\/strong><\/p>\n\n\n\n<p><strong>Tu veux de l\u2019argent ?<\/strong> Arr\u00eate de bosser comme un esclave et apprends \u00e0 cr\u00e9er de la valeur.<br><strong>Tu veux un projet qui cartonne ?<\/strong> Arr\u00eate de r\u00eaver et commence \u00e0 tester des choses.<br><strong>Tu veux de la libert\u00e9 financi\u00e8re ?<\/strong> Apprends les r\u00e8gles du jeu, et JOUES-Y mieux que les autres.<\/p>\n\n\n\n<p>\ud83d\udca1 <strong>Sois un joueur, pas un pion.<\/strong><\/p>\n\n\n\n<h3 class=\"wp-block-heading has-text-align-center has-white-color has-vivid-red-background-color has-text-color has-background has-link-color wp-elements-6a0b85060998201f8e7218c2a2f848b1\">(<em>Parce que bosser dur ne suffit pas<\/em>)<\/h3>\n\n\n\n<p>\u2714\ufe0f Changer ton \u00e9tat d\u2019esprit sur l\u2019argent<br>\u2714\ufe0f Gagner plus sans y laisser ta sant\u00e9<br>\u2714\ufe0f Monter des projets qui rapportent<br>\u2714\ufe0f Ne plus jamais \u00eatre esclave du syst\u00e8me<\/p>\n\n\n\n<blockquote class=\"wp-block-quote is-layout-flow wp-block-quote-is-layout-flow\">\n<p><strong>Articles :<\/strong><\/p>\n\n\n\n<ul class=\"wp-block-list\">\n<li>\u00ab\u00a0<strong><a href=\"https:\/\/clubvivremieux.com\/index.php\/arrete-de-penser-comme-un-pauvre-si-tu-veux-etre-riche\/\">Arr\u00eate de penser comme un pauvre si tu veux \u00eatre riche<\/a><\/strong>\u00ab\u00a0<\/li>\n\n\n\n<li>\u00ab\u00a0<strong><a href=\"https:\/\/clubvivremieux.com\/index.php\/pourquoi-travailler-dur-ne-suffit-pas-pour-reussir\/\">Pourquoi travailler dur ne suffit pas pour r\u00e9ussir<\/a><\/strong>\u00ab\u00a0<\/li>\n\n\n\n<li>\u00ab\u00a0<strong><a href=\"https:\/\/clubvivremieux.com\/index.php\/les-riches-ne-sont-pas-plus-intelligents-que-toi-ils-font-juste-ca-differemment\/\">Les riches ne sont pas plus intelligents que toi, ils font juste \u00e7a diff\u00e9remment<\/a><\/strong>\u00ab\u00a0<\/li>\n\n\n\n<li><\/li>\n<\/ul>\n<\/blockquote>\n\n\n\n<ul class=\"wp-block-list\">\n<li><\/li>\n<\/ul>\n\n\n\n<p><strong>ARGENT &amp; MENTALIT\u00c9 : CHANGE TES CODES<\/strong><\/p>\n\n\n\n<ul class=\"wp-block-list\">\n<li><strong>Si tu penses encore que bosser dur suffit, tu es d\u00e9j\u00e0 foutu<\/strong><\/li>\n\n\n\n<li><strong>L\u2019argent n\u2019est pas une r\u00e9compense : c\u2019est un jeu, apprends \u00e0 y jouer<\/strong><\/li>\n\n\n\n<li><strong>Pourquoi les riches deviennent plus riches (et pourquoi tu gal\u00e8res toujours)<\/strong><\/li>\n\n\n\n<li><strong>Le mythe du \u00ab\u00a0travail passion\u00a0\u00bb : arr\u00eate de croire que l\u2019amour du m\u00e9tier suffit<\/strong><\/li>\n\n\n\n<li><strong>\u00ab\u00a0Je m\u00e9rite mieux\u00a0\u00bb ne paiera jamais tes factures : voici ce qui le fera<\/strong><\/li>\n<\/ul>\n\n\n\n<p><strong>STRAT\u00c9GIE &amp; MOUVEMENTS INTELLIGENTS<\/strong><\/p>\n\n\n\n<ul class=\"wp-block-list\">\n<li><strong>Les 5 erreurs qui te gardent fauch\u00e9 sans que tu t\u2019en rendes compte<\/strong><\/li>\n\n\n\n<li><strong>Multiplier ses revenus sans bosser plus : mythe ou r\u00e9alit\u00e9 ?<\/strong><\/li>\n\n\n\n<li><strong>Pourquoi ton CDI est une prison dor\u00e9e (et comment t\u2019en \u00e9chapper)<\/strong><\/li>\n\n\n\n<li><strong>De 0 \u00e0 100K : la seule strat\u00e9gie qui fonctionne vraiment<\/strong><\/li>\n\n\n\n<li><strong>Gagner plus sans travailler plus : 3 principes que personne ne t\u2019a appris<\/strong><\/li>\n<\/ul>\n\n\n\n<p><strong>MINDSET DE RICHE VS MINDSET DE PAUVRE<\/strong><\/p>\n\n\n\n<ul class=\"wp-block-list\">\n<li><strong>Les 10 croyances qui sabotent ton compte en banque<\/strong><\/li>\n\n\n\n<li><strong>\u00catre riche, c\u2019est un \u00e9tat d\u2019esprit : la preuve en 7 points<\/strong><\/li>\n\n\n\n<li><strong>Pourquoi ton entourage te maintient dans la m\u00e9diocrit\u00e9 financi\u00e8re<\/strong><\/li>\n\n\n\n<li><strong>Si tu fais encore X, tu seras toujours pauvre<\/strong><\/li>\n\n\n\n<li><strong>Investir sur soi : le seul placement qui rapporte \u00e0 coup s\u00fbr<\/strong><\/li>\n<\/ul>\n\n\n\n<p><strong>ARGENT &amp; BUSINESS : PAS DE PITI\u00c9, PAS D\u2019EXCUSES<\/strong><\/p>\n\n\n\n<ul class=\"wp-block-list\">\n<li><strong>Entreprendre, c\u2019est pas pour tout le monde (voici comment savoir si c\u2019est pour toi)<\/strong><\/li>\n\n\n\n<li><strong>Pourquoi ton premier business \u00e9chouera (et comment \u00e9viter \u00e7a)<\/strong><\/li>\n\n\n\n<li><strong>Les 3 piliers d\u2019un business qui crache du cash (sans t\u2019exploser la t\u00eate)<\/strong><\/li>\n\n\n\n<li><strong>Comment facturer (beaucoup) plus cher sans culpabiliser<\/strong><\/li>\n\n\n\n<li><strong>Les seuls business en ligne qui marchent encore en 2025<\/strong><\/li>\n<\/ul>\n","protected":false},"excerpt":{"rendered":"<p>\ud83d\udca5 Travailler dur ne suffit pas. \u00c7a ne suffit JAMAIS.Si c\u2019\u00e9tait le cas, les ouvriers d\u2019usine seraient millionnaires et les \u00e9tudiants brillants dirigeraient le monde. Mais la v\u00e9rit\u00e9, c\u2019est que r\u00e9ussir demande autre chose : une putain de strat\u00e9gie. Tu&#8230; <a href=\"https:\/\/clubvivremieux.com\/index.php\/succes-argent\/\" class=\"readmore\">Read more<span class=\"screen-reader-text\">SUCC\u00c8S &amp; ARGENT<\/span><span class=\"fa fa-angle-double-right\" aria-hidden=\"true\"><\/span><\/a><\/p>\n","protected":false},"author":1,"featured_media":0,"parent":0,"menu_order":0,"comment_status":"closed","ping_status":"closed","template":"","meta":{"footnotes":""},"class_list":["post-336","page","type-page","status-publish","hentry"],"_links":{"self":[{"href":"https:\/\/clubvivremieux.com\/index.php\/wp-json\/wp\/v2\/pages\/336","targetHints":{"allow":["GET"]}}],"collection":[{"href":"https:\/\/clubvivremieux.com\/index.php\/wp-json\/wp\/v2\/pages"}],"about":[{"href":"https:\/\/clubvivremieux.com\/index.php\/wp-json\/wp\/v2\/types\/page"}],"author":[{"embeddable":true,"href":"https:\/\/clubvivremieux.com\/index.php\/wp-json\/wp\/v2\/users\/1"}],"replies":[{"embeddable":true,"href":"https:\/\/clubvivremieux.com\/index.php\/wp-json\/wp\/v2\/comments?post=336"}],"version-history":[{"count":3,"href":"https:\/\/clubvivremieux.com\/index.php\/wp-json\/wp\/v2\/pages\/336\/revisions"}],"predecessor-version":[{"id":439,"href":"https:\/\/clubvivremieux.com\/index.php\/wp-json\/wp\/v2\/pages\/336\/revisions\/439"}],"wp:attachment":[{"href":"https:\/\/clubvivremieux.com\/index.php\/wp-json\/wp\/v2\/media?parent=336"}],"curies":[{"name":"wp","href":"https:\/\/api.w.org\/{rel}","templated":true}]}}