{"id":334,"date":"2025-02-28T09:59:27","date_gmt":"2025-02-28T09:59:27","guid":{"rendered":"https:\/\/clubvivremieux.com\/?page_id=334"},"modified":"2025-03-01T02:27:36","modified_gmt":"2025-03-01T02:27:36","slug":"mentalite-de-guerrier","status":"publish","type":"page","link":"https:\/\/clubvivremieux.com\/index.php\/mentalite-de-guerrier\/","title":{"rendered":"MENTALIT\u00c9 DE GUERRIER"},"content":{"rendered":"\n<p><strong>Si tu veux une vie meilleure, commence par arr\u00eater de penser comme un looser.<\/strong><br>Personne ne va venir te sauver. Si tu continues \u00e0 attendre la motivation, la chance ou l\u2019alignement cosmique parfait\u2026 <strong>tu vas crever en ayant rien fait de ta vie<\/strong>.<\/p>\n\n\n\n<p>Ici, on ne parle pas de \u00ab\u00a0pens\u00e9e positive\u00a0\u00bb ou de \u00ab\u00a0manifestation\u00a0\u00bb. <strong>On parle de discipline, de clart\u00e9 mentale et de r\u00e9silience.<\/strong> Parce que si tu ne contr\u00f4les pas ton esprit, <strong>quelqu\u2019un d\u2019autre le fera pour toi.<\/strong><\/p>\n\n\n\n<p>\ud83d\udca1 <strong>Es-tu pr\u00eat \u00e0 prendre le contr\u00f4le ?<\/strong><\/p>\n\n\n\n<p class=\"has-text-align-center has-white-color has-vivid-red-background-color has-text-color has-background has-link-color wp-elements-faf786d967576738c2126b3883f2076b\"><strong>(<em>Pour arr\u00eater de penser comme un loser<\/em>)<\/strong><\/p>\n\n\n\n<p>D\u00e9foncer tes croyances limitantes<br>\u2714\ufe0f D\u00e9velopper une discipline en b\u00e9ton<br>\u2714\ufe0f Prendre des d\u00e9cisions sans h\u00e9siter<br>\u2714\ufe0f Se forger une confiance en soi indestructible<\/p>\n\n\n\n<blockquote class=\"wp-block-quote is-layout-flow wp-block-quote-is-layout-flow\">\n<p><strong>Articles :<\/strong><\/p>\n\n\n\n<ul class=\"wp-block-list\">\n<li><strong>\u00ab\u00a0<a href=\"https:\/\/clubvivremieux.com\/index.php\/personne-ne-va-te-sauver-arrete-dattendre\/\">Personne ne va te sauver, arr\u00eate d\u2019attendre<\/a>\u00ab\u00a0<\/strong><\/li>\n\n\n\n<li><strong>\u00ab\u00a0<a href=\"https:\/\/clubvivremieux.com\/index.php\/tu-veux-etre-respecte-commence-par-te-respecter-toi-meme\/\">Tu veux \u00eatre respect\u00e9 ? Commence par te respecter toi-m\u00eame<\/a>\u00ab\u00a0<\/strong><\/li>\n\n\n\n<li><strong>\u00ab\u00a0<a href=\"https:\/\/clubvivremieux.com\/index.php\/les-excuses-cest-bon-pour-les-faibles-voici-comment-agir-maintenant\/\">Les excuses, c\u2019est bon pour les faibles \u2013 voici comment agir maintenant<\/a>\u00ab\u00a0<\/strong><\/li>\n\n\n\n<li><strong>Arr\u00eate de te plaindre, personne ne viendra te sauver<\/strong><\/li>\n\n\n\n<li><strong>Discipline : le cheat code que tout le monde ignore<\/strong><\/li>\n\n\n\n<li><strong>T\u2019as pas de probl\u00e8me d\u2019argent, t\u2019as un probl\u00e8me de mentalit\u00e9<\/strong><\/li>\n\n\n\n<li><strong>90 jours pour passer de \u00ab\u00a0moyen\u00a0\u00bb \u00e0 \u00ab\u00a0inarr\u00eatable\u00a0\u00bb<\/strong><\/li>\n\n\n\n<li><strong>Deviens inarr\u00eatable : 10 r\u00e8gles pour \u00e9craser tes doutes et avancer<\/strong><\/li>\n\n\n\n<li><strong>La v\u00e9rit\u00e9 inconfortable sur le succ\u00e8s que personne ne veut entendre<\/strong><\/li>\n\n\n\n<li><strong>Arr\u00eate d\u2019\u00eatre un gentil toutou, deviens un putain de lion<\/strong><\/li>\n\n\n\n<li><strong>T\u2019as pas le temps ? T\u2019as juste z\u00e9ro priorit\u00e9<\/strong><\/li>\n\n\n\n<li><strong>Le monde appartient aux tueurs (m\u00e9taphoriquement parlant, hein)<\/strong><\/li>\n\n\n\n<li><strong>Sois pr\u00eat \u00e0 souffrir\u2026 ou sois pr\u00eat \u00e0 \u00e9chouer<\/strong><\/li>\n\n\n\n<li><strong>Deviens un monstre de productivit\u00e9 en 30 jours<\/strong><\/li>\n<\/ul>\n<\/blockquote>\n","protected":false},"excerpt":{"rendered":"<p>Si tu veux une vie meilleure, commence par arr\u00eater de penser comme un looser.Personne ne va venir te sauver. Si tu continues \u00e0 attendre la motivation, la chance ou l\u2019alignement cosmique parfait\u2026 tu vas crever en ayant rien fait de&#8230; <a href=\"https:\/\/clubvivremieux.com\/index.php\/mentalite-de-guerrier\/\" class=\"readmore\">Read more<span class=\"screen-reader-text\">MENTALIT\u00c9 DE GUERRIER<\/span><span class=\"fa fa-angle-double-right\" aria-hidden=\"true\"><\/span><\/a><\/p>\n","protected":false},"author":1,"featured_media":0,"parent":0,"menu_order":0,"comment_status":"closed","ping_status":"closed","template":"","meta":{"footnotes":""},"class_list":["post-334","page","type-page","status-publish","hentry"],"_links":{"self":[{"href":"https:\/\/clubvivremieux.com\/index.php\/wp-json\/wp\/v2\/pages\/334","targetHints":{"allow":["GET"]}}],"collection":[{"href":"https:\/\/clubvivremieux.com\/index.php\/wp-json\/wp\/v2\/pages"}],"about":[{"href":"https:\/\/clubvivremieux.com\/index.php\/wp-json\/wp\/v2\/types\/page"}],"author":[{"embeddable":true,"href":"https:\/\/clubvivremieux.com\/index.php\/wp-json\/wp\/v2\/users\/1"}],"replies":[{"embeddable":true,"href":"https:\/\/clubvivremieux.com\/index.php\/wp-json\/wp\/v2\/comments?post=334"}],"version-history":[{"count":4,"href":"https:\/\/clubvivremieux.com\/index.php\/wp-json\/wp\/v2\/pages\/334\/revisions"}],"predecessor-version":[{"id":431,"href":"https:\/\/clubvivremieux.com\/index.php\/wp-json\/wp\/v2\/pages\/334\/revisions\/431"}],"wp:attachment":[{"href":"https:\/\/clubvivremieux.com\/index.php\/wp-json\/wp\/v2\/media?parent=334"}],"curies":[{"name":"wp","href":"https:\/\/api.w.org\/{rel}","templated":true}]}}