{"id":324,"date":"2025-02-28T09:45:04","date_gmt":"2025-02-28T09:45:04","guid":{"rendered":"https:\/\/clubvivremieux.com\/?page_id=324"},"modified":"2025-02-28T14:59:37","modified_gmt":"2025-02-28T14:59:37","slug":"a-voir","status":"publish","type":"page","link":"https:\/\/clubvivremieux.com\/index.php\/a-voir\/","title":{"rendered":"A VOIR"},"content":{"rendered":"\n<ul class=\"wp-block-list\">\n<li><a href=\"https:\/\/clubvivremieux.com\/index.php\/comment-vivre-mieux\/\">comment vivre mieux<\/a><\/li>\n\n\n\n<li><a href=\"https:\/\/clubvivremieux.com\/index.php\/manipulation-manipulateurs-pervers-narcissiques\/\">MANIPULATION \u2013 PERVERS NARCISSIQUES<\/a><\/li>\n\n\n\n<li><a href=\"https:\/\/clubvivremieux.com\/index.php\/articles-videos\/\">ARTICLES VIDEOS<\/a><\/li>\n\n\n\n<li><a href=\"https:\/\/clubvivremieux.com\/index.php\/chaine\/\">CHAINE VIDEOS<\/a><\/li>\n\n\n\n<li><a href=\"https:\/\/clubvivremieux.com\/index.php\/2024\/09\/03\/mp3\/\">MP3<\/a><\/li>\n\n\n\n<li><a href=\"https:\/\/clubvivremieux.com\/index.php\/livres-gratuits\/\">LIVRES (gratuits)<\/a><\/li>\n\n\n\n<li><a href=\"https:\/\/clubvivremieux.com\/index.php\/videos-gratuites\/\">VIDEOS \u2013 MOTIVATION DEVELOPPEMENT -gratuites<\/a><\/li>\n\n\n\n<li><a href=\"https:\/\/clubvivremieux.com\/index.php\/anecdotes-histoires-inspirantes\/\">ANECDOTES \u2013 HISTOIRES INSPIRANTES<\/a><\/li>\n\n\n\n<li><a href=\"https:\/\/clubvivremieux.com\/index.php\/pourquoi-nous\/\">POURQUOI NOUS<\/a><\/li>\n\n\n\n<li><a href=\"https:\/\/clubvivremieux.com\/index.php\/temoignages\/\">TEMOIGNAGES<\/a><\/li>\n<\/ul>\n\n\n\n<div class=\"wp-block-columns is-layout-flex wp-container-core-columns-is-layout-1 wp-block-columns-is-layout-flex\">\n<div class=\"wp-block-column is-layout-flow wp-block-column-is-layout-flow\">\n<figure class=\"wp-block-embed aligncenter is-type-wp-embed is-provider-contenu-embarqu wp-block-embed-contenu-embarqu\"><div class=\"wp-block-embed__wrapper\">\n<blockquote class=\"wp-embedded-content\" data-secret=\"wsIZwaLJPT\"><a href=\"https:\/\/changer-de-vie-auj.com\/reinvente-ta-vie-maintenant-5-etapes-pour-un-changement-radical\/\">R\u00e9invente ta vie maintenant : 5 \u00e9tapes pour un changement radical !<\/a><\/blockquote><iframe loading=\"lazy\" class=\"wp-embedded-content\" sandbox=\"allow-scripts\" security=\"restricted\" style=\"position: absolute; visibility: hidden;\" title=\"\u00ab\u00a0R\u00e9invente ta vie maintenant : 5 \u00e9tapes pour un changement radical !\u00a0\u00bb &#8212; \" src=\"https:\/\/changer-de-vie-auj.com\/reinvente-ta-vie-maintenant-5-etapes-pour-un-changement-radical\/embed\/#?secret=DbfrgYzSRw#?secret=wsIZwaLJPT\" data-secret=\"wsIZwaLJPT\" width=\"600\" height=\"338\" frameborder=\"0\" marginwidth=\"0\" marginheight=\"0\" scrolling=\"no\"><\/iframe>\n<\/div><\/figure>\n<\/div>\n\n\n\n<div class=\"wp-block-column is-layout-flow wp-block-column-is-layout-flow\">\n<figure class=\"wp-block-embed aligncenter is-type-wp-embed is-provider-r-alit-crue-quot-pas-de-filtre-pas-de-mensonges wp-block-embed-r-alit-crue-quot-pas-de-filtre-pas-de-mensonges\"><div class=\"wp-block-embed__wrapper\">\n<blockquote class=\"wp-embedded-content\" data-secret=\"yJhDFe9PDJ\"><a href=\"https:\/\/guido-saverio-coach.com\/?page_id=838\">Les cl\u00e9s de la Beaut\u00e9 Int\u00e9rieure<\/a><\/blockquote><iframe loading=\"lazy\" class=\"wp-embedded-content\" sandbox=\"allow-scripts\" security=\"restricted\" style=\"position: absolute; visibility: hidden;\" title=\"\u00ab\u00a0Les cl\u00e9s de la Beaut\u00e9 Int\u00e9rieure\u00a0\u00bb &#8212; R\u00e9alit\u00e9 Crue&quot; \u2013 Pas de filtre, pas de mensonges.\" src=\"https:\/\/guido-saverio-coach.com\/?page_id=838&#038;embed=true#?secret=ccLabNKoJX#?secret=yJhDFe9PDJ\" data-secret=\"yJhDFe9PDJ\" width=\"600\" height=\"338\" frameborder=\"0\" marginwidth=\"0\" marginheight=\"0\" scrolling=\"no\"><\/iframe>\n<\/div><\/figure>\n<\/div>\n<\/div>\n","protected":false},"excerpt":{"rendered":"","protected":false},"author":1,"featured_media":0,"parent":0,"menu_order":0,"comment_status":"closed","ping_status":"closed","template":"","meta":{"footnotes":""},"class_list":["post-324","page","type-page","status-publish","hentry"],"_links":{"self":[{"href":"https:\/\/clubvivremieux.com\/index.php\/wp-json\/wp\/v2\/pages\/324","targetHints":{"allow":["GET"]}}],"collection":[{"href":"https:\/\/clubvivremieux.com\/index.php\/wp-json\/wp\/v2\/pages"}],"about":[{"href":"https:\/\/clubvivremieux.com\/index.php\/wp-json\/wp\/v2\/types\/page"}],"author":[{"embeddable":true,"href":"https:\/\/clubvivremieux.com\/index.php\/wp-json\/wp\/v2\/users\/1"}],"replies":[{"embeddable":true,"href":"https:\/\/clubvivremieux.com\/index.php\/wp-json\/wp\/v2\/comments?post=324"}],"version-history":[{"count":2,"href":"https:\/\/clubvivremieux.com\/index.php\/wp-json\/wp\/v2\/pages\/324\/revisions"}],"predecessor-version":[{"id":423,"href":"https:\/\/clubvivremieux.com\/index.php\/wp-json\/wp\/v2\/pages\/324\/revisions\/423"}],"wp:attachment":[{"href":"https:\/\/clubvivremieux.com\/index.php\/wp-json\/wp\/v2\/media?parent=324"}],"curies":[{"name":"wp","href":"https:\/\/api.w.org\/{rel}","templated":true}]}}