{"id":234,"date":"2024-09-03T21:22:33","date_gmt":"2024-09-03T21:22:33","guid":{"rendered":"https:\/\/clubvivremieux.com\/?page_id=234"},"modified":"2024-09-03T21:57:27","modified_gmt":"2024-09-03T21:57:27","slug":"articles-videos","status":"publish","type":"page","link":"https:\/\/clubvivremieux.com\/index.php\/articles-videos\/","title":{"rendered":"ARTICLES VIDEOS"},"content":{"rendered":"\n<div class=\"wp-block-columns is-layout-flex wp-container-core-columns-is-layout-1 wp-block-columns-is-layout-flex\">\n<div class=\"wp-block-column is-layout-flow wp-block-column-is-layout-flow\">\n<figure class=\"wp-block-embed is-type-wp-embed is-provider-club-vivre-mieux wp-block-embed-club-vivre-mieux\"><div class=\"wp-block-embed__wrapper\">\n<blockquote class=\"wp-embedded-content\" data-secret=\"S2CwTFaP8s\"><a href=\"https:\/\/clubvivremieux.com\/index.php\/soyez-ouvert-a-de-nouvelles-experiences\/\">Soyez Ouvert \u00e0 de Nouvelles Exp\u00e9riences<\/a><\/blockquote><iframe loading=\"lazy\" class=\"wp-embedded-content\" sandbox=\"allow-scripts\" security=\"restricted\" style=\"position: absolute; visibility: hidden;\" title=\"\u00ab\u00a0Soyez Ouvert \u00e0 de Nouvelles Exp\u00e9riences\u00a0\u00bb &#8212; Club vivre mieux\" src=\"https:\/\/clubvivremieux.com\/index.php\/soyez-ouvert-a-de-nouvelles-experiences\/embed\/#?secret=JPQlM60gqw#?secret=S2CwTFaP8s\" data-secret=\"S2CwTFaP8s\" width=\"600\" height=\"338\" frameborder=\"0\" marginwidth=\"0\" marginheight=\"0\" scrolling=\"no\"><\/iframe>\n<\/div><\/figure>\n<\/div>\n\n\n\n<div class=\"wp-block-column is-layout-flow wp-block-column-is-layout-flow\">\n<figure class=\"wp-block-embed is-type-wp-embed is-provider-club-vivre-mieux wp-block-embed-club-vivre-mieux\"><div class=\"wp-block-embed__wrapper\">\n<blockquote class=\"wp-embedded-content\" data-secret=\"S2CwTFaP8s\"><a href=\"https:\/\/clubvivremieux.com\/index.php\/soyez-ouvert-a-de-nouvelles-experiences\/\">Soyez Ouvert \u00e0 de Nouvelles Exp\u00e9riences<\/a><\/blockquote><iframe loading=\"lazy\" class=\"wp-embedded-content\" sandbox=\"allow-scripts\" security=\"restricted\" style=\"position: absolute; visibility: hidden;\" title=\"\u00ab\u00a0Soyez Ouvert \u00e0 de Nouvelles Exp\u00e9riences\u00a0\u00bb &#8212; Club vivre mieux\" src=\"https:\/\/clubvivremieux.com\/index.php\/soyez-ouvert-a-de-nouvelles-experiences\/embed\/#?secret=JPQlM60gqw#?secret=S2CwTFaP8s\" data-secret=\"S2CwTFaP8s\" width=\"600\" height=\"338\" frameborder=\"0\" marginwidth=\"0\" marginheight=\"0\" scrolling=\"no\"><\/iframe>\n<\/div><\/figure>\n<\/div>\n\n\n\n<div class=\"wp-block-column is-layout-flow wp-block-column-is-layout-flow\">\n<figure class=\"wp-block-embed is-type-wp-embed is-provider-club-vivre-mieux wp-block-embed-club-vivre-mieux\"><div class=\"wp-block-embed__wrapper\">\n<blockquote class=\"wp-embedded-content\" data-secret=\"qVwwPs3vsq\"><a href=\"https:\/\/clubvivremieux.com\/index.php\/lart-de-transformer-les-defis-en-opportunites-developpez-des-competences-en-resolution-de-problemes\/\">L&#8217;Art de Transformer les D\u00e9fis en Opportunit\u00e9s &#8211; D\u00e9veloppez des Comp\u00e9tences en R\u00e9solution de Probl\u00e8mes<\/a><\/blockquote><iframe loading=\"lazy\" class=\"wp-embedded-content\" sandbox=\"allow-scripts\" security=\"restricted\" style=\"position: absolute; visibility: hidden;\" title=\"\u00ab\u00a0L&#8217;Art de Transformer les D\u00e9fis en Opportunit\u00e9s &#8211; D\u00e9veloppez des Comp\u00e9tences en R\u00e9solution de Probl\u00e8mes\u00a0\u00bb &#8212; Club vivre mieux\" src=\"https:\/\/clubvivremieux.com\/index.php\/lart-de-transformer-les-defis-en-opportunites-developpez-des-competences-en-resolution-de-problemes\/embed\/#?secret=9ecZnx3Eih#?secret=qVwwPs3vsq\" data-secret=\"qVwwPs3vsq\" width=\"600\" height=\"338\" frameborder=\"0\" marginwidth=\"0\" marginheight=\"0\" scrolling=\"no\"><\/iframe>\n<\/div><\/figure>\n<\/div>\n<\/div>\n\n\n\n<div class=\"wp-block-columns is-layout-flex wp-container-core-columns-is-layout-2 wp-block-columns-is-layout-flex\">\n<div class=\"wp-block-column is-layout-flow wp-block-column-is-layout-flow\">\n<figure class=\"wp-block-embed is-type-wp-embed is-provider-club-vivre-mieux wp-block-embed-club-vivre-mieux\"><div class=\"wp-block-embed__wrapper\">\n<blockquote class=\"wp-embedded-content\" data-secret=\"9cTUIJhCtY\"><a href=\"https:\/\/clubvivremieux.com\/index.php\/developpez-une-routine-matinale-positive\/\">D\u00e9veloppez une routine matinale positive<\/a><\/blockquote><iframe loading=\"lazy\" class=\"wp-embedded-content\" sandbox=\"allow-scripts\" security=\"restricted\" style=\"position: absolute; visibility: hidden;\" title=\"\u00ab\u00a0D\u00e9veloppez une routine matinale positive\u00a0\u00bb &#8212; Club vivre mieux\" src=\"https:\/\/clubvivremieux.com\/index.php\/developpez-une-routine-matinale-positive\/embed\/#?secret=WVmtP0kPRE#?secret=9cTUIJhCtY\" data-secret=\"9cTUIJhCtY\" width=\"600\" height=\"338\" frameborder=\"0\" marginwidth=\"0\" marginheight=\"0\" scrolling=\"no\"><\/iframe>\n<\/div><\/figure>\n<\/div>\n\n\n\n<div class=\"wp-block-column is-layout-flow wp-block-column-is-layout-flow\">\n<figure class=\"wp-block-embed is-type-wp-embed is-provider-club-vivre-mieux wp-block-embed-club-vivre-mieux\"><div class=\"wp-block-embed__wrapper\">\n<blockquote class=\"wp-embedded-content\" data-secret=\"9cTUIJhCtY\"><a href=\"https:\/\/clubvivremieux.com\/index.php\/developpez-une-routine-matinale-positive\/\">D\u00e9veloppez une routine matinale positive<\/a><\/blockquote><iframe loading=\"lazy\" class=\"wp-embedded-content\" sandbox=\"allow-scripts\" security=\"restricted\" style=\"position: absolute; visibility: hidden;\" title=\"\u00ab\u00a0D\u00e9veloppez une routine matinale positive\u00a0\u00bb &#8212; Club vivre mieux\" src=\"https:\/\/clubvivremieux.com\/index.php\/developpez-une-routine-matinale-positive\/embed\/#?secret=WVmtP0kPRE#?secret=9cTUIJhCtY\" data-secret=\"9cTUIJhCtY\" width=\"600\" height=\"338\" frameborder=\"0\" marginwidth=\"0\" marginheight=\"0\" scrolling=\"no\"><\/iframe>\n<\/div><\/figure>\n<\/div>\n\n\n\n<div class=\"wp-block-column is-layout-flow wp-block-column-is-layout-flow\">\n<figure class=\"wp-block-embed is-type-wp-embed is-provider-club-vivre-mieux wp-block-embed-club-vivre-mieux\"><div class=\"wp-block-embed__wrapper\">\n<blockquote class=\"wp-embedded-content\" data-secret=\"WGBHIoXpNU\"><a href=\"https:\/\/clubvivremieux.com\/index.php\/pratiquez-la-bienveillance-envers-vous-meme\/\">Pratiquez la bienveillance envers vous-m\u00eame<\/a><\/blockquote><iframe loading=\"lazy\" class=\"wp-embedded-content\" sandbox=\"allow-scripts\" security=\"restricted\" style=\"position: absolute; visibility: hidden;\" title=\"\u00ab\u00a0Pratiquez la bienveillance envers vous-m\u00eame\u00a0\u00bb &#8212; Club vivre mieux\" src=\"https:\/\/clubvivremieux.com\/index.php\/pratiquez-la-bienveillance-envers-vous-meme\/embed\/#?secret=zNshIOJ15h#?secret=WGBHIoXpNU\" data-secret=\"WGBHIoXpNU\" width=\"600\" height=\"338\" frameborder=\"0\" marginwidth=\"0\" marginheight=\"0\" scrolling=\"no\"><\/iframe>\n<\/div><\/figure>\n<\/div>\n<\/div>\n\n\n\n<div class=\"wp-block-columns is-layout-flex wp-container-core-columns-is-layout-3 wp-block-columns-is-layout-flex\">\n<div class=\"wp-block-column is-layout-flow wp-block-column-is-layout-flow\">\n<figure class=\"wp-block-embed is-type-wp-embed is-provider-club-vivre-mieux wp-block-embed-club-vivre-mieux\"><div class=\"wp-block-embed__wrapper\">\n<blockquote class=\"wp-embedded-content\" data-secret=\"2xDSxlEImn\"><a href=\"https:\/\/clubvivremieux.com\/index.php\/pervers-narcissiques-pourquoi-reste-t-on-sous-emprise\/\">Pervers narcissiques : pourquoi reste-t-on sous emprise ?<\/a><\/blockquote><iframe loading=\"lazy\" class=\"wp-embedded-content\" sandbox=\"allow-scripts\" security=\"restricted\" style=\"position: absolute; visibility: hidden;\" title=\"\u00ab\u00a0Pervers narcissiques : pourquoi reste-t-on sous emprise ?\u00a0\u00bb &#8212; Club vivre mieux\" src=\"https:\/\/clubvivremieux.com\/index.php\/pervers-narcissiques-pourquoi-reste-t-on-sous-emprise\/embed\/#?secret=ktbWrjzcri#?secret=2xDSxlEImn\" data-secret=\"2xDSxlEImn\" width=\"600\" height=\"338\" frameborder=\"0\" marginwidth=\"0\" marginheight=\"0\" scrolling=\"no\"><\/iframe>\n<\/div><\/figure>\n<\/div>\n\n\n\n<div class=\"wp-block-column is-layout-flow wp-block-column-is-layout-flow\">\n<figure class=\"wp-block-embed is-type-wp-embed is-provider-vaincre-les-obstacles-de-la-vie-stop-a-la-manipulation wp-block-embed-vaincre-les-obstacles-de-la-vie-stop-a-la-manipulation\"><div class=\"wp-block-embed__wrapper\">\n<blockquote class=\"wp-embedded-content\" data-secret=\"pvsK8ApdBG\"><a href=\"https:\/\/vaincre-les-obstacles.com\/manipulation-manipulateurs-pervers-narcissiques\/\">Manipulation, manipulateurs, Pervers Narcissiques<\/a><\/blockquote><iframe loading=\"lazy\" class=\"wp-embedded-content\" sandbox=\"allow-scripts\" security=\"restricted\" style=\"position: absolute; visibility: hidden;\" title=\"\u00ab\u00a0Manipulation, manipulateurs, Pervers Narcissiques\u00a0\u00bb &#8212; Vaincre les obstacles de la vie   -    STOP A LA MANIPULATION\" src=\"https:\/\/vaincre-les-obstacles.com\/manipulation-manipulateurs-pervers-narcissiques\/embed\/#?secret=yEiCAGau9q#?secret=pvsK8ApdBG\" data-secret=\"pvsK8ApdBG\" width=\"600\" height=\"338\" frameborder=\"0\" marginwidth=\"0\" marginheight=\"0\" scrolling=\"no\"><\/iframe>\n<\/div><\/figure>\n<\/div>\n\n\n\n<div class=\"wp-block-column is-layout-flow wp-block-column-is-layout-flow\">\n<figure class=\"wp-block-embed is-type-wp-embed is-provider-vaincre-les-obstacles-de-la-vie-stop-a-la-manipulation wp-block-embed-vaincre-les-obstacles-de-la-vie-stop-a-la-manipulation\"><div class=\"wp-block-embed__wrapper\">\n<blockquote class=\"wp-embedded-content\" data-secret=\"qnyEirUA7J\"><a href=\"https:\/\/vaincre-les-obstacles.com\/20-scenarios-illustrant-comment-la-manipulation-peut-se-manifester-dans-la-vie-privee\/\">20 sc\u00e9narios illustrant comment la manipulation peut se manifester dans la vie priv\u00e9e<\/a><\/blockquote><iframe loading=\"lazy\" class=\"wp-embedded-content\" sandbox=\"allow-scripts\" security=\"restricted\" style=\"position: absolute; visibility: hidden;\" title=\"\u00ab\u00a020 sc\u00e9narios illustrant comment la manipulation peut se manifester dans la vie priv\u00e9e\u00a0\u00bb &#8212; Vaincre les obstacles de la vie   -    STOP A LA MANIPULATION\" src=\"https:\/\/vaincre-les-obstacles.com\/20-scenarios-illustrant-comment-la-manipulation-peut-se-manifester-dans-la-vie-privee\/embed\/#?secret=Uw8FxsskEN#?secret=qnyEirUA7J\" data-secret=\"qnyEirUA7J\" width=\"600\" height=\"338\" frameborder=\"0\" marginwidth=\"0\" marginheight=\"0\" scrolling=\"no\"><\/iframe>\n<\/div><\/figure>\n<\/div>\n<\/div>\n","protected":false},"excerpt":{"rendered":"","protected":false},"author":1,"featured_media":0,"parent":0,"menu_order":0,"comment_status":"closed","ping_status":"closed","template":"","meta":{"footnotes":""},"class_list":["post-234","page","type-page","status-publish","hentry"],"_links":{"self":[{"href":"https:\/\/clubvivremieux.com\/index.php\/wp-json\/wp\/v2\/pages\/234","targetHints":{"allow":["GET"]}}],"collection":[{"href":"https:\/\/clubvivremieux.com\/index.php\/wp-json\/wp\/v2\/pages"}],"about":[{"href":"https:\/\/clubvivremieux.com\/index.php\/wp-json\/wp\/v2\/types\/page"}],"author":[{"embeddable":true,"href":"https:\/\/clubvivremieux.com\/index.php\/wp-json\/wp\/v2\/users\/1"}],"replies":[{"embeddable":true,"href":"https:\/\/clubvivremieux.com\/index.php\/wp-json\/wp\/v2\/comments?post=234"}],"version-history":[{"count":3,"href":"https:\/\/clubvivremieux.com\/index.php\/wp-json\/wp\/v2\/pages\/234\/revisions"}],"predecessor-version":[{"id":260,"href":"https:\/\/clubvivremieux.com\/index.php\/wp-json\/wp\/v2\/pages\/234\/revisions\/260"}],"wp:attachment":[{"href":"https:\/\/clubvivremieux.com\/index.php\/wp-json\/wp\/v2\/media?parent=234"}],"curies":[{"name":"wp","href":"https:\/\/api.w.org\/{rel}","templated":true}]}}