{"id":2119,"date":"2025-12-30T08:38:05","date_gmt":"2025-12-30T08:38:05","guid":{"rendered":"https:\/\/clubvivremieux.com\/?page_id=2119"},"modified":"2025-12-31T19:54:55","modified_gmt":"2025-12-31T19:54:55","slug":"2026-2","status":"publish","type":"page","link":"https:\/\/clubvivremieux.com\/index.php\/2026-2\/","title":{"rendered":"2026"},"content":{"rendered":"\n<div class=\"wp-block-columns is-layout-flex wp-container-core-columns-is-layout-1 wp-block-columns-is-layout-flex\">\n<div class=\"wp-block-column is-layout-flow wp-block-column-is-layout-flow\">\n<figure class=\"wp-block-image size-full\"><img loading=\"lazy\" decoding=\"async\" width=\"512\" height=\"768\" src=\"https:\/\/clubvivremieux.com\/wp-content\/uploads\/2025\/12\/ChatGPT-Image-30-dec.-2025-09_2.png\" alt=\"\" class=\"wp-image-2120\" srcset=\"https:\/\/clubvivremieux.com\/wp-content\/uploads\/2025\/12\/ChatGPT-Image-30-dec.-2025-09_2.png 512w, https:\/\/clubvivremieux.com\/wp-content\/uploads\/2025\/12\/ChatGPT-Image-30-dec.-2025-09_2-200x300.png 200w\" sizes=\"auto, (max-width: 512px) 100vw, 512px\" \/><\/figure>\n<\/div>\n\n\n\n<div class=\"wp-block-column is-layout-flow wp-block-column-is-layout-flow\">\n<figure class=\"wp-block-image size-full\"><img loading=\"lazy\" decoding=\"async\" width=\"512\" height=\"768\" src=\"https:\/\/clubvivremieux.com\/wp-content\/uploads\/2025\/12\/ChatGPT-Image-30-dec.-2025-09_3.png\" alt=\"\" class=\"wp-image-2121\" srcset=\"https:\/\/clubvivremieux.com\/wp-content\/uploads\/2025\/12\/ChatGPT-Image-30-dec.-2025-09_3.png 512w, https:\/\/clubvivremieux.com\/wp-content\/uploads\/2025\/12\/ChatGPT-Image-30-dec.-2025-09_3-200x300.png 200w\" sizes=\"auto, (max-width: 512px) 100vw, 512px\" \/><\/figure>\n<\/div>\n<\/div>\n\n\n\n<div class=\"wp-block-columns is-layout-flex wp-container-core-columns-is-layout-2 wp-block-columns-is-layout-flex\">\n<div class=\"wp-block-column is-layout-flow wp-block-column-is-layout-flow\">\n<figure class=\"wp-block-image size-full\"><img loading=\"lazy\" decoding=\"async\" width=\"512\" height=\"768\" src=\"https:\/\/clubvivremieux.com\/wp-content\/uploads\/2025\/12\/ChatGPT-Image-30-dec.-2025-17_0.png\" alt=\"\" class=\"wp-image-2126\" srcset=\"https:\/\/clubvivremieux.com\/wp-content\/uploads\/2025\/12\/ChatGPT-Image-30-dec.-2025-17_0.png 512w, https:\/\/clubvivremieux.com\/wp-content\/uploads\/2025\/12\/ChatGPT-Image-30-dec.-2025-17_0-200x300.png 200w\" sizes=\"auto, (max-width: 512px) 100vw, 512px\" \/><\/figure>\n<\/div>\n\n\n\n<div class=\"wp-block-column is-layout-flow wp-block-column-is-layout-flow\">\n<figure class=\"wp-block-image size-full\"><img loading=\"lazy\" decoding=\"async\" width=\"512\" height=\"768\" src=\"https:\/\/clubvivremieux.com\/wp-content\/uploads\/2025\/12\/ChatGPT-Image-30-dec.-2025-17_0-1.png\" alt=\"\" class=\"wp-image-2128\" srcset=\"https:\/\/clubvivremieux.com\/wp-content\/uploads\/2025\/12\/ChatGPT-Image-30-dec.-2025-17_0-1.png 512w, https:\/\/clubvivremieux.com\/wp-content\/uploads\/2025\/12\/ChatGPT-Image-30-dec.-2025-17_0-1-200x300.png 200w\" sizes=\"auto, (max-width: 512px) 100vw, 512px\" \/><\/figure>\n<\/div>\n<\/div>\n\n\n\n<div class=\"wp-block-columns is-layout-flex wp-container-core-columns-is-layout-3 wp-block-columns-is-layout-flex\">\n<div class=\"wp-block-column is-layout-flow wp-block-column-is-layout-flow\">\n<figure class=\"wp-block-image size-full\"><img loading=\"lazy\" decoding=\"async\" width=\"512\" height=\"768\" src=\"https:\/\/clubvivremieux.com\/wp-content\/uploads\/2025\/12\/ChatGPT-Image-30-dec.-2025-18_4.png\" alt=\"\" class=\"wp-image-2131\" srcset=\"https:\/\/clubvivremieux.com\/wp-content\/uploads\/2025\/12\/ChatGPT-Image-30-dec.-2025-18_4.png 512w, https:\/\/clubvivremieux.com\/wp-content\/uploads\/2025\/12\/ChatGPT-Image-30-dec.-2025-18_4-200x300.png 200w\" sizes=\"auto, (max-width: 512px) 100vw, 512px\" \/><\/figure>\n<\/div>\n\n\n\n<div class=\"wp-block-column is-layout-flow wp-block-column-is-layout-flow\">\n<figure class=\"wp-block-image size-full\"><img loading=\"lazy\" decoding=\"async\" width=\"512\" height=\"768\" src=\"https:\/\/clubvivremieux.com\/wp-content\/uploads\/2025\/12\/ChatGPT-Image-30-dec.-2025-19_1.png\" alt=\"\" class=\"wp-image-2133\" srcset=\"https:\/\/clubvivremieux.com\/wp-content\/uploads\/2025\/12\/ChatGPT-Image-30-dec.-2025-19_1.png 512w, https:\/\/clubvivremieux.com\/wp-content\/uploads\/2025\/12\/ChatGPT-Image-30-dec.-2025-19_1-200x300.png 200w\" sizes=\"auto, (max-width: 512px) 100vw, 512px\" \/><\/figure>\n<\/div>\n<\/div>\n\n\n\n<div class=\"wp-block-columns is-layout-flex wp-container-core-columns-is-layout-4 wp-block-columns-is-layout-flex\">\n<div class=\"wp-block-column is-layout-flow wp-block-column-is-layout-flow\">\n<figure class=\"wp-block-image size-full\"><img loading=\"lazy\" decoding=\"async\" width=\"512\" height=\"768\" src=\"https:\/\/clubvivremieux.com\/wp-content\/uploads\/2025\/12\/ChatGPT-Image-30-dec.-2025-19_4.png\" alt=\"\" class=\"wp-image-2135\" srcset=\"https:\/\/clubvivremieux.com\/wp-content\/uploads\/2025\/12\/ChatGPT-Image-30-dec.-2025-19_4.png 512w, https:\/\/clubvivremieux.com\/wp-content\/uploads\/2025\/12\/ChatGPT-Image-30-dec.-2025-19_4-200x300.png 200w\" sizes=\"auto, (max-width: 512px) 100vw, 512px\" \/><\/figure>\n<\/div>\n\n\n\n<div class=\"wp-block-column is-layout-flow wp-block-column-is-layout-flow\">\n<figure class=\"wp-block-image size-full\"><img loading=\"lazy\" decoding=\"async\" width=\"512\" height=\"768\" src=\"https:\/\/clubvivremieux.com\/wp-content\/uploads\/2025\/12\/ChatGPT-Image-30-dec.-2025-19_4-1-1.png\" alt=\"\" class=\"wp-image-2139\" srcset=\"https:\/\/clubvivremieux.com\/wp-content\/uploads\/2025\/12\/ChatGPT-Image-30-dec.-2025-19_4-1-1.png 512w, https:\/\/clubvivremieux.com\/wp-content\/uploads\/2025\/12\/ChatGPT-Image-30-dec.-2025-19_4-1-1-200x300.png 200w\" sizes=\"auto, (max-width: 512px) 100vw, 512px\" \/><\/figure>\n<\/div>\n<\/div>\n\n\n\n<div class=\"wp-block-columns is-layout-flex wp-container-core-columns-is-layout-5 wp-block-columns-is-layout-flex\">\n<div class=\"wp-block-column is-layout-flow wp-block-column-is-layout-flow\">\n<figure class=\"wp-block-image size-full\"><img loading=\"lazy\" decoding=\"async\" width=\"512\" height=\"768\" src=\"https:\/\/clubvivremieux.com\/wp-content\/uploads\/2025\/12\/ChatGPT-Image-31-dec.-2025-20_5-2.png\" alt=\"\" class=\"wp-image-2143\" srcset=\"https:\/\/clubvivremieux.com\/wp-content\/uploads\/2025\/12\/ChatGPT-Image-31-dec.-2025-20_5-2.png 512w, https:\/\/clubvivremieux.com\/wp-content\/uploads\/2025\/12\/ChatGPT-Image-31-dec.-2025-20_5-2-200x300.png 200w\" sizes=\"auto, (max-width: 512px) 100vw, 512px\" \/><\/figure>\n<\/div>\n\n\n\n<div class=\"wp-block-column is-layout-flow wp-block-column-is-layout-flow\"><\/div>\n<\/div>\n\n\n\n<p>On va les formuler <strong>ensemble<\/strong>, \u00e9tape par \u00e9tape. Je commence par te guider avec quelques questions simples. R\u00e9ponds librement, m\u00eame en quelques mots.<\/p>\n\n\n\n<hr class=\"wp-block-separator has-alpha-channel-opacity\"\/>\n\n\n\n<h2 class=\"wp-block-heading\">\u00c9tape 1 \u2014 Choisir les domaines importants pour TOI en 2026<\/h2>\n\n\n\n<p>Parmi ces domaines, lesquels comptent vraiment l\u2019an prochain ? (choisis-en 3 \u00e0 5 max)<\/p>\n\n\n\n<ul class=\"wp-block-list\">\n<li>Sant\u00e9 \/ \u00e9nergie<\/li>\n\n\n\n<li>Travail \/ \u00e9tudes<\/li>\n\n\n\n<li>Argent \/ finances<\/li>\n\n\n\n<li>Relations (famille, couple, amis)<\/li>\n\n\n\n<li>D\u00e9veloppement personnel<\/li>\n\n\n\n<li>Plaisir \/ loisirs \/ voyages<\/li>\n\n\n\n<li>Organisation \/ \u00e9quilibre de vie<\/li>\n<\/ul>\n\n\n\n<p>\ud83d\udc49 <strong>Dis-moi lesquels tu choisis.<\/strong><\/p>\n\n\n\n<hr class=\"wp-block-separator has-alpha-channel-opacity\"\/>\n\n\n\n<h2 class=\"wp-block-heading\">\u00c9tape 2 \u2014 Intention brute (sans filtre)<\/h2>\n\n\n\n<p>Pour chaque domaine choisi, compl\u00e8te cette phrase (m\u00eame si c\u2019est flou) :<\/p>\n\n\n\n<ul class=\"wp-block-list\">\n<li>En 2026, je voudrais surtout <strong>__________________<\/strong><\/li>\n\n\n\n<li>Parce que <strong>__________________<\/strong><\/li>\n<\/ul>\n\n\n\n<p>Exemple :<\/p>\n\n\n\n<blockquote class=\"wp-block-quote is-layout-flow wp-block-quote-is-layout-flow\">\n<p>En 2026, je voudrais surtout retrouver de l\u2019\u00e9nergie<br>Parce que je me sens souvent fatigu\u00e9 et moins motiv\u00e9<\/p>\n<\/blockquote>\n\n\n\n<p>\ud83d\udc49 <strong>\u00c9cris une phrase par domaine.<\/strong><\/p>\n\n\n\n<hr class=\"wp-block-separator has-alpha-channel-opacity\"\/>\n\n\n\n<h2 class=\"wp-block-heading\">\u00c9tape 3 \u2014 On transforme en v\u0153u clair<\/h2>\n\n\n\n<p>Ensuite, je t\u2019aiderai \u00e0 transformer chaque intention en un v\u0153u <strong>SMART<\/strong> (simple, r\u00e9aliste et mesurable).<\/p>\n\n\n\n<p>Exemple de transformation :<\/p>\n\n\n\n<ul class=\"wp-block-list\">\n<li>Intention : \u201cprendre soin de moi\u201d<\/li>\n\n\n\n<li>V\u0153u 2026 :<br>\ud83d\udc49 <em>\u201cEn 2026, je marche au moins 20 minutes, 4 fois par semaine.\u201d<\/em><\/li>\n<\/ul>\n\n\n\n<hr class=\"wp-block-separator has-alpha-channel-opacity\"\/>\n\n\n\n<h2 class=\"wp-block-heading\">\u00c9tape 4 \u2014 Version finale des v\u0153ux 2026<\/h2>\n\n\n\n<p>\u00c0 la fin, tu auras :<\/p>\n\n\n\n<ul class=\"wp-block-list\">\n<li>3 \u00e0 5 v\u0153ux clairs<\/li>\n\n\n\n<li>Une formulation positive<\/li>\n\n\n\n<li>Des objectifs tenables sur l\u2019ann\u00e9e<\/li>\n<\/ul>\n","protected":false},"excerpt":{"rendered":"<p>On va les formuler ensemble, \u00e9tape par \u00e9tape. Je commence par te guider avec quelques questions simples. R\u00e9ponds librement, m\u00eame en quelques mots. \u00c9tape 1 \u2014 Choisir les domaines importants pour TOI en 2026 Parmi ces domaines, lesquels comptent vraiment&#8230; <a href=\"https:\/\/clubvivremieux.com\/index.php\/2026-2\/\" class=\"readmore\">Read more<span class=\"screen-reader-text\">2026<\/span><span class=\"fa fa-angle-double-right\" aria-hidden=\"true\"><\/span><\/a><\/p>\n","protected":false},"author":1,"featured_media":0,"parent":0,"menu_order":0,"comment_status":"closed","ping_status":"closed","template":"","meta":{"footnotes":""},"class_list":["post-2119","page","type-page","status-publish","hentry"],"_links":{"self":[{"href":"https:\/\/clubvivremieux.com\/index.php\/wp-json\/wp\/v2\/pages\/2119","targetHints":{"allow":["GET"]}}],"collection":[{"href":"https:\/\/clubvivremieux.com\/index.php\/wp-json\/wp\/v2\/pages"}],"about":[{"href":"https:\/\/clubvivremieux.com\/index.php\/wp-json\/wp\/v2\/types\/page"}],"author":[{"embeddable":true,"href":"https:\/\/clubvivremieux.com\/index.php\/wp-json\/wp\/v2\/users\/1"}],"replies":[{"embeddable":true,"href":"https:\/\/clubvivremieux.com\/index.php\/wp-json\/wp\/v2\/comments?post=2119"}],"version-history":[{"count":8,"href":"https:\/\/clubvivremieux.com\/index.php\/wp-json\/wp\/v2\/pages\/2119\/revisions"}],"predecessor-version":[{"id":2144,"href":"https:\/\/clubvivremieux.com\/index.php\/wp-json\/wp\/v2\/pages\/2119\/revisions\/2144"}],"wp:attachment":[{"href":"https:\/\/clubvivremieux.com\/index.php\/wp-json\/wp\/v2\/media?parent=2119"}],"curies":[{"name":"wp","href":"https:\/\/api.w.org\/{rel}","templated":true}]}}