{"id":2027,"date":"2025-12-20T21:26:23","date_gmt":"2025-12-20T21:26:23","guid":{"rendered":"https:\/\/clubvivremieux.com\/?page_id=2027"},"modified":"2025-12-20T22:04:15","modified_gmt":"2025-12-20T22:04:15","slug":"bienvenue","status":"publish","type":"page","link":"https:\/\/clubvivremieux.com\/index.php\/bienvenue\/","title":{"rendered":"BIENVENUE"},"content":{"rendered":"<div class=\"wp-block-image\">\n<figure class=\"aligncenter size-full is-resized\"><img loading=\"lazy\" decoding=\"async\" width=\"512\" height=\"768\" src=\"https:\/\/clubvivremieux.com\/wp-content\/uploads\/2025\/12\/ChatGPT-Image-20-dec.-2025-22_3.png\" alt=\"\" class=\"wp-image-2035\" style=\"width:668px;height:auto\" srcset=\"https:\/\/clubvivremieux.com\/wp-content\/uploads\/2025\/12\/ChatGPT-Image-20-dec.-2025-22_3.png 512w, https:\/\/clubvivremieux.com\/wp-content\/uploads\/2025\/12\/ChatGPT-Image-20-dec.-2025-22_3-200x300.png 200w\" sizes=\"auto, (max-width: 512px) 100vw, 512px\" \/><\/figure><\/div>\n\n\n<div class=\"wp-block-columns is-layout-flex wp-container-core-columns-is-layout-1 wp-block-columns-is-layout-flex\">\n<div class=\"wp-block-column is-layout-flow wp-block-column-is-layout-flow\">\n<figure class=\"wp-block-image\"><a href=\"https:\/\/clubvivremieux.com\/index.php\/le-grand-secret-des-3-super-pouvoirs-pour-vivre-mieux\/\"><img loading=\"lazy\" decoding=\"async\" width=\"512\" height=\"768\" src=\"https:\/\/clubvivremieux.com\/wp-content\/uploads\/2025\/11\/ChatGPT-Image-30-nov.-2025-12_4.png\" alt=\"\" class=\"wp-image-1325\" srcset=\"https:\/\/clubvivremieux.com\/wp-content\/uploads\/2025\/11\/ChatGPT-Image-30-nov.-2025-12_4.png 512w, https:\/\/clubvivremieux.com\/wp-content\/uploads\/2025\/11\/ChatGPT-Image-30-nov.-2025-12_4-200x300.png 200w\" sizes=\"auto, (max-width: 512px) 100vw, 512px\" \/><\/a><\/figure>\n\n\n\n<p><strong>\ud83d\udca5 [Je d\u00e9couvre les 3 super-pouvoirs]&nbsp;<a href=\"https:\/\/clubvivremieux.com\/index.php\/le-grand-secret-des-3-super-pouvoirs-pour-vivre-mieux\/\">ICI<\/a><\/strong><\/p>\n<\/div>\n\n\n\n<div class=\"wp-block-column is-layout-flow wp-block-column-is-layout-flow\">\n<figure class=\"wp-block-image\"><a href=\"https:\/\/clubvivremieux.com\/index.php\/le-grand-secret-des-3-super-pouvoirs-pour-vivre-mieux\/\"><img loading=\"lazy\" decoding=\"async\" width=\"512\" height=\"768\" src=\"https:\/\/clubvivremieux.com\/wp-content\/uploads\/2025\/11\/ChatGPT-Image-30-nov.-2025-12_2-1.png\" alt=\"\" class=\"wp-image-1327\" srcset=\"https:\/\/clubvivremieux.com\/wp-content\/uploads\/2025\/11\/ChatGPT-Image-30-nov.-2025-12_2-1.png 512w, https:\/\/clubvivremieux.com\/wp-content\/uploads\/2025\/11\/ChatGPT-Image-30-nov.-2025-12_2-1-200x300.png 200w\" sizes=\"auto, (max-width: 512px) 100vw, 512px\" \/><\/a><\/figure>\n<\/div>\n\n\n\n<div class=\"wp-block-column is-layout-flow wp-block-column-is-layout-flow\">\n<figure class=\"wp-block-image\"><img loading=\"lazy\" decoding=\"async\" width=\"256\" height=\"384\" src=\"https:\/\/clubvivremieux.com\/wp-content\/uploads\/2025\/11\/ChatGPT-Image-24-nov.-2025-14_3.png\" alt=\"\" class=\"wp-image-1049\" srcset=\"https:\/\/clubvivremieux.com\/wp-content\/uploads\/2025\/11\/ChatGPT-Image-24-nov.-2025-14_3.png 256w, https:\/\/clubvivremieux.com\/wp-content\/uploads\/2025\/11\/ChatGPT-Image-24-nov.-2025-14_3-200x300.png 200w\" sizes=\"auto, (max-width: 256px) 100vw, 256px\" \/><\/figure>\n<\/div>\n<\/div>\n\n\n\n<div class=\"wp-block-columns are-vertically-aligned-center is-layout-flex wp-container-core-columns-is-layout-2 wp-block-columns-is-layout-flex\">\n<div class=\"wp-block-column is-vertically-aligned-center is-layout-flow wp-block-column-is-layout-flow\">\n<p><br>D\u00e9couvrez <strong><a href=\"https:\/\/clubvivremieux.com\/index.php\/methode-a-p-s-vivre-mieuxapprendre-preparer-survivre\/\">la m\u00e9thode A.P.S \u2013 Vivre Mieux\u2122<\/a><\/strong>, votre guide unique pour apprendre, pr\u00e9parer et survivre aux d\u00e9fis du quotidien. Avec des outils simples et efficaces, vous renforcerez votre autonomie, votre r\u00e9silience et votre bien-\u00eatre, tout en transformant chaque difficult\u00e9 en opportunit\u00e9 de croissance.<\/p>\n<\/div>\n\n\n\n<div class=\"wp-block-column is-vertically-aligned-center is-layout-flow wp-block-column-is-layout-flow\"><div class=\"wp-block-image\">\n<figure class=\"aligncenter size-full\"><a href=\"https:\/\/clubvivremieux.com\/index.php\/methode-a-p-s-vivre-mieuxapprendre-preparer-survivre\/\"><img loading=\"lazy\" decoding=\"async\" width=\"256\" height=\"256\" src=\"https:\/\/clubvivremieux.com\/wp-content\/uploads\/2025\/11\/ChatGPT-Image-27-nov.-2025-14_3.png\" alt=\"\" class=\"wp-image-1083\" srcset=\"https:\/\/clubvivremieux.com\/wp-content\/uploads\/2025\/11\/ChatGPT-Image-27-nov.-2025-14_3.png 256w, https:\/\/clubvivremieux.com\/wp-content\/uploads\/2025\/11\/ChatGPT-Image-27-nov.-2025-14_3-150x150.png 150w\" sizes=\"auto, (max-width: 256px) 100vw, 256px\" \/><\/a><\/figure><\/div><\/div>\n<\/div>\n\n\n<div class=\"wp-block-image\">\n<figure class=\"aligncenter size-full\"><img loading=\"lazy\" decoding=\"async\" width=\"512\" height=\"768\" src=\"https:\/\/clubvivremieux.com\/wp-content\/uploads\/2025\/12\/ChatGPT-Image-20-dec.-2025-23_0.png\" alt=\"\" class=\"wp-image-2044\" srcset=\"https:\/\/clubvivremieux.com\/wp-content\/uploads\/2025\/12\/ChatGPT-Image-20-dec.-2025-23_0.png 512w, https:\/\/clubvivremieux.com\/wp-content\/uploads\/2025\/12\/ChatGPT-Image-20-dec.-2025-23_0-200x300.png 200w\" sizes=\"auto, (max-width: 512px) 100vw, 512px\" \/><\/figure><\/div>\n\n\n<ul class=\"wp-block-list\">\n<li>Bienvenue dans le Club Vivre Mieux\u2026 Ici, tout commence par toi et par ce que tu choisis de cr\u00e9er.<\/li>\n\n\n\n<li>Imagine que tu franchis la porte de ce lieu, et que soudain, chaque conseil, chaque ressource, chaque accompagnement devient une cl\u00e9\u2026 Laquelle prendrais-tu en premier\u2026 ?<\/li>\n\n\n\n<li>Visualise-toi d\u00e9couvrant ce que tu pourrais accomplir si chaque jour tu avais un peu plus de clart\u00e9, un peu plus de libert\u00e9\u2026 Que ferais-tu de ce temps\u2026 ?<\/li>\n\n\n\n<li>Et si tu pouvais lib\u00e9rer ton esprit de ce qui t\u2019encombre\u2026 Qu\u2019est-ce qui resterait, et que d\u00e9ciderais-tu de construire\u2026 ?<\/li>\n\n\n\n<li>Imagine que r\u00e9ussir devienne naturel pour toi, presque sans effort\u2026 Quelle partie de ta vie se transformerait la premi\u00e8re\u2026 ?<\/li>\n\n\n\n<li>Et si chaque petite victoire t\u2019ouvrait un monde plus vaste\u2026 O\u00f9 te m\u00e8nerait cette \u00e9nergie nouvelle\u2026 ?<\/li>\n\n\n\n<li>Pense \u00e0 ce que tu pourrais faire si tu r\u00e9cup\u00e9rais 10 heures chaque semaine\u2026 Comment utiliserais-tu ces heures\u2026 pour vivre mieux, penser mieux, \u00eatre plus libre\u2026 ?<\/li>\n\n\n\n<li>Chaque jour ici est une opportunit\u00e9\u2026 Quel premier pas choisirais-tu\u2026 pour sentir la diff\u00e9rence d\u00e8s maintenant\u2026 ?<\/li>\n\n\n\n<li>Maintenant, laisse ton imagination remplir les espaces que je n\u2019ai pas d\u00e9crits\u2026 Sens le changement commencer\u2026 juste en te laissant imaginer\u2026<\/li>\n<\/ul>\n\n\n\n<hr class=\"wp-block-separator has-alpha-channel-opacity\"\/>\n\n\n\n<h2 class=\"wp-block-heading\">\ud83c\udf1f <strong>Mission<\/strong><\/h2>\n\n\n\n<p>Chez Club Vivre Mieux, je sais que le monde moderne est exigeant : rythme rapide, stress permanent, informations multiples et choix complexes.<br>Ma mission est de vous fournir <strong>des ressources sp\u00e9cialement con\u00e7ues pour r\u00e9pondre aux d\u00e9fis de notre \u00e9poque<\/strong>, afin de vous guider vers :<\/p>\n\n\n\n<ul class=\"wp-block-list\">\n<li>Une <strong>mentalit\u00e9 de r\u00e9ussite adapt\u00e9e aux enjeux actuels<\/strong><\/li>\n\n\n\n<li>Une <strong>vitalit\u00e9 et un bien-\u00eatre au quotidien<\/strong><\/li>\n\n\n\n<li>Une <strong>libert\u00e9 financi\u00e8re et professionnelle dans un monde en constante \u00e9volution<\/strong><\/li>\n\n\n\n<li>Un <strong>\u00e9panouissement personnel \u00e0 chaque \u00e9tape de votre vie<\/strong><\/li>\n<\/ul>\n\n\n\n<hr class=\"wp-block-separator has-alpha-channel-opacity\"\/>\n\n\n\n<p class=\"has-text-align-center\"><strong><a href=\"https:\/\/clubvivremieux.com\/index.php\/les-articles\/\">LES ARTICLES avec METHODES EXPRESS<\/a><\/strong><\/p>\n\n\n\n<hr class=\"wp-block-separator has-alpha-channel-opacity\"\/>\n\n\n\n<h2 class=\"wp-block-heading has-medium-font-size\">\ud83c\udf10 <strong>Un \u00e9cosyst\u00e8me unique : l\u2019univers Guido Saverio<\/strong><\/h2>\n\n\n\n<p>Club Vivre Mieux est le point central d\u2019un r\u00e9seau de sites et de ressources sp\u00e9cialis\u00e9es, <strong>pens\u00e9es pour le monde moderne<\/strong>. Chaque site est une branche de mon univers, d\u00e9di\u00e9e \u00e0 un aspect de votre \u00e9panouissement :<\/p>\n\n\n\n<h3 class=\"wp-block-heading has-medium-font-size\">\ud83e\uddd8 D\u00e9veloppement personnel &amp; mentalit\u00e9 de succ\u00e8s<\/h3>\n\n\n\n<ul class=\"wp-block-list\">\n<li><strong><a href=\"http:\/\/lamentalit\u00e9dusucc\u00e8s.com\">lamentalit\u00e9dusucc\u00e8s.com<\/a><\/strong> \u2013 Transformez votre vision et vos habitudes pour r\u00e9ussir aujourd\u2019hui<\/li>\n\n\n\n<li><strong><a href=\"http:\/\/je-sais.com\">je-sais.com<\/a><\/strong> \u2013 <strong><a href=\"http:\/\/pensez-et-devenez.com\">pensez-et-devenez<\/a><\/strong> et votre intelligence \u00e9motionnelle<\/li>\n\n\n\n<li><strong><a href=\"http:\/\/vaincre-les-obstacles.com\">vaincre-les-obstacles.com<\/a><\/strong> \u2013 Surmontez les d\u00e9fis modernes et atteignez vos objectifs<\/li>\n\n\n\n<li><strong><a href=\"http:\/\/pensez-et-devenez.com\">pensez-et-devenez.com<\/a><\/strong> \u2013 Programmez votre r\u00e9ussite dans un monde en mouvement<\/li>\n\n\n\n<li><strong><a href=\"http:\/\/developpement-personnel-guido.com\">developpement-personnel-guido.com<\/a><\/strong> \u2013 Coaching et programmes guid\u00e9s adapt\u00e9s aux enjeux actuels<\/li>\n<\/ul>\n\n\n\n<h3 class=\"wp-block-heading has-medium-font-size\">\ud83c\udf3f Bien-\u00eatre naturel &amp; vitalit\u00e9<\/h3>\n\n\n\n<ul class=\"wp-block-list\">\n<li><strong><a href=\"http:\/\/vitalit\u00e9naturelle.com\">vitalit\u00e9naturelle.com<\/a><\/strong> \u2013 Conseils pour pr\u00e9server votre sant\u00e9 et \u00e9nergie dans la vie moderne<\/li>\n\n\n\n<li><strong><a href=\"http:\/\/lavieaunaturelle.com\">lavieaunaturelle.com<\/a><\/strong> \u2013 Reconnectez-vous \u00e0 la nature et trouvez l\u2019\u00e9quilibre malgr\u00e9 le rythme actuel<\/li>\n<\/ul>\n\n\n\n<h3 class=\"wp-block-heading has-medium-font-size\">\ud83d\udc74 Seniors &amp; qualit\u00e9 de vie<\/h3>\n\n\n\n<ul class=\"wp-block-list\">\n<li><strong><a href=\"http:\/\/nosseniors.com\">nosseniors.com<\/a><\/strong> \u2013 Accompagnement pour rester actif, heureux et \u00e9panoui dans un monde en changement<\/li>\n<\/ul>\n\n\n\n<h3 class=\"wp-block-heading has-medium-font-size\">\ud83d\ude80 Business &amp; libert\u00e9 financi\u00e8re<\/h3>\n\n\n\n<ul class=\"wp-block-list\">\n<li><strong><a href=\"http:\/\/creervotrebusiness.com\">creervotrebusiness.com<\/a><\/strong> \u2013 Construisez votre projet entrepreneurial dans un environnement moderne<\/li>\n\n\n\n<li><strong><a href=\"http:\/\/libert\u00e9-financi\u00e8re.com\">libert\u00e9-financi\u00e8re.com<\/a><\/strong> \u2013 Strat\u00e9gies pour atteindre l\u2019ind\u00e9pendance financi\u00e8re et naviguer dans l\u2019\u00e9conomie d\u2019aujourd\u2019hui<\/li>\n<\/ul>\n\n\n\n<h3 class=\"wp-block-heading has-medium-font-size\">\ud83c\udf31 Autonomie alimentaire<\/h3>\n\n\n\n<ul class=\"wp-block-list\">\n<li><strong><a href=\"http:\/\/hydroponie-facile.com\">hydroponie-facile.com<\/a><\/strong> \u2013 Apprenez \u00e0 cultiver sain et durable, m\u00eame dans un monde urbain et connect\u00e9<\/li>\n<\/ul>\n\n\n\n<h3 class=\"wp-block-heading has-medium-font-size\">\ud83d\udc64 <strong>Ma marque personnelle <\/strong><\/h3>\n\n\n\n<ul class=\"wp-block-list\">\n<li><strong><a href=\"http:\/\/guidosaverio.com\">guidosaverio.com<\/a><\/strong><\/li>\n\n\n\n<li><strong><a href=\"http:\/\/guido-saverio-coach.com\">guido-saverio-coach.com<\/a><\/strong><\/li>\n\n\n\n<li><strong><a href=\"http:\/\/vivreavecguido.be\">vivreavecguido.be<\/a><\/strong><\/li>\n<\/ul>\n\n\n\n<p><strong>Toutes ces ressources ont \u00e9t\u00e9 pens\u00e9es pour vous aider \u00e0 \u00e9voluer et r\u00e9ussir dans ce monde moderne<\/strong>, tout en restant fid\u00e8le \u00e0 vos valeurs et votre \u00e9quilibre int\u00e9rieur.<\/p>\n\n\n\n<hr class=\"wp-block-separator has-alpha-channel-opacity\"\/>\n\n\n\n<h2 class=\"wp-block-heading has-medium-font-size\">\ud83d\udc8c <strong>Rejoignez le Club Vivre Mieux<\/strong><\/h2>\n\n\n\n<p>Recevez gratuitement mes conseils, ressources exclusives et inspirations pour transformer votre quotidien moderne :<\/p>\n\n\n\n<ul class=\"wp-block-list\">\n<li>Guides pratiques et vid\u00e9os adapt\u00e9es aux d\u00e9fis actuels<\/li>\n\n\n\n<li>Strat\u00e9gies de r\u00e9ussite et de d\u00e9veloppement personnel<\/li>\n\n\n\n<li>Acc\u00e8s aux programmes et ateliers du Club<\/li>\n<\/ul>\n\n\n\n<p><strong>[Je m\u2019inscris \u00e0 la newsletter]<\/strong> (En cours)<\/p>\n\n\n\n<hr class=\"wp-block-separator has-alpha-channel-opacity\"\/>\n\n\n\n<h2 class=\"wp-block-heading has-medium-font-size\">\ud83d\udd25 <strong>Pourquoi choisir Club Vivre Mieux ?<\/strong><\/h2>\n\n\n\n<ol class=\"wp-block-list\">\n<li><strong>Des ressources pens\u00e9es pour le monde moderne<\/strong> \u2013 Tout ce dont vous avez besoin pour \u00e9voluer et r\u00e9ussir aujourd\u2019hui.<\/li>\n\n\n\n<li><strong>Un \u00e9cosyst\u00e8me complet<\/strong> \u2013 Chaque site, programme et guide a une mission pr\u00e9cise pour vous accompagner.<\/li>\n\n\n\n<li><strong>Accompagnement humain et concret<\/strong> \u2013 Avec moi, Guido Saverio, votre guide et coach.<\/li>\n\n\n\n<li><strong>Une communaut\u00e9 inspirante<\/strong> \u2013 Rejoignez des milliers de personnes qui veulent mieux vivre et r\u00e9ussir, m\u00eame dans le rythme effr\u00e9n\u00e9 du monde moderne.<\/li>\n<\/ol>\n\n\n\n<hr class=\"wp-block-separator has-alpha-channel-opacity\"\/>\n\n\n\n<h2 class=\"wp-block-heading has-medium-font-size\">\ud83c\udf1f <strong>Commencez d\u00e8s aujourd\u2019hui<\/strong><\/h2>\n\n\n\n<p>Vous n\u2019avez pas besoin de tout changer d\u2019un coup.<br>Chez Club Vivre Mieux, je vous proposons <strong>des \u00e9tapes simples, concr\u00e8tes et adapt\u00e9es \u00e0 notre \u00e9poque<\/strong> pour avancer chaque jour vers la meilleure version de vous-m\u00eame.<\/p>\n\n\n\n<p><strong>[D\u00e9couvrir les ressources]<\/strong> (voir les sites) et <strong><a href=\"https:\/\/clubvivremieux.com\/index.php\/plan-pour-vivre-mieux\/\">Plan pour \u201cVivre Mieux\u201d<\/a><\/strong><\/p>\n\n\n\n<p class=\"has-text-align-center has-large-font-size\"><br><strong>[<a href=\"http:\/\/eepurl.com\/jtwN1o\">Rejoindre la newsletter<\/a>]<\/strong><br><\/p>\n\n\n\n<p><strong><a href=\"https:\/\/guidosaverio.com\/qui-suis-je\/\">Guido SAVERIO<\/a><\/strong><\/p>\n","protected":false},"excerpt":{"rendered":"<p>\ud83d\udca5 [Je d\u00e9couvre les 3 super-pouvoirs]&nbsp;ICI D\u00e9couvrez la m\u00e9thode A.P.S \u2013 Vivre Mieux\u2122, votre guide unique pour apprendre, pr\u00e9parer et survivre aux d\u00e9fis du quotidien. Avec des outils simples et efficaces, vous renforcerez votre autonomie, votre r\u00e9silience et votre bien-\u00eatre,&#8230; <a href=\"https:\/\/clubvivremieux.com\/index.php\/bienvenue\/\" class=\"readmore\">Read more<span class=\"screen-reader-text\">BIENVENUE<\/span><span class=\"fa fa-angle-double-right\" aria-hidden=\"true\"><\/span><\/a><\/p>\n","protected":false},"author":1,"featured_media":0,"parent":0,"menu_order":0,"comment_status":"closed","ping_status":"closed","template":"","meta":{"footnotes":""},"class_list":["post-2027","page","type-page","status-publish","hentry"],"_links":{"self":[{"href":"https:\/\/clubvivremieux.com\/index.php\/wp-json\/wp\/v2\/pages\/2027","targetHints":{"allow":["GET"]}}],"collection":[{"href":"https:\/\/clubvivremieux.com\/index.php\/wp-json\/wp\/v2\/pages"}],"about":[{"href":"https:\/\/clubvivremieux.com\/index.php\/wp-json\/wp\/v2\/types\/page"}],"author":[{"embeddable":true,"href":"https:\/\/clubvivremieux.com\/index.php\/wp-json\/wp\/v2\/users\/1"}],"replies":[{"embeddable":true,"href":"https:\/\/clubvivremieux.com\/index.php\/wp-json\/wp\/v2\/comments?post=2027"}],"version-history":[{"count":3,"href":"https:\/\/clubvivremieux.com\/index.php\/wp-json\/wp\/v2\/pages\/2027\/revisions"}],"predecessor-version":[{"id":2045,"href":"https:\/\/clubvivremieux.com\/index.php\/wp-json\/wp\/v2\/pages\/2027\/revisions\/2045"}],"wp:attachment":[{"href":"https:\/\/clubvivremieux.com\/index.php\/wp-json\/wp\/v2\/media?parent=2027"}],"curies":[{"name":"wp","href":"https:\/\/api.w.org\/{rel}","templated":true}]}}