{"id":1997,"date":"2025-12-20T10:28:29","date_gmt":"2025-12-20T10:28:29","guid":{"rendered":"https:\/\/clubvivremieux.com\/?page_id=1997"},"modified":"2025-12-20T10:43:05","modified_gmt":"2025-12-20T10:43:05","slug":"si-rien-ne-change-2026-ressemblera-beaucoup-a-2025","status":"publish","type":"page","link":"https:\/\/clubvivremieux.com\/index.php\/si-rien-ne-change-2026-ressemblera-beaucoup-a-2025\/","title":{"rendered":"Si rien ne change, 2026 ressemblera beaucoup \u00e0 2025"},"content":{"rendered":"<div class=\"wp-block-image\">\n<figure class=\"aligncenter size-full\"><img loading=\"lazy\" decoding=\"async\" width=\"512\" height=\"341\" src=\"https:\/\/clubvivremieux.com\/wp-content\/uploads\/2025\/12\/ChatGPT-Image-20-dec.-2025-11_2-1.png\" alt=\"\" class=\"wp-image-1998\" srcset=\"https:\/\/clubvivremieux.com\/wp-content\/uploads\/2025\/12\/ChatGPT-Image-20-dec.-2025-11_2-1.png 512w, https:\/\/clubvivremieux.com\/wp-content\/uploads\/2025\/12\/ChatGPT-Image-20-dec.-2025-11_2-1-300x200.png 300w\" sizes=\"auto, (max-width: 512px) 100vw, 512px\" \/><\/figure><\/div>\n\n\n<p><strong>Soyons honn\u00eates.<\/strong><br>Si rien ne change, 2026 ressemblera beaucoup \u00e0 2025.<\/p>\n\n\n\n<p>Les m\u00eames intentions.<br>Les m\u00eames excuses.<br>Les m\u00eames projets \u201cpresque\u201d termin\u00e9s.<\/p>\n\n\n\n<p>Ce n\u2019est pas un probl\u00e8me de potentiel.<br>C\u2019est un probl\u00e8me de dispersion et de d\u00e9cisions \u00e9vit\u00e9es.<\/p>\n\n\n\n<p>Tu sais d\u00e9j\u00e0 ce qui ne fonctionne plus.<br>Ce que tu repousses.<br>Ce que tu gardes par confort ou par peur.<\/p>\n\n\n\n<p>2026 ne te demandera pas d\u2019\u00eatre parfait(e).<br>Elle te demandera d\u2019\u00eatre clair(e).<br>De choisir une direction et d\u2019assumer ce que tu laisses derri\u00e8re.<\/p>\n\n\n\n<p>Parce que continuer \u00e0 tout vouloir, c\u2019est souvent ne rien construire.<\/p>\n\n\n\n<p><strong>2026 commence le jour o\u00f9 tu arr\u00eates de te mentir.<\/strong><\/p>\n\n\n\n<p>Guido SAVERIO<\/p>\n\n\n\n<hr class=\"wp-block-separator has-alpha-channel-opacity\"\/>\n\n\n\n<p><strong><em><a href=\"https:\/\/clubvivremieux.com\/index.php\/plan-daction-2026\/\">PLAN D\u2019ACTION 2026 (VERSION COURTE)<\/a><\/em><\/strong><\/p>\n","protected":false},"excerpt":{"rendered":"<p>Soyons honn\u00eates.Si rien ne change, 2026 ressemblera beaucoup \u00e0 2025. Les m\u00eames intentions.Les m\u00eames excuses.Les m\u00eames projets \u201cpresque\u201d termin\u00e9s. Ce n\u2019est pas un probl\u00e8me de potentiel.C\u2019est un probl\u00e8me de dispersion et de d\u00e9cisions \u00e9vit\u00e9es. Tu sais d\u00e9j\u00e0 ce qui ne&#8230; <a href=\"https:\/\/clubvivremieux.com\/index.php\/si-rien-ne-change-2026-ressemblera-beaucoup-a-2025\/\" class=\"readmore\">Read more<span class=\"screen-reader-text\">Si rien ne change, 2026 ressemblera beaucoup \u00e0 2025<\/span><span class=\"fa fa-angle-double-right\" aria-hidden=\"true\"><\/span><\/a><\/p>\n","protected":false},"author":1,"featured_media":0,"parent":0,"menu_order":0,"comment_status":"closed","ping_status":"closed","template":"","meta":{"footnotes":""},"class_list":["post-1997","page","type-page","status-publish","hentry"],"_links":{"self":[{"href":"https:\/\/clubvivremieux.com\/index.php\/wp-json\/wp\/v2\/pages\/1997","targetHints":{"allow":["GET"]}}],"collection":[{"href":"https:\/\/clubvivremieux.com\/index.php\/wp-json\/wp\/v2\/pages"}],"about":[{"href":"https:\/\/clubvivremieux.com\/index.php\/wp-json\/wp\/v2\/types\/page"}],"author":[{"embeddable":true,"href":"https:\/\/clubvivremieux.com\/index.php\/wp-json\/wp\/v2\/users\/1"}],"replies":[{"embeddable":true,"href":"https:\/\/clubvivremieux.com\/index.php\/wp-json\/wp\/v2\/comments?post=1997"}],"version-history":[{"count":2,"href":"https:\/\/clubvivremieux.com\/index.php\/wp-json\/wp\/v2\/pages\/1997\/revisions"}],"predecessor-version":[{"id":2008,"href":"https:\/\/clubvivremieux.com\/index.php\/wp-json\/wp\/v2\/pages\/1997\/revisions\/2008"}],"wp:attachment":[{"href":"https:\/\/clubvivremieux.com\/index.php\/wp-json\/wp\/v2\/media?parent=1997"}],"curies":[{"name":"wp","href":"https:\/\/api.w.org\/{rel}","templated":true}]}}