{"id":1982,"date":"2025-12-18T21:24:47","date_gmt":"2025-12-18T21:24:47","guid":{"rendered":"https:\/\/clubvivremieux.com\/?page_id=1982"},"modified":"2025-12-21T01:55:40","modified_gmt":"2025-12-21T01:55:40","slug":"au-quotidien","status":"publish","type":"page","link":"https:\/\/clubvivremieux.com\/index.php\/au-quotidien\/","title":{"rendered":"AU QUOTIDIEN"},"content":{"rendered":"\n<ul class=\"wp-block-list\">\n<li><a href=\"https:\/\/clubvivremieux.com\/index.php\/1944-2\/\">Mini\u2011Habitudes pour Booster la Confiance<\/a><\/li>\n\n\n\n<li><a href=\"https:\/\/clubvivremieux.com\/index.php\/1959-2\/\">Mini-Habitudes Anti-Stress<\/a><\/li>\n\n\n\n<li><a href=\"https:\/\/clubvivremieux.com\/index.php\/arreter-de-chercher-pourquoi-parfois-il-vaut-mieux-laisser-les-choses-venir\/\">Arr\u00eater de chercher : pourquoi parfois, il vaut mieux laisser les choses venir<\/a><\/li>\n\n\n\n<li><strong><em><a href=\"https:\/\/clubvivremieux.com\/index.php\/frigo-ou-pas-frigo-les-regles-que-personne-ne-ta-jamais-expliquees\/\">\u00ab Frigo ou pas frigo ? Les r\u00e8gles que personne ne t\u2019a jamais expliqu\u00e9es \u00bb<\/a><\/em><\/strong><\/li>\n\n\n\n<li><strong><em><a href=\"https:\/\/clubvivremieux.com\/index.php\/cesser-de-trop-penser-et-se-detendre\/\">cesser de trop penser et se d\u00e9tendre <\/a><\/em><\/strong><\/li>\n\n\n\n<li><strong><em><a href=\"https:\/\/clubvivremieux.com\/index.php\/anti-anxiete-pour-femme\/\">Anti &#8211; anxi\u00e9t\u00e9 pour femme &#8211; M\u00c9THODE DES 30 JOURS \u2013 \u00ab D\u00c9SENCOMBRER L\u2019ESPRIT \u00bb<\/a><\/em><\/strong><\/li>\n\n\n\n<li><strong><em><a href=\"https:\/\/clubvivremieux.com\/index.php\/la-seule-routine-matinale-qui-fonctionne-quand-on-manque-de-temps\/\">La seule routine matinale qui fonctionne quand on manque de temps<\/a><\/em><\/strong><\/li>\n<\/ul>\n\n\n\n<div class=\"wp-block-columns is-layout-flex wp-container-core-columns-is-layout-1 wp-block-columns-is-layout-flex\">\n<div class=\"wp-block-column is-layout-flow wp-block-column-is-layout-flow\"><div class=\"wp-block-image\">\n<figure class=\"aligncenter size-full is-resized\"><a href=\"https:\/\/clubvivremieux.com\/index.php\/frigo-ou-pas-frigo-les-regles-que-personne-ne-ta-jamais-expliquees\/\"><img loading=\"lazy\" decoding=\"async\" width=\"256\" height=\"256\" src=\"https:\/\/clubvivremieux.com\/wp-content\/uploads\/2025\/12\/ChatGPT-Image-18-dec.-2025-22_3-1.png\" alt=\"\" class=\"wp-image-2017\" style=\"width:234px;height:auto\" srcset=\"https:\/\/clubvivremieux.com\/wp-content\/uploads\/2025\/12\/ChatGPT-Image-18-dec.-2025-22_3-1.png 256w, https:\/\/clubvivremieux.com\/wp-content\/uploads\/2025\/12\/ChatGPT-Image-18-dec.-2025-22_3-1-150x150.png 150w\" sizes=\"auto, (max-width: 256px) 100vw, 256px\" \/><\/a><\/figure><\/div><\/div>\n\n\n\n<div class=\"wp-block-column is-layout-flow wp-block-column-is-layout-flow\"><div class=\"wp-block-image\">\n<figure class=\"aligncenter size-full is-resized\"><a href=\"https:\/\/clubvivremieux.com\/index.php\/cesser-de-trop-penser-et-se-detendre\/\"><img loading=\"lazy\" decoding=\"async\" width=\"256\" height=\"384\" src=\"https:\/\/clubvivremieux.com\/wp-content\/uploads\/2025\/12\/256ChatGPT-Image-20-dec.-2025-16_3-1.png\" alt=\"\" class=\"wp-image-2022\" style=\"width:153px;height:auto\" srcset=\"https:\/\/clubvivremieux.com\/wp-content\/uploads\/2025\/12\/256ChatGPT-Image-20-dec.-2025-16_3-1.png 256w, https:\/\/clubvivremieux.com\/wp-content\/uploads\/2025\/12\/256ChatGPT-Image-20-dec.-2025-16_3-1-200x300.png 200w\" sizes=\"auto, (max-width: 256px) 100vw, 256px\" \/><\/a><\/figure><\/div><\/div>\n<\/div>\n\n\n\n<p><\/p>\n","protected":false},"excerpt":{"rendered":"","protected":false},"author":1,"featured_media":0,"parent":0,"menu_order":0,"comment_status":"closed","ping_status":"closed","template":"","meta":{"footnotes":""},"class_list":["post-1982","page","type-page","status-publish","hentry"],"_links":{"self":[{"href":"https:\/\/clubvivremieux.com\/index.php\/wp-json\/wp\/v2\/pages\/1982","targetHints":{"allow":["GET"]}}],"collection":[{"href":"https:\/\/clubvivremieux.com\/index.php\/wp-json\/wp\/v2\/pages"}],"about":[{"href":"https:\/\/clubvivremieux.com\/index.php\/wp-json\/wp\/v2\/types\/page"}],"author":[{"embeddable":true,"href":"https:\/\/clubvivremieux.com\/index.php\/wp-json\/wp\/v2\/users\/1"}],"replies":[{"embeddable":true,"href":"https:\/\/clubvivremieux.com\/index.php\/wp-json\/wp\/v2\/comments?post=1982"}],"version-history":[{"count":6,"href":"https:\/\/clubvivremieux.com\/index.php\/wp-json\/wp\/v2\/pages\/1982\/revisions"}],"predecessor-version":[{"id":2057,"href":"https:\/\/clubvivremieux.com\/index.php\/wp-json\/wp\/v2\/pages\/1982\/revisions\/2057"}],"wp:attachment":[{"href":"https:\/\/clubvivremieux.com\/index.php\/wp-json\/wp\/v2\/media?parent=1982"}],"curies":[{"name":"wp","href":"https:\/\/api.w.org\/{rel}","templated":true}]}}