{"id":1561,"date":"2025-12-01T23:42:14","date_gmt":"2025-12-01T23:42:14","guid":{"rendered":"https:\/\/clubvivremieux.com\/?page_id=1561"},"modified":"2025-12-01T23:42:15","modified_gmt":"2025-12-01T23:42:15","slug":"comment-sera-ton-annee-2026","status":"publish","type":"page","link":"https:\/\/clubvivremieux.com\/index.php\/comment-sera-ton-annee-2026\/","title":{"rendered":"Comment sera ton ann\u00e9e 2026 ?"},"content":{"rendered":"\n<!-- D\u00e9but du Quiz Nouvel An 2026 -->\n<div id=\"quiz-container\" style=\"max-width:600px;margin:auto;padding:20px;border:2px solid #f0c040;border-radius:10px;background:#fff7e6;font-family:sans-serif;\">\n\n  <h2 style=\"text-align:center;color:#d93025;\">\ud83c\udf89 Comment sera ton ann\u00e9e 2026 ? \ud83c\udf89<\/h2>\n  <p style=\"text-align:center;\">R\u00e9ponds aux questions et d\u00e9couvre ton profil humoristique pour 2026 !<\/p>\n\n  <div id=\"quiz-questions\">\n    <div class=\"question\" data-question=\"1\">\n      <p>1\ufe0f\u20e3 Comment d\u00e9crirais-tu ton humeur g\u00e9n\u00e9rale pour commencer 2026 ?<\/p>\n      <button data-result=\"Aventurier Intr\u00e9pide\">Pr\u00eat(e) pour l\u2019aventure \ud83c\udf0d<\/button>\n      <button data-result=\"Ma\u00eetre du Canap\u00e9\">Zen et tranquille \ud83d\udecb\ufe0f<\/button>\n      <button data-result=\"G\u00e9nie Cr\u00e9atif\">Inspir\u00e9(e) et cr\u00e9atif(ve) \ud83c\udfa8<\/button>\n      <button data-result=\"Chanceux Insolite\">Curieux(se) de tout \ud83e\udd14<\/button>\n      <button data-result=\"Chaos Contr\u00f4l\u00e9\">Un peu perdu mais confiant \ud83d\ude05<\/button>\n    <\/div>\n\n    <div class=\"question\" data-question=\"2\" style=\"display:none;\">\n      <p>2\ufe0f\u20e3 Ton plat pr\u00e9f\u00e9r\u00e9 du Nouvel An ?<\/p>\n      <button data-result=\"Aventurier Intr\u00e9pide\">Buffet exotique \ud83c\udf63<\/button>\n      <button data-result=\"Ma\u00eetre du Canap\u00e9\">Chocolat chaud et tartes \ud83c\udf6b<\/button>\n      <button data-result=\"G\u00e9nie Cr\u00e9atif\">Plat inventif que personne n\u2019a go\u00fbt\u00e9 \ud83e\udd58<\/button>\n      <button data-result=\"Chanceux Insolite\">Tout ce qui brille et scintille \u2728<\/button>\n      <button data-result=\"Chaos Contr\u00f4l\u00e9\">Tout ce que je trouve dans le frigo \ud83d\ude05<\/button>\n    <\/div>\n\n    <div class=\"question\" data-question=\"3\" style=\"display:none;\">\n      <p>3\ufe0f\u20e3 Ton mantra pour 2026 ?<\/p>\n      <button data-result=\"Aventurier Intr\u00e9pide\">\u201cToujours plus loin !\u201d \ud83d\ude80<\/button>\n      <button data-result=\"Ma\u00eetre du Canap\u00e9\">\u201cLa paix avant tout\u201d \ud83d\udd4a\ufe0f<\/button>\n      <button data-result=\"G\u00e9nie Cr\u00e9atif\">\u201cCr\u00e9er, toujours cr\u00e9er\u201d \ud83d\udd8c\ufe0f<\/button>\n      <button data-result=\"Chanceux Insolite\">\u201cPourquoi pas ?\u201d \ud83d\ude0e<\/button>\n      <button data-result=\"Chaos Contr\u00f4l\u00e9\">\u201cOn verra bien !\u201d \ud83e\udd37<\/button>\n    <\/div>\n\n    <div class=\"question\" data-question=\"4\" style=\"display:none;\">\n      <p>4\ufe0f\u20e3 Si tu devais choisir un animal pour repr\u00e9senter ton ann\u00e9e ?<\/p>\n      <button data-result=\"Aventurier Intr\u00e9pide\">Aigle \ud83e\udd85<\/button>\n      <button data-result=\"Ma\u00eetre du Canap\u00e9\">Paresseux \ud83e\udda5<\/button>\n      <button data-result=\"G\u00e9nie Cr\u00e9atif\">Pieuvre \ud83d\udc19<\/button>\n      <button data-result=\"Chanceux Insolite\">Chat chanceux \ud83d\udc31<\/button>\n      <button data-result=\"Chaos Contr\u00f4l\u00e9\">Tamagotchi en fuite \ud83c\udfae<\/button>\n    <\/div>\n\n    <div class=\"question\" data-question=\"5\" style=\"display:none;\">\n      <p>5\ufe0f\u20e3 Ton style de f\u00eate pour le Nouvel An ?<\/p>\n      <button data-result=\"Aventurier Intr\u00e9pide\">Aventurier nocturne \ud83c\udf86<\/button>\n      <button data-result=\"Ma\u00eetre du Canap\u00e9\">Soir\u00e9e cocooning \ud83d\udecb\ufe0f<\/button>\n      <button data-result=\"G\u00e9nie Cr\u00e9atif\">Soir\u00e9e cr\u00e9ative \/ atelier \ud83c\udfa8<\/button>\n      <button data-result=\"Chanceux Insolite\">Surprises et impr\u00e9vus \ud83c\udf89<\/button>\n      <button data-result=\"Chaos Contr\u00f4l\u00e9\">Je laisse le destin d\u00e9cider \ud83d\ude05<\/button>\n    <\/div>\n  <\/div>\n\n  <div id=\"quiz-result\" style=\"display:none;margin-top:20px;padding:15px;border:2px solid #d93025;border-radius:10px;background:#fff0f0;\">\n    <h3 style=\"text-align:center;color:#d93025;\">\u2728 Ton r\u00e9sultat pour 2026 \u2728<\/h3>\n    <p id=\"result-text\" style=\"text-align:center;font-size:16px;\"><\/p>\n    <p style=\"text-align:center;\"><button onclick=\"restartQuiz()\" style=\"padding:10px 20px;margin-top:10px;background:#f0c040;border:none;border-radius:5px;cursor:pointer;\">Rejouer \ud83d\udd04<\/button><\/p>\n  <\/div>\n\n<\/div>\n\n<script>\n  const questions = document.querySelectorAll('.question');\n  let current = 0;\n  let scores = { \"Aventurier Intr\u00e9pide\":0, \"Ma\u00eetre du Canap\u00e9\":0, \"G\u00e9nie Cr\u00e9atif\":0, \"Chanceux Insolite\":0, \"Chaos Contr\u00f4l\u00e9\":0 };\n\n  questions.forEach(q => {\n    q.querySelectorAll('button').forEach(btn => {\n      btn.addEventListener('click', () => {\n        let result = btn.getAttribute('data-result');\n        scores[result]++;\n        questions[current].style.display = 'none';\n        current++;\n        if(current < questions.length){\n          questions[current].style.display = 'block';\n        } else {\n          showResult();\n        }\n      });\n    });\n  });\n\n  function showResult(){\n    let max = 0;\n    let winner = '';\n    for(const key in scores){\n      if(scores[key] > max){\n        max = scores[key];\n        winner = key;\n      }\n    }\n\n    let texts = {\n      \"Aventurier Intr\u00e9pide\": \"\ud83c\udf0d F\u00e9licitations ! Ton ann\u00e9e 2026 sera une aventure non-stop ! Pr\u00e9pare-toi \u00e0 voyager, d\u00e9couvrir et relever des d\u00e9fis incroyables. \u2708\ufe0f\ud83e\udded\",\n      \"Ma\u00eetre du Canap\u00e9\": \"\ud83d\udecb\ufe0f Relax total ! 2026 sera ton ann\u00e9e pour profiter du confort, du cocooning et des petites joies de la vie. \ud83d\ude0c\u2615\",\n      \"G\u00e9nie Cr\u00e9atif\": \"\ud83c\udfa8 Wow ! 2026 sera l\u2019ann\u00e9e de tes inventions et projets improbables. Ton imagination sera ton super-pouvoir ! \ud83d\udd8c\ufe0f\ud83d\udca1\",\n      \"Chanceux Insolite\": \"\ud83c\udf40 Tout semble sourire pour toi cette ann\u00e9e ! Attends-toi \u00e0 des surprises et situations inattendues. \ud83d\ude0e\ud83c\udf89\",\n      \"Chaos Contr\u00f4l\u00e9\": \"\ud83d\ude05 2026 sera mouvement\u00e9e, mais tu g\u00e9reras avec style ! Entre impr\u00e9vus et aventures improbables, tu garderas ton humour. \ud83c\udf00\ud83d\udd25\"\n    };\n\n    document.getElementById('quiz-questions').style.display = 'none';\n    document.getElementById('quiz-result').style.display = 'block';\n    document.getElementById('result-text').innerText = texts[winner];\n  }\n\n  function restartQuiz(){\n    current = 0;\n    scores = { \"Aventurier Intr\u00e9pide\":0, \"Ma\u00eetre du Canap\u00e9\":0, \"G\u00e9nie Cr\u00e9atif\":0, \"Chanceux Insolite\":0, \"Chaos Contr\u00f4l\u00e9\":0 };\n    questions.forEach((q,i) => {\n      q.style.display = i===0 ? 'block' : 'none';\n    });\n    document.getElementById('quiz-result').style.display = 'none';\n    document.getElementById('quiz-questions').style.display = 'block';\n  }\n<\/script>\n\n","protected":false},"excerpt":{"rendered":"<p>\ud83c\udf89 Comment sera ton ann\u00e9e 2026 ? \ud83c\udf89 R\u00e9ponds aux questions et d\u00e9couvre ton profil humoristique pour 2026 ! 1\ufe0f\u20e3 Comment d\u00e9crirais-tu ton humeur g\u00e9n\u00e9rale pour commencer 2026 ? Pr\u00eat(e) pour l\u2019aventure \ud83c\udf0d Zen et tranquille \ud83d\udecb\ufe0f Inspir\u00e9(e) et cr\u00e9atif(ve)&#8230; <a href=\"https:\/\/clubvivremieux.com\/index.php\/comment-sera-ton-annee-2026\/\" class=\"readmore\">Read more<span class=\"screen-reader-text\">Comment sera ton ann\u00e9e 2026 ?<\/span><span class=\"fa fa-angle-double-right\" aria-hidden=\"true\"><\/span><\/a><\/p>\n","protected":false},"author":1,"featured_media":0,"parent":0,"menu_order":0,"comment_status":"closed","ping_status":"closed","template":"","meta":{"footnotes":""},"class_list":["post-1561","page","type-page","status-publish","hentry"],"_links":{"self":[{"href":"https:\/\/clubvivremieux.com\/index.php\/wp-json\/wp\/v2\/pages\/1561","targetHints":{"allow":["GET"]}}],"collection":[{"href":"https:\/\/clubvivremieux.com\/index.php\/wp-json\/wp\/v2\/pages"}],"about":[{"href":"https:\/\/clubvivremieux.com\/index.php\/wp-json\/wp\/v2\/types\/page"}],"author":[{"embeddable":true,"href":"https:\/\/clubvivremieux.com\/index.php\/wp-json\/wp\/v2\/users\/1"}],"replies":[{"embeddable":true,"href":"https:\/\/clubvivremieux.com\/index.php\/wp-json\/wp\/v2\/comments?post=1561"}],"version-history":[{"count":1,"href":"https:\/\/clubvivremieux.com\/index.php\/wp-json\/wp\/v2\/pages\/1561\/revisions"}],"predecessor-version":[{"id":1562,"href":"https:\/\/clubvivremieux.com\/index.php\/wp-json\/wp\/v2\/pages\/1561\/revisions\/1562"}],"wp:attachment":[{"href":"https:\/\/clubvivremieux.com\/index.php\/wp-json\/wp\/v2\/media?parent=1561"}],"curies":[{"name":"wp","href":"https:\/\/api.w.org\/{rel}","templated":true}]}}