{"id":1530,"date":"2025-12-01T22:33:44","date_gmt":"2025-12-01T22:33:44","guid":{"rendered":"https:\/\/clubvivremieux.com\/?page_id=1530"},"modified":"2025-12-01T22:37:48","modified_gmt":"2025-12-01T22:37:48","slug":"1530-2","status":"publish","type":"page","link":"https:\/\/clubvivremieux.com\/index.php\/1530-2\/","title":{"rendered":"Quel cadeau offrir \u00e0 vos proches ?\u00a0"},"content":{"rendered":"\n<!-- Quiz de No\u00ebl : Quel cadeau offrir ? -->\n<div id=\"noel-quiz\" style=\"max-width:700px;margin:auto;font-family:Arial,sans-serif;border:2px solid #d4af37;padding:20px;border-radius:15px;background:#fff8f0;\">\n  <h2 style=\"text-align:center;color:#c62828;\">\ud83c\udf84 Quel cadeau offrir \u00e0 vos proches ? \ud83c\udf81<\/h2>\n\n  <div id=\"quiz-questions\">\n\n    <!-- Question 1 -->\n    <div class=\"question\" data-question=\"1\">\n      <p><strong>1. Quelle est la personnalit\u00e9 de la personne \u00e0 qui tu veux offrir un cadeau ?<\/strong><\/p>\n      <button class=\"option\" data-value=\"Gadget\">A. Aime les gadgets \/ nouvelles technologies<\/button><br>\n      <button class=\"option\" data-value=\"Culture\">B. Passionn\u00e9e par la lecture \/ culture<\/button><br>\n      <button class=\"option\" data-value=\"Gourmand\">C. Aime cuisiner \/ gourmandises<\/button><br>\n      <button class=\"option\" data-value=\"Style\">D. Adore la mode \/ style<\/button><br>\n      <button class=\"option\" data-value=\"Experience\">E. Pr\u00e9f\u00e8re les exp\u00e9riences \/ sorties<\/button>\n    <\/div>\n\n    <!-- Question 2 -->\n    <div class=\"question\" data-question=\"2\" style=\"display:none;\">\n      <p><strong>2. Quel budget souhaites-tu pour ce cadeau ?<\/strong><\/p>\n      <button class=\"option\" data-value=\"Petit\">A. Petit budget &lt;10\u20ac<\/button><br>\n      <button class=\"option\" data-value=\"Moyen\">B. Moyen 10-50\u20ac<\/button><br>\n      <button class=\"option\" data-value=\"Grand\">C. Grand &gt;50\u20ac<\/button>\n    <\/div>\n\n    <!-- Question 3 -->\n    <div class=\"question\" data-question=\"3\" style=\"display:none;\">\n      <p><strong>3. Que veux-tu que ton cadeau transmette ?<\/strong><\/p>\n      <button class=\"option\" data-value=\"Pratique\">A. Pratique<\/button><br>\n      <button class=\"option\" data-value=\"Original\">B. Original<\/button><br>\n      <button class=\"option\" data-value=\"Emotion\">C. \u00c9motion \/ souvenir<\/button><br>\n      <button class=\"option\" data-value=\"Fun\">D. Fun \/ humoristique<\/button>\n    <\/div>\n\n    <!-- Question 4 -->\n    <div class=\"question\" data-question=\"4\" style=\"display:none;\">\n      <p><strong>4. Pr\u00e9f\u00e8res-tu offrir un objet ou une exp\u00e9rience ?<\/strong><\/p>\n      <button class=\"option\" data-value=\"Objet\">A. Objet<\/button><br>\n      <button class=\"option\" data-value=\"Experience\">B. Exp\u00e9rience<\/button>\n    <\/div>\n\n    <!-- Question 5 -->\n    <div class=\"question\" data-question=\"5\" style=\"display:none;\">\n      <p><strong>5. Combien de temps veux-tu investir dans ce cadeau ?<\/strong><\/p>\n      <button class=\"option\" data-value=\"Rapide\">A. Rapide \u00e0 acheter<\/button><br>\n      <button class=\"option\" data-value=\"Moyen\">B. Moyen \/ \u00e0 commander<\/button><br>\n      <button class=\"option\" data-value=\"Preparer\">C. Pr\u00e9parer \/ DIY<\/button>\n    <\/div>\n\n  <\/div>\n\n  <!-- R\u00e9sultat -->\n  <div id=\"quiz-result\" style=\"display:none;text-align:center;margin-top:20px;padding:15px;border:2px solid #c62828;border-radius:15px;background:#fff3e0;\">\n    <h3 id=\"result-title\" style=\"color:#d32f2f;\"><\/h3>\n    <p id=\"result-text\"><\/p>\n  <\/div>\n<\/div>\n\n<script>\nlet answers = [];\nlet currentQuestion = 0;\n\nconst questionDivs = document.querySelectorAll('#quiz-questions .question');\nconst resultDiv = document.getElementById('quiz-result');\nconst resultTitle = document.getElementById('result-title');\nconst resultText = document.getElementById('result-text');\n\nquestionDivs.forEach((qDiv, index) => {\n  const options = qDiv.querySelectorAll('.option');\n  options.forEach(option => {\n    option.addEventListener('click', () => {\n      answers.push(option.getAttribute('data-value'));\n      qDiv.style.display = 'none';\n      currentQuestion++;\n      if(currentQuestion < questionDivs.length){\n        questionDivs[currentQuestion].style.display = 'block';\n      } else {\n        showResult();\n      }\n    });\n  });\n});\n\nfunction showResult(){\n  const counts = {};\n  answers.forEach(a => { counts[a] = (counts[a] || 0) + 1; });\n\n  let max = 0;\n  let key = '';\n  for(const k in counts){\n    if(counts[k] > max){ max = counts[k]; key = k; }\n  }\n\n  let title = '';\n  let text = '';\n\n  switch(key){\n    case 'Gadget':\n      title = '\ud83c\udf81 Gadget \/ High-Tech';\n      text = 'Id\u00e9al pour les passionn\u00e9s de technologie ! Pense aux accessoires high-tech, gadgets connect\u00e9s ou objets pratiques pour le quotidien.';\n      break;\n    case 'Culture':\n      title = '\ud83d\udcda Livre \/ Culture';\n      text = 'Pour les amoureux de lecture et de culture ! Romans, BD, coffrets d\u00e9couverte ou ateliers culturels.';\n      break;\n    case 'Gourmand':\n      title = '\ud83c\udf6b Gourmandises \/ Cuisine';\n      text = 'Pour les fins gourmets ! Coffrets chocolat, kit p\u00e2tisserie, vins ou \u00e9pices originales.';\n      break;\n    case 'Style':\n      title = '\ud83d\udc57 Mode \/ Style';\n      text = 'Pour ceux qui adorent la mode et le style ! Accessoires, v\u00eatements tendance, bijoux ou produits de beaut\u00e9.';\n      break;\n    case 'Experience':\n      title = '\ud83c\udf9f\ufe0f Exp\u00e9rience \/ Activit\u00e9';\n      text = 'Pour les aventuriers et amateurs d\u2019exp\u00e9riences ! Billets pour spectacle, atelier cr\u00e9atif, escape game ou journ\u00e9e insolite.';\n      break;\n    case 'Pratique':\n      title = '\ud83d\udee0\ufe0f Pratique';\n      text = 'Un cadeau utile et fonctionnel, parfait pour les esprits organis\u00e9s.';\n      break;\n    case 'Original':\n      title = '\u2728 Original';\n      text = 'Pour surprendre et \u00e9merveiller avec un cadeau unique et inattendu.';\n      break;\n    case 'Emotion':\n      title = '\ud83d\udc96 \u00c9motion \/ Souvenir';\n      text = 'Un cadeau qui touche le c\u0153ur et cr\u00e9e des souvenirs m\u00e9morables.';\n      break;\n    case 'Fun':\n      title = '\ud83d\ude04 Fun \/ Humoristique';\n      text = 'Pour faire rire et amuser, un cadeau l\u00e9ger et joyeux !';\n      break;\n  }\n\n  resultTitle.innerText = title;\n  resultText.innerText = text;\n  resultDiv.style.display = 'block';\n}\n<\/script>\n\n","protected":false},"excerpt":{"rendered":"<p>\ud83c\udf84 Quel cadeau offrir \u00e0 vos proches ? \ud83c\udf81 1. Quelle est la personnalit\u00e9 de la personne \u00e0 qui tu veux offrir un cadeau ? A. Aime les gadgets \/ nouvelles technologies B. Passionn\u00e9e par la lecture \/ culture C&#8230;. <a href=\"https:\/\/clubvivremieux.com\/index.php\/1530-2\/\" class=\"readmore\">Read more<span class=\"screen-reader-text\">Quel cadeau offrir \u00e0 vos proches ?\u00a0<\/span><span class=\"fa fa-angle-double-right\" aria-hidden=\"true\"><\/span><\/a><\/p>\n","protected":false},"author":1,"featured_media":0,"parent":0,"menu_order":0,"comment_status":"closed","ping_status":"closed","template":"","meta":{"footnotes":""},"class_list":["post-1530","page","type-page","status-publish","hentry"],"_links":{"self":[{"href":"https:\/\/clubvivremieux.com\/index.php\/wp-json\/wp\/v2\/pages\/1530","targetHints":{"allow":["GET"]}}],"collection":[{"href":"https:\/\/clubvivremieux.com\/index.php\/wp-json\/wp\/v2\/pages"}],"about":[{"href":"https:\/\/clubvivremieux.com\/index.php\/wp-json\/wp\/v2\/types\/page"}],"author":[{"embeddable":true,"href":"https:\/\/clubvivremieux.com\/index.php\/wp-json\/wp\/v2\/users\/1"}],"replies":[{"embeddable":true,"href":"https:\/\/clubvivremieux.com\/index.php\/wp-json\/wp\/v2\/comments?post=1530"}],"version-history":[{"count":3,"href":"https:\/\/clubvivremieux.com\/index.php\/wp-json\/wp\/v2\/pages\/1530\/revisions"}],"predecessor-version":[{"id":1533,"href":"https:\/\/clubvivremieux.com\/index.php\/wp-json\/wp\/v2\/pages\/1530\/revisions\/1533"}],"wp:attachment":[{"href":"https:\/\/clubvivremieux.com\/index.php\/wp-json\/wp\/v2\/media?parent=1530"}],"curies":[{"name":"wp","href":"https:\/\/api.w.org\/{rel}","templated":true}]}}