{"id":1518,"date":"2025-12-01T23:49:41","date_gmt":"2025-12-01T23:49:41","guid":{"rendered":"https:\/\/clubvivremieux.com\/?page_id=1518"},"modified":"2025-12-02T00:46:23","modified_gmt":"2025-12-02T00:46:23","slug":"quiz-festifs-saint-nicolas-noel-nouvel-an","status":"publish","type":"page","link":"https:\/\/clubvivremieux.com\/index.php\/quiz-festifs-saint-nicolas-noel-nouvel-an\/","title":{"rendered":"Quiz Festifs : Saint-Nicolas, No\u00ebl &amp; Nouvel An"},"content":{"rendered":"\n<p class=\"has-text-align-center has-medium-font-size\"><strong><em>Simple, clair, indique imm\u00e9diatement le contenu.<\/em><\/strong><\/p>\n\n\n<div class=\"wp-block-image\">\n<figure class=\"aligncenter size-full is-resized\"><img loading=\"lazy\" decoding=\"async\" width=\"512\" height=\"341\" src=\"https:\/\/clubvivremieux.com\/wp-content\/uploads\/2025\/12\/ChatGPT-Image-2-dec.-2025-00_48.png\" alt=\"\" class=\"wp-image-1563\" style=\"width:274px;height:auto\" srcset=\"https:\/\/clubvivremieux.com\/wp-content\/uploads\/2025\/12\/ChatGPT-Image-2-dec.-2025-00_48.png 512w, https:\/\/clubvivremieux.com\/wp-content\/uploads\/2025\/12\/ChatGPT-Image-2-dec.-2025-00_48-300x200.png 300w\" sizes=\"auto, (max-width: 512px) 100vw, 512px\" \/><\/figure><\/div>\n\n\n<p class=\"has-large-font-size\"><strong><em>SAINT-NICOLAS<\/em><\/strong><\/p>\n\n\n\n<div class=\"wp-block-columns is-layout-flex wp-container-core-columns-is-layout-1 wp-block-columns-is-layout-flex\">\n<div class=\"wp-block-column is-layout-flow wp-block-column-is-layout-flow\">\n<ul class=\"wp-block-list\">\n<li><strong><a href=\"https:\/\/clubvivremieux.com\/index.php\/1508-2\/#\">Autotest Saint-Nicolas \u2014 Es-tu plut\u00f4t sage ou coquin ?<\/a><\/strong><\/li>\n\n\n\n<li><strong><em><a href=\"https:\/\/clubvivremieux.com\/index.php\/1516-2\/\">Quel cadeau Saint-Nicolas t\u2019apporterait cette ann\u00e9e ?<\/a><\/em><\/strong><\/li>\n\n\n\n<li><strong><em><a href=\"https:\/\/clubvivremieux.com\/index.php\/1521-2\/\">Quel personnage de Saint-Nicolas es-tu ?&nbsp;<\/a><\/em><\/strong><\/li>\n\n\n\n<li><strong><em><a href=\"https:\/\/clubvivremieux.com\/index.php\/1525-2\/\">Connais-tu vraiment les traditions de la Saint-Nicolas ?<\/a><\/em><\/strong><\/li>\n<\/ul>\n<\/div>\n\n\n\n<div class=\"wp-block-column is-layout-flow wp-block-column-is-layout-flow\">\n<p class=\"has-small-font-size\">Il \u00e9tait une fois Saint Nicolas, qui glissait la nuit des sacs d\u2019or par les chemin\u00e9es pour aider les pauvres. Un soir d\u2019hiver, il sauva trois filles pauvres en leur donnant de quoi se marier. Depuis, chaque 6 d\u00e9cembre, on c\u00e9l\u00e8bre le saint qui apporte joie et cadeaux aux enfants sages.<\/p>\n<\/div>\n<\/div>\n\n\n\n<p class=\"has-large-font-size\"><strong><em>NOEL<\/em><\/strong><\/p>\n\n\n\n<div class=\"wp-block-columns is-layout-flex wp-container-core-columns-is-layout-2 wp-block-columns-is-layout-flex\">\n<div class=\"wp-block-column is-layout-flow wp-block-column-is-layout-flow\">\n<ul class=\"wp-block-list\">\n<li class=\"has-vivid-purple-color has-text-color has-link-color wp-elements-b621022924a6d1254dcd8d9111884413\"><strong>TESTS<\/strong><\/li>\n\n\n\n<li><strong><em><a href=\"https:\/\/clubvivremieux.com\/index.php\/1530-2\/\">Quel cadeau offrir \u00e0 vos proches ?&nbsp;<\/a><\/em><\/strong><\/li>\n\n\n\n<li><strong><em><a href=\"https:\/\/clubvivremieux.com\/index.php\/1534-2\/\">Quelle est ta personnalit\u00e9 de No\u00ebl ?<\/a><\/em><\/strong><\/li>\n\n\n\n<li><strong><em><a href=\"https:\/\/clubvivremieux.com\/index.php\/1537-2\/\">Quel film de No\u00ebl correspond \u00e0 ton humeur ?<\/a><\/em><\/strong><\/li>\n\n\n\n<li><strong><em><a href=\"https:\/\/clubvivremieux.com\/index.php\/1541-2\/\">Quel dessert ou film de No\u00ebl correspond \u00e0 ton humeur ?<\/a><\/em><\/strong><\/li>\n\n\n\n<li><strong><em><a href=\"https:\/\/clubvivremieux.com\/index.php\/quel-type-dorganisateur-de-noel-es-tu\/\">Quel type d\u2019organisateur de No\u00ebl es-tu ?<\/a><\/em><\/strong><\/li>\n\n\n\n<li><strong><em><a href=\"https:\/\/clubvivremieux.com\/index.php\/quiz-de-noel-connais-tu-les-traditions\/\">Quiz de No\u00ebl : Connais-tu les traditions ?<\/a><\/em><\/strong><\/li>\n<\/ul>\n<\/div>\n\n\n\n<div class=\"wp-block-column is-layout-flow wp-block-column-is-layout-flow\">\n<ul class=\"wp-block-list\">\n<li class=\"has-vivid-red-color has-text-color has-link-color wp-elements-ce81591e4acf8e6eb7568cd24dec8663\"><strong>NOEL A L&rsquo;EPOQUE<\/strong><\/li>\n\n\n\n<li class=\"has-small-font-size\">Sous le ciel \u00e9toil\u00e9, la neige recouvrait les toits, et dans la chaleur du foyer, les enfants comprirent que No\u00ebl vivait dans chaque sourire et chaque geste partag\u00e9.<\/li>\n\n\n\n<li class=\"has-small-font-size\"><\/li>\n\n\n\n<li class=\"has-small-font-size\">Au coin du feu, une simple bo\u00eete oubli\u00e9e r\u00e9v\u00e9la aux enfants que le v\u00e9ritable miracle de No\u00ebl \u00e9tait la douceur des instants partag\u00e9s.<\/li>\n\n\n\n<li class=\"has-small-font-size\"><\/li>\n\n\n\n<li class=\"has-small-font-size\">Le vent froid soufflait sur le village, mais dans la maison illumin\u00e9e, le c\u0153ur des enfants s\u2019ouvrit \u00e0 la magie silencieuse d\u2019un No\u00ebl d\u2019autrefois.<\/li>\n<\/ul>\n<\/div>\n<\/div>\n\n\n\n<p class=\"has-large-font-size\"><strong><em>NOUVEL AN<\/em><\/strong><\/p>\n\n\n\n<div class=\"wp-block-columns is-layout-flex wp-container-core-columns-is-layout-3 wp-block-columns-is-layout-flex\">\n<div class=\"wp-block-column is-layout-flow wp-block-column-is-layout-flow\">\n<ul class=\"wp-block-list\">\n<li><strong><em><a href=\"https:\/\/clubvivremieux.com\/index.php\/1550-2\/\">&nbsp;Quel sera ton mot-cl\u00e9 pour 2026 ?<\/a><\/em><\/strong><\/li>\n\n\n\n<li><strong><em><a href=\"https:\/\/clubvivremieux.com\/index.php\/quel-type-de-fetard-es-tu-pour-le-reveillon\/\">Quel type de f\u00eatard es-tu pour le r\u00e9veillon ?<\/a><\/em><\/strong><\/li>\n\n\n\n<li><strong><em><a href=\"https:\/\/clubvivremieux.com\/index.php\/1555-2\/\">&nbsp;Quel type de r\u00e9solution te correspond ?<\/a><\/em><\/strong><\/li>\n\n\n\n<li><strong><em><a href=\"https:\/\/clubvivremieux.com\/index.php\/quel-cocktail-de-nouvel-an-es-tu\/\">Quel cocktail de Nouvel An es-tu ?<\/a><\/em><\/strong><\/li>\n\n\n\n<li><strong><a href=\"https:\/\/clubvivremieux.com\/index.php\/ton-bilan-positif-2025\/\">Ton Bilan Positif 2025<\/a><\/strong><\/li>\n\n\n\n<li><strong><em><a href=\"https:\/\/clubvivremieux.com\/index.php\/comment-sera-ton-annee-2026\/\">Comment sera ton ann\u00e9e 2026 ?<\/a><\/em><\/strong><\/li>\n<\/ul>\n<\/div>\n\n\n\n<div class=\"wp-block-column is-layout-flow wp-block-column-is-layout-flow\">\n<p class=\"has-vivid-red-color has-text-color has-link-color wp-elements-5f16a5c903bf3e93bce3da47b46d2fe1\"><strong>\u00c9toiles de Neige<\/strong><\/p>\n\n\n\n<p class=\"has-small-font-size\">La neige tombe en silence,<br>les lanternes dansent sur les toits.<br>\u00c0 minuit, les \u00e9toiles de neige<br>glissent par les chemin\u00e9es<br>et soufflent des v\u0153ux lumineux<br>dans les c\u0153urs endormis.<\/p>\n<\/div>\n<\/div>\n\n\n\n<p><\/p>\n\n\n\n<p><\/p>\n","protected":false},"excerpt":{"rendered":"<p>Simple, clair, indique imm\u00e9diatement le contenu. SAINT-NICOLAS Il \u00e9tait une fois Saint Nicolas, qui glissait la nuit des sacs d\u2019or par les chemin\u00e9es pour aider les pauvres. Un soir d\u2019hiver, il sauva trois filles pauvres en leur donnant de quoi&#8230; <a href=\"https:\/\/clubvivremieux.com\/index.php\/quiz-festifs-saint-nicolas-noel-nouvel-an\/\" class=\"readmore\">Read more<span class=\"screen-reader-text\">Quiz Festifs : Saint-Nicolas, No\u00ebl &amp; Nouvel An<\/span><span class=\"fa fa-angle-double-right\" aria-hidden=\"true\"><\/span><\/a><\/p>\n","protected":false},"author":1,"featured_media":0,"parent":0,"menu_order":0,"comment_status":"closed","ping_status":"closed","template":"","meta":{"footnotes":""},"class_list":["post-1518","page","type-page","status-publish","hentry"],"_links":{"self":[{"href":"https:\/\/clubvivremieux.com\/index.php\/wp-json\/wp\/v2\/pages\/1518","targetHints":{"allow":["GET"]}}],"collection":[{"href":"https:\/\/clubvivremieux.com\/index.php\/wp-json\/wp\/v2\/pages"}],"about":[{"href":"https:\/\/clubvivremieux.com\/index.php\/wp-json\/wp\/v2\/types\/page"}],"author":[{"embeddable":true,"href":"https:\/\/clubvivremieux.com\/index.php\/wp-json\/wp\/v2\/users\/1"}],"replies":[{"embeddable":true,"href":"https:\/\/clubvivremieux.com\/index.php\/wp-json\/wp\/v2\/comments?post=1518"}],"version-history":[{"count":3,"href":"https:\/\/clubvivremieux.com\/index.php\/wp-json\/wp\/v2\/pages\/1518\/revisions"}],"predecessor-version":[{"id":1586,"href":"https:\/\/clubvivremieux.com\/index.php\/wp-json\/wp\/v2\/pages\/1518\/revisions\/1586"}],"wp:attachment":[{"href":"https:\/\/clubvivremieux.com\/index.php\/wp-json\/wp\/v2\/media?parent=1518"}],"curies":[{"name":"wp","href":"https:\/\/api.w.org\/{rel}","templated":true}]}}