{"id":121,"date":"2023-10-22T12:23:32","date_gmt":"2023-10-22T12:23:32","guid":{"rendered":"https:\/\/clubvivremieux.com\/?page_id=121"},"modified":"2023-10-22T12:23:33","modified_gmt":"2023-10-22T12:23:33","slug":"lart-de-transformer-les-defis-en-opportunites-developpez-des-competences-en-resolution-de-problemes","status":"publish","type":"page","link":"https:\/\/clubvivremieux.com\/index.php\/lart-de-transformer-les-defis-en-opportunites-developpez-des-competences-en-resolution-de-problemes\/","title":{"rendered":"L&rsquo;Art de Transformer les D\u00e9fis en Opportunit\u00e9s &#8211; D\u00e9veloppez des Comp\u00e9tences en R\u00e9solution de Probl\u00e8mes"},"content":{"rendered":"\n<iframe loading=\"lazy\" width=\"560\" height=\"315\" src=\"https:\/\/www.youtube.com\/embed\/wYW3buL3GXQ?si=Q_aZh1oO_g1h5vqm\" title=\"YouTube video player\" frameborder=\"0\" allow=\"accelerometer; autoplay; clipboard-write; encrypted-media; gyroscope; picture-in-picture; web-share\" allowfullscreen><\/iframe>\n\n\n\n<p>je vous invite \u00e0 plonger dans l&rsquo;univers fascinant de la r\u00e9solution de probl\u00e8mes, une comp\u00e9tence essentielle pour naviguer dans les eaux parfois tumultueuses de la vie. La capacit\u00e9 \u00e0 identifier, analyser et r\u00e9soudre les probl\u00e8mes est une comp\u00e9tence pr\u00e9cieuse qui peut vous aider \u00e0 surmonter les obstacles, \u00e0 prendre des d\u00e9cisions \u00e9clair\u00e9es, et \u00e0 progresser vers vos objectifs. Dans cette exploration de l&rsquo;art de la r\u00e9solution de probl\u00e8mes, nous allons examiner en profondeur comment d\u00e9velopper cette comp\u00e9tence et l&rsquo;appliquer \u00e0 votre vie quotidienne.<\/p>\n\n\n\n<p><strong>L&rsquo;Art de la R\u00e9solution de Probl\u00e8mes<\/strong><\/p>\n\n\n\n<p>La vie est parsem\u00e9e de d\u00e9fis, de conflits et de dilemmes. La r\u00e9solution de probl\u00e8mes est la cl\u00e9 qui ouvre la porte vers des solutions constructives. C&rsquo;est un processus qui vous permet de transformer les obstacles en opportunit\u00e9s, les conflits en compr\u00e9hension, et les dilemmes en choix \u00e9clair\u00e9s. La capacit\u00e9 \u00e0 r\u00e9soudre les probl\u00e8mes vous donne un sentiment de contr\u00f4le sur votre propre vie et vous aide \u00e0 avancer avec confiance.<\/p>\n\n\n\n<p>la suite dans la video<\/p>\n","protected":false},"excerpt":{"rendered":"<p>je vous invite \u00e0 plonger dans l&rsquo;univers fascinant de la r\u00e9solution de probl\u00e8mes, une comp\u00e9tence essentielle pour naviguer dans les eaux parfois tumultueuses de la vie. La capacit\u00e9 \u00e0 identifier, analyser et r\u00e9soudre les probl\u00e8mes est une comp\u00e9tence pr\u00e9cieuse qui&#8230; <a href=\"https:\/\/clubvivremieux.com\/index.php\/lart-de-transformer-les-defis-en-opportunites-developpez-des-competences-en-resolution-de-problemes\/\" class=\"readmore\">Read more<span class=\"screen-reader-text\">L&rsquo;Art de Transformer les D\u00e9fis en Opportunit\u00e9s &#8211; D\u00e9veloppez des Comp\u00e9tences en R\u00e9solution de Probl\u00e8mes<\/span><span class=\"fa fa-angle-double-right\" aria-hidden=\"true\"><\/span><\/a><\/p>\n","protected":false},"author":1,"featured_media":0,"parent":0,"menu_order":0,"comment_status":"closed","ping_status":"closed","template":"","meta":{"footnotes":""},"class_list":["post-121","page","type-page","status-publish","hentry"],"_links":{"self":[{"href":"https:\/\/clubvivremieux.com\/index.php\/wp-json\/wp\/v2\/pages\/121","targetHints":{"allow":["GET"]}}],"collection":[{"href":"https:\/\/clubvivremieux.com\/index.php\/wp-json\/wp\/v2\/pages"}],"about":[{"href":"https:\/\/clubvivremieux.com\/index.php\/wp-json\/wp\/v2\/types\/page"}],"author":[{"embeddable":true,"href":"https:\/\/clubvivremieux.com\/index.php\/wp-json\/wp\/v2\/users\/1"}],"replies":[{"embeddable":true,"href":"https:\/\/clubvivremieux.com\/index.php\/wp-json\/wp\/v2\/comments?post=121"}],"version-history":[{"count":1,"href":"https:\/\/clubvivremieux.com\/index.php\/wp-json\/wp\/v2\/pages\/121\/revisions"}],"predecessor-version":[{"id":122,"href":"https:\/\/clubvivremieux.com\/index.php\/wp-json\/wp\/v2\/pages\/121\/revisions\/122"}],"wp:attachment":[{"href":"https:\/\/clubvivremieux.com\/index.php\/wp-json\/wp\/v2\/media?parent=121"}],"curies":[{"name":"wp","href":"https:\/\/api.w.org\/{rel}","templated":true}]}}