{"id":118,"date":"2023-10-22T11:16:03","date_gmt":"2023-10-22T11:16:03","guid":{"rendered":"https:\/\/clubvivremieux.com\/?page_id=118"},"modified":"2023-10-22T11:16:03","modified_gmt":"2023-10-22T11:16:03","slug":"developpez-une-routine-matinale-positive","status":"publish","type":"page","link":"https:\/\/clubvivremieux.com\/index.php\/developpez-une-routine-matinale-positive\/","title":{"rendered":"D\u00e9veloppez une routine matinale positive"},"content":{"rendered":"\n<iframe loading=\"lazy\" width=\"560\" height=\"315\" src=\"https:\/\/www.youtube.com\/embed\/VJrtDWI38X8?si=tYuzQe9Y_w0iZ_Rq\" title=\"YouTube video player\" frameborder=\"0\" allow=\"accelerometer; autoplay; clipboard-write; encrypted-media; gyroscope; picture-in-picture; web-share\" allowfullscreen><\/iframe>\n\n\n\n<p>Cher lecteur, ch\u00e8re lectrice, je vous invite \u00e0 explorer l&rsquo;art de bien commencer votre journ\u00e9e en d\u00e9veloppant une routine matinale positive. Dans cette qu\u00eate pour une vie plus \u00e9panouissante, il est essentiel de reconna\u00eetre que la fa\u00e7on dont vous commencez votre journ\u00e9e peut avoir un impact profond sur votre \u00e9tat d&rsquo;esprit, votre \u00e9nergie, et votre productivit\u00e9 tout au long de la journ\u00e9e. L&rsquo;importance d&rsquo;une routine matinale positive ne peut \u00eatre sous-estim\u00e9e, car elle vous pr\u00e9pare mentalement, \u00e9motionnellement, et physiquement pour les d\u00e9fis et les opportunit\u00e9s \u00e0 venir.<\/p>\n\n\n\n<p><strong>L&rsquo;Art de la Routine Matinale<\/strong><\/p>\n\n\n\n<p>Imaginez votre routine matinale comme le lever de rideau d&rsquo;une pi\u00e8ce de th\u00e9\u00e2tre. C&rsquo;est le d\u00e9but de votre journ\u00e9e, un moment o\u00f9 le calme r\u00e8gne, o\u00f9 le monde ext\u00e9rieur est encore endormi, et o\u00f9 vous avez le pouvoir de d\u00e9finir le ton de votre journ\u00e9e. Une routine matinale positive est comme une douce m\u00e9lodie jou\u00e9e pour vous-m\u00eame, qui vous met dans un \u00e9tat d&rsquo;esprit favorable pour affronter ce qui vient.<\/p>\n\n\n\n<p>La suite dans la vid\u00e9o<\/p>\n","protected":false},"excerpt":{"rendered":"<p>Cher lecteur, ch\u00e8re lectrice, je vous invite \u00e0 explorer l&rsquo;art de bien commencer votre journ\u00e9e en d\u00e9veloppant une routine matinale positive. Dans cette qu\u00eate pour une vie plus \u00e9panouissante, il est essentiel de reconna\u00eetre que la fa\u00e7on dont vous commencez&#8230; <a href=\"https:\/\/clubvivremieux.com\/index.php\/developpez-une-routine-matinale-positive\/\" class=\"readmore\">Read more<span class=\"screen-reader-text\">D\u00e9veloppez une routine matinale positive<\/span><span class=\"fa fa-angle-double-right\" aria-hidden=\"true\"><\/span><\/a><\/p>\n","protected":false},"author":1,"featured_media":0,"parent":0,"menu_order":0,"comment_status":"closed","ping_status":"closed","template":"","meta":{"footnotes":""},"class_list":["post-118","page","type-page","status-publish","hentry"],"_links":{"self":[{"href":"https:\/\/clubvivremieux.com\/index.php\/wp-json\/wp\/v2\/pages\/118","targetHints":{"allow":["GET"]}}],"collection":[{"href":"https:\/\/clubvivremieux.com\/index.php\/wp-json\/wp\/v2\/pages"}],"about":[{"href":"https:\/\/clubvivremieux.com\/index.php\/wp-json\/wp\/v2\/types\/page"}],"author":[{"embeddable":true,"href":"https:\/\/clubvivremieux.com\/index.php\/wp-json\/wp\/v2\/users\/1"}],"replies":[{"embeddable":true,"href":"https:\/\/clubvivremieux.com\/index.php\/wp-json\/wp\/v2\/comments?post=118"}],"version-history":[{"count":1,"href":"https:\/\/clubvivremieux.com\/index.php\/wp-json\/wp\/v2\/pages\/118\/revisions"}],"predecessor-version":[{"id":119,"href":"https:\/\/clubvivremieux.com\/index.php\/wp-json\/wp\/v2\/pages\/118\/revisions\/119"}],"wp:attachment":[{"href":"https:\/\/clubvivremieux.com\/index.php\/wp-json\/wp\/v2\/media?parent=118"}],"curies":[{"name":"wp","href":"https:\/\/api.w.org\/{rel}","templated":true}]}}