{"id":1131,"date":"2025-11-27T15:01:15","date_gmt":"2025-11-27T15:01:15","guid":{"rendered":"https:\/\/clubvivremieux.com\/?page_id=1131"},"modified":"2025-11-27T15:01:15","modified_gmt":"2025-11-27T15:01:15","slug":"auto-test-decouvrez-votre-type-de-bonheur-dominant","status":"publish","type":"page","link":"https:\/\/clubvivremieux.com\/index.php\/auto-test-decouvrez-votre-type-de-bonheur-dominant\/","title":{"rendered":"Auto-test : D\u00e9couvrez votre type de bonheur dominant"},"content":{"rendered":"\n<!DOCTYPE html>\n<html lang=\"fr\">\n<head>\n<meta charset=\"UTF-8\">\n<meta name=\"viewport\" content=\"width=device-width, initial-scale=1.0\">\n<title>Test de Bonheur<\/title>\n<style>\n  body { font-family: Arial, sans-serif; margin: 20px; background-color: #f9f9f9; }\n  h1, h2 { color: #333; }\n  .question { margin-bottom: 15px; }\n  label { margin-right: 10px; }\n  button { margin-top: 20px; padding: 10px 20px; font-size: 16px; }\n  .result { margin-top: 30px; padding: 20px; background-color: #e0f7fa; border-radius: 10px; }\n  .score { font-weight: bold; }\n<\/style>\n<\/head>\n<body>\n\n<h1>Auto-test : D\u00e9couvrez votre type de bonheur dominant<\/h1>\n<form id=\"bonheurForm\">\n  <div class=\"question\">\n    <p>1. Je me sens \u00e9panoui(e) lorsque je passe du temps avec mes amis ou ma famille.<\/p>\n    <input type=\"number\" name=\"q1\" min=\"1\" max=\"5\" required>\n  <\/div>\n  <div class=\"question\">\n    <p>2. Cr\u00e9er quelque chose (dessin, musique, \u00e9criture, bricolage) me rend heureux(se).<\/p>\n    <input type=\"number\" name=\"q2\" min=\"1\" max=\"5\" required>\n  <\/div>\n  <div class=\"question\">\n    <p>3. Faire du sport ou me d\u00e9placer physiquement me procure un sentiment de bien-\u00eatre.<\/p>\n    <input type=\"number\" name=\"q3\" min=\"1\" max=\"5\" required>\n  <\/div>\n  <div class=\"question\">\n    <p>4. Prendre du temps pour r\u00e9fl\u00e9chir, m\u00e9diter ou me relaxer am\u00e9liore mon humeur.<\/p>\n    <input type=\"number\" name=\"q4\" min=\"1\" max=\"5\" required>\n  <\/div>\n  <div class=\"question\">\n    <p>5. Participer \u00e0 des activit\u00e9s de groupe ou aider les autres me rend satisfait(e).<\/p>\n    <input type=\"number\" name=\"q5\" min=\"1\" max=\"5\" required>\n  <\/div>\n  <div class=\"question\">\n    <p>6. Je ressens une joie profonde lorsque je d\u00e9couvre ou exp\u00e9rimente de nouvelles id\u00e9es.<\/p>\n    <input type=\"number\" name=\"q6\" min=\"1\" max=\"5\" required>\n  <\/div>\n  <div class=\"question\">\n    <p>7. L\u2019activit\u00e9 physique intense ou le d\u00e9fi physique me donne de l\u2019\u00e9nergie et de la satisfaction.<\/p>\n    <input type=\"number\" name=\"q7\" min=\"1\" max=\"5\" required>\n  <\/div>\n  <div class=\"question\">\n    <p>8. Me retrouver seul(e) pour r\u00e9fl\u00e9chir, lire ou \u00e9crire me procure du plaisir.<\/p>\n    <input type=\"number\" name=\"q8\" min=\"1\" max=\"5\" required>\n  <\/div>\n  <div class=\"question\">\n    <p>9. Les interactions sociales et les discussions enrichissantes stimulent mon bonheur.<\/p>\n    <input type=\"number\" name=\"q9\" min=\"1\" max=\"5\" required>\n  <\/div>\n  <div class=\"question\">\n    <p>10. La cr\u00e9ativit\u00e9 et l\u2019expression personnelle sont essentielles \u00e0 mon bien-\u00eatre.<\/p>\n    <input type=\"number\" name=\"q10\" min=\"1\" max=\"5\" required>\n  <\/div>\n\n  <button type=\"submit\">Voir mon profil de bonheur<\/button>\n<\/form>\n\n<div id=\"result\" class=\"result\" style=\"display:none;\"><\/div>\n\n<script>\ndocument.getElementById('bonheurForm').addEventListener('submit', function(e) {\n  e.preventDefault();\n  const form = e.target;\n  const scores = {\n    social: (parseInt(form.q1.value) + parseInt(form.q5.value) + parseInt(form.q9.value)) \/ 3,\n    creatif: (parseInt(form.q2.value) + parseInt(form.q6.value) + parseInt(form.q10.value)) \/ 3,\n    actif: (parseInt(form.q3.value) + parseInt(form.q7.value)) \/ 2,\n    meditativ: (parseInt(form.q4.value) + parseInt(form.q8.value)) \/ 2\n  };\n\n  let dominantType = '';\n  let maxScore = 0;\n  for (let type in scores) {\n    if (scores[type] > maxScore) {\n      maxScore = scores[type];\n      dominantType = type;\n    }\n  }\n\n  const activities = {\n    social: 'Rencontres avec amis\/famille, b\u00e9n\u00e9volat, clubs, sorties culturelles \u00e0 plusieurs.',\n    creatif: 'Dessin, \u00e9criture, musique, bricolage, ateliers artistiques.',\n    actif: 'Sport, randonn\u00e9e, danse, yoga dynamique, d\u00e9fis physiques.',\n    meditativ: 'M\u00e9ditation, yoga doux, journal intime, balades solitaires, relaxation guid\u00e9e.'\n  };\n\n  document.getElementById('result').style.display = 'block';\n  document.getElementById('result').innerHTML = `\n    <h2>Votre type de bonheur dominant : <span class=\"score\">${dominantType.charAt(0).toUpperCase() + dominantType.slice(1)}<\/span><\/h2>\n    <p>Score par type :<\/p>\n    <ul>\n      <li>Social : ${scores.social.toFixed(2)}<\/li>\n      <li>Cr\u00e9atif : ${scores.creatif.toFixed(2)}<\/li>\n      <li>Actif : ${scores.actif.toFixed(2)}<\/li>\n      <li>M\u00e9ditatif : ${scores.meditativ.toFixed(2)}<\/li>\n    <\/ul>\n    <p>Activit\u00e9s recommand\u00e9es : ${activities[dominantType]}<\/p>\n  `;\n});\n<\/script>\n\n<\/body>\n<\/html>\n\n","protected":false},"excerpt":{"rendered":"<p>Test de Bonheur Auto-test : D\u00e9couvrez votre type de bonheur dominant 1. Je me sens \u00e9panoui(e) lorsque je passe du temps avec mes amis ou ma famille. 2. Cr\u00e9er quelque chose (dessin, musique, \u00e9criture, bricolage) me rend heureux(se). 3. Faire&#8230; <a href=\"https:\/\/clubvivremieux.com\/index.php\/auto-test-decouvrez-votre-type-de-bonheur-dominant\/\" class=\"readmore\">Read more<span class=\"screen-reader-text\">Auto-test : D\u00e9couvrez votre type de bonheur dominant<\/span><span class=\"fa fa-angle-double-right\" aria-hidden=\"true\"><\/span><\/a><\/p>\n","protected":false},"author":1,"featured_media":0,"parent":0,"menu_order":0,"comment_status":"closed","ping_status":"closed","template":"","meta":{"footnotes":""},"class_list":["post-1131","page","type-page","status-publish","hentry"],"_links":{"self":[{"href":"https:\/\/clubvivremieux.com\/index.php\/wp-json\/wp\/v2\/pages\/1131","targetHints":{"allow":["GET"]}}],"collection":[{"href":"https:\/\/clubvivremieux.com\/index.php\/wp-json\/wp\/v2\/pages"}],"about":[{"href":"https:\/\/clubvivremieux.com\/index.php\/wp-json\/wp\/v2\/types\/page"}],"author":[{"embeddable":true,"href":"https:\/\/clubvivremieux.com\/index.php\/wp-json\/wp\/v2\/users\/1"}],"replies":[{"embeddable":true,"href":"https:\/\/clubvivremieux.com\/index.php\/wp-json\/wp\/v2\/comments?post=1131"}],"version-history":[{"count":1,"href":"https:\/\/clubvivremieux.com\/index.php\/wp-json\/wp\/v2\/pages\/1131\/revisions"}],"predecessor-version":[{"id":1132,"href":"https:\/\/clubvivremieux.com\/index.php\/wp-json\/wp\/v2\/pages\/1131\/revisions\/1132"}],"wp:attachment":[{"href":"https:\/\/clubvivremieux.com\/index.php\/wp-json\/wp\/v2\/media?parent=1131"}],"curies":[{"name":"wp","href":"https:\/\/api.w.org\/{rel}","templated":true}]}}