{"id":1085,"date":"2025-11-27T13:40:29","date_gmt":"2025-11-27T13:40:29","guid":{"rendered":"https:\/\/clubvivremieux.com\/?page_id=1085"},"modified":"2025-11-27T14:16:07","modified_gmt":"2025-11-27T14:16:07","slug":"methode-a-p-s-vivre-mieuxapprendre-preparer-survivre","status":"publish","type":"page","link":"https:\/\/clubvivremieux.com\/index.php\/methode-a-p-s-vivre-mieuxapprendre-preparer-survivre\/","title":{"rendered":"M\u00e9thode A.P.S \u2013 Vivre Mieux\u2122  Apprendre \u2022 Pr\u00e9parer \u2022 Survivre"},"content":{"rendered":"\n<p>La m\u00e9thode exclusive du Club Vivre Mieux pour devenir plus autonome, plus r\u00e9silient et mieux pr\u00e9par\u00e9 face aux d\u00e9fis du quotidien.<\/p>\n\n\n\n<h2 class=\"wp-block-heading\">\ud83c\udfaf Pr\u00e9sentation<\/h2>\n\n\n\n<p>La m\u00e9thode <strong>A.P.S \u2013 Vivre Mieux\u2122<\/strong> est une d\u00e9marche simple et \u00e9volutive, cr\u00e9\u00e9e pour vous aider \u00e0 renforcer votre bien-\u00eatre, votre autonomie et votre capacit\u00e9 \u00e0 faire face aux impr\u00e9vus.<br>Elle repose sur trois piliers essentiels : <strong>Apprendre<\/strong>, <strong>Pr\u00e9parer<\/strong>, <strong>Survivre<\/strong>.<\/p>\n\n\n\n<p>Ce cycle vous accompagne dans votre progression personnelle et vous aide \u00e0 transformer chaque difficult\u00e9 en opportunit\u00e9 de croissance.<\/p>\n\n\n\n<h2 class=\"wp-block-heading\">1 \u2014 A : APPRENDRE<\/h2>\n\n\n\n<p>Comprendre pour mieux agir.<\/p>\n\n\n\n<p>L\u2019apprentissage est la base de toute transformation durable.<br>Dans cette premi\u00e8re phase, vous d\u00e9veloppez les connaissances essentielles pour am\u00e9liorer votre hygi\u00e8ne de vie, votre organisation et votre compr\u00e9hension de vous-m\u00eame et du monde.<\/p>\n\n\n\n<p><strong>Objectifs :<\/strong><\/p>\n\n\n\n<ul class=\"wp-block-list\">\n<li>Identifier vos forces et vos faiblesses<\/li>\n\n\n\n<li>Acqu\u00e9rir les connaissances fondamentales pour \u00eatre autonome<\/li>\n\n\n\n<li>Comprendre comment fonctionne votre corps, votre \u00e9nergie et votre mental<\/li>\n\n\n\n<li>D\u00e9couvrir les risques probables pour mieux les anticiper<\/li>\n<\/ul>\n\n\n\n<p><strong>Outils propos\u00e9s :<\/strong><br>\u2022 <strong><a href=\"https:\/\/clubvivremieux.com\/index.php\/auto-diagnostic-phase-1-apprendre\/\">Auto-diagnostic<\/a><\/strong><br>\u2022<strong><a href=\"https:\/\/clubvivremieux.com\/index.php\/capsule-interactive-comprendre-son-energie-au-quotidien\/\"> Capsules th\u00e9matiques<\/a><\/strong><br>\u2022 <strong><a href=\"https:\/\/clubvivremieux.com\/index.php\/test-dauto-evaluation-phase-1-apprendre\/\">Tests d\u2019auto-\u00e9valuation<\/a><\/strong><br>\u2022 Mini-formations<\/p>\n\n\n\n<hr class=\"wp-block-separator has-alpha-channel-opacity\"\/>\n\n\n\n<h2 class=\"wp-block-heading\">2 \u2014 P : PR\u00c9PARER<\/h2>\n\n\n\n<p>Construire sa r\u00e9silience.<\/p>\n\n\n\n<p>Une bonne pr\u00e9paration ne repose pas seulement sur du mat\u00e9riel : c\u2019est un \u00e9tat d\u2019esprit, une organisation, une vision.<\/p>\n\n\n\n<p>La phase Pr\u00e9parer vous aide \u00e0 mettre en place des syst\u00e8mes simples et efficaces pour renforcer votre stabilit\u00e9 au quotidien.<\/p>\n\n\n\n<p><strong>Objectifs :<\/strong><\/p>\n\n\n\n<ul class=\"wp-block-list\">\n<li>Structurer vos routines et vos priorit\u00e9s<\/li>\n\n\n\n<li>Mettre en place des checklists et plans d\u2019action<\/li>\n\n\n\n<li>Pr\u00e9parer votre environnement personnel et familial<\/li>\n\n\n\n<li>D\u00e9velopper votre r\u00e9seau de soutien<\/li>\n<\/ul>\n\n\n\n<p><strong>Outils propos\u00e9s :<\/strong><br>\u2022 Guides pratiques<br>\u2022 Checklists \u201cpr\u00eat en 30 jours\u201d<br>\u2022 Plans d\u2019urgence personnalis\u00e9s<br>\u2022 Tableaux et mod\u00e8les \u00e0 t\u00e9l\u00e9charger<\/p>\n\n\n\n<hr class=\"wp-block-separator has-alpha-channel-opacity\"\/>\n\n\n\n<h2 class=\"wp-block-heading\">3 \u2014 S : SURVIVRE<\/h2>\n\n\n\n<p>Affronter, s\u2019adapter, rebondir.<\/p>\n\n\n\n<p>Cette phase vous donne les strat\u00e9gies concr\u00e8tes pour traverser des difficult\u00e9s \u2014 stress, impr\u00e9vus, crises, \u00e9preuves \u2014 sans perdre votre stabilit\u00e9 physique, mentale ou \u00e9motionnelle.<\/p>\n\n\n\n<p><strong>Objectifs :<\/strong><\/p>\n\n\n\n<ul class=\"wp-block-list\">\n<li>Adopter les bonnes r\u00e9actions en situation difficile<\/li>\n\n\n\n<li>Rester calme, lucide et efficace<\/li>\n\n\n\n<li>Trouver des solutions et s\u2019adapter rapidement<\/li>\n\n\n\n<li>Transformer l\u2019\u00e9preuve en apprentissage<\/li>\n<\/ul>\n\n\n\n<p><strong>Outils propos\u00e9s :<\/strong><br>\u2022 Protocoles d\u2019intervention rapide<br>\u2022 Fiches \u201cgestion de crise\u201d<br>\u2022 Exercices de stabilit\u00e9 \u00e9motionnelle<br>\u2022 Journal de r\u00e9silience<\/p>\n\n\n\n<hr class=\"wp-block-separator has-alpha-channel-opacity\"\/>\n\n\n\n<h2 class=\"wp-block-heading\">\ud83d\udd04 Le Cycle A.P.S \u2013 Vivre Mieux\u2122<\/h2>\n\n\n\n<p>Contrairement aux approches traditionnelles, la m\u00e9thode APS n\u2019est pas lin\u00e9aire :<br><strong>chaque exp\u00e9rience v\u00e9cue alimente un nouveau cycle d\u2019apprentissage.<\/strong><\/p>\n\n\n\n<p>Le cheminement devient :<br><strong>Apprendre \u2192 Pr\u00e9parer \u2192 Survivre \u2192 Apprendre \u2192 \u2026<\/strong><br>Un cercle vertueux de progression continue.<\/p>\n\n\n\n<p>C\u2019est ce qui fait la force du programme :<br><strong>vous \u00e9voluez, vous grandissez, vous devenez plus solide.<\/strong><\/p>\n\n\n\n<hr class=\"wp-block-separator has-alpha-channel-opacity\"\/>\n\n\n\n<h2 class=\"wp-block-heading\">\ud83d\udca1 Pourquoi adopter la m\u00e9thode APS ?<\/h2>\n\n\n\n<ul class=\"wp-block-list\">\n<li>Simple \u00e0 comprendre<\/li>\n\n\n\n<li>Facile \u00e0 appliquer<\/li>\n\n\n\n<li>Adapt\u00e9e \u00e0 tous les profils<\/li>\n\n\n\n<li>Utilisable en famille<\/li>\n\n\n\n<li>Bas\u00e9e sur la psychologie, l\u2019organisation et la r\u00e9silience<\/li>\n\n\n\n<li>Con\u00e7ue pour am\u00e9liorer r\u00e9ellement votre vie quotidienne<\/li>\n<\/ul>\n\n\n\n<hr class=\"wp-block-separator has-alpha-channel-opacity\"\/>\n\n\n\n<h2 class=\"wp-block-heading\">\ud83d\udd10 Une m\u00e9thode exclusive<\/h2>\n\n\n\n<p><strong>A.P.S \u2013 Vivre Mieux\u2122<\/strong> est une signature du site <strong>clubvivremieux.com<\/strong>.<br>Vous pouvez l\u2019appliquer, la partager et l\u2019utiliser comme fil conducteur dans votre parcours de transformation personnelle.<\/p>\n\n\n\n<h2 class=\"wp-block-heading\">\ud83d\udcec Rejoignez le Club Vivre Mieux<\/h2>\n\n\n\n<p>Acc\u00e9dez aux ressources, outils, vid\u00e9os, et programmes d\u00e9di\u00e9s \u00e0 la m\u00e9thode APS.<\/p>\n","protected":false},"excerpt":{"rendered":"<p>La m\u00e9thode exclusive du Club Vivre Mieux pour devenir plus autonome, plus r\u00e9silient et mieux pr\u00e9par\u00e9 face aux d\u00e9fis du quotidien. \ud83c\udfaf Pr\u00e9sentation La m\u00e9thode A.P.S \u2013 Vivre Mieux\u2122 est une d\u00e9marche simple et \u00e9volutive, cr\u00e9\u00e9e pour vous aider \u00e0&#8230; <a href=\"https:\/\/clubvivremieux.com\/index.php\/methode-a-p-s-vivre-mieuxapprendre-preparer-survivre\/\" class=\"readmore\">Read more<span class=\"screen-reader-text\">M\u00e9thode A.P.S \u2013 Vivre Mieux\u2122  Apprendre \u2022 Pr\u00e9parer \u2022 Survivre<\/span><span class=\"fa fa-angle-double-right\" aria-hidden=\"true\"><\/span><\/a><\/p>\n","protected":false},"author":1,"featured_media":0,"parent":0,"menu_order":0,"comment_status":"closed","ping_status":"closed","template":"","meta":{"footnotes":""},"class_list":["post-1085","page","type-page","status-publish","hentry"],"_links":{"self":[{"href":"https:\/\/clubvivremieux.com\/index.php\/wp-json\/wp\/v2\/pages\/1085","targetHints":{"allow":["GET"]}}],"collection":[{"href":"https:\/\/clubvivremieux.com\/index.php\/wp-json\/wp\/v2\/pages"}],"about":[{"href":"https:\/\/clubvivremieux.com\/index.php\/wp-json\/wp\/v2\/types\/page"}],"author":[{"embeddable":true,"href":"https:\/\/clubvivremieux.com\/index.php\/wp-json\/wp\/v2\/users\/1"}],"replies":[{"embeddable":true,"href":"https:\/\/clubvivremieux.com\/index.php\/wp-json\/wp\/v2\/comments?post=1085"}],"version-history":[{"count":3,"href":"https:\/\/clubvivremieux.com\/index.php\/wp-json\/wp\/v2\/pages\/1085\/revisions"}],"predecessor-version":[{"id":1100,"href":"https:\/\/clubvivremieux.com\/index.php\/wp-json\/wp\/v2\/pages\/1085\/revisions\/1100"}],"wp:attachment":[{"href":"https:\/\/clubvivremieux.com\/index.php\/wp-json\/wp\/v2\/media?parent=1085"}],"curies":[{"name":"wp","href":"https:\/\/api.w.org\/{rel}","templated":true}]}}