{"id":1053,"date":"2025-11-26T08:33:00","date_gmt":"2025-11-26T08:33:00","guid":{"rendered":"https:\/\/clubvivremieux.com\/?page_id=1053"},"modified":"2025-11-26T09:55:40","modified_gmt":"2025-11-26T09:55:40","slug":"savoirs-anciens-astuces-pratiques","status":"publish","type":"page","link":"https:\/\/clubvivremieux.com\/index.php\/savoirs-anciens-astuces-pratiques\/","title":{"rendered":"Savoirs anciens &amp; astuces pratiques"},"content":{"rendered":"\n<p class=\"has-text-align-center has-medium-font-size\"><strong>\u201cLes Solutions d\u2019Autrefois pour la Vie d\u2019Aujourd\u2019hui\u201d<\/strong><\/p>\n\n\n\n<div class=\"wp-block-columns is-layout-flex wp-container-core-columns-is-layout-1 wp-block-columns-is-layout-flex\">\n<div class=\"wp-block-column is-layout-flow wp-block-column-is-layout-flow\"><div class=\"wp-block-image\">\n<figure class=\"aligncenter size-full\"><img loading=\"lazy\" decoding=\"async\" width=\"256\" height=\"384\" src=\"https:\/\/clubvivremieux.com\/wp-content\/uploads\/2025\/11\/ChatGPT-Image-26-nov.-2025-10_4-1.png\" alt=\"\" class=\"wp-image-1073\" srcset=\"https:\/\/clubvivremieux.com\/wp-content\/uploads\/2025\/11\/ChatGPT-Image-26-nov.-2025-10_4-1.png 256w, https:\/\/clubvivremieux.com\/wp-content\/uploads\/2025\/11\/ChatGPT-Image-26-nov.-2025-10_4-1-200x300.png 200w\" sizes=\"auto, (max-width: 256px) 100vw, 256px\" \/><\/figure><\/div><\/div>\n\n\n\n<div class=\"wp-block-column is-layout-flow wp-block-column-is-layout-flow\"><\/div>\n<\/div>\n\n\n\n<ul class=\"wp-block-list\">\n<li><strong><a href=\"https:\/\/clubvivremieux.com\/index.php\/10-astuces-simples-oubliees-qui-facilitent-la-vie\/\">10 Astuces Simples &amp; Oubli\u00e9es Qui Facilitent la Vie<\/a><\/strong><\/li>\n\n\n\n<li><strong><a href=\"https:\/\/clubvivremieux.com\/index.php\/le-pouvoir-des-astuces-simples\/\">Le Pouvoir des Astuces Simples<\/a><\/strong><\/li>\n\n\n\n<li><strong><a href=\"https:\/\/clubvivremieux.com\/index.php\/les-savoirs-ingenieux-10-astuces-pour-simplifier-la-vie\/\">Les Savoirs Ing\u00e9nieux : 10 astuces pour simplifier la vie<\/a><\/strong><\/li>\n\n\n\n<li><strong><a href=\"https:\/\/clubvivremieux.com\/index.php\/le-carnet-des-solutions-oubliees\/\">Le Carnet des Solutions Oubli\u00e9es<\/a><\/strong><\/li>\n\n\n\n<li><strong><a href=\"https:\/\/clubvivremieux.com\/index.php\/solutions-pratiques-du-quotidien\/\">Solutions Pratiques du Quotidien<\/a><\/strong><\/li>\n\n\n\n<li><strong><a href=\"https:\/\/clubvivremieux.com\/index.php\/pourquoi-nos-anciens-faisaient-ca-verites-pratiques-derriere-7-traditions\/\">Pourquoi nos anciens faisaient \u00e7a ? V\u00e9rit\u00e9s pratiques derri\u00e8re 7 traditions<\/a><\/strong><\/li>\n\n\n\n<li><strong><a href=\"https:\/\/clubvivremieux.com\/index.php\/le-savoir-perdu-comment-nos-grands-parents-resolvaient-les-problemes-sans-technologie\/\">Le savoir perdu : comment nos grands-parents r\u00e9solvaient les probl\u00e8mes sans technologie<\/a><\/strong><\/li>\n<\/ul>\n\n\n\n<p><\/p>\n","protected":false},"excerpt":{"rendered":"<p>\u201cLes Solutions d\u2019Autrefois pour la Vie d\u2019Aujourd\u2019hui\u201d<\/p>\n","protected":false},"author":1,"featured_media":0,"parent":0,"menu_order":0,"comment_status":"closed","ping_status":"closed","template":"","meta":{"footnotes":""},"class_list":["post-1053","page","type-page","status-publish","hentry"],"_links":{"self":[{"href":"https:\/\/clubvivremieux.com\/index.php\/wp-json\/wp\/v2\/pages\/1053","targetHints":{"allow":["GET"]}}],"collection":[{"href":"https:\/\/clubvivremieux.com\/index.php\/wp-json\/wp\/v2\/pages"}],"about":[{"href":"https:\/\/clubvivremieux.com\/index.php\/wp-json\/wp\/v2\/types\/page"}],"author":[{"embeddable":true,"href":"https:\/\/clubvivremieux.com\/index.php\/wp-json\/wp\/v2\/users\/1"}],"replies":[{"embeddable":true,"href":"https:\/\/clubvivremieux.com\/index.php\/wp-json\/wp\/v2\/comments?post=1053"}],"version-history":[{"count":3,"href":"https:\/\/clubvivremieux.com\/index.php\/wp-json\/wp\/v2\/pages\/1053\/revisions"}],"predecessor-version":[{"id":1074,"href":"https:\/\/clubvivremieux.com\/index.php\/wp-json\/wp\/v2\/pages\/1053\/revisions\/1074"}],"wp:attachment":[{"href":"https:\/\/clubvivremieux.com\/index.php\/wp-json\/wp\/v2\/media?parent=1053"}],"curies":[{"name":"wp","href":"https:\/\/api.w.org\/{rel}","templated":true}]}}